{"id":36738,"date":"2022-01-20T14:27:38","date_gmt":"2022-01-20T14:27:38","guid":{"rendered":"https:\/\/www.labeljoy.com\/?page_id=36738"},"modified":"2022-01-20T14:27:40","modified_gmt":"2022-01-20T14:27:40","slug":"warum-sie-labeljoy-reader-verwenden-sollten","status":"publish","type":"page","link":"https:\/\/www.labeljoy.com\/de\/warum-sie-labeljoy-reader-verwenden-sollten\/","title":{"rendered":"Warum Sie Labeljoy Reader verwenden sollten"},"content":{"rendered":"<h1>Warum Sie Labeljoy Reader verwenden sollten<\/h1>\n<p>Labeljoy Reader liefert qualitativ bessere Ergebnisse und ist eine echte Alternative zu anderen Readern.<\/p>\n<p><a class=\"hover-item\" href=\"https:\/\/www.labeljoy.com\/wp-content\/uploads\/2022\/01\/Info_01.png\" data-gal=\"prettyPhoto\"><img decoding=\"async\" style=\"border: none\" src=\"https:\/\/www.labeljoy.com\/wp-content\/uploads\/2022\/01\/Info_01.png\" alt=\"Warum Sie Labeljoy Reader verwenden sollten\" width=\"670\" height=\"641\"><\/a><\/p>\n<p>Nach dem Download und der Installation ben\u00f6tigt Labeljoy Reader keine aktive Internetverbindung um zu funktionieren und kann daher auch an Orten ohne Internetzugang verwendet werden.<\/p>\n<p>Die Anwendung erm\u00f6glicht Ihnen das exportierte Projekt zu drucken, jedoch keine Bearbeitungen an den vorhandenen Elementen vorzunehmen.<\/p>\n<p>Durch den hochaufl\u00f6senden Export ist Labeljoy Reader auch ein neues und attraktives Tool f\u00fcr den Druck in Druckereien.<\/p>\n<p><a class=\"hover-item\" href=\"https:\/\/www.labeljoy.com\/wp-content\/uploads\/2022\/01\/info_02.png\" data-gal=\"prettyPhoto\"><img decoding=\"async\" style=\"border: none\" src=\"https:\/\/www.labeljoy.com\/wp-content\/uploads\/2022\/01\/info_02.png\" alt=\"Warum Sie Labeljoy Reader verwenden sollten\" width=\"670\" height=\"642\"><\/a><\/p>\n<p>Labeljoy Reader &#8211; der einzige Reader, mit dem Sie LJR-Dateien \u00f6ffnen, lesen und drucken k\u00f6nnen. Hier kostenlos downloaden und f\u00fcr immer kostenlos verwenden.<\/p>\n","protected":false},"excerpt":{"rendered":"<p>Warum Sie Labeljoy Reader verwenden sollten Labeljoy Reader liefert qualitativ bessere Ergebnisse und ist eine echte Alternative zu anderen Readern. Nach dem Download und der Installation ben\u00f6tigt Labeljoy Reader keine aktive Internetverbindung um zu funktionieren und kann daher auch an Orten ohne Internetzugang verwendet werden. Die Anwendung erm\u00f6glicht Ihnen das exportierte Projekt zu drucken, jedoch &#8230; <a title=\"Warum Sie Labeljoy Reader verwenden sollten\" class=\"read-more\" href=\"https:\/\/www.labeljoy.com\/de\/warum-sie-labeljoy-reader-verwenden-sollten\/\" aria-label=\"Mehr Informationen \u00fcber Warum Sie Labeljoy Reader verwenden sollten\">Read more<\/a><\/p>\n","protected":false},"author":8,"featured_media":0,"parent":0,"menu_order":2,"comment_status":"closed","ping_status":"closed","template":"","meta":{"inline_featured_image":false,"_monsterinsights_skip_tracking":false,"_monsterinsights_sitenote_active":false,"_monsterinsights_sitenote_note":"","_monsterinsights_sitenote_category":0,"footnotes":""},"class_list":{"0":"post-36738","1":"page","2":"type-page","3":"status-publish","5":"infinite-scroll-item"},"aioseo_notices":[],"_links":{"self":[{"href":"https:\/\/www.labeljoy.com\/de\/wp-json\/wp\/v2\/pages\/36738","targetHints":{"allow":["GET"]}}],"collection":[{"href":"https:\/\/www.labeljoy.com\/de\/wp-json\/wp\/v2\/pages"}],"about":[{"href":"https:\/\/www.labeljoy.com\/de\/wp-json\/wp\/v2\/types\/page"}],"author":[{"embeddable":true,"href":"https:\/\/www.labeljoy.com\/de\/wp-json\/wp\/v2\/users\/8"}],"replies":[{"embeddable":true,"href":"https:\/\/www.labeljoy.com\/de\/wp-json\/wp\/v2\/comments?post=36738"}],"version-history":[{"count":1,"href":"https:\/\/www.labeljoy.com\/de\/wp-json\/wp\/v2\/pages\/36738\/revisions"}],"predecessor-version":[{"id":36739,"href":"https:\/\/www.labeljoy.com\/de\/wp-json\/wp\/v2\/pages\/36738\/revisions\/36739"}],"wp:attachment":[{"href":"https:\/\/www.labeljoy.com\/de\/wp-json\/wp\/v2\/media?parent=36738"}],"curies":[{"name":"wp","href":"https:\/\/api.w.org\/{rel}","templated":true}]}}