{"id":36740,"date":"2022-01-20T14:28:16","date_gmt":"2022-01-20T14:28:16","guid":{"rendered":"https:\/\/www.labeljoy.com\/?page_id=36740"},"modified":"2022-01-27T10:05:40","modified_gmt":"2022-01-27T10:05:40","slug":"so-verwenden-sie-labeljoy-reader","status":"publish","type":"page","link":"https:\/\/www.labeljoy.com\/de\/so-verwenden-sie-labeljoy-reader\/","title":{"rendered":"So verwenden Sie Labeljoy Reader"},"content":{"rendered":"<h1>So verwenden Sie Labeljoy Reader<\/h1>\n<p>\u00d6ffnen Sie Labeljoy und laden Sie das Projekt, das Sie exportieren m\u00f6chten.<\/p>\n<p>W\u00e4hlen Sie aus, was Sie exportieren m\u00f6chten: Seiten, Labels oder Barcodes.<\/p>\n<p><a class=\"hover-item\" href=\"https:\/\/www.labeljoy.com\/wp-content\/uploads\/2022\/01\/help_01.png\" data-gal=\"prettyPhoto\"><img decoding=\"async\" style=\"border: none\" src=\"https:\/\/www.labeljoy.com\/wp-content\/uploads\/2022\/01\/help_01.png\" alt=\"So verwenden Sie Labeljoy Reader\" width=\"670\" height=\"92\"><\/a><\/p>\n<p>W\u00e4hlen Sie &#8220;Labeljoy Reader&#8221; als Exportformat.<\/p>\n<p>Klicken Sie auf &#8220;Quelldatei einschlie\u00dfen&#8221;, wenn Sie wenn Sie Ihr Labeljoy-Projekt einschlie\u00dfen m\u00f6chten, und klicken Sie auf &#8220;Speichern&#8221;. Die Software fordert Sie auf, das Projekt mit einem Namen zu speichern, erzeugt dann automatisch die *.ljr-Datei und \u00f6ffnet den Labeljoy Reader.<\/p>\n<p><a class=\"hover-item\" href=\"https:\/\/www.labeljoy.com\/wp-content\/uploads\/2022\/01\/help_02.png\" data-gal=\"prettyPhoto\"><img decoding=\"async\" style=\"border: none\" src=\"https:\/\/www.labeljoy.com\/wp-content\/uploads\/2022\/01\/help_02.png\" alt=\"So verwenden Sie Labeljoy Reader\" width=\"670\" height=\"511\"><\/a><\/p>\n<p>F\u00fcr weitere Informationen sehen Sie sich bitte das Video-Tutorial &#8220;<a href=\"https:\/\/www.labeljoy.com\/de\/video-tutorial-zum-labeljoy-reader\/\" title=\"Export als Labeljoy Reader\">Export als Labeljoy Reader<\/a>&#8221; an.<\/p>\n<p><em>* Der Export als Labeljoy Reader ist f\u00fcr alle Lizenztypen mit einem aktiven Abonnement verf\u00fcgbar.<\/em><\/p>\n","protected":false},"excerpt":{"rendered":"<p>So verwenden Sie Labeljoy Reader \u00d6ffnen Sie Labeljoy und laden Sie das Projekt, das Sie exportieren m\u00f6chten. W\u00e4hlen Sie aus, was Sie exportieren m\u00f6chten: Seiten, Labels oder Barcodes. W\u00e4hlen Sie &#8220;Labeljoy Reader&#8221; als Exportformat. Klicken Sie auf &#8220;Quelldatei einschlie\u00dfen&#8221;, wenn Sie wenn Sie Ihr Labeljoy-Projekt einschlie\u00dfen m\u00f6chten, und klicken Sie auf &#8220;Speichern&#8221;. Die Software fordert &#8230; <a title=\"So verwenden Sie Labeljoy Reader\" class=\"read-more\" href=\"https:\/\/www.labeljoy.com\/de\/so-verwenden-sie-labeljoy-reader\/\" aria-label=\"Mehr Informationen \u00fcber So verwenden Sie Labeljoy Reader\">Read more<\/a><\/p>\n","protected":false},"author":8,"featured_media":0,"parent":0,"menu_order":2,"comment_status":"closed","ping_status":"closed","template":"","meta":{"inline_featured_image":false,"_monsterinsights_skip_tracking":false,"_monsterinsights_sitenote_active":false,"_monsterinsights_sitenote_note":"","_monsterinsights_sitenote_category":0,"footnotes":""},"class_list":{"0":"post-36740","1":"page","2":"type-page","3":"status-publish","5":"infinite-scroll-item"},"aioseo_notices":[],"_links":{"self":[{"href":"https:\/\/www.labeljoy.com\/de\/wp-json\/wp\/v2\/pages\/36740","targetHints":{"allow":["GET"]}}],"collection":[{"href":"https:\/\/www.labeljoy.com\/de\/wp-json\/wp\/v2\/pages"}],"about":[{"href":"https:\/\/www.labeljoy.com\/de\/wp-json\/wp\/v2\/types\/page"}],"author":[{"embeddable":true,"href":"https:\/\/www.labeljoy.com\/de\/wp-json\/wp\/v2\/users\/8"}],"replies":[{"embeddable":true,"href":"https:\/\/www.labeljoy.com\/de\/wp-json\/wp\/v2\/comments?post=36740"}],"version-history":[{"count":2,"href":"https:\/\/www.labeljoy.com\/de\/wp-json\/wp\/v2\/pages\/36740\/revisions"}],"predecessor-version":[{"id":36963,"href":"https:\/\/www.labeljoy.com\/de\/wp-json\/wp\/v2\/pages\/36740\/revisions\/36963"}],"wp:attachment":[{"href":"https:\/\/www.labeljoy.com\/de\/wp-json\/wp\/v2\/media?parent=36740"}],"curies":[{"name":"wp","href":"https:\/\/api.w.org\/{rel}","templated":true}]}}