{"id":36959,"date":"2022-01-27T10:03:49","date_gmt":"2022-01-27T10:03:49","guid":{"rendered":"https:\/\/www.labeljoy.com\/?page_id=36959"},"modified":"2022-01-27T10:03:51","modified_gmt":"2022-01-27T10:03:51","slug":"video-tutorial-zum-labeljoy-reader","status":"publish","type":"page","link":"https:\/\/www.labeljoy.com\/de\/video-tutorial-zum-labeljoy-reader\/","title":{"rendered":"Video-Tutorial zum Labeljoy Reader"},"content":{"rendered":"<h1>Video-Tutorial zum Labeljoy Reader<\/h1>\n<p>Dieses Video erkl\u00e4rt, wie Sie Labeljoy Reader verwenden.<br \/>\nLabeljoy Reader ist eine erg\u00e4nzende Freeware-Anwendung zu Labeljoy 6, mit der Sie Ihre Projekte in HD \u00f6ffnen, durchsuchen, exportieren und drucken k\u00f6nnen.<\/p>\n<div class=\"lyte-wrapper\" title=\"Export als Labeljoy Reader\" style=\"width:640px;max-width:100%;margin:5px;\"><div class=\"lyMe\" id=\"WYL_CAAtRnvgnjg\" itemprop=\"video\" itemscope itemtype=\"https:\/\/schema.org\/VideoObject\"><div><meta itemprop=\"thumbnailUrl\" content=\"https:\/\/www.labeljoy.com\/wp-content\/plugins\/wp-youtube-lyte\/lyteCache.php?origThumbUrl=https%3A%2F%2Fi.ytimg.com%2Fvi%2FCAAtRnvgnjg%2Fhqdefault.jpg\" \/><meta itemprop=\"embedURL\" content=\"https:\/\/www.youtube.com\/embed\/CAAtRnvgnjg\" \/><meta itemprop=\"duration\" content=\"PT1M55S\" \/><meta itemprop=\"uploadDate\" content=\"2022-01-20T16:52:28Z\" \/><\/div><div id=\"lyte_CAAtRnvgnjg\" data-src=\"https:\/\/www.labeljoy.com\/wp-content\/plugins\/wp-youtube-lyte\/lyteCache.php?origThumbUrl=https%3A%2F%2Fi.ytimg.com%2Fvi%2FCAAtRnvgnjg%2Fhqdefault.jpg\" class=\"pL\"><div class=\"tC\"><div class=\"tT\" itemprop=\"name\">Export als Labeljoy Reader<\/div><\/div><div class=\"play\"><\/div><div class=\"ctrl\"><div class=\"Lctrl\"><\/div><div class=\"Rctrl\"><\/div><\/div><\/div><noscript><a href=\"https:\/\/youtu.be\/CAAtRnvgnjg\" rel=\"nofollow\"><img decoding=\"async\" src=\"https:\/\/www.labeljoy.com\/wp-content\/plugins\/wp-youtube-lyte\/lyteCache.php?origThumbUrl=https%3A%2F%2Fi.ytimg.com%2Fvi%2FCAAtRnvgnjg%2F0.jpg\" alt=\"Export als Labeljoy Reader\" width=\"640\" height=\"340\" \/><br \/>Dieses Video auf YouTube ansehen<\/a><\/noscript><meta itemprop=\"description\" content=\"Dieses Video erkl\u00e4rt wie und wozu man Labeljoy Reader verwendet. Labeljoy Reader ist eine erg\u00e4nzende Freeware-Anwendung zu Labeljoy 6, mit der Sie Ihre Projekte in HD \u00f6ffnen, durchsuchen, exportieren und drucken k\u00f6nnen. Hier erfahren Sie mehr \u00fcber alle Vorteile von Labeljoy Reader: https:\/\/www.labeljoy.com\/de\/labeljoy-reader\/\"><\/div><\/div><div class=\"lL\" style=\"max-width:100%;width:640px;margin:5px;\"><\/div>\n<div class=\"lj-video-button hide\">\n  <a href=\"https:\/\/www.youtube.com\/embed\/CAAtRnvgnjg?rel=0&autoplay=1\" data-featherlight=\"iframe\" data-featherlight-iframe-width=\"800\" data-featherlight-iframe-height=\"610\" data-featherlight-iframe-frameborder=\"0\" data-featherlight-iframe-allow=\"autoplay; encrypted-media\" data-featherlight-iframe-allowfullscreen=\"true\" title=\"Video-Tutorial abspielen\">Video-Tutorial abspielen <i class=\"fa fa-play-circle fa-2x\"><\/i><\/a>\n<\/div>\n","protected":false},"excerpt":{"rendered":"<p>Video-Tutorial zum Labeljoy Reader Dieses Video erkl\u00e4rt, wie Sie Labeljoy Reader verwenden. Labeljoy Reader ist eine erg\u00e4nzende Freeware-Anwendung zu Labeljoy 6, mit der Sie Ihre Projekte in HD \u00f6ffnen, durchsuchen, exportieren und drucken k\u00f6nnen.<\/p>\n","protected":false},"author":8,"featured_media":0,"parent":0,"menu_order":2,"comment_status":"closed","ping_status":"closed","template":"","meta":{"inline_featured_image":false,"_monsterinsights_skip_tracking":false,"_monsterinsights_sitenote_active":false,"_monsterinsights_sitenote_note":"","_monsterinsights_sitenote_category":0,"footnotes":""},"class_list":{"0":"post-36959","1":"page","2":"type-page","3":"status-publish","5":"infinite-scroll-item"},"aioseo_notices":[],"_links":{"self":[{"href":"https:\/\/www.labeljoy.com\/de\/wp-json\/wp\/v2\/pages\/36959","targetHints":{"allow":["GET"]}}],"collection":[{"href":"https:\/\/www.labeljoy.com\/de\/wp-json\/wp\/v2\/pages"}],"about":[{"href":"https:\/\/www.labeljoy.com\/de\/wp-json\/wp\/v2\/types\/page"}],"author":[{"embeddable":true,"href":"https:\/\/www.labeljoy.com\/de\/wp-json\/wp\/v2\/users\/8"}],"replies":[{"embeddable":true,"href":"https:\/\/www.labeljoy.com\/de\/wp-json\/wp\/v2\/comments?post=36959"}],"version-history":[{"count":1,"href":"https:\/\/www.labeljoy.com\/de\/wp-json\/wp\/v2\/pages\/36959\/revisions"}],"predecessor-version":[{"id":36960,"href":"https:\/\/www.labeljoy.com\/de\/wp-json\/wp\/v2\/pages\/36959\/revisions\/36960"}],"wp:attachment":[{"href":"https:\/\/www.labeljoy.com\/de\/wp-json\/wp\/v2\/media?parent=36959"}],"curies":[{"name":"wp","href":"https:\/\/api.w.org\/{rel}","templated":true}]}}