{"id":39844,"date":"2023-07-31T15:25:56","date_gmt":"2023-07-31T15:25:56","guid":{"rendered":"https:\/\/www.labeljoy.com\/?page_id=39844"},"modified":"2025-02-11T11:01:19","modified_gmt":"2025-02-11T11:01:19","slug":"was-ist-ein-qr-code","status":"publish","type":"page","link":"https:\/\/www.labeljoy.com\/de\/qr-code-de\/was-ist-ein-qr-code\/","title":{"rendered":"Was ist ein QR-Code?"},"content":{"rendered":"<h1>Was ist ein QR-Code?<\/h1>\n<p><img decoding=\"async\" class=\"alignleft\" src=\"http:\/\/www.labeljoy.com\/images\/qr-code\/qr-code-example.jpg\" alt=\"Was ist ein QR-Code?\" width=\"140\" height=\"140\" \/>Hier finden Sie Informationen dar\u00fcber, was ein QR-Code eigentlich ist, wie man ihn erzeugt, wie man ihn liest und welche Programme zur Erstellung dieses zweidimensionalen Codes am besten geeignet sind.<\/p>\n<div class=\"column-clear\"><\/div>\n<h2>Informationen \u00fcber den QR-Code<\/h2>\n<p>Ein QR-Code ist ein <strong>zweidimensionaler Barcode<\/strong> (auch 2D-Code genannt) mit einer charakteristischen Matrix, aus schwarzen Quadraten, die in einem quadratischen Raster auf einem wei\u00dfen Hintergrund angeordnet sind. Er wird weltweit verwendet, um Daten effizient zu speichern, die von einem bildgebenden Ger\u00e4t wie einer Smartphone-Kamera gelesen werden k\u00f6nnen.<br \/>\n<img decoding=\"async\" class=\"aligncenter\" src=\"http:\/\/www.labeljoy.com\/images\/qr-code\/qr-code-informations.jpg\" alt=\"Informationen \u00fcber den QR-Code\" width=\"548\" height=\"152\" \/><\/p>\n<div class=\"column-clear\"><\/div>\n<h2>Vorteile des QR-Codes<\/h2>\n<p>Die Verwendung dieser Symbologie hat viele Vorteile im Vergleich zu einem normalen eindimensionalen Barcode:<\/p>\n<div class=\"one_half\">\n<ul>\n<li>Enth\u00e4lt eine viel gr\u00f6\u00dfere Menge an Informationen<\/li>\n<li>Sehr niedrige Produktionskosten<\/li>\n<li>Offener Standard und weltweit verbreitet<\/li>\n<\/ul>\n<\/div>\n<div class=\"one_half\">\n<ul>\n<li>Lesbar mit Smartphones<\/li>\n<li>Lesbar auch bei teilweiser Besch\u00e4digung<\/li>\n<\/ul>\n<\/div>\n<div class=\"column-clear\"><\/div>\n<h2>QR-Codes erstellen<\/h2>\n<p>Unter den vielen Anwendungen zur Erstellung von QR-Codes empfehlen wir unser integriertes <a title=\"QR-Code-Generator-Tool\" href=\"https:\/\/www.labeljoy.com\/de\/qr-code-de\/qr-code-generator\/\">QR-Code-Generator-Tool<\/a> zur Erstellung von vCards, meCards, WIFI-Passw\u00f6rtern, Links zu Web- oder Social-Media-Seiten, Google Maps und praktisch jeder Art von QR-Code Etiketten. Drucken und exportieren Sie die Codes in den Formaten pdf, jpg und png, und das alles offline.<\/p>\n<p style=\"text-align: center;\"><a href=\"\/de\/download-de\/\" class=\"jumbo green tt-button\" target=\"_self\">QR CODE SOFTWARE KOSTENLOS HERUNTERLADEN<\/a>\n<p>Alternativ k\u00f6nnen Sie auch das Online-Tool Labeljoy QR Code Generator verwenden, um Ihre kostenlosen QR-Codes auf unserer Website zu erstellen.<\/p>\n<div class=\"column-clear\"><\/div>\n<h2>QR-Codes lesen<\/h2>\n<p>Um <strong>QR-Codes zu lesen<\/strong>, brauchen Sie nur ein Smartphone oder Tablet mit einer integrierten Kamera. Es gibt viele kostenlose Anwendungen f\u00fcr QR-Code-Scanner, die Sie auf Ihrem Smartphone installieren k\u00f6nnen, um QR-Codes zu lesen und zu kodieren.<\/p>\n<div class=\"one_third\">\nAndroid<\/p>\n<ul>\n<li><a href=\"https:\/\/play.google.com\/store\/apps\/details?id=com.google.zxing.client.android&amp;hl=en\">Barcode Scanner<\/a><\/li>\n<li><a href=\"https:\/\/play.google.com\/store\/apps\/details?id=com.threegvision.products.inigma.Android&amp;hl=en\">i-nigma<\/a><\/li>\n<li><a href=\"https:\/\/play.google.com\/store\/apps\/details?id=com.ebay.redlaser&amp;hl=en\">RedLaser<\/a><\/li>\n<\/ul>\n<\/div>\n<div class=\"one_third\">\niOS<\/p>\n<ul>\n<li><a href=\"https:\/\/itunes.apple.com\/en\/app\/i-nigma-qr-code-data-matrix\/id388923203?mt=8\">i-nigma<\/a><\/li>\n<li><a href=\"https:\/\/itunes.apple.com\/en\/app\/redlaser-barcode-scanner-qr\/id474902001?mt=8\">RedLaser<\/a><\/li>\n<\/ul>\n<\/div>\n<div class=\"one_third\">\n<p>Andere mobile Systeme<\/p>\n<ul>\n<li><a href=\"http:\/\/www.i-nigma.com\/Downloadi-nigmaReader.html\">i-nigma<\/a><\/li>\n<\/ul>\n<\/div>\n<div class=\"column-clear\"><\/div>\n<h2>Barcodes vs. QR-Codes<\/h2>\n<p>Abgesehen von dem offensichtlichen grafischen Unterschied, ist der Hauptunterschied zwischen Barcodes und QR-Codes die Menge an gespeicherten Informationen (bis zu einigen Dutzend Ziffern vs bis zu 4.926 alphanumerische Zeichen). Mit dem Barcode k\u00f6nnen nur die Codes gespeichert werden, w\u00e4hrend mit dem QR-Code Links, Daten, ganze Nachrichten und vCard gespeichert werden. Der QR-Code kann zudem einfach per Smartphone ausgelesen werden und wird h\u00e4ufig in der Werbung und auf Verkaufstafeln einiger Produkte eingesetzt.<\/p>\n<figure style=\"width: 538px\" class=\"wp-caption aligncenter\"><img decoding=\"async\" src=\"http:\/\/www.labeljoy.com\/images\/qr-code\/qr-code-barcode.jpg\" alt=\"Barcodes vs. QR-Codes\" width=\"548\" height=\"158\" \/><figcaption class=\"wp-caption-text\">QR-Code \u2013 Labeljoy-Codierungs-Barcode<\/figcaption><\/figure>\n<p>&nbsp;<\/p>\n","protected":false},"excerpt":{"rendered":"<p>Was ist ein QR-Code? Hier finden Sie Informationen dar\u00fcber, was ein QR-Code eigentlich ist, wie man ihn erzeugt, wie man ihn liest und welche Programme zur Erstellung dieses zweidimensionalen Codes am besten geeignet sind. Informationen \u00fcber den QR-Code Ein QR-Code ist ein zweidimensionaler Barcode (auch 2D-Code genannt) mit einer charakteristischen Matrix, aus schwarzen Quadraten, die &#8230; <a title=\"Was ist ein QR-Code?\" class=\"read-more\" href=\"https:\/\/www.labeljoy.com\/de\/qr-code-de\/was-ist-ein-qr-code\/\" aria-label=\"Mehr Informationen \u00fcber Was ist ein QR-Code?\">Read more<\/a><\/p>\n","protected":false},"author":8,"featured_media":0,"parent":16289,"menu_order":0,"comment_status":"closed","ping_status":"closed","template":"","meta":{"inline_featured_image":false,"_monsterinsights_skip_tracking":false,"_monsterinsights_sitenote_active":false,"_monsterinsights_sitenote_note":"","_monsterinsights_sitenote_category":0,"footnotes":""},"class_list":{"0":"post-39844","1":"page","2":"type-page","3":"status-publish","5":"infinite-scroll-item"},"aioseo_notices":[],"_links":{"self":[{"href":"https:\/\/www.labeljoy.com\/de\/wp-json\/wp\/v2\/pages\/39844","targetHints":{"allow":["GET"]}}],"collection":[{"href":"https:\/\/www.labeljoy.com\/de\/wp-json\/wp\/v2\/pages"}],"about":[{"href":"https:\/\/www.labeljoy.com\/de\/wp-json\/wp\/v2\/types\/page"}],"author":[{"embeddable":true,"href":"https:\/\/www.labeljoy.com\/de\/wp-json\/wp\/v2\/users\/8"}],"replies":[{"embeddable":true,"href":"https:\/\/www.labeljoy.com\/de\/wp-json\/wp\/v2\/comments?post=39844"}],"version-history":[{"count":2,"href":"https:\/\/www.labeljoy.com\/de\/wp-json\/wp\/v2\/pages\/39844\/revisions"}],"predecessor-version":[{"id":42928,"href":"https:\/\/www.labeljoy.com\/de\/wp-json\/wp\/v2\/pages\/39844\/revisions\/42928"}],"up":[{"embeddable":true,"href":"https:\/\/www.labeljoy.com\/de\/wp-json\/wp\/v2\/pages\/16289"}],"wp:attachment":[{"href":"https:\/\/www.labeljoy.com\/de\/wp-json\/wp\/v2\/media?parent=39844"}],"curies":[{"name":"wp","href":"https:\/\/api.w.org\/{rel}","templated":true}]}}