{"id":39847,"date":"2023-07-31T15:42:22","date_gmt":"2023-07-31T15:42:22","guid":{"rendered":"https:\/\/www.labeljoy.com\/?page_id=39847"},"modified":"2026-03-06T07:50:04","modified_gmt":"2026-03-06T07:50:04","slug":"einen-qr-code-generieren-wie-geht-das","status":"publish","type":"page","link":"https:\/\/www.labeljoy.com\/de\/einen-qr-code-generieren-wie-geht-das\/","title":{"rendered":"Einen QR-Code generieren \u2013 wie geht das?"},"content":{"rendered":"<h1>Einen QR-Code generieren &#8211; wie geht das?<\/h1>\n<p>Einen <strong>QR-Code mit Labeljoy zu generieren<\/strong> geht ganz schnell und einfach. Mit Labeljoy k\u00f6nnen Sie Ihren personalisierten QR-Code auf zwei verschiedene Arten erstellen: mit dem <a title=\"QR-Code-Generator-Tool\" href=\"https:\/\/www.labeljoy.com\/de\/qr-code-de\/qr-code-generator\/\">QR-Code-Generator-Tool<\/a> (&#8220;QR-Code online generieren&#8221;) oder mit der Labeljoy QR-Code-Generator-Software. Laden Sie die Software kostenlos herunter und erstellen Sie unbegrenzte QR-Codes <strong>im Offline-Modus<\/strong>.<br \/>\n<img decoding=\"async\" class=\"aligncenter\" style=\"margin-top: 20px;\" src=\"http:\/\/www.labeljoy.com\/images\/qr-code\/your-own-qrcode.jpg\" alt=\"Einen QR-Code generieren - wie geht das?\" width=\"670\" height=\"200\" \/><\/p>\n<div class=\"column-clear\"><\/div>\n<h2>QR-Code offline erstellen<\/h2>\n<p>Die Labeljoy <a title=\"QR-Code Software\" href=\"https:\/\/www.labeljoy.com\/de\/qr-code-software-von-labeljoy\/\">QR-Code Software<\/a> erm\u00f6glicht es Ihnen, <strong>unendlich viele QR-Codes direkt auf Ihrem Computer zu erstellen<\/strong>, ohne dass Sie eine aktive Internetverbindung ben\u00f6tigen. Folgen Sie diesen Schritten, um einen QR-Code mit Labeljoy zu erstellen:<br \/>\n<a class=\"hover-item\" title=\"QR-Code offline erstellen\" href=\"http:\/\/www.labeljoy.com\/images\/qr-code\/de\/create-qr-code-software.jpg\"><img decoding=\"async\" width=\"1305\" height=\"700\" class=\"aligncenter\" style=\"margin-top: 10px; max-width: 500px;\" src=\"http:\/\/www.labeljoy.com\/images\/qr-code\/de\/create-qr-code-software.jpg\" alt=\"QR-Code offline erstellen\" \/><\/a><\/p>\n<ol>\n<li>Labeljoy \u00f6ffen und das Layout ausw\u00e4hlen (optional)<\/li>\n<li>Doppelklick auf einen bestehenden Barcode oder neuen &#8220;Barcode einf\u00fcgen&#8221;.<\/li>\n<li>&#8220;QR Code&#8221; aus der Liste der Symbole w\u00e4hlen<\/li>\n<li>Ihre Nachricht\/Url\/Daten in das Textfeld eingeben<\/li>\n<li>Wenn Sie einen speziellen QR-Code generieren m\u00f6chten, wie z.B. eine Vcard, eine E-Mail oder ein WIFI-Passwort, verwenden Sie das integrierte QR-Code-Generator-Tool.<\/li>\n<\/ol>\n<p>Jetzt k\u00f6nnen Sie Ihren QR-Code exportieren, indem Sie auf &#8220;Datei&#8221; &#8211; &#8220;Exportieren&#8221; &#8211; &#8220;Barcode&#8221; klicken.<\/p>\n<p style=\"text-align: center;\"><a href=\"\/fr\/download-fr\/\" class=\"jumbo green tt-button\" target=\"_self\"> T\u00e9l\u00e9charger le logiciel g\u00e9n\u00e9rateur de code QR <\/a>\n<div class=\"column-clear\"><\/div>\n<h2>QR-Codes online erstellen<\/h2>\n<p>Sie k\u00f6nnen einen QR-Code mit dem <a title=\"Labeljoy Online-Generator\" href=\"https:\/\/www.labeljoy.com\/de\/qr-code-de\/qr-code-generator\/\">Labeljoy Online-Generator<\/a> in nur drei Schritten erstellen:<\/p>\n<ol>\n<li>W\u00e4hlen Sie die Aktion<\/li>\n<li>Geben Sie Ihre Nachricht\/Url\/Daten ein<\/li>\n<li>Klicken Sie auf &#8221; Generate &#8220;, um Ihren QR-Code zu erstellen.<\/li>\n<\/ol>\n<p>Nun k\u00f6nnen Sie Ihren individuellen QR-Code herunterladen, indem Sie mit der rechten Maustaste auf das Bild klicken und &#8220;Bild speichern unter&#8221; w\u00e4hlen.<\/p>\n<div class=\"column-clear\"><\/div>\n<h2>QR-Codes aus externen Daten generieren<\/h2>\n<p><a class=\"hover-item\" title=\"QR-Codes aus externen Daten generieren\" href=\"http:\/\/www.labeljoy.com\/images\/qr-code\/de\/make-code-from-database.jpg\"><img decoding=\"async\" width=\"1270\" height=\"604\" class=\"aligncenter\" style=\"margin-top: 10px; max-width: 500px;\" src=\"http:\/\/www.labeljoy.com\/images\/qr-code\/de\/make-code-from-database.jpg\" alt=\"QR-Codes aus externen Daten generieren\" \/><\/a><br \/>\nEine der n\u00fctzlichsten Funktionen von Labeljoy ist der <a title=\"Verbindung externer Datenquellen\" href=\"https:\/\/www.labeljoy.com\/de\/video\/verbindung-externer-datenquellen\/\">Import von Daten aus externen Datenquellen<\/a> wie Excel, Access, MySQL, Textdateien, SQLite. So k\u00f6nnen Sie verschiedene QR-Codes f\u00fcr verschiedene Felder auf derselben Seite erstellen. Dies kann z.B. verwendet werden, um personalisierte Visitenkarten oder Ausweise zu drucken.<\/p>\n","protected":false},"excerpt":{"rendered":"<p>Einen QR-Code generieren &#8211; wie geht das? Einen QR-Code mit Labeljoy zu generieren geht ganz schnell und einfach. Mit Labeljoy k\u00f6nnen Sie Ihren personalisierten QR-Code auf zwei verschiedene Arten erstellen: mit dem QR-Code-Generator-Tool (&#8220;QR-Code online generieren&#8221;) oder mit der Labeljoy QR-Code-Generator-Software. Laden Sie die Software kostenlos herunter und erstellen Sie unbegrenzte QR-Codes im Offline-Modus. QR-Code &#8230; <a title=\"Einen QR-Code generieren \u2013 wie geht das?\" class=\"read-more\" href=\"https:\/\/www.labeljoy.com\/de\/einen-qr-code-generieren-wie-geht-das\/\" aria-label=\"Mehr Informationen \u00fcber Einen QR-Code generieren \u2013 wie geht das?\">Read more<\/a><\/p>\n","protected":false},"author":8,"featured_media":0,"parent":0,"menu_order":0,"comment_status":"closed","ping_status":"closed","template":"","meta":{"inline_featured_image":false,"_monsterinsights_skip_tracking":false,"_monsterinsights_sitenote_active":false,"_monsterinsights_sitenote_note":"","_monsterinsights_sitenote_category":0,"footnotes":""},"class_list":{"0":"post-39847","1":"page","2":"type-page","3":"status-publish","5":"infinite-scroll-item"},"aioseo_notices":[],"_links":{"self":[{"href":"https:\/\/www.labeljoy.com\/de\/wp-json\/wp\/v2\/pages\/39847","targetHints":{"allow":["GET"]}}],"collection":[{"href":"https:\/\/www.labeljoy.com\/de\/wp-json\/wp\/v2\/pages"}],"about":[{"href":"https:\/\/www.labeljoy.com\/de\/wp-json\/wp\/v2\/types\/page"}],"author":[{"embeddable":true,"href":"https:\/\/www.labeljoy.com\/de\/wp-json\/wp\/v2\/users\/8"}],"replies":[{"embeddable":true,"href":"https:\/\/www.labeljoy.com\/de\/wp-json\/wp\/v2\/comments?post=39847"}],"version-history":[{"count":3,"href":"https:\/\/www.labeljoy.com\/de\/wp-json\/wp\/v2\/pages\/39847\/revisions"}],"predecessor-version":[{"id":45137,"href":"https:\/\/www.labeljoy.com\/de\/wp-json\/wp\/v2\/pages\/39847\/revisions\/45137"}],"wp:attachment":[{"href":"https:\/\/www.labeljoy.com\/de\/wp-json\/wp\/v2\/media?parent=39847"}],"curies":[{"name":"wp","href":"https:\/\/api.w.org\/{rel}","templated":true}]}}