{"id":39856,"date":"2023-08-01T08:25:34","date_gmt":"2023-08-01T08:25:34","guid":{"rendered":"https:\/\/www.labeljoy.com\/?page_id=39856"},"modified":"2026-03-06T08:17:59","modified_gmt":"2026-03-06T08:17:59","slug":"qr-code-etiketten-mit-labeljoy-gestalten","status":"publish","type":"page","link":"https:\/\/www.labeljoy.com\/de\/qr-code-etiketten-mit-labeljoy-gestalten\/","title":{"rendered":"QR-Code Etiketten mit Labeljoy gestalten"},"content":{"rendered":"<h1>QR-Code Etiketten mit Labeljoy gestalten<\/h1>\n<p>Wenn Sie einen einzelnen QR-Code erstellen m\u00f6chten, probieren Sie unseren <a title=\"Online-QR-Code-Generator\" href=\"https:\/\/www.labeljoy.com\/de\/qr-code-de\/qr-code-generator\/\">Online-QR-Code-Generator<\/a> aus. Wenn Sie aber QR-Code Etiketten mit Text und Bildern gestalten und drucken m\u00f6chten und <a title=\"Verbindung externer Datenquellen\" href=\"https:\/\/www.labeljoy.com\/de\/video\/verbindung-externer-datenquellen\/\">Daten aus externen Datenquellen importieren<\/a> wollen, ist die Labeljoy-Software die ideale L\u00f6sung.<\/p>\n<div class=\"column-clear\"><\/div>\n<h2>Die beste QR-Code Etiketten Software<\/h2>\n<p>Importieren Sie die Daten Ihrer QR-Codes aus verschiedenen Datenquellen in Ihre Etiketten.<br \/>\n<img decoding=\"async\" class=\"alignright\" src=\"http:\/\/www.labeljoy.com\/images\/qr-code\/qr-code-labels.jpg\" alt=\"QR-Code-Etiketten\" width=\"280\" height=\"222\" \/><\/p>\n<ul>\n<li>Mit Labeljoy k\u00f6nnen Sie QR-Code Etiketten schnell und einfach mit verschiedenen Arten von Datenquellen verbinden.<\/li>\n<li>Labeljoy bietet eine Anleitung zur Erstellung von QR-Codes durch den <a title=\"Daten aus Excel laden\" href=\"https:\/\/www.labeljoy.com\/de\/video\/daten-aus-excel-laden\/\">Import von Daten aus Excel<\/a>, Textdateien, CSV-Dateien, Access.<\/li>\n<li>Importieren Sie Kontakte aus Windows Mail, Outlook und SQLite.<\/li>\n<li>Importieren Sie Daten aus professionellen Datenbanken wie MySQL und Oracle.<\/li>\n<\/ul>\n<div class=\"column-clear\"><\/div>\n<p style=\"text-align: center;\"><a href=\"\/de\/download-de\/\" class=\"jumbo green tt-button\" target=\"_self\">QR CODE SOFTWARE KOSTENLOS HERUNTERLADEN<\/a>\n<div class=\"column-clear\"><\/div>\n<h2>So erstellen Sie QR-Code Etiketten mit Labeljoy<\/h2>\n<p>Mit Labeljoy k\u00f6nnen Sie ganz einfach QR-Code Etiketten erstellen. Laden Sie Labeljoy herunter und installieren Sie es auf Ihrem Computer, \u00f6ffnen Sie Labeljoy:<\/p>\n<p><a title=\"Vorlagen f\u00fcr Weinetiketten\" href=\"https:\/\/www.labeljoy.com\/de\/vorlagen\/wein-etikett\/\"><img decoding=\"async\" class=\" alignright\" src=\"http:\/\/www.labeljoy.com\/images\/qr-code\/wine-qrcode.jpg\" alt=\"Vorlagen f\u00fcr Weinetiketten\" width=\"211\" height=\"364\" \/><\/a><\/p>\n<ol>\n<li>Klicken Sie auf &#8220;Neu&#8221; in der linken Symbolleiste auf der Registerkarte &#8220;Barcode&#8221;.<\/li>\n<li>W\u00e4hlen Sie &#8220;QR Code&#8221; aus dem Dropdown-Men\u00fc &#8220;Barcode Einf\u00fcgen&#8221;.<\/li>\n<li>Bestimmen Sie die Position, wo Sie den QR-Code auf dem Etikett einf\u00fcgen m\u00f6chten.<\/li>\n<li>Doppelklicken Sie auf den neuen QR-Code, um Kodierung, Gr\u00f6\u00dfe und Fehlerkorrekturstufe festzulegen.<\/li>\n<li>Tippen oder kopieren Sie den Text in das Feld darunter, f\u00fcgen Sie Z\u00e4hler, Referenzen oder Daten aus externen Datenquellen hinzu.<\/li>\n<li>Klicken Sie auf OK, um den QR-Code automatisch zu generieren.<\/li>\n<li>Sie k\u00f6nnen die Gr\u00f6\u00dfe des Codes direkt auf dem Etikett \u00e4ndern.<\/li>\n<\/ol>\n<a href=\"https:\/\/www.labeljoy.com\/de\/vorlagen\/wein-etikett\/\" class=\"large orange tt-button\" target=\"_self\">Vorlagen f\u00fcr Weinetiketten<\/a>\n","protected":false},"excerpt":{"rendered":"<p>QR-Code Etiketten mit Labeljoy gestalten Wenn Sie einen einzelnen QR-Code erstellen m\u00f6chten, probieren Sie unseren Online-QR-Code-Generator aus. Wenn Sie aber QR-Code Etiketten mit Text und Bildern gestalten und drucken m\u00f6chten und Daten aus externen Datenquellen importieren wollen, ist die Labeljoy-Software die ideale L\u00f6sung. Die beste QR-Code Etiketten Software Importieren Sie die Daten Ihrer QR-Codes aus &#8230; <a title=\"QR-Code Etiketten mit Labeljoy gestalten\" class=\"read-more\" href=\"https:\/\/www.labeljoy.com\/de\/qr-code-etiketten-mit-labeljoy-gestalten\/\" aria-label=\"Mehr Informationen \u00fcber QR-Code Etiketten mit Labeljoy gestalten\">Read more<\/a><\/p>\n","protected":false},"author":8,"featured_media":0,"parent":0,"menu_order":0,"comment_status":"closed","ping_status":"closed","template":"","meta":{"inline_featured_image":false,"_monsterinsights_skip_tracking":false,"_monsterinsights_sitenote_active":false,"_monsterinsights_sitenote_note":"","_monsterinsights_sitenote_category":0,"footnotes":""},"class_list":{"0":"post-39856","1":"page","2":"type-page","3":"status-publish","5":"infinite-scroll-item"},"aioseo_notices":[],"_links":{"self":[{"href":"https:\/\/www.labeljoy.com\/de\/wp-json\/wp\/v2\/pages\/39856","targetHints":{"allow":["GET"]}}],"collection":[{"href":"https:\/\/www.labeljoy.com\/de\/wp-json\/wp\/v2\/pages"}],"about":[{"href":"https:\/\/www.labeljoy.com\/de\/wp-json\/wp\/v2\/types\/page"}],"author":[{"embeddable":true,"href":"https:\/\/www.labeljoy.com\/de\/wp-json\/wp\/v2\/users\/8"}],"replies":[{"embeddable":true,"href":"https:\/\/www.labeljoy.com\/de\/wp-json\/wp\/v2\/comments?post=39856"}],"version-history":[{"count":2,"href":"https:\/\/www.labeljoy.com\/de\/wp-json\/wp\/v2\/pages\/39856\/revisions"}],"predecessor-version":[{"id":45156,"href":"https:\/\/www.labeljoy.com\/de\/wp-json\/wp\/v2\/pages\/39856\/revisions\/45156"}],"wp:attachment":[{"href":"https:\/\/www.labeljoy.com\/de\/wp-json\/wp\/v2\/media?parent=39856"}],"curies":[{"name":"wp","href":"https:\/\/api.w.org\/{rel}","templated":true}]}}