{"id":40036,"date":"2023-10-12T08:51:20","date_gmt":"2023-10-12T08:51:20","guid":{"rendered":"https:\/\/www.labeljoy.com\/?page_id=40036"},"modified":"2023-10-17T13:57:38","modified_gmt":"2023-10-17T13:57:38","slug":"gs1-data-matrix","status":"publish","type":"page","link":"https:\/\/www.labeljoy.com\/de\/unterstutzung\/barcode-guide\/gs1-data-matrix\/","title":{"rendered":"GS1 Data Matrix"},"content":{"rendered":"<h1>GS1 Data Matrix Barcode<\/h1>\n<blockquote><p>GS1 Data Matrix ist ein <strong>zweidimensionaler Barcode<\/strong>, der zur Kodierung von Informationen verwendet wird, die von Ger\u00e4ten wie Barcode-Scannern gelesen werden k\u00f6nnen. Entwickelt wurde der Code von GS1, einer internationalen Organisation zur Erstellung von Datenkodierungsstandards in der Lieferkette und Logistikbranche.<\/p><\/blockquote>\n<p>Im Folgenden finden Sie einige wichtige Informationen \u00fcber GS1 Data Matrix:<\/p>\n<ol>\n<li><strong>Struktur<\/strong>: GS1 Data Matrix ist eine zweidimensionale Matrix, die aus einer Reihe von Punkten (oder Zellen) besteht, die in Zeilen und Spalten angeordnet sind. Jeder Punkt kann wei\u00df oder schwarz sein, und die Anordnung dieser Punkte repr\u00e4sentiert die kodierten Daten.<\/li>\n<li><strong>Datenkodierung<\/strong>: GS1 Data Matrix kann eine Vielzahl von Datentypen kodieren, darunter Chargennummern, Verfallsdaten, Seriennummern und andere produktbezogene Informationen. Au\u00dferdem k\u00f6nnen Informationen zur eindeutigen Identifizierung von Produkten mit GS1-Codes (wie GTIN &#8211; Global Trade Item Number) enthalten sein.<\/li>\n<li><strong>Einsatzbereich<\/strong>: GS1 Data Matrix ist in vielen unterschiedlichen Sektoren weit verbreitet, z. B. in der Lebensmittel-, Pharma- und Automobilindustrie sowie in anderen Bereichen der Lieferkette. Einsatzbereiche sind die Verfolgung und Identifizierung von Produkten, die Erleichterung der Bestandsverwaltung, die Einhaltung gesetzlicher Vorschriften und die Verbesserung der Effizienz von Produktions- und Logistikprozessen.<\/li>\n<li><strong>Dimensionen<\/strong>: Die Gr\u00f6\u00dfe des GS1 Data Matrix kann je nach Bedarf variieren. Sie kann f\u00fcr kleinere Objekte sehr klein sein oder entsprechend gr\u00f6\u00dfer, um mehr Informationen zu speichern. Die Datenspeicherkapazit\u00e4t variiert entsprechend.<\/li>\n<li><strong>Verbreitung<\/strong>: GS1 Data Matrix ist weltweit sehr verbreitet und ein anerkannter Standard in der Industrie. Die Verbreitung wurde von der Organisation GS1 vorangetrieben, die Richtlinien f\u00fcr die effektive Verwendung dieses Barcodes in verschiedenen Branchen entwickelt hat.<\/li>\n<\/ol>\n<p><strong>GS1 Data Matrix<\/strong> ist zusammenfassend also ein zweidimensionaler Barcode, der zur Kodierung einer breiten Palette von Informationen \u00fcber Produkte und Waren verwendet wird. Er ist eine wesentliche Komponente des Lieferkettenmanagements und der Produktverfolgung in vielen Branchen.<\/p>\n<div class=\"column-clear\"><\/div>\n<h2>GS1-Data-Matrix-Symbol<\/h2>\n<p><img decoding=\"async\" src=\"https:\/\/www.labeljoy.com\/wp-content\/uploads\/2023\/10\/codice_a_barre_gs1_data_matrix.png\" title=\"GS1 Data Matrix Barcode\" width=\"200px\" height=\"194px\"><\/p>\n<p>Unten ein Beispiel f\u00fcr GS1 Data Matrix, das aus diesem Code generiert wurde:<br \/>\n<code>(01)12345678901234(17)131231(10)ABCD1234<\/code><\/p>\n<p>In diesem Beispiel:<\/p>\n<ul>\n<li><code>(01)12345678901234<\/code> steht f\u00fcr eine Global Trade Item Number (GTIN), die ein bestimmtes Produkt identifiziert.<\/li>\n<li><code>(17)131231<\/code> steht f\u00fcr ein Verfallsdatum im Format &#8220;JJMMTT&#8221; (Jahr, Monat, Tag).<\/li>\n<li><code>(10)ABCD1234<\/code> k\u00f6nnte f\u00fcr eine bestimmte Chargennummer stehen.<\/li>\n<\/ul>\n<div class=\"column-clear\"><\/div>\n<div class=\"tt-notification tip\"><p style=\"font-size:13px;\">\nBitte beachten Sie, dass die tats\u00e4chliche Darstellung des Codes je nach Formatierungs- und Gr\u00f6\u00dfenspezifikationen variieren kann. Diese Informationen sollen Ihnen eine Vorstellung davon vermitteln, wie ein GS1 Data Matrix aussieht und wie er zur Codierung von Produkten und produktbezogenen Informationen verwendet werden kann.<br \/>\n<\/p><\/div>\n<div class=\"hr hr-dotted\">&nbsp;<\/div>\n<div class=\"one_half\">\n<p style=\"text-align: right\"><a href=\"https:\/\/www.labeljoy.com\/de\/kauf\/\" class=\"large blue tt-button\" target=\"_self\">GS1 Data Matrix-Generator Kaufen<\/a>\n<\/div>\n<div class=\"one_half\">\n<p style=\"text-align: left\">&nbsp;&nbsp; &nbsp;&nbsp;<a href=\"https:\/\/www.labeljoy.com\/de\/download-de\/\" class=\"large green tt-button\" target=\"_self\">Version kostenlos herunterladen<\/a>\n<\/div>\n","protected":false},"excerpt":{"rendered":"<p>GS1 Data Matrix Barcode GS1 Data Matrix ist ein zweidimensionaler Barcode, der zur Kodierung von Informationen verwendet wird, die von Ger\u00e4ten wie Barcode-Scannern gelesen werden k\u00f6nnen. Entwickelt wurde der Code von GS1, einer internationalen Organisation zur Erstellung von Datenkodierungsstandards in der Lieferkette und Logistikbranche. Im Folgenden finden Sie einige wichtige Informationen \u00fcber GS1 Data Matrix: &#8230; <a title=\"GS1 Data Matrix\" class=\"read-more\" href=\"https:\/\/www.labeljoy.com\/de\/unterstutzung\/barcode-guide\/gs1-data-matrix\/\" aria-label=\"Mehr Informationen \u00fcber GS1 Data Matrix\">Read more<\/a><\/p>\n","protected":false},"author":8,"featured_media":0,"parent":2342,"menu_order":0,"comment_status":"closed","ping_status":"closed","template":"","meta":{"inline_featured_image":false,"_monsterinsights_skip_tracking":false,"_monsterinsights_sitenote_active":false,"_monsterinsights_sitenote_note":"","_monsterinsights_sitenote_category":0,"footnotes":""},"class_list":{"0":"post-40036","1":"page","2":"type-page","3":"status-publish","5":"infinite-scroll-item"},"aioseo_notices":[],"_links":{"self":[{"href":"https:\/\/www.labeljoy.com\/de\/wp-json\/wp\/v2\/pages\/40036","targetHints":{"allow":["GET"]}}],"collection":[{"href":"https:\/\/www.labeljoy.com\/de\/wp-json\/wp\/v2\/pages"}],"about":[{"href":"https:\/\/www.labeljoy.com\/de\/wp-json\/wp\/v2\/types\/page"}],"author":[{"embeddable":true,"href":"https:\/\/www.labeljoy.com\/de\/wp-json\/wp\/v2\/users\/8"}],"replies":[{"embeddable":true,"href":"https:\/\/www.labeljoy.com\/de\/wp-json\/wp\/v2\/comments?post=40036"}],"version-history":[{"count":2,"href":"https:\/\/www.labeljoy.com\/de\/wp-json\/wp\/v2\/pages\/40036\/revisions"}],"predecessor-version":[{"id":40079,"href":"https:\/\/www.labeljoy.com\/de\/wp-json\/wp\/v2\/pages\/40036\/revisions\/40079"}],"up":[{"embeddable":true,"href":"https:\/\/www.labeljoy.com\/de\/wp-json\/wp\/v2\/pages\/2342"}],"wp:attachment":[{"href":"https:\/\/www.labeljoy.com\/de\/wp-json\/wp\/v2\/media?parent=40036"}],"curies":[{"name":"wp","href":"https:\/\/api.w.org\/{rel}","templated":true}]}}