{"id":41285,"date":"2024-08-20T08:29:48","date_gmt":"2024-08-20T08:29:48","guid":{"rendered":"https:\/\/www.labeljoy.com\/?page_id=41285"},"modified":"2024-08-20T08:29:48","modified_gmt":"2024-08-20T08:29:48","slug":"code-32-de","status":"publish","type":"page","link":"https:\/\/www.labeljoy.com\/de\/unterstutzung\/barcode-guide\/code-32-de\/","title":{"rendered":"Code 32"},"content":{"rendered":"<style>\n.wp-caption-text {\n    text-align: center;\n    padding-top: 15px!important;\n}\n<\/style>\n<h1>Code 32 Barcode-Generator<\/h1>\n<blockquote><p><strong>Code 32<\/strong>, auch bekannt als Pharmazeutischer Code, ist ein vom italienischen Gesundheitsministerium eingef\u00fchrtes System zur Codierung und Identifizierung von Arzneimitteln.<\/p><\/blockquote>\n<p>Dieses System ist wichtig, um eine einheitliche und genaue Verwaltung der Arzneimittelinformationen zu gew\u00e4hrleisten und so die R\u00fcckverfolgbarkeit, den Vertrieb und die Qualit\u00e4tskontrolle zu erleichtern.<\/p>\n<p>Es wird in verschiedenen Bereichen des Gesundheitswesens und der Pharmakologie verwendet:<\/p>\n<p><strong>Vorteile:<\/strong><\/p>\n<ul>\n<li>R\u00fcckverfolgbarkeit: Erm\u00f6glicht die R\u00fcckverfolgung von Produkten entlang der Vertriebskette, vom Hersteller \u00fcber den H\u00e4ndler bis hin zur Verkaufsstelle oder Apotheke.<\/li>\n<li>Katalogisierung: Erleichtert die Informationsverwaltung in pharmazeutischen Datenbanken und erleichtert die Identifizierung und Katalogisierung von Produkten.<\/li>\n<li>Qualit\u00e4ts- und Sicherheitskontrolle**: Sie tr\u00e4gt dazu bei, dass Arzneimittel sicher vertrieben und verwendet werden, und verhindert den Vertrieb von gef\u00e4lschten oder nicht konformen Produkten.<\/li>\n<\/ul>\n<p>Sie stellt ein grundlegendes Element des pharmazeutischen Produktmanagementsystems in Italien dar. Dank der pr\u00e4zisen Struktur und der Umwandlung in die Basis 32 bietet sie eine wirksame Methode zur eindeutigen Identifizierung jeder Arzneimittelpackung und verbessert so die Sicherheit und Effizienz der Arzneimittelverwaltung.<\/p>\n<div class=\"column-clear\"><\/div>\n<h2>Code-Struktur<\/h2>\n<figure style=\"width: 297px\" class=\"wp-caption alignnone\"><img decoding=\"async\" width=\"277\" height=\"145\" alt=\"Code 32 symbol\" src=\"https:\/\/www.labeljoy.com\/user-guide-lj6-files\/en\/bcd_code32_1.png\" width=\"307\"><figcaption class=\"wp-caption-text\">Code 32 symbol<\/figcaption><\/figure>\nDer Code f\u00fcr die humanmedizinische Anwendung besteht aus insgesamt neun Ziffern, und ist wie folgt aufgebaut:<\/p>\n<ol>\n<li><strong>Sieben Anfangsziffern:<\/strong> Diese Ziffern bezeichnen spezifisch die Verpackungsart jeder Arzneispezialit\u00e4t. Jede Kombination steht f\u00fcr ein einzigartiges Produkt und unterscheidet zwischen verschiedenen Formulierungen, St\u00e4rken oder Darreichungsformen eines Arzneimittels.<\/li>\n<li><strong>Anfangsziffer Null:<\/strong> Diese Ziffer wird an den Anfang des numerischen Codes angeh\u00e4ngt, so dass die Gesamtzahl der Ziffern acht betr\u00e4gt. Sie dient dazu, eine einheitliche Codel\u00e4nge zu gew\u00e4hrleisten und die Verarbeitung und Integration in Computersysteme zu erleichtern.<\/li>\n<li><strong>Kontrollzeichen:<\/strong> Die neunte Ziffer ist ein Kontrollzeichen, das zur \u00dcberpr\u00fcfung der Integrit\u00e4t des Codes dient. Dieses Zeichen hilft, Transkriptions- oder Tippfehler zu vermeiden, und stellt sicher, dass der eingegebene Code korrekt ist.<\/li>\n<\/ol>\n<div class=\"column-clear\"><\/div>\n<h2>Technische Daten<\/h2>\n<p>Nach der Erstellung des neunstelligen numerischen Codes wird dieser unter Verwendung der Basis 32 in ein sechsstelliges alphanumerisches Format umgewandelt. Die Basis 32 ist ein Nummerierungssystem, das 32 Symbole zur Darstellung von Zahlen verwendet. In diesem Zusammenhang werden die folgenden Symbole verwendet:<\/p>\n<ul>\n<li>Die zehn Dezimalziffern: 0, 1, 2, 3, 4, 5, 6, 7, 8, 9<\/li>\n<li>Die Buchstaben des angels\u00e4chsischen Alphabets, mit Ausnahme der Buchstaben A, E, I, O, um m\u00f6gliche Verwechslungen mit den Ziffern zu vermeiden und die Gefahr von Lese- oder Transkriptionsfehlern zu verringern.<\/li>\n<\/ul>\n<p>Das Endergebnis ist ein sechsstelliger alphanumerischer Code, der f\u00fcr jede Arzneimittelpackung einzigartig ist.<\/p>\n<div class=\"hr hr-dotted\">&nbsp;<\/div>\n<div class=\"one_half\">\n<p style=\"text-align: right\"><a href=\"\/de\/kauf\/\" class=\"large blue tt-button\" target=\"_self\"> Code 32-Generator Kaufen <\/a>\n<\/div>\n<div class=\"one_half\">\n<p style=\"text-align: left\">&nbsp;&nbsp;&nbsp;&nbsp; <a href=\"\/de\/download-de\/\" class=\"large green tt-button\" target=\"_self\"> Version kostenlos herunterladen <\/a>\n<\/div>\n","protected":false},"excerpt":{"rendered":"<p>Code 32 Barcode-Generator Code 32, auch bekannt als Pharmazeutischer Code, ist ein vom italienischen Gesundheitsministerium eingef\u00fchrtes System zur Codierung und Identifizierung von Arzneimitteln. Dieses System ist wichtig, um eine einheitliche und genaue Verwaltung der Arzneimittelinformationen zu gew\u00e4hrleisten und so die R\u00fcckverfolgbarkeit, den Vertrieb und die Qualit\u00e4tskontrolle zu erleichtern. Es wird in verschiedenen Bereichen des Gesundheitswesens &#8230; <a title=\"Code 32\" class=\"read-more\" href=\"https:\/\/www.labeljoy.com\/de\/unterstutzung\/barcode-guide\/code-32-de\/\" aria-label=\"Mehr Informationen \u00fcber Code 32\">Read more<\/a><\/p>\n","protected":false},"author":8,"featured_media":0,"parent":2342,"menu_order":0,"comment_status":"closed","ping_status":"closed","template":"","meta":{"inline_featured_image":false,"_monsterinsights_skip_tracking":false,"_monsterinsights_sitenote_active":false,"_monsterinsights_sitenote_note":"","_monsterinsights_sitenote_category":0,"footnotes":""},"class_list":{"0":"post-41285","1":"page","2":"type-page","3":"status-publish","5":"infinite-scroll-item"},"aioseo_notices":[],"_links":{"self":[{"href":"https:\/\/www.labeljoy.com\/de\/wp-json\/wp\/v2\/pages\/41285","targetHints":{"allow":["GET"]}}],"collection":[{"href":"https:\/\/www.labeljoy.com\/de\/wp-json\/wp\/v2\/pages"}],"about":[{"href":"https:\/\/www.labeljoy.com\/de\/wp-json\/wp\/v2\/types\/page"}],"author":[{"embeddable":true,"href":"https:\/\/www.labeljoy.com\/de\/wp-json\/wp\/v2\/users\/8"}],"replies":[{"embeddable":true,"href":"https:\/\/www.labeljoy.com\/de\/wp-json\/wp\/v2\/comments?post=41285"}],"version-history":[{"count":2,"href":"https:\/\/www.labeljoy.com\/de\/wp-json\/wp\/v2\/pages\/41285\/revisions"}],"predecessor-version":[{"id":41287,"href":"https:\/\/www.labeljoy.com\/de\/wp-json\/wp\/v2\/pages\/41285\/revisions\/41287"}],"up":[{"embeddable":true,"href":"https:\/\/www.labeljoy.com\/de\/wp-json\/wp\/v2\/pages\/2342"}],"wp:attachment":[{"href":"https:\/\/www.labeljoy.com\/de\/wp-json\/wp\/v2\/media?parent=41285"}],"curies":[{"name":"wp","href":"https:\/\/api.w.org\/{rel}","templated":true}]}}