{"id":41412,"date":"2024-09-06T13:49:03","date_gmt":"2024-09-06T13:49:03","guid":{"rendered":"https:\/\/www.labeljoy.com\/?page_id=41412"},"modified":"2024-09-06T14:03:16","modified_gmt":"2024-09-06T14:03:16","slug":"laden-sie-ihre-labeljoy-version-herunter","status":"publish","type":"page","link":"https:\/\/www.labeljoy.com\/de\/laden-sie-ihre-labeljoy-version-herunter\/","title":{"rendered":"Laden Sie Ihre Labeljoy-Version herunter"},"content":{"rendered":"<style>\na#download_link {\n    color: #2d59a2;\n    margin-top: 20px;\n    display: inline-block;\n}\n<\/style>\n<p style=\"text-align: center;\">Geben Sie hier Ihren Lizenzschl\u00fcssel ein und laden Sie die aktuellste Version herunter:<\/p>\n<div id=\"dlError\" class=\"tt-notification error\" style=\"display: none;\">\n<p>Praesent sed mauris turpis, at molestie enim<\/p>\n<\/div>\n<p style=\"text-align: center;\"><input id=\"dl_lang\" name=\"dl_lang\" type=\"hidden\" value=\"en\" \/><input id=\"dl_licence\" name=\"dl_licence\" type=\"text\" value=\"\" placeholder=\"xxxx-xxxx-xxxx-xxxx\" style=\"margin: 0 1em 0 0;\"\/> <input id=\"dl_my_version\" name=\"dl_my_version\" type=\"button\" value=\"Jetzt herunterladen\" \/><\/p>\n<div id=\"upgrade_notice\" style=\"display: none;\">\n<div class=\"tt-notification warning\">\n<p><strong>Ihre Lizenz ist abgelaufen :(<\/strong><br \/>\nWenn Sie die neueste Version von Labeljoy herunterladen m\u00f6chten, m\u00fcssen Sie Ihre Lizenz verl\u00e4ngern.<\/p>\n<\/div>\n<h2>Warum sollten Sie Ihre Lizenz verl\u00e4ngern?<\/h2>\n<p>Sie sollten Ihre Labeljoy-Version <strong>st\u00e4ndig aktualisieren<\/strong>. Dies erm\u00f6glicht Ihnen den Zugriff auf neue und verbesserte Funktionen sowie die Nutzung des <strong>Kundensupports<\/strong> von Labeljoy.<\/p>\n<p>Wenn Sie keine Zeit haben, sich darum zu k\u00fcmmern, \u00fcbernehmen wir das f\u00fcr Sie! Wir entwickeln kontinuierlich <strong>innovative Funktionen<\/strong> und <strong>zus\u00e4tzliche Features<\/strong>, um Ihnen einen umfassenden Service zu bieten, der in jeder Hinsicht ideal f\u00fcr Ihr Unternehmen ist.<\/p>\n<p>Das beste Werkzeug zur Erstellung von Etiketten, QR-Codes und Barcodes bleibt Ihnen nur mit der neuesten Version von Labeljoy <strong>in vollem Umfang<\/strong> verf\u00fcgbar.<\/p>\n<h3 style=\"text-align: center;\">Verl\u00e4ngern Sie Ihre Lizenz und laden Sie die neueste Labeljoy-Version herunter.<\/h3>\n<p style=\"text-align: center;\"><a href=\"#\" id=\"upgrade_button\" class=\"jumbo green tt-button\" title=\"Meine Lizenz verl\u00e4ngern!\"> Meine Lizenz verl\u00e4ngern! <\/a><br \/>\n<a id=\"download_link\" title=\"\" href=\"#\">Nein, danke, meine Labeljoy-Version herunterladen.<\/a><\/p>\n<\/div>\n<div style=\"margin-top: 10em\">\r\n<script type='text\/javascript'>\r\nvar dl_lang = \"de\";\r\nvar dl_error = new Array(\r\n   \"Bitte f\u00fcllen Sie das Lizenzfeld aus\",\r\n   \"Bitte \u00fcberpr\u00fcfen Sie das Format des Lizenzschl\u00fcssels\",\r\n   \"Lizenz nicht gefunden, bitte \u00fcberpr\u00fcfen\",\r\n);\r\n<\/script>\r\n<\/div>\n","protected":false},"excerpt":{"rendered":"<p>Geben Sie hier Ihren Lizenzschl\u00fcssel ein und laden Sie die aktuellste Version herunter: Praesent sed mauris turpis, at molestie enim Ihre Lizenz ist abgelaufen :( Wenn Sie die neueste Version von Labeljoy herunterladen m\u00f6chten, m\u00fcssen Sie Ihre Lizenz verl\u00e4ngern. Warum sollten Sie Ihre Lizenz verl\u00e4ngern? Sie sollten Ihre Labeljoy-Version st\u00e4ndig aktualisieren. Dies erm\u00f6glicht Ihnen den &#8230; <a title=\"Laden Sie Ihre Labeljoy-Version herunter\" class=\"read-more\" href=\"https:\/\/www.labeljoy.com\/de\/laden-sie-ihre-labeljoy-version-herunter\/\" aria-label=\"Mehr Informationen \u00fcber Laden Sie Ihre Labeljoy-Version herunter\">Read more<\/a><\/p>\n","protected":false},"author":8,"featured_media":0,"parent":0,"menu_order":0,"comment_status":"closed","ping_status":"closed","template":"","meta":{"inline_featured_image":false,"_monsterinsights_skip_tracking":false,"_monsterinsights_sitenote_active":false,"_monsterinsights_sitenote_note":"","_monsterinsights_sitenote_category":0,"footnotes":""},"class_list":{"0":"post-41412","1":"page","2":"type-page","3":"status-publish","5":"infinite-scroll-item"},"aioseo_notices":[],"_links":{"self":[{"href":"https:\/\/www.labeljoy.com\/de\/wp-json\/wp\/v2\/pages\/41412","targetHints":{"allow":["GET"]}}],"collection":[{"href":"https:\/\/www.labeljoy.com\/de\/wp-json\/wp\/v2\/pages"}],"about":[{"href":"https:\/\/www.labeljoy.com\/de\/wp-json\/wp\/v2\/types\/page"}],"author":[{"embeddable":true,"href":"https:\/\/www.labeljoy.com\/de\/wp-json\/wp\/v2\/users\/8"}],"replies":[{"embeddable":true,"href":"https:\/\/www.labeljoy.com\/de\/wp-json\/wp\/v2\/comments?post=41412"}],"version-history":[{"count":2,"href":"https:\/\/www.labeljoy.com\/de\/wp-json\/wp\/v2\/pages\/41412\/revisions"}],"predecessor-version":[{"id":41425,"href":"https:\/\/www.labeljoy.com\/de\/wp-json\/wp\/v2\/pages\/41412\/revisions\/41425"}],"wp:attachment":[{"href":"https:\/\/www.labeljoy.com\/de\/wp-json\/wp\/v2\/media?parent=41412"}],"curies":[{"name":"wp","href":"https:\/\/api.w.org\/{rel}","templated":true}]}}