{"id":42007,"date":"2024-09-06T14:38:43","date_gmt":"2024-09-06T14:38:43","guid":{"rendered":"https:\/\/www.labeljoy.com\/unterstutzung\/anleitungen\/barcodes-aus-excel-erstellen\/"},"modified":"2024-10-09T15:39:26","modified_gmt":"2024-10-09T15:39:26","slug":"barcodes-aus-excel-erstellen","status":"publish","type":"page","link":"https:\/\/www.labeljoy.com\/de\/unterstutzung\/anleitungen\/barcodes-aus-excel-erstellen\/","title":{"rendered":"Barcodes aus Excel erstellen"},"content":{"rendered":"<h1>Barcodes aus Excel erstellen<\/h1>\n<p><b>Labeljoy <\/b><span style=\"font-weight: 400;\">ist eine spezialisierte Barcode-Software.<\/span><\/p>\n<p><span style=\"font-weight: 400;\">Um einen <\/span><b>Barcode<\/b><span style=\"font-weight: 400;\"> zu erstellen, w\u00e4hlen Sie den gew\u00fcnschten Barcodetyp aus und geben die Datenfolge ein, die numerisch oder alphanumerisch sein kann.<\/span><\/p>\n<p><span style=\"font-weight: 400;\">Diese Daten k\u00f6nnen manuell eingegeben oder aus externen Quellen importiert werden, wie z. B. aus einer Excel-Datei oder aus Datenbanken wie MySQL, Oracle und einigen weiteren mehr.<\/span><\/p>\n<p><span style=\"font-weight: 400;\">Excel wird aufgrund seiner Benutzerfreundlichkeit, Flexibilit\u00e4t und Verarbeitungsleistung in Unternehmen h\u00e4ufig zur Erstellung von Preislisten, Katalogen und Verzeichnissen verwendet.<br \/>\n<\/span><span style=\"font-weight: 400;\">Es ist jedoch auch m\u00f6glich, Dateien im Excel-Format mit alternativer Software wie OpenOffice, Google Sheets u.a. zu erstellen, ohne dass Sie unbedingt das Office-Paket kaufen m\u00fcssen.\u00a0<\/span><\/p>\n<p><span style=\"font-weight: 400;\">Diese Anleitung erkl\u00e4rt in Folge, wie die Kombination von<\/span><b> Excel mit Labeljoy<\/b><span style=\"font-weight: 400;\"> am effektivsten f\u00fcr die Erstellung und den Druck von Barcode-Etiketten ist.<\/span><\/p>\n<h2><span style=\"color: #474f55; font-family: inherit; font-size: 36px; font-style: inherit; background-color: var(--base-3);\">Die Excel-Datei und der Link zur Datenquelle<\/span><\/h2>\n<p><span style=\"font-weight: 400;\">Zuerst wird eine Excel-Datei zur Erstellung von Barcode-Etiketten angelegt:\u00a0 In diesem Beispiel wird EAN 13 (GTIN-13) verwendet, daher gibt es eine Spalte mit einer Reihe von Zahlen (12-stellige Zeichenfolge, um genau zu sein), eine Preisspalte und eine Spalte f\u00fcr die Artikelbezeichnung. <\/span><\/p>\n<p><a class=\"hover-item\" title=\"Il file Excel\" href=\"https:\/\/www.labeljoy.com\/wp-content\/uploads\/2024\/09\/foglio-excel.jpg\"><img decoding=\"async\" width=\"1000\" height=\"413\" style=\"max-width: 650px;\" src=\"https:\/\/www.labeljoy.com\/wp-content\/uploads\/2024\/09\/foglio-excel.jpg\" alt=\"Il file Excel\" \/><\/a><\/p>\n<p><span style=\"font-weight: 400;\">Der n\u00e4chste Schritt besteht darin, eine Datenverbindung zu erstellen; w\u00e4hlen Sie Excel und fahren Sie fort.<\/span><\/p>\n<p><a href=\"https:\/\/www.labeljoy.com\/wp-content\/uploads\/2024\/10\/STEP1-4.jpg\"><img decoding=\"async\" class=\"alignnone wp-image-41997 size-full\" src=\"https:\/\/www.labeljoy.com\/wp-content\/uploads\/2024\/10\/STEP1-4.jpg\" alt=\"Barcodes aus Excel erstellen\" width=\"700\" height=\"600\" srcset=\"https:\/\/www.labeljoy.com\/wp-content\/uploads\/2024\/10\/STEP1-4.jpg 700w, https:\/\/www.labeljoy.com\/wp-content\/uploads\/2024\/10\/STEP1-4-300x257.jpg 300w\" sizes=\"(max-width: 700px) 100vw, 700px\" \/><\/a><\/p>\n<p><span style=\"font-weight: 400;\">Im n\u00e4chsten Bildschirm w\u00e4hlen Sie die Datei f\u00fcr die Datenverbindung innerhalb dieses Labeljoy-Projekts. <\/span><\/p>\n<p><a href=\"https:\/\/www.labeljoy.com\/wp-content\/uploads\/2024\/10\/STEP2-4.jpg\"><img decoding=\"async\" class=\"alignnone wp-image-41988 size-full\" src=\"https:\/\/www.labeljoy.com\/wp-content\/uploads\/2024\/10\/STEP2-4.jpg\" alt=\"Barcodes aus Excel erstellen\" width=\"699\" height=\"600\" srcset=\"https:\/\/www.labeljoy.com\/wp-content\/uploads\/2024\/10\/STEP2-4.jpg 699w, https:\/\/www.labeljoy.com\/wp-content\/uploads\/2024\/10\/STEP2-4-300x258.jpg 300w\" sizes=\"(max-width: 699px) 100vw, 699px\" \/><\/a><\/p>\n<p><span style=\"font-weight: 400;\">Wenn die erste Zeile Ihrer Datei die Spaltennamen (Kopfzeilen) enth\u00e4lt, w\u00e4hlen Sie die erste Option, wenn keine Spaltennamen vorhanden sind, werden die Standardnamen aus dem Excel-Blatt verwendet (Option 2).<\/span><\/p>\n<p><a href=\"https:\/\/www.labeljoy.com\/wp-content\/uploads\/2024\/10\/STEP3-4.jpg\"><img decoding=\"async\" class=\"alignnone wp-image-41979 size-full\" src=\"https:\/\/www.labeljoy.com\/wp-content\/uploads\/2024\/10\/STEP3-4.jpg\" alt=\"Barcodes aus Excel erstellen\" width=\"701\" height=\"603\" srcset=\"https:\/\/www.labeljoy.com\/wp-content\/uploads\/2024\/10\/STEP3-4.jpg 701w, https:\/\/www.labeljoy.com\/wp-content\/uploads\/2024\/10\/STEP3-4-300x258.jpg 300w\" sizes=\"(max-width: 701px) 100vw, 701px\" \/><\/a><\/p>\n<p><span style=\"font-weight: 400;\">Klicken Sie an dieser Stelle einfach auf Weiter, bis Sie den n\u00e4chsten Bildschirm erreichen.<\/span><\/p>\n<p><a href=\"https:\/\/www.labeljoy.com\/wp-content\/uploads\/2024\/10\/STEP7-4.jpg\"><img decoding=\"async\" class=\"alignnone wp-image-41970 size-full\" src=\"https:\/\/www.labeljoy.com\/wp-content\/uploads\/2024\/10\/STEP7-4.jpg\" alt=\"Barcodes aus Excel erstellen\" width=\"700\" height=\"599\" srcset=\"https:\/\/www.labeljoy.com\/wp-content\/uploads\/2024\/10\/STEP7-4.jpg 700w, https:\/\/www.labeljoy.com\/wp-content\/uploads\/2024\/10\/STEP7-4-300x257.jpg 300w\" sizes=\"(max-width: 700px) 100vw, 700px\" \/><\/a><\/p>\n<p><span style=\"font-weight: 400;\">Dies ist die Vorschau der Daten, die auf die Etiketten geladen werden; f\u00fcr jede Zeile der Liste wird ein Etikett erstellt.<\/span><\/p>\n<p><span style=\"font-weight: 400;\">Nach Beendigung des Assistenten kehren Sie zur Hauptansicht der Software zur\u00fcck und Sie werden sehen, dass die Anzahl der erstellten Etiketten der Anzahl der Zeilen des Excel-Blattes entspricht.<\/span><\/p>\n<p><a href=\"https:\/\/www.labeljoy.com\/wp-content\/uploads\/2024\/10\/STEP8-4.jpg\"><img decoding=\"async\" class=\"alignnone wp-image-41961 size-full\" src=\"https:\/\/www.labeljoy.com\/wp-content\/uploads\/2024\/10\/STEP8-4.jpg\" alt=\"Barcodes aus Excel erstellen\" width=\"1645\" height=\"839\" srcset=\"https:\/\/www.labeljoy.com\/wp-content\/uploads\/2024\/10\/STEP8-4.jpg 1645w, https:\/\/www.labeljoy.com\/wp-content\/uploads\/2024\/10\/STEP8-4-300x153.jpg 300w, https:\/\/www.labeljoy.com\/wp-content\/uploads\/2024\/10\/STEP8-4-1024x522.jpg 1024w, https:\/\/www.labeljoy.com\/wp-content\/uploads\/2024\/10\/STEP8-4-768x392.jpg 768w, https:\/\/www.labeljoy.com\/wp-content\/uploads\/2024\/10\/STEP8-4-1536x783.jpg 1536w\" sizes=\"(max-width: 1645px) 100vw, 1645px\" \/><\/a><\/p>\n<h2 style=\"margin-top: 2em;\">Wie werden Excel-Daten mit Elementen auf dem Labeljoy-Etikett verkn\u00fcpft?<\/h2>\n<p><span style=\"font-weight: 400;\">Es gibt mehrere M\u00f6glichkeiten, Daten zu verkn\u00fcpfen, hier ist ein einfaches Beispiel.<\/span><\/p>\n<p><a href=\"https:\/\/www.labeljoy.com\/wp-content\/uploads\/2024\/10\/STEP9-4.jpg\"><img decoding=\"async\" class=\"alignnone wp-image-41952 size-full\" src=\"https:\/\/www.labeljoy.com\/wp-content\/uploads\/2024\/10\/STEP9-4.jpg\" alt=\"Barcodes aus Excel erstellen\" width=\"934\" height=\"668\" srcset=\"https:\/\/www.labeljoy.com\/wp-content\/uploads\/2024\/10\/STEP9-4.jpg 934w, https:\/\/www.labeljoy.com\/wp-content\/uploads\/2024\/10\/STEP9-4-300x215.jpg 300w, https:\/\/www.labeljoy.com\/wp-content\/uploads\/2024\/10\/STEP9-4-768x549.jpg 768w\" sizes=\"(max-width: 934px) 100vw, 934px\" \/><\/a><\/p>\n<p><span style=\"font-weight: 400;\">Die roten Pfeile zeigen die Verwendung der Felder (Excel-Spalten) an. Innerhalb der Felder gibt es eine Spalte mit dem Namen NAME und rechts daneben wird eines der ersten eingegebenen Elemente (Textelement) angezeigt.<\/span><\/p>\n<p><span style=\"font-weight: 400;\">W\u00e4hlen Sie an dieser Stelle einfach das Feld NAME aus, um das folgende Ergebnis zu erhalten.<\/span><\/p>\n<p><a href=\"https:\/\/www.labeljoy.com\/wp-content\/uploads\/2024\/10\/STEP10.jpg\"><img decoding=\"async\" class=\"alignnone wp-image-41943 size-full\" src=\"https:\/\/www.labeljoy.com\/wp-content\/uploads\/2024\/10\/STEP10.jpg\" alt=\"Barcodes aus Excel erstellen\" width=\"918\" height=\"599\" srcset=\"https:\/\/www.labeljoy.com\/wp-content\/uploads\/2024\/10\/STEP10.jpg 918w, https:\/\/www.labeljoy.com\/wp-content\/uploads\/2024\/10\/STEP10-300x196.jpg 300w, https:\/\/www.labeljoy.com\/wp-content\/uploads\/2024\/10\/STEP10-768x501.jpg 768w\" sizes=\"(max-width: 918px) 100vw, 918px\" \/><\/a><\/p>\n<p><span style=\"font-weight: 400;\">Wiederholen Sie nun das gleiche Verfahren f\u00fcr das Barcode-Element, w\u00e4hlen Sie EAN 13 aus und verkn\u00fcpfen Sie das Feld BARCODE damit, um das unten abgebildete Ergebnis zu erhalten.<\/span><\/p>\n<p><a href=\"https:\/\/www.labeljoy.com\/wp-content\/uploads\/2024\/10\/STEP11.jpg\"><img decoding=\"async\" class=\"alignnone wp-image-41934 size-full\" src=\"https:\/\/www.labeljoy.com\/wp-content\/uploads\/2024\/10\/STEP11.jpg\" alt=\"Barcodes aus Excel erstellen\" width=\"915\" height=\"649\" srcset=\"https:\/\/www.labeljoy.com\/wp-content\/uploads\/2024\/10\/STEP11.jpg 915w, https:\/\/www.labeljoy.com\/wp-content\/uploads\/2024\/10\/STEP11-300x213.jpg 300w, https:\/\/www.labeljoy.com\/wp-content\/uploads\/2024\/10\/STEP11-768x545.jpg 768w\" sizes=\"(max-width: 915px) 100vw, 915px\" \/><\/a><\/p>\n<p><span style=\"font-weight: 400;\">Als letzten Schritt erstellen Sie ein zus\u00e4tzliches Textelement und verkn\u00fcpfen das Feld PRICE. Da es sich um ein Preiselement handelt, m\u00fcssen Sie die Formatierung anpassen und eine W\u00e4hrung ausw\u00e4hlen.<\/span><\/p>\n<p><a href=\"https:\/\/www.labeljoy.com\/wp-content\/uploads\/2024\/10\/STEP12.jpg\"><img decoding=\"async\" class=\"alignnone wp-image-41925 size-full\" src=\"https:\/\/www.labeljoy.com\/wp-content\/uploads\/2024\/10\/STEP12.jpg\" alt=\"Barcodes aus Excel erstellen\" width=\"894\" height=\"698\" srcset=\"https:\/\/www.labeljoy.com\/wp-content\/uploads\/2024\/10\/STEP12.jpg 894w, https:\/\/www.labeljoy.com\/wp-content\/uploads\/2024\/10\/STEP12-300x234.jpg 300w, https:\/\/www.labeljoy.com\/wp-content\/uploads\/2024\/10\/STEP12-768x600.jpg 768w\" sizes=\"(max-width: 894px) 100vw, 894px\" \/><\/a><\/p>\n","protected":false},"excerpt":{"rendered":"<p>Barcodes aus Excel erstellen Labeljoy ist eine spezialisierte Barcode-Software. Um einen Barcode zu erstellen, w\u00e4hlen Sie den gew\u00fcnschten Barcodetyp aus und geben die Datenfolge ein, die numerisch oder alphanumerisch sein kann. Diese Daten k\u00f6nnen manuell eingegeben oder aus externen Quellen importiert werden, wie z. B. aus einer Excel-Datei oder aus Datenbanken wie MySQL, Oracle und &#8230; <a title=\"Barcodes aus Excel erstellen\" class=\"read-more\" href=\"https:\/\/www.labeljoy.com\/de\/unterstutzung\/anleitungen\/barcodes-aus-excel-erstellen\/\" aria-label=\"Mehr Informationen \u00fcber Barcodes aus Excel erstellen\">Read more<\/a><\/p>\n","protected":false},"author":8,"featured_media":0,"parent":2172,"menu_order":0,"comment_status":"closed","ping_status":"closed","template":"","meta":{"inline_featured_image":false,"_monsterinsights_skip_tracking":false,"_monsterinsights_sitenote_active":false,"_monsterinsights_sitenote_note":"","_monsterinsights_sitenote_category":0,"footnotes":""},"class_list":{"0":"post-42007","1":"page","2":"type-page","3":"status-publish","5":"infinite-scroll-item"},"aioseo_notices":[],"_links":{"self":[{"href":"https:\/\/www.labeljoy.com\/de\/wp-json\/wp\/v2\/pages\/42007","targetHints":{"allow":["GET"]}}],"collection":[{"href":"https:\/\/www.labeljoy.com\/de\/wp-json\/wp\/v2\/pages"}],"about":[{"href":"https:\/\/www.labeljoy.com\/de\/wp-json\/wp\/v2\/types\/page"}],"author":[{"embeddable":true,"href":"https:\/\/www.labeljoy.com\/de\/wp-json\/wp\/v2\/users\/8"}],"replies":[{"embeddable":true,"href":"https:\/\/www.labeljoy.com\/de\/wp-json\/wp\/v2\/comments?post=42007"}],"version-history":[{"count":3,"href":"https:\/\/www.labeljoy.com\/de\/wp-json\/wp\/v2\/pages\/42007\/revisions"}],"predecessor-version":[{"id":42264,"href":"https:\/\/www.labeljoy.com\/de\/wp-json\/wp\/v2\/pages\/42007\/revisions\/42264"}],"up":[{"embeddable":true,"href":"https:\/\/www.labeljoy.com\/de\/wp-json\/wp\/v2\/pages\/2172"}],"wp:attachment":[{"href":"https:\/\/www.labeljoy.com\/de\/wp-json\/wp\/v2\/media?parent=42007"}],"curies":[{"name":"wp","href":"https:\/\/api.w.org\/{rel}","templated":true}]}}