{"id":42573,"date":"2024-11-08T09:41:31","date_gmt":"2024-11-08T09:41:31","guid":{"rendered":"https:\/\/www.labeljoy.com\/why-choose-the-original-labeljoy\/"},"modified":"2024-11-15T11:38:22","modified_gmt":"2024-11-15T11:38:22","slug":"warum-labeljoy-in-der-originalversion","status":"publish","type":"page","link":"https:\/\/www.labeljoy.com\/de\/warum-labeljoy-in-der-originalversion\/","title":{"rendered":"Warum Labeljoy in der Originalversion?"},"content":{"rendered":"\n<p>Die Verwendung von gehackter, illegal heruntergeladener oder durch Cracks aktivierter Software wie der <strong>Labeljoy Barcode Software<\/strong> mag wie eine einfache M\u00f6glichkeit erscheinen, Geld zu sparen. Tats\u00e4chlich birgt diese Entscheidung jedoch <strong>erhebliche Risiken<\/strong>, derer man sich bewusst sein sollte. Darum ist es am sichersten, <strong>gecrackte Versionen von Labeljoy<\/strong> zu meiden.<\/p>\n\n\n\n<figure class=\"gb-block-image gb-block-image-306c912b\"><img decoding=\"async\" width=\"1000\" height=\"490\" class=\"gb-image gb-image-306c912b\" src=\"https:\/\/www.labeljoy.com\/wp-content\/uploads\/2024\/11\/labeljoy-no-piracy.jpg\" alt=\"labeljoy-no-piracy\" title=\"Warum Labeljoy in der Originalversion?\" srcset=\"https:\/\/www.labeljoy.com\/wp-content\/uploads\/2024\/11\/labeljoy-no-piracy.jpg 1000w, https:\/\/www.labeljoy.com\/wp-content\/uploads\/2024\/11\/labeljoy-no-piracy-300x147.jpg 300w, https:\/\/www.labeljoy.com\/wp-content\/uploads\/2024\/11\/labeljoy-no-piracy-768x376.jpg 768w\" sizes=\"(max-width: 1000px) 100vw, 1000px\" \/><\/figure>\n\n\n\n<h2 class=\"gb-headline gb-headline-de2ea2cd gb-headline-text\">Sicherheitsrisiken durch illegale software<\/h2>\n\n\n\n<p>Raubkopien von Software sind oft ein Vehikel f\u00fcr <strong>Viren <\/strong>und<strong> Malware<\/strong>, die Ihren Computer sch\u00e4digen und Ihre <strong>pers\u00f6nlichen Daten<\/strong> gef\u00e4hrden k\u00f6nnen. Gehackte Versionen von Labeljoy k\u00f6nnen versteckte Risiken enthalten, wie z.B:<\/p>\n\n\n\n<ul class=\"wp-block-list\">\n<li>Erfassung und <strong>Diebstahl sensibler Daten<\/strong>.<\/li>\n\n\n\n<li><strong>Besch\u00e4digung<\/strong> von Systemdateien.<\/li>\n\n\n\n<li>Verwandlung Ihres Ger\u00e4ts in einen \u201e<strong>Zombie<\/strong>\u201c f\u00fcr missbr\u00e4uchliche Online-Aktivit\u00e4ten.<\/li>\n<\/ul>\n\n\n\n<p><strong>Labeljoy <\/strong>sch\u00fctzt die von legitimen Anwendern erstellten Dateien mit fortschrittlichen Sicherheitssystemen. Jede Datei ist unsichtbar markiert und wird unbrauchbar, wenn sie illegal erstellt wurde. Die Benutzer von raubkopierter Software werden also erst am Ende feststellen, dass ihre Arbeit <strong>umsonst<\/strong> war.<\/p>\n\n\n\n<h3 class=\"gb-headline gb-headline-edf9094a gb-headline-text\">Risiko von datenverlust<\/h3>\n\n\n\n<p><strong>Illegale Versionen<\/strong> von <strong>Labeljoy<\/strong> und anderer Software sind instabil und k\u00f6nnen den <strong>Verlust von wichtigen Dokumenten<\/strong>, Fotos und anderen sensiblen Daten verursachen. Die Verwendung gecrackter Software stellt ein erhebliches Sicherheitsrisiko f\u00fcr Ihre pers\u00f6nlichen Daten dar.<\/p>\n\n\n\n<h3 class=\"gb-headline gb-headline-d6775a31 gb-headline-text\">Rechtliche konsequenzen und support probleme<\/h3>\n\n\n\n<h4 class=\"gb-headline gb-headline-b09eb3c0 gb-headline-text\">Rechtsverletzung<\/h4>\n\n\n\n<p>Das Herunterladen und Benutzen von <strong>illegaler Software <\/strong>stellt einen Gesetzesbruch dar und kann zu vielen ernsthaften <strong>rechtlichen Problemen<\/strong> f\u00fchren. Wenn Sie sich f\u00fcr eine offizielle Version von Labeljoy entscheiden, k\u00f6nnen Sie <strong>beruhigt<\/strong> sein, denn Sie vermeiden m\u00f6gliche rechtliche Konsequenzen.<\/p>\n\n\n\n<h4 class=\"gb-headline gb-headline-fc4f00af gb-headline-text\">Weder technische unterst\u00fctzung noch support<\/h4>\n\n\n\n<p>Wenn Sie raubkopierte Software verwenden, haben Sie<strong> keinen Zugang <\/strong>zu<strong> Kundendienst <\/strong>oder<strong> technischem Support<\/strong>. Sollten Probleme auftreten, m\u00fcssen diese im Alleingang gel\u00f6st werden, was <strong>Zeit und Ressourcen<\/strong> kostet.<\/p>\n\n\n\n<h3 class=\"gb-headline gb-headline-6b64d108 gb-headline-text\">Performance-probleme und imageverlust<\/h3>\n\n\n\n<h4 class=\"gb-headline gb-headline-01af2324 gb-headline-text\">Computer verlangsamung und instabilit\u00e4t<\/h4>\n\n\n\n<p>Raubkopierte Software ist h\u00e4ufig mit <strong>Fehlern<\/strong> behaftet und verlangsamt die Leistung Ihres Ger\u00e4ts. Die Verwendung einer raubkopierten Version von Labeljoy kann zu <strong>Systemfehlfunktionen<\/strong> und <strong>Stabilit\u00e4tsproblemen<\/strong> f\u00fchren.<\/p>\n\n\n\n<h4 class=\"gb-headline gb-headline-e83e1d3c gb-headline-text\">Reputationsrisiko f\u00fcr unternehmen<\/h4>\n\n\n\n<p>Der Einsatz von <strong>gehackter Software <\/strong>stellt ein <strong>Reputationsrisiko <\/strong>f\u00fcr Unternehmen dar. Die Verwendung unautorisierter L\u00f6sungen kann ein negatives Image erzeugen und das <strong>Vertrauen <\/strong>der<strong> Kunden untergraben.<\/strong><\/p>\n\n\n\n<figure class=\"gb-block-image gb-block-image-89cd1315\"><img decoding=\"async\" width=\"1280\" height=\"731\" class=\"gb-image gb-image-89cd1315\" src=\"https:\/\/www.labeljoy.com\/wp-content\/uploads\/2024\/11\/img-2.jpg\" alt=\"computer-software-original\" title=\"Warum Labeljoy in der originalversion\" srcset=\"https:\/\/www.labeljoy.com\/wp-content\/uploads\/2024\/11\/img-2.jpg 1280w, https:\/\/www.labeljoy.com\/wp-content\/uploads\/2024\/11\/img-2-300x171.jpg 300w, https:\/\/www.labeljoy.com\/wp-content\/uploads\/2024\/11\/img-2-1024x585.jpg 1024w, https:\/\/www.labeljoy.com\/wp-content\/uploads\/2024\/11\/img-2-768x439.jpg 768w\" sizes=\"(max-width: 1280px) 100vw, 1280px\" \/><\/figure>\n\n\n\n<h2 class=\"gb-headline gb-headline-6b9c87d1 gb-headline-text\">Warum Labeljoy in der originalversion<\/h2>\n\n\n\n<p>Der Erwerb einer Originalversion der <strong>Labeljoy Barcode Software<\/strong> ist eine Investition in Sicherheit und Effizienz. Die Vorteile beinhalten:<\/p>\n\n\n\n<ul class=\"wp-block-list\">\n<li><strong>Sicherheit<\/strong>: Die Originalversion von Labeljoy ist garantiert gesch\u00fctzt und auf dem neuesten Stand, so dass Ihr System vor <strong>Malware<\/strong> bewahrt wird.<\/li>\n\n\n\n<li><strong>Zuverl\u00e4ssigkeit<\/strong>: Die Original-Software l\u00e4uft stabil, ohne <strong>Verlangsamungen <\/strong>oder Fehler.<\/li>\n\n\n\n<li><strong>Kundensupport<\/strong>: Bei Bedarf k\u00f6nnen Sie sich auf einen qualifizierten <strong>Kundenservice <\/strong>verlassen.<\/li>\n\n\n\n<li><strong>Rechtm\u00e4\u00dfigkeit<\/strong>: Verwenden Sie Original software, damit Sie rechtskonform und <strong>unbesorgt <\/strong>arbeiten k\u00f6nnen.<\/li>\n\n\n\n<li><strong>Entwickler unterst\u00fctzung<\/strong>: Durch die Wahl der offiziellen Version unterst\u00fctzen Sie die Arbeit der Entwickler und f\u00f6rdern die <strong>Verbesserung <\/strong>und <strong>Innovation <\/strong>der Software.<\/li>\n<\/ul>\n\n\n\n<h2 class=\"gb-headline gb-headline-3b76b7a7 gb-headline-text\">Investition in eine Original-Software ist die richtige Wahl<\/h2>\n\n\n\n<p>Das Fazit ist, dass die Investition in die Originalversion von <strong>Labeljoy<\/strong> Sie nicht nur vor den Risiken von <strong>Malware<\/strong> und <strong>Datenverlust <\/strong>sch\u00fctzt, sondern auch sicherstellt, dass Sie Hilfe und technischen Support erhalten. F\u00fcr Ihren <strong>Arbeitsfrieden<\/strong> und Ihre <strong>Produktivit\u00e4t <\/strong>brauchen Sie die Sicherheit und Zuverl\u00e4ssigkeit, die nur eine Originalversion bieten kann.<\/p>\n","protected":false},"excerpt":{"rendered":"<p>Die Verwendung von gehackter, illegal heruntergeladener oder durch Cracks aktivierter Software wie der Labeljoy Barcode Software mag wie eine einfache M\u00f6glichkeit erscheinen, Geld zu sparen. Tats\u00e4chlich birgt diese Entscheidung jedoch erhebliche Risiken, derer man sich bewusst sein sollte. Darum ist es am sichersten, gecrackte Versionen von Labeljoy zu meiden. Sicherheitsrisiken durch illegale software Raubkopien von &#8230; <a title=\"Warum Labeljoy in der Originalversion?\" class=\"read-more\" href=\"https:\/\/www.labeljoy.com\/de\/warum-labeljoy-in-der-originalversion\/\" aria-label=\"Mehr Informationen \u00fcber Warum Labeljoy in der Originalversion?\">Read more<\/a><\/p>\n","protected":false},"author":18,"featured_media":42527,"parent":0,"menu_order":0,"comment_status":"closed","ping_status":"closed","template":"","meta":{"inline_featured_image":false,"_monsterinsights_skip_tracking":false,"_monsterinsights_sitenote_active":false,"_monsterinsights_sitenote_note":"","_monsterinsights_sitenote_category":0,"footnotes":""},"class_list":{"0":"post-42573","1":"page","2":"type-page","3":"status-publish","4":"has-post-thumbnail","6":"infinite-scroll-item"},"aioseo_notices":[],"_links":{"self":[{"href":"https:\/\/www.labeljoy.com\/de\/wp-json\/wp\/v2\/pages\/42573","targetHints":{"allow":["GET"]}}],"collection":[{"href":"https:\/\/www.labeljoy.com\/de\/wp-json\/wp\/v2\/pages"}],"about":[{"href":"https:\/\/www.labeljoy.com\/de\/wp-json\/wp\/v2\/types\/page"}],"author":[{"embeddable":true,"href":"https:\/\/www.labeljoy.com\/de\/wp-json\/wp\/v2\/users\/18"}],"replies":[{"embeddable":true,"href":"https:\/\/www.labeljoy.com\/de\/wp-json\/wp\/v2\/comments?post=42573"}],"version-history":[{"count":2,"href":"https:\/\/www.labeljoy.com\/de\/wp-json\/wp\/v2\/pages\/42573\/revisions"}],"predecessor-version":[{"id":42577,"href":"https:\/\/www.labeljoy.com\/de\/wp-json\/wp\/v2\/pages\/42573\/revisions\/42577"}],"wp:featuredmedia":[{"embeddable":true,"href":"https:\/\/www.labeljoy.com\/de\/wp-json\/wp\/v2\/media\/42527"}],"wp:attachment":[{"href":"https:\/\/www.labeljoy.com\/de\/wp-json\/wp\/v2\/media?parent=42573"}],"curies":[{"name":"wp","href":"https:\/\/api.w.org\/{rel}","templated":true}]}}