{"id":15854,"date":"2013-12-05T11:18:14","date_gmt":"2013-12-05T11:18:14","guid":{"rendered":"http:\/\/www.labeljoy.com\/?page_id=15854"},"modified":"2022-05-18T07:46:44","modified_gmt":"2022-05-18T07:46:44","slug":"code-93-es","status":"publish","type":"page","link":"https:\/\/www.labeljoy.com\/es\/soporte\/generar-codigo-barras\/code-93-es\/","title":{"rendered":"Code 93"},"content":{"rendered":"<h1>Generar c\u00f3digo de barras Code 93<\/h1>\n<p><strong>Labeljoy puede generar c\u00f3digos de barras C\u00f3digo 93<\/strong>, una simbolog\u00eda desarrollada por Intermec en 1982 para conferir una mayor densidad y seguridad a los datos del <a href=\"http:\/\/www.labeljoy.com\/es\/soporte\/generar-codigo-barras\/code-39-es\/\" title=\"Code 39\">C\u00f3digo 39<\/a>. Es una simbolog\u00eda alfanum\u00e9rica de longitud variable. El C\u00f3digo 93 es utilizado principalmente por Canada Post para codificar informaci\u00f3n adicional de entrega. Cada s\u00edmbolo contiene dos d\u00edgitos de control.<\/p>\n<div class=\"tt-notification warning\"><p style=\"font-size:12px;\"><strong>Nota<\/strong>: Los d\u00edgitos de control se a\u00f1aden s\u00f3lo al s\u00edmbolo, no se a\u00f1aden al texto visualmente legible. <\/p><\/div>\n<figure style=\"width: 166px\" class=\"wp-caption alignleft\"><img decoding=\"async\" alt=\"S\u00edmbolo Code 93\" src=\"http:\/\/www.labeljoy.com\/images\/barcodes\/code93_symbol.png\" width=\"176\" height=\"121\"><figcaption class=\"wp-caption-text\">S\u00edmbolo Code 93<\/figcaption><\/figure>\n<p>Labeljoy requiere que introduzca hasta 255 caracteres para <strong>generar el c\u00f3digo de barras 93<\/strong>.<\/p>\n<div class=\"column-clear\"><\/div>\n<h2>Code 93 s\u00edmbolos<\/h2>\n<p>Los s\u00edmbolos code 93 se pueden extender para codificar todos los caracteres ASCII hasta el caracter 127, incluyendo letras min\u00fasculas. Active la casilla Codificaci\u00f3n entera para activar el modo de codificaci\u00f3n completo.<\/p>\n<figure style=\"width: 383px\" class=\"wp-caption aligncenter\"><img decoding=\"async\" class=\" \" alt=\"Code 93 Condificaci\u00f3n entera\" src=\"http:\/\/www.labeljoy.com\/images\/barcodes\/code93_ASCII.png\" width=\"393\" height=\"123\"><figcaption class=\"wp-caption-text\">Code 93 Condificaci\u00f3n entera<\/figcaption><\/figure>\n<div class=\"column-clear\"><\/div>\n<div class=\"tt-notification tip\"><p style=\"font-size:12px;\"> Concatenaci\u00f3n de texto:<br \/>\nCuando se crea un c\u00f3digo de barras C\u00f3digo 93 concatenando campos o contadores, aplican las siguientes reglas:<\/p>\n<ul class=\"barcode-ul\">\n<li>En el modo est\u00e1ndar, el texto puede contener s\u00f3lo letras may\u00fasculas (A a la Z), n\u00fameros (0 al 9) y uno o m\u00e1s caracteres especiales permitidos (-,., $, \/, +,% y espacios).<\/li>\n<li>En la Codificaci\u00f3n entera, el texto puede contener cualquier car\u00e1cter hasta el ASCII 127.<\/li>\n<\/ul>\n<p>Si un valor no cumple con las condiciones anteriores, el c\u00f3digo de barras no se muestra.<br \/>\n<\/p><\/div>\n<p>Se puede visualizar el texto arriba \/ abajo del s\u00edmbolo o se puede ocultar, dependiendo de la configuraci\u00f3n del cuadro Texto.<\/p>\n<div class=\"one_half\">\n<figure style=\"width: 166px\" class=\"wp-caption aligncenter\"><img decoding=\"async\" alt=\"Code 93 con texto arriba del simbolo\" src=\"http:\/\/www.labeljoy.com\/images\/barcodes\/code93_text_above.png\" width=\"176\" height=\"121\"><figcaption class=\"wp-caption-text\">Code 93 con texto arriba del simbolo<\/figcaption><\/figure>\n<\/div>\n<div class=\"one_half\">\n<figure style=\"width: 166px\" class=\"wp-caption aligncenter\"><img decoding=\"async\" alt=\"Code 93 con texto oculto\" src=\"http:\/\/www.labeljoy.com\/images\/barcodes\/code93_hidden_text.png\" width=\"176\" height=\"124\"><figcaption class=\"wp-caption-text\">Code 93 con texto oculto<\/figcaption><\/figure>\n<\/div>\n<div class=\"hr hr-dotted\">&nbsp;<\/div>\n<div class=\"one_half\">\n<p style=\"text-align: right\"><a href=\"\/es\/comprar\/\" class=\"large blue tt-button\" target=\"_self\">Compra el Generador de Code 93<\/a>\n<\/div>\n<div class=\"one_half\">\n<p style=\"text-align: left\">&nbsp;&nbsp;&nbsp;&nbsp; <a href=\"\/es\/download-es\/\" class=\"large green tt-button\" target=\"_self\"> Descarga la versi\u00f3n gratuita  <\/a>\n<\/div>\n","protected":false},"excerpt":{"rendered":"<p>Generar c\u00f3digo de barras Code 93 Labeljoy puede generar c\u00f3digos de barras C\u00f3digo 93, una simbolog\u00eda desarrollada por Intermec en 1982 para conferir una mayor densidad y seguridad a los datos del C\u00f3digo 39. Es una simbolog\u00eda alfanum\u00e9rica de longitud variable. El C\u00f3digo 93 es utilizado principalmente por Canada Post para codificar informaci\u00f3n adicional de &#8230; <a title=\"Code 93\" class=\"read-more\" href=\"https:\/\/www.labeljoy.com\/es\/soporte\/generar-codigo-barras\/code-93-es\/\" aria-label=\"Leer m\u00e1s sobre Code 93\">Read more<\/a><\/p>\n","protected":false},"author":1,"featured_media":0,"parent":2785,"menu_order":0,"comment_status":"open","ping_status":"closed","template":"","meta":{"inline_featured_image":false,"_monsterinsights_skip_tracking":false,"_monsterinsights_sitenote_active":false,"_monsterinsights_sitenote_note":"","_monsterinsights_sitenote_category":0,"footnotes":""},"class_list":{"0":"post-15854","1":"page","2":"type-page","3":"status-publish","5":"infinite-scroll-item"},"aioseo_notices":[],"_links":{"self":[{"href":"https:\/\/www.labeljoy.com\/es\/wp-json\/wp\/v2\/pages\/15854","targetHints":{"allow":["GET"]}}],"collection":[{"href":"https:\/\/www.labeljoy.com\/es\/wp-json\/wp\/v2\/pages"}],"about":[{"href":"https:\/\/www.labeljoy.com\/es\/wp-json\/wp\/v2\/types\/page"}],"author":[{"embeddable":true,"href":"https:\/\/www.labeljoy.com\/es\/wp-json\/wp\/v2\/users\/1"}],"replies":[{"embeddable":true,"href":"https:\/\/www.labeljoy.com\/es\/wp-json\/wp\/v2\/comments?post=15854"}],"version-history":[{"count":9,"href":"https:\/\/www.labeljoy.com\/es\/wp-json\/wp\/v2\/pages\/15854\/revisions"}],"predecessor-version":[{"id":37479,"href":"https:\/\/www.labeljoy.com\/es\/wp-json\/wp\/v2\/pages\/15854\/revisions\/37479"}],"up":[{"embeddable":true,"href":"https:\/\/www.labeljoy.com\/es\/wp-json\/wp\/v2\/pages\/2785"}],"wp:attachment":[{"href":"https:\/\/www.labeljoy.com\/es\/wp-json\/wp\/v2\/media?parent=15854"}],"curies":[{"name":"wp","href":"https:\/\/api.w.org\/{rel}","templated":true}]}}