{"id":15860,"date":"2013-05-22T13:43:43","date_gmt":"2013-05-22T13:43:43","guid":{"rendered":"http:\/\/www.labeljoy.com\/?page_id=15860"},"modified":"2023-03-13T08:30:15","modified_gmt":"2023-03-13T08:30:15","slug":"code-128-es","status":"publish","type":"page","link":"https:\/\/www.labeljoy.com\/es\/soporte\/generar-codigo-barras\/code-128-es\/","title":{"rendered":"Code 128"},"content":{"rendered":"<h1>Generador de c\u00f3digo de barras Code 128<\/h1>\n<blockquote><p>El <strong>Code 128<\/strong> es un c\u00f3digo de barras lineal utilizado para codificar informaci\u00f3n alfanum\u00e9rica. Es <strong>uno de los c\u00f3digos de barras m\u00e1s populares<\/strong> y se utiliza en una amplia gama de aplicaciones, como la gesti\u00f3n de inventarios, env\u00edos, seguimiento de productos, fabricaci\u00f3n y gesti\u00f3n de documentos.<\/p><\/blockquote>\n<p>Code 128 se llama as\u00ed porque utiliza 128 caracteres ASCII (American Standard Code for Information Interchange) para codificar los datos. Estos caracteres est\u00e1n representados por siete bits, lo que significa que hay 128 posibles combinaciones de bits, desde 0000000 hasta 1111111. El c\u00f3digo utiliza un sistema de codificaci\u00f3n de barras para representar estos datos de manera visual.<\/p>\n<p>El sistema de codificaci\u00f3n de barras de <strong>Code 128<\/strong> utiliza tres s\u00edmbolos de barra diferentes (uno ancho, uno estrecho y uno intermedio) para representar cada car\u00e1cter ASCII. Tambi\u00e9n hay s\u00edmbolos de inicio y final que indican el inicio y el final del <strong>c\u00f3digo de barras<\/strong>. En general, el sistema de codificaci\u00f3n de barras de Code 128 puede representar todos los 128 caracteres ASCII, as\u00ed como caracteres especiales y de control.<\/p>\n<p>Una de las caracter\u00edsticas distintivas del <strong>Code 128<\/strong> es que puede utilizarse para codificar datos num\u00e9ricos y alfanum\u00e9ricos, incluidos caracteres de control como las checksums. Adem\u00e1s, el Code 128 admite la compresi\u00f3n de datos, lo que significa que el c\u00f3digo de barras puede ser m\u00e1s corto que otros c\u00f3digos de barras similares.<\/p>\n<p>El <strong>Code 128<\/strong> se introdujo en la d\u00e9cada de 1980 y r\u00e1pidamente se convirti\u00f3 en un est\u00e1ndar para muchas industrias debido a su flexibilidad y capacidad para codificar una amplia gama de informaci\u00f3n. Hoy en d\u00eda se utiliza ampliamente en todo el mundo y es compatible con la mayor\u00eda de lectores de c\u00f3digos de barras y software de gesti\u00f3n de inventarios.<\/p>\n<p>El C\u00f3digo 128 se utiliza como simbolog\u00eda base para generar s\u00edmbolos de c\u00f3digos de barras <a href=\"http:\/\/www.labeljoy.com\/es\/soporte\/generar-codigo-barras\/ean-128-es\/\" title=\"Ean 128\">EAN-128<\/a> y <a href=\"http:\/\/www.labeljoy.com\/es\/soporte\/generar-codigo-barras\/gs1-128-es\/\" title=\"generador de Gs1 128 \">GS1-128<\/a>.<\/p>\n<p><img decoding=\"async\" class=\"aligncenter\" alt=\"Code 128 ejemplo\" src=\"http:\/\/www.labeljoy.com\/images\/barcodes\/code128_example.gif\" width=\"416\" height=\"330\"><\/p>\n<h2>como hacer codigos de barras Code 128<\/h2>\n<p>Labeljoy requiere que se introduzca un texto <strong>alfanum\u00e9rico de hasta 48 caracteres<\/strong> para generar el c\u00f3digo de barras. Introducir el texto en el cuadro de texto.<br \/>\nEl texto visualmente legible puede mostrarse debajo, encima u oculto seg\u00fan la configuraci\u00f3n especificada en el cuadro de Texto.<br \/>\n<div class=\"tt-notification tip\"><p style=\"font-size:12px;\"> Concatenaci\u00f3n de texto:<br \/>\nCuando se crea un c\u00f3digo de barras Code 128 concatenando campos o contadores, aplican las siguientes reglas:<\/p>\n<ul class=\"barcode-ul\">\n<li>El texto no debe superar los 48 caracteres.<\/li>\n<\/ul>\n<p>Si un valor no cumple con las condiciones anteriores, el c\u00f3digo de barras no se muestra.<br \/>\n<\/p><\/div>\n<figure style=\"width: 343px\" class=\"wp-caption aligncenter\"><img decoding=\"async\" alt=\"Code 128 con el texto abajo del s\u00edmbolo\" src=\"http:\/\/www.labeljoy.com\/images\/barcodes\/code128_text_below.png\" width=\"353\" height=\"101\"><figcaption class=\"wp-caption-text\">Code 128 con el texto abajo del s\u00edmbolo<\/figcaption><\/figure>\n<figure style=\"width: 343px\" class=\"wp-caption aligncenter\"><img decoding=\"async\" alt=\"Code 128 con el texto arriba del s\u00edmbolo\" src=\"http:\/\/www.labeljoy.com\/images\/barcodes\/code128_text_above.png\" width=\"353\" height=\"101\"><figcaption class=\"wp-caption-text\">Code 128 con el texto arriba del s\u00edmbolo<\/figcaption><\/figure>\n<figure style=\"width: 343px\" class=\"wp-caption aligncenter\"><img decoding=\"async\" alt=\"Code 128 con el texto oculto\" src=\"http:\/\/www.labeljoy.com\/images\/barcodes\/code128_hidden_text.png\" width=\"353\" height=\"105\"><figcaption class=\"wp-caption-text\">Code 128 con el texto oculto<\/figcaption><\/figure>\n<div class=\"hr hr-dotted\">&nbsp;<\/div>\n<div class=\"one_half\">\n<p style=\"text-align: right\"><a href=\"\/es\/comprar\/\" class=\"large blue tt-button\" target=\"\">Compra el Generador de Code 128<\/a>\n<\/div>\n<div class=\"one_half\">\n<p style=\"text-align: left\"> &nbsp;&nbsp;&nbsp;&nbsp; <a href=\"\/es\/download-es\/\" class=\"large green tt-button\" target=\"_self\"> Descarga la versi\u00f3n gratuita  <\/a>\n<\/div>\n","protected":false},"excerpt":{"rendered":"<p>Generador de c\u00f3digo de barras Code 128 El Code 128 es un c\u00f3digo de barras lineal utilizado para codificar informaci\u00f3n alfanum\u00e9rica. Es uno de los c\u00f3digos de barras m\u00e1s populares y se utiliza en una amplia gama de aplicaciones, como la gesti\u00f3n de inventarios, env\u00edos, seguimiento de productos, fabricaci\u00f3n y gesti\u00f3n de documentos. Code 128 &#8230; <a title=\"Code 128\" class=\"read-more\" href=\"https:\/\/www.labeljoy.com\/es\/soporte\/generar-codigo-barras\/code-128-es\/\" aria-label=\"Leer m\u00e1s sobre Code 128\">Read more<\/a><\/p>\n","protected":false},"author":1,"featured_media":0,"parent":2785,"menu_order":0,"comment_status":"open","ping_status":"closed","template":"","meta":{"inline_featured_image":false,"_monsterinsights_skip_tracking":false,"_monsterinsights_sitenote_active":false,"_monsterinsights_sitenote_note":"","_monsterinsights_sitenote_category":0,"footnotes":""},"class_list":{"0":"post-15860","1":"page","2":"type-page","3":"status-publish","5":"infinite-scroll-item"},"aioseo_notices":[],"_links":{"self":[{"href":"https:\/\/www.labeljoy.com\/es\/wp-json\/wp\/v2\/pages\/15860","targetHints":{"allow":["GET"]}}],"collection":[{"href":"https:\/\/www.labeljoy.com\/es\/wp-json\/wp\/v2\/pages"}],"about":[{"href":"https:\/\/www.labeljoy.com\/es\/wp-json\/wp\/v2\/types\/page"}],"author":[{"embeddable":true,"href":"https:\/\/www.labeljoy.com\/es\/wp-json\/wp\/v2\/users\/1"}],"replies":[{"embeddable":true,"href":"https:\/\/www.labeljoy.com\/es\/wp-json\/wp\/v2\/comments?post=15860"}],"version-history":[{"count":8,"href":"https:\/\/www.labeljoy.com\/es\/wp-json\/wp\/v2\/pages\/15860\/revisions"}],"predecessor-version":[{"id":39680,"href":"https:\/\/www.labeljoy.com\/es\/wp-json\/wp\/v2\/pages\/15860\/revisions\/39680"}],"up":[{"embeddable":true,"href":"https:\/\/www.labeljoy.com\/es\/wp-json\/wp\/v2\/pages\/2785"}],"wp:attachment":[{"href":"https:\/\/www.labeljoy.com\/es\/wp-json\/wp\/v2\/media?parent=15860"}],"curies":[{"name":"wp","href":"https:\/\/api.w.org\/{rel}","templated":true}]}}