{"id":15865,"date":"2013-05-22T13:44:57","date_gmt":"2013-05-22T13:44:57","guid":{"rendered":"http:\/\/www.labeljoy.com\/?page_id=15865"},"modified":"2024-12-18T09:01:07","modified_gmt":"2024-12-18T09:01:07","slug":"ean-13-es","status":"publish","type":"page","link":"https:\/\/www.labeljoy.com\/es\/soporte\/generar-codigo-barras\/ean-13-es\/","title":{"rendered":"EAN 13"},"content":{"rendered":"<h1>Generador c\u00f3digo de barras EAN 13<\/h1>\n<blockquote><p>El c\u00f3digo <strong>EAN 13 &#8211; GTIN-13<\/strong> se utiliza principalmente en la gran distribuci\u00f3n organizada, donde es necesario un proceso de normalizaci\u00f3n internacional para el reconocimiento y registro de los productos, entre otras cosas debido al gran n\u00famero de art\u00edculos a la venta.<\/p><\/blockquote>\n<p>El envase o producto lleva el N\u00famero Europeo de Art\u00edculo (EAN) o GTIN (Global Trade Item Number), que se transforma en un <strong>c\u00f3digo de barras<\/strong> mediante un proceso de codificaci\u00f3n.<\/p>\n<p>El <strong>c\u00f3digo de barras EAN 13<\/strong> tiene 13 d\u00edgitos. Para productos m\u00e1s peque\u00f1os, existe una versi\u00f3n m\u00e1s compacta con 8 d\u00edgitos, el <a title=\"C\u00f3digo de barras EAN 8\" href=\"https:\/\/www.labeljoy.com\/es\/soporte\/generar-codigo-barras\/ean-8-es\/\"><strong>EAN 8<\/strong><\/a>.<\/p>\n<p>Estructura:<\/p>\n<ul>\n<li><span style=\"font-weight: 400;\">Los tres primeros d\u00edgitos del c\u00f3digo<strong> GTIN-13<\/strong> (<strong>EAN-13<\/strong>) indican el pa\u00eds de origen o fabricaci\u00f3n del producto (prefijo del pa\u00eds). Por ejemplo, los d\u00edgitos 840-849 corresponden a Espa\u00f1a, y 00-13 a EEUU.<\/span><\/li>\n<li><span style=\"font-weight: 400;\">Los seis d\u00edgitos siguientes indican el c\u00f3digo de la empresa; este c\u00f3digo lo asigna la organizaci\u00f3n internacional GS1.<\/span><\/li>\n<li><span style=\"font-weight: 400;\">Los tres d\u00edgitos que siguen sirven para identificar el art\u00edculo y clasifican uno de los productos de la empresa. Este n\u00famero lo asigna directa y libremente el fabricante. El formato va de 000-001&#8230; hasta el 999.<\/span><\/li>\n<li>El \u00faltimo d\u00edgito es el d\u00edgito de control que viene calcolado por <strong>Labeljoy<\/strong> en base a un algoritmo matem\u00e1tico.<\/li>\n<\/ul>\n<h2 style=\"margin-top: 1.5em;\">C\u00f3mo generar el c\u00f3digo EAN 13 symbol<\/h2>\n<figure style=\"width: 185px\" class=\"wp-caption alignleft\"><img decoding=\"async\" src=\"http:\/\/www.labeljoy.com\/images\/barcodes\/ean13_barcode.png\" alt=\"S\u00edmbolo EAN-13\" width=\"195\" height=\"148\" \/><figcaption class=\"wp-caption-text\">S\u00edmbolo EAN-13<\/figcaption><\/figure>\n<p>Labeljoy requiere que se ingresen <strong>12 d\u00edgitos<\/strong> para generar el c\u00f3digo de barras.<br \/>\nIntroducir los 12 d\u00edgitos en el <strong>cuadro de texto<\/strong> y haga clic en OK.<br \/>\nEl 13\u00ba d\u00edgito (o d\u00edgito de control) se <strong>calcula autom\u00e1ticamente<\/strong>.<\/p>\n<div class=\"column-clear\"><\/div>\n<h3>Especificaci\u00f3n EAN 13<\/h3>\n<p>Los c\u00f3digos de barras EAN-13 creados con Labeljoy tambi\u00e9n pueden <strong>codificar 2 o 5 d\u00edgitos adicionales<\/strong> (add-on). Introducir los d\u00edgitos adicionales en el <strong>cuadro de texto de la derecha<\/strong>.<\/p>\n<div class=\"one_half\">\n<figure style=\"width: 244px\" class=\"wp-caption aligncenter\"><img decoding=\"async\" src=\"http:\/\/www.labeljoy.com\/images\/barcodes\/ean13_2-digit.png\" alt=\"EAN-13 con add-on 2 d\u00edgitos\" width=\"254\" height=\"148\" \/><figcaption class=\"wp-caption-text\">EAN-13 con add-on 2 d\u00edgitos<\/figcaption><\/figure>\n<\/div>\n<div class=\"one_half\">\n<figure style=\"width: 296px\" class=\"wp-caption aligncenter\"><img decoding=\"async\" src=\"http:\/\/www.labeljoy.com\/images\/barcodes\/ean-13_5-digit.png\" alt=\"EAN-13 with a 5-digitEAN-13 con add-on 5 d\u00edgitos\" width=\"306\" height=\"148\" \/><figcaption class=\"wp-caption-text\">EAN-13 con add-on 5 d\u00edgitos<\/figcaption><\/figure>\n<\/div>\n<div class=\"column-clear\"><\/div>\n<div class=\"tt-notification tip\"><p style=\"font-size:12px;\"> Concatenaci\u00f3n de textos:<br \/>\nAl generar un elemento de <strong>c\u00f3digo de barras EAN 13<\/strong> concatenando campos o contadores, aplican las siguientes reglas:<\/p>\n<ul class=\"barcode-ul\">\n<li>Para el c\u00f3digo de barras principal, s\u00f3lo se considerar\u00e1n los primeros 12 d\u00edgitos.<\/li>\n<li>Para el add-on, se requiere un separador de guiones (-) seguido de 2 o 5 d\u00edgitos.<\/li>\n<\/ul>\n<p>Si un valor no cumple con las condiciones anteriores, el c\u00f3digo de barras no se muestra.<br \/>\n<\/p><\/div>\n<p>El texto visualmente legible puede mostrarse debajo, encima u oculto seg\u00fan la configuraci\u00f3n especificada en el cuadro de Texto.<\/p>\n<div class=\"one_half\">\n<figure style=\"width: 185px\" class=\"wp-caption aligncenter\"><img decoding=\"async\" src=\"http:\/\/www.labeljoy.com\/images\/barcodes\/ean-13_code.png\" alt=\"EAN-13 con texto arriba el s\u00edmbolo\" width=\"195\" height=\"148\" \/><figcaption class=\"wp-caption-text\">EAN-13 con texto arriba el s\u00edmbolo<\/figcaption><\/figure>\n<\/div>\n<div class=\"one_half\">\n<figure style=\"width: 172px\" class=\"wp-caption aligncenter\"><img decoding=\"async\" src=\"http:\/\/www.labeljoy.com\/images\/barcodes\/ean13_hidden-text.png\" alt=\"EAN-13 with hidden text\" width=\"182\" height=\"151\" \/><figcaption class=\"wp-caption-text\">EAN-13 con el texto oculto<\/figcaption><\/figure>\n<\/div>\n<p>Los c\u00f3digos de barras<strong> ISBN-13<\/strong> se generan utilizando la simbolog\u00eda EAN-13 y se muestran t\u00edpicamente con un texto adicional en la parte superior, que indica el prefijo ISBN (978 o 979) y el c\u00f3digo asignado por la autoridad local.<\/p>\n<table border=\"0\" width=\"100%\" cellspacing=\"2\" cellpadding=\"2\">\n<tbody>\n<tr>\n<td class=\"images\" width=\"20%\"><img decoding=\"async\" width=\"220\" height=\"174\" src=\"\/user-guide-lj6-files\/en\/bcd_ean13_6.png\" alt=\"\" \/><\/td>\n<td width=\"80%\">\n<p class=\"body\">Ver <a href=\"\/es\/soporte\/como-hacer\/como-generar-codigos-de-barras-isbn\/\">C\u00f3mo generar c\u00f3digos de barras ISBN<\/a> para m\u00e1s informaci\u00f3n.<\/p>\n<\/td>\n<\/tr>\n<tr class=\"images\">\n<td class=\"images\" align=\"left\" valign=\"middle\">ISBN-13 symbol<\/td>\n<\/tr>\n<\/tbody>\n<\/table>\n<div class=\"hr hr-dotted\">&nbsp;<\/div>\n<div class=\"one_half\">\n<p style=\"text-align: right;\"><a href=\"\/es\/comprar\/\" class=\"large blue tt-button\" target=\"_self\">Compra el Generador de EAN 13<\/a>\n<\/div>\n<div class=\"one_half\">\n<p style=\"text-align: left;\">\u00a0\u00a0\u00a0\u00a0 <a href=\"\/es\/download-es\/\" class=\"large green tt-button\" target=\"_self\"> Descarga la versi\u00f3n gratuita <\/a>\n<\/div>\n","protected":false},"excerpt":{"rendered":"<p>Generador c\u00f3digo de barras EAN 13 El c\u00f3digo EAN 13 &#8211; GTIN-13 se utiliza principalmente en la gran distribuci\u00f3n organizada, donde es necesario un proceso de normalizaci\u00f3n internacional para el reconocimiento y registro de los productos, entre otras cosas debido al gran n\u00famero de art\u00edculos a la venta. El envase o producto lleva el N\u00famero &#8230; <a title=\"EAN 13\" class=\"read-more\" href=\"https:\/\/www.labeljoy.com\/es\/soporte\/generar-codigo-barras\/ean-13-es\/\" aria-label=\"Leer m\u00e1s sobre EAN 13\">Read more<\/a><\/p>\n","protected":false},"author":1,"featured_media":0,"parent":2785,"menu_order":0,"comment_status":"closed","ping_status":"closed","template":"","meta":{"inline_featured_image":false,"_monsterinsights_skip_tracking":false,"_monsterinsights_sitenote_active":false,"_monsterinsights_sitenote_note":"","_monsterinsights_sitenote_category":0,"footnotes":""},"class_list":{"0":"post-15865","1":"page","2":"type-page","3":"status-publish","5":"infinite-scroll-item"},"aioseo_notices":[],"_links":{"self":[{"href":"https:\/\/www.labeljoy.com\/es\/wp-json\/wp\/v2\/pages\/15865","targetHints":{"allow":["GET"]}}],"collection":[{"href":"https:\/\/www.labeljoy.com\/es\/wp-json\/wp\/v2\/pages"}],"about":[{"href":"https:\/\/www.labeljoy.com\/es\/wp-json\/wp\/v2\/types\/page"}],"author":[{"embeddable":true,"href":"https:\/\/www.labeljoy.com\/es\/wp-json\/wp\/v2\/users\/1"}],"replies":[{"embeddable":true,"href":"https:\/\/www.labeljoy.com\/es\/wp-json\/wp\/v2\/comments?post=15865"}],"version-history":[{"count":10,"href":"https:\/\/www.labeljoy.com\/es\/wp-json\/wp\/v2\/pages\/15865\/revisions"}],"predecessor-version":[{"id":42652,"href":"https:\/\/www.labeljoy.com\/es\/wp-json\/wp\/v2\/pages\/15865\/revisions\/42652"}],"up":[{"embeddable":true,"href":"https:\/\/www.labeljoy.com\/es\/wp-json\/wp\/v2\/pages\/2785"}],"wp:attachment":[{"href":"https:\/\/www.labeljoy.com\/es\/wp-json\/wp\/v2\/media?parent=15865"}],"curies":[{"name":"wp","href":"https:\/\/api.w.org\/{rel}","templated":true}]}}