{"id":15876,"date":"2013-05-22T13:45:23","date_gmt":"2013-05-22T13:45:23","guid":{"rendered":"http:\/\/www.labeljoy.com\/?page_id=15876"},"modified":"2023-03-28T08:11:03","modified_gmt":"2023-03-28T08:11:03","slug":"ean-128-es","status":"publish","type":"page","link":"https:\/\/www.labeljoy.com\/es\/soporte\/generar-codigo-barras\/ean-128-es\/","title":{"rendered":"EAN 128"},"content":{"rendered":"<h1>Generador de c\u00f3digo de barras EAN 128<\/h1>\n<blockquote><p><strong>EAN-128<\/strong>, tambi\u00e9n conocido como <strong>GS1-128<\/strong>, es un est\u00e1ndar de c\u00f3digo de barras utilizado para <strong>identificar y rastrear productos y mercanc\u00edas<\/strong>. Es un tipo de c\u00f3digo de barras lineal que utiliza una combinaci\u00f3n de n\u00fameros y caracteres ASCII para representar informaci\u00f3n sobre productos, como el n\u00famero de lote, la fecha de caducidad, el peso y otra informaci\u00f3n pertinente.<\/p><\/blockquote>\n<p>EAN-128 se basa en el <strong><a href=\"https:\/\/www.labeljoy.com\/es\/soporte\/generar-codigo-barras\/ean-13-es\/\" title=\"C\u00f3digo de barras EAN-13\">c\u00f3digo de barras EAN-13<\/a><\/strong>, pero puede contener mucha m\u00e1s informaci\u00f3n. Este <strong>c\u00f3digo de barras<\/strong> se utiliza principalmente en el sector del transporte y la log\u00edstica para la gesti\u00f3n de env\u00edos, pero tambi\u00e9n se utiliza en otros sectores como la producci\u00f3n, el sector minorista y la sanidad.<\/p>\n<p><strong>EAN-128 es un c\u00f3digo de barras flexible<\/strong> que puede personalizarse para responder a las necesidades espec\u00edficas de una empresa o aplicaci\u00f3n. Fue desarrollado por GS1, una organizaci\u00f3n internacional que gestiona los est\u00e1ndares de c\u00f3digos de barras y otros sistemas de identificaci\u00f3n autom\u00e1tica.<\/p>\n<p><img decoding=\"async\" class=\"alignleft\" alt=\"c\u00f3digo de barras EAN 128\" src=\"http:\/\/www.labeljoy.com\/images\/about-barcode\/ean-128.jpg\" width=\"120\" height=\"68\">La simbolog\u00eda EAN-128 difiere de la simbolog\u00eda Code 128 en la aplicaci\u00f3n del car\u00e1cter <strong>FNC1<\/strong>, que se utiliza como un car\u00e1cter de inicio y de separaci\u00f3n.<\/p>\n<div class=\"column-clear\"><\/div>\n<ul>\n<li>El car\u00e1cter FNC1 se a\u00f1ade <strong>impl\u00edcitamente al principio del s\u00edmbolo<\/strong>, seg\u00fan la especificaci\u00f3n EAN 128. Los s\u00edmbolos EAN 128 generados por Labeljoy admiten el separador FNC1.<\/li>\n<li>Utilice el <strong>car\u00e1cter | ( pipe )<\/strong> para definir las posiciones donde debe aparecer el separador FNC1.<\/li>\n<\/ul>\n<p>Por ejemplo, el texto 123456|ABCDE ser\u00e1 interpretado por LabelJoy como 123456[FNC1]ABCDE y el s\u00edmbolo se generar\u00e1 en consecuencia.<\/p>\n<h2>C\u00f3mo generar un c\u00f3digo EAN 128 con Labeljoy<\/h2>\n<p>Con Labeljoy, puede utilizar la simbolog\u00eda EAN 128 para crear c\u00f3digos de barras similares a los de GS1-128, pero totalmente personalizables y <strong>no sujetos a las limitaciones<\/strong> de las especificaciones de GS1-128.<\/p>\n<ul>\n<li>Labeljoy requiere la introducci\u00f3n de un texto alfanum\u00e9rico de hasta 48 caracteres para generar el c\u00f3digo de barras. Introduzca el texto en el cuadro de texto.<\/li>\n<li>El texto visualmente legible puede mostrarse debajo, encima u oculto seg\u00fan la configuraci\u00f3n especificada en el cuadro de Texto.<\/li>\n<\/ul>\n<div class=\"column-clear\"><\/div>\n<div class=\"tt-notification tip\"><p style=\"font-size:12px;\"> Concatenaci\u00f3n de textos:<br \/>\nAl <strong>generar un elemento de c\u00f3digo de barras EAN 128<\/strong> concatenando campos o contadores, aplican las siguientes reglas:<\/p>\n<ul class=\"barcode-ul\">\n<li>El texto no debe superar los 48 caracteres.<\/li>\n<li>Si un valor no cumple con las condiciones anteriores, el c\u00f3digo de barras no se muestra.<\/li>\n<li>Todos los caracteres ASCII mayores de 127 ser\u00e1n eliminados con la excepci\u00f3n del car\u00e1cter | ( pipe ), que ser\u00e1 interpretado como un marcador de posici\u00f3n para el car\u00e1cter FNC1.<\/li>\n<\/ul>\n<\/p><\/div>\n<figure style=\"width: 279px\" class=\"wp-caption aligncenter\"><img decoding=\"async\" alt=\"EAN-128 code\" src=\"http:\/\/www.labeljoy.com\/images\/barcodes\/ean128_code.png\" width=\"289\" height=\"101\"><figcaption class=\"wp-caption-text\">EAN-128 que codifica el texto 20abcd40ABCD60 (sin separador FNC1)<\/figcaption><\/figure>\n<figure style=\"width: 295px\" class=\"wp-caption aligncenter\"><img decoding=\"async\" alt=\"EAN-128 separador FNC1\" src=\"http:\/\/www.labeljoy.com\/images\/barcodes\/ean128_fnc1.png\" width=\"305\" height=\"101\"><figcaption class=\"wp-caption-text\">EAN-128 que codifica el texto 20abcd40|ABCD60 que se representa como 20abcd40[FNC1]ABCD60 (un separador FNC1)<\/figcaption><\/figure>\n<figure style=\"width: 359px\" class=\"wp-caption aligncenter\"><img decoding=\"async\" alt=\"EAN-128 (four FNC1 separators)\" src=\"http:\/\/www.labeljoy.com\/images\/barcodes\/ean128_fnc1_barcode.png\" width=\"369\" height=\"101\"><figcaption class=\"wp-caption-text\">EEAN-128 que codifica el texto 20|abcd|40|ABCD|60 que se representa como 20[FNC1]abcd[FNC1]40[FNC1]ABCD[FNC1]60 (4 separadores FNC1)<\/figcaption><\/figure>\n<div class=\"hr hr-dotted\">&nbsp;<\/div>\n<div class=\"one_half\">\n<p style=\"text-align: right\"><a href=\"\/es\/comprar\/\" class=\"large blue tt-button\" target=\"_self\">Compra el Generador de EAN 128<\/a>\n<\/div>\n<div class=\"one_half\">\n<p style=\"text-align: left\">&nbsp;&nbsp;&nbsp;&nbsp; <a href=\"\/es\/download-es\/\" class=\"large green tt-button\" target=\"_self\"> Descarga la versi\u00f3n gratuita <\/a>\n<\/div>\n","protected":false},"excerpt":{"rendered":"<p>Generador de c\u00f3digo de barras EAN 128 EAN-128, tambi\u00e9n conocido como GS1-128, es un est\u00e1ndar de c\u00f3digo de barras utilizado para identificar y rastrear productos y mercanc\u00edas. Es un tipo de c\u00f3digo de barras lineal que utiliza una combinaci\u00f3n de n\u00fameros y caracteres ASCII para representar informaci\u00f3n sobre productos, como el n\u00famero de lote, la &#8230; <a title=\"EAN 128\" class=\"read-more\" href=\"https:\/\/www.labeljoy.com\/es\/soporte\/generar-codigo-barras\/ean-128-es\/\" aria-label=\"Leer m\u00e1s sobre EAN 128\">Read more<\/a><\/p>\n","protected":false},"author":1,"featured_media":0,"parent":2785,"menu_order":0,"comment_status":"open","ping_status":"closed","template":"","meta":{"inline_featured_image":false,"_monsterinsights_skip_tracking":false,"_monsterinsights_sitenote_active":false,"_monsterinsights_sitenote_note":"","_monsterinsights_sitenote_category":0,"footnotes":""},"class_list":{"0":"post-15876","1":"page","2":"type-page","3":"status-publish","5":"infinite-scroll-item"},"aioseo_notices":[],"_links":{"self":[{"href":"https:\/\/www.labeljoy.com\/es\/wp-json\/wp\/v2\/pages\/15876","targetHints":{"allow":["GET"]}}],"collection":[{"href":"https:\/\/www.labeljoy.com\/es\/wp-json\/wp\/v2\/pages"}],"about":[{"href":"https:\/\/www.labeljoy.com\/es\/wp-json\/wp\/v2\/types\/page"}],"author":[{"embeddable":true,"href":"https:\/\/www.labeljoy.com\/es\/wp-json\/wp\/v2\/users\/1"}],"replies":[{"embeddable":true,"href":"https:\/\/www.labeljoy.com\/es\/wp-json\/wp\/v2\/comments?post=15876"}],"version-history":[{"count":7,"href":"https:\/\/www.labeljoy.com\/es\/wp-json\/wp\/v2\/pages\/15876\/revisions"}],"predecessor-version":[{"id":39707,"href":"https:\/\/www.labeljoy.com\/es\/wp-json\/wp\/v2\/pages\/15876\/revisions\/39707"}],"up":[{"embeddable":true,"href":"https:\/\/www.labeljoy.com\/es\/wp-json\/wp\/v2\/pages\/2785"}],"wp:attachment":[{"href":"https:\/\/www.labeljoy.com\/es\/wp-json\/wp\/v2\/media?parent=15876"}],"curies":[{"name":"wp","href":"https:\/\/api.w.org\/{rel}","templated":true}]}}