{"id":15880,"date":"2013-05-22T13:45:51","date_gmt":"2013-05-22T13:45:51","guid":{"rendered":"http:\/\/www.labeljoy.com\/?page_id=15880"},"modified":"2022-06-23T12:52:27","modified_gmt":"2022-06-23T12:52:27","slug":"ean-8-es","status":"publish","type":"page","link":"https:\/\/www.labeljoy.com\/es\/soporte\/generar-codigo-barras\/ean-8-es\/","title":{"rendered":"EAN 8"},"content":{"rendered":"<h1>Generador de c\u00f3digo EAN 8<\/h1>\n<p>EAN 8 es un c\u00f3digo de barras derivado del m\u00e1s largo C\u00f3digo Europeo de N\u00fameros de Art\u00edculo (<a href=\"http:\/\/www.labeljoy.com\/es\/soporte\/generar-codigo-barras\/ean-13-es\/\" title=\"EAN 13\">EAN-13<\/a>),<br \/>\nFue introducido para ser utilizado en paquetes peque\u00f1os donde un c\u00f3digo de barras EAN 13 ser\u00eda demasiado largo; por ejemplo, en paquetes de cigarrillos, l\u00e1pices o chicles.<\/p>\n<h2>Composici\u00f3n de un c\u00f3digo de barras EAN 8<\/h2>\n<ul>\n<li>Prefijo GS1 de 2 o 3 d\u00edgitos (asignado a cada autoridad nacional GS1).<\/li>\n<li>Elemento de referencia de 4 o 5 d\u00edgitos, seg\u00fan la longitud del prefijo GS1.<\/li>\n<li>D\u00edgito de control.<\/li>\n<\/ul>\n<p>Los n\u00fameros se formatean como: 0xxx xxxx o 2xxx xxxx.<\/p>\n<figure style=\"width: 119px\" class=\"wp-caption alignleft\"><img decoding=\"async\" alt=\"EAN-8 c\u00f3digo de barras\" src=\"http:\/\/www.labeljoy.com\/images\/barcodes\/ean8_symbol.png\" width=\"129\" height=\"148\"><figcaption class=\"wp-caption-text\">EAN-8 c\u00f3digo de barras<\/figcaption><\/figure>\n<h2>Creaci\u00f3n de un c\u00f3digo de barras EAN 8<\/h2>\n<p>Labeljoy requiere la introducci\u00f3n de 7 d\u00edgitos para <a href=\"https:\/\/www.labeljoy.com\/generar-codigo-de-barras-gratis\/\" title=\"Generador de c\u00f3digos de barras online\">generar el c\u00f3digo de barras EAN-8<\/a>.<br \/>\nEl octavo d\u00edgito (d\u00edgito de control) se calcula autom\u00e1ticamente.<\/p>\n<div class=\"column-clear\"><\/div>\n<h3>Simbolog\u00eda del c\u00f3digo 8 en Labeljoy<\/h3>\n<p>Los c\u00f3digos de barras EAN-8 tambi\u00e9n pueden codificar 2 o 5 d\u00edgitos adicionales (add-on). Para agregar adicionales, se requiere un separador de gui\u00f3n (-) seguido por 2 o 5 d\u00edgitos.<br \/>\n<div class=\"one_half\">\n<figure style=\"width: 177px\" class=\"wp-caption aligncenter\"><img decoding=\"async\" alt=\"EAN-8 con add-on 2 d\u00edgitos\" src=\"http:\/\/www.labeljoy.com\/images\/barcodes\/ean8_2_digit.png\" width=\"187\" height=\"148\"><figcaption class=\"wp-caption-text\">EAN-8 con add-on 2 d\u00edgitos<\/figcaption><\/figure>\n<\/div>\n<div class=\"one_half\">\n<figure style=\"width: 177px\" class=\"wp-caption aligncenter\"><img decoding=\"async\" width=\"240\" height=\"148\" alt=\"EAN-8 con add-on 5 d\u00edgitos\" src=\"http:\/\/www.labeljoy.com\/images\/barcodes\/ean8_5_digit.png\"><figcaption class=\"wp-caption-text\">EAN-8 con add-on 5 d\u00edgitos<\/figcaption><\/figure>\n<\/div>\n<div class=\"tt-notification tip\"><p style=\"font-size:12px;\"> Concatenaci\u00f3n de textos:<br \/>\nAl generar un elemento de c\u00f3digo de barras EAN 8 concatenando campos o contadores, aplican las siguientes reglas:<\/p>\n<ul class=\"barcode-ul\">\n<li>Para el c\u00f3digo de barras principal, s\u00f3lo los primeros 7 d\u00edgitos encontrados son considerados.<\/li>\n<li>Para adicionales, se requiere un separador de gui\u00f3n (-) seguido por 2 o 5 d\u00edgitos.<\/li>\n<li>Si un valor no cumple con las condiciones anteriores, el c\u00f3digo de barras no se muestra.<\/li>\n<\/ul>\n<\/p><\/div>\nEl texto visualmente legible puede mostrarse debajo, encima u oculto seg\u00fan la configuraci\u00f3n especificada en el cuadro de Texto.<br \/>\n<div class=\"one_half\">\n<figure style=\"width: 119px\" class=\"wp-caption aligncenter\"><img decoding=\"async\" alt=\"EAN-8 con texto arriba del s\u00edmbolo\" src=\"http:\/\/www.labeljoy.com\/images\/barcodes\/ean8_text_above.png\" width=\"129\" height=\"148\"><figcaption class=\"wp-caption-text\">EAN-8 con texto arriba del s\u00edmbolo<\/figcaption><\/figure>\n<\/div>\n<div class=\"one_half\">\n<figure style=\"width: 119px\" class=\"wp-caption aligncenter\"><img decoding=\"async\" alt=\"EAN-8 con texto oculto\" src=\"http:\/\/www.labeljoy.com\/images\/barcodes\/ean8_hidden-text.png\" width=\"129\" height=\"151\"><figcaption class=\"wp-caption-text\">EAN-8 con texto oculto<\/figcaption><\/figure>\n<\/div>\n<div class=\"column-clear\"><\/div>\n<p>Introduzca 7 d\u00edgitos para generar el c\u00f3digo de barras. El octavo d\u00edgito (o d\u00edgito de control) se calcula autom\u00e1ticamente.<\/p>\n<div class=\"hr hr-dotted\">&nbsp;<\/div>\n<div class=\"one_half\">\n<p style=\"text-align: right\"><a href=\"\/es\/comprar\/\" class=\"large blue tt-button\" target=\"_self\">Compra el Generador de EAN 8<\/a>\n<\/div>\n<div class=\"one_half\">\n<p style=\"text-align: left\">&nbsp;&nbsp;&nbsp;&nbsp; <a href=\"\/es\/download-es\/\" class=\"large green tt-button\" target=\"_self\"> Descarga la versi\u00f3n gratuita <\/a>\n<\/div>\n","protected":false},"excerpt":{"rendered":"<p>Generador de c\u00f3digo EAN 8 EAN 8 es un c\u00f3digo de barras derivado del m\u00e1s largo C\u00f3digo Europeo de N\u00fameros de Art\u00edculo (EAN-13), Fue introducido para ser utilizado en paquetes peque\u00f1os donde un c\u00f3digo de barras EAN 13 ser\u00eda demasiado largo; por ejemplo, en paquetes de cigarrillos, l\u00e1pices o chicles. Composici\u00f3n de un c\u00f3digo de &#8230; <a title=\"EAN 8\" class=\"read-more\" href=\"https:\/\/www.labeljoy.com\/es\/soporte\/generar-codigo-barras\/ean-8-es\/\" aria-label=\"Leer m\u00e1s sobre EAN 8\">Read more<\/a><\/p>\n","protected":false},"author":1,"featured_media":0,"parent":2785,"menu_order":0,"comment_status":"open","ping_status":"closed","template":"","meta":{"inline_featured_image":false,"_monsterinsights_skip_tracking":false,"_monsterinsights_sitenote_active":false,"_monsterinsights_sitenote_note":"","_monsterinsights_sitenote_category":0,"footnotes":""},"class_list":{"0":"post-15880","1":"page","2":"type-page","3":"status-publish","5":"infinite-scroll-item"},"aioseo_notices":[],"_links":{"self":[{"href":"https:\/\/www.labeljoy.com\/es\/wp-json\/wp\/v2\/pages\/15880","targetHints":{"allow":["GET"]}}],"collection":[{"href":"https:\/\/www.labeljoy.com\/es\/wp-json\/wp\/v2\/pages"}],"about":[{"href":"https:\/\/www.labeljoy.com\/es\/wp-json\/wp\/v2\/types\/page"}],"author":[{"embeddable":true,"href":"https:\/\/www.labeljoy.com\/es\/wp-json\/wp\/v2\/users\/1"}],"replies":[{"embeddable":true,"href":"https:\/\/www.labeljoy.com\/es\/wp-json\/wp\/v2\/comments?post=15880"}],"version-history":[{"count":6,"href":"https:\/\/www.labeljoy.com\/es\/wp-json\/wp\/v2\/pages\/15880\/revisions"}],"predecessor-version":[{"id":37675,"href":"https:\/\/www.labeljoy.com\/es\/wp-json\/wp\/v2\/pages\/15880\/revisions\/37675"}],"up":[{"embeddable":true,"href":"https:\/\/www.labeljoy.com\/es\/wp-json\/wp\/v2\/pages\/2785"}],"wp:attachment":[{"href":"https:\/\/www.labeljoy.com\/es\/wp-json\/wp\/v2\/media?parent=15880"}],"curies":[{"name":"wp","href":"https:\/\/api.w.org\/{rel}","templated":true}]}}