{"id":15885,"date":"2013-05-22T13:49:41","date_gmt":"2013-05-22T13:49:41","guid":{"rendered":"http:\/\/www.labeljoy.com\/?page_id=15885"},"modified":"2022-10-19T08:37:47","modified_gmt":"2022-10-19T08:37:47","slug":"gs1-128-es","status":"publish","type":"page","link":"https:\/\/www.labeljoy.com\/es\/soporte\/generar-codigo-barras\/gs1-128-es\/","title":{"rendered":"GS1-128"},"content":{"rendered":"<h1>Generar c\u00f3digo de barras GS1-128<\/h1>\n<p>LabelJoy es un <strong>software que permite <a href=\"https:\/\/www.labeljoy.com\/generar-codigo-de-barras-gratis\/\" title=\"Generador de c\u00f3digos de barras online\">generar c\u00f3digo de barras GS1-128<\/a><\/strong>, el est\u00e1ndar aplicativo de la implementaci\u00f3n GS1 que utiliza las especificaciones de la simbolog\u00eda <a href=\"http:\/\/www.labeljoy.com\/es\/soporte\/generar-codigo-barras\/code-128-es\/\" title=\"Code 128\">Code 128<\/a>.<\/p>\n<p>GS1-128 utiliza Identificadores de Aplicaci\u00f3n para incluir datos adicionales como fechas de caducidad, n\u00famero de lote, cantidad, peso y muchos otros tipos de informaci\u00f3n.<\/p>\n<h3>C\u00f3digos de barras GS1-128<\/h3>\n<p>El c\u00f3digo de barras GS1-128 fue desarrollado para establecer un est\u00e1ndar global para el intercambio de datos entre diferentes empresas. GS1-128 no s\u00f3lo codificar\u00e1 los datos, sino que tambi\u00e9n proporcionar\u00e1 una manera de especificar el significado de los datos a trav\u00e9s del establecimiento de una lista de &#8220;Identificadores de Aplicaci\u00f3n&#8221; (AI&#8217;s).<\/p>\n<p>Esta norma GS1 define el tipo de datos, as\u00ed como su formato. GS1-128 (antes conocido como UCC\/EAN-128) es esencialmente un lenguaje derivado del C\u00f3digo 128 que utiliza un car\u00e1cter de funci\u00f3n (Car\u00e1cter Funci\u00f3n 1 (FNC1)) e identificadores de aplicaci\u00f3n.<\/p>\n<h3>Ejemplo de un c\u00f3digo de barras GS1-128<\/h3>\n<p>Los identificadores de aplicaci\u00f3n legibles por el ser humano se muestran entre par\u00e9ntesis (01) y (10) como se ilustra a continuaci\u00f3n. Tambi\u00e9n es posible concatenar m\u00faltiples identificadores de aplicaci\u00f3n en los datos del c\u00f3digo de barras, lo que permite codificar adem\u00e1s del n\u00famero de art\u00edculo \u00fanico GTIN el n\u00famero de lote asociado y\/o la fecha de caducidad.<\/p>\n<p><img decoding=\"async\" width=\"310\" height=\"153\" src=\"https:\/\/www.labeljoy.com\/wp-content\/uploads\/2022\/05\/gs1-128-barcode-example.jpg\" alt=\"Ejemplo de un c\u00f3digo de barras GS1-128\"><\/p>\n<h3>Estructura del s\u00edmbolo GS1-128<\/h3>\n<ul>\n<li>Car\u00e1cter de inicio (START-A, START-B o START-C)<\/li>\n<li>Car\u00e1cter FNC1<\/li>\n<li>Identificador de aplicaci\u00f3n (AI)<\/li>\n<li>Datos codificados<\/li>\n<li>Car\u00e1cter de verificaci\u00f3n de s\u00edmbolo<\/li>\n<li>Car\u00e1cter de stop<\/li>\n<\/ul>\n<p><a href=\"https:\/\/www.labeljoy.com\/wp-content\/uploads\/2022\/05\/gs1-128-barcode-structure.jpg\" title=\"Estructura del s\u00edmbolo GS1-128\"><img decoding=\"async\" width=\"588\" height=\"263\" src=\"https:\/\/www.labeljoy.com\/wp-content\/uploads\/2022\/05\/gs1-128-barcode-structure.jpg\" alt=\"Estructura del s\u00edmbolo GS1-128\"><\/a><\/p>\n<h3>Etiqueta de env\u00edo con c\u00f3digo de barras GS1-128<\/h3>\n<p>Las etiquetas de env\u00edo con c\u00f3digo de barras GS1-128 se utilizan para la identificaci\u00f3n de cajas de cart\u00f3n a lo largo de la cadena de env\u00edo, y son utilizadas por la mayor\u00eda de los principales minoristas.<\/p>\n<p>Generalmente, se utilizan m\u00faltiples c\u00f3digos de barras GS1-128 en una sola etiqueta. Para m\u00e1s informaci\u00f3n, consulte la gu\u00eda &#8220;<a href=\"https:\/\/www.labeljoy.com\/es\/soporte\/como-hacer\/generar-codigos-gs1-128\/\" title=\"Generar c\u00f3digos de barra GS1-128\">Generaci\u00f3n de c\u00f3digos de barras GS1-128<\/a>&#8221; o pruebe nuestro generador de c\u00f3digos de barras en l\u00ednea.<\/p>\n<p>Las etiquetas de env\u00edo con c\u00f3digos de barras GS1-128 son una parte esencial de la log\u00edstica de la cadena de suministro minorista. El c\u00f3digo de barras principal de la etiqueta de env\u00edo se conoce como C\u00f3digo Serial del Contenedor de Env\u00edo (SSCC-18) y se integra con las transacciones de datos EDI. Al utilizar estas etiquetas, los minoristas pueden identificar con precisi\u00f3n el contenido de cada caja.<br \/>\n<div class=\"tt-notification warning\"><p style=\"font-size:12px;\"> <strong>Nota<\/strong>: Los detalles espec\u00edficos de GS1-128 no pueden ser descriptos en esta gu\u00eda en l\u00ednea<br \/>\nEs posible encontrar m\u00e1s informaci\u00f3n en el sitio web GS1: <a title=\"gs1 page\" href=\"http:\/\/www.gs1.org\" target=\"_blank\" rel=\"noopener\">www.gs1.org<\/a> <\/p><\/div>\n<p><img decoding=\"async\" class=\"alignleft\" alt=\"GS1 Barcode\" src=\"http:\/\/www.labeljoy.com\/images\/about-barcode\/gs1-128.jpg\" width=\"120\" height=\"68\"><\/p>\n<h3>C\u00f3mo generar c\u00f3digos de barras GS1-128<\/h3>\n<p>Para <strong>generar un s\u00edmbolo de c\u00f3digo de barras GS1-128<\/strong> con Labeljoy, es necesario introducir el texto en un formato visualmente legible. Labeljoy valida el texto a trav\u00e9s de su <strong>motor interno de validaci\u00f3n GS1-128<\/strong> y genera el simbolo correspondiente o muestra un mensaje de error que explica el problema.<\/p>\n<p>Por ejemplo, si se escribe el texto <strong>(00)123456789012345678<\/strong> LabelJoy crea un s\u00edmbolo GS1-128 que identificar\u00e1 el Application Identifier (00) Serial Shipping Container Code (SSCC-18).<\/p>\n<p>UCC\/EAN-128 fue desarrollado para proporcionar un formato est\u00e1ndar para el intercambio de datos entre diferentes empresas. Mientras que otras normas se limitan a codificar los datos sin indicar de qu\u00e9 se trata, UCC\/EAN-128 codifica los datos y lo que representan; sin embargo, UCC\/EAN-128 no es un tipo de c\u00f3digo o simbolog\u00eda, sino un sistema de formato de c\u00f3digo que utiliza el C\u00f3digo 128 para la impresi\u00f3n. Cualquier lector que pueda leer el C\u00f3digo 128 tambi\u00e9n ser\u00e1 capaz de leer el UCC\/EAN-128; es la aplicaci\u00f3n compatible con el UCC\/EAN-128 la que tendr\u00e1 que interpretar el formato del c\u00f3digo.<\/p>\n<p>Por ejemplo, es posible codificar el peso de <strong>10,97<\/strong> Kg con cualquier est\u00e1ndar como un c\u00f3digo de barras 2 de 5 simplemente codificando <strong>1097<\/strong>, pero durante la fase de lectura no es posible determinar si se trata de un peso, una hora, un precio u otra cosa, es decir, la aplicaci\u00f3n no puede identificar lo que est\u00e1 leyendo.<\/p>\n<p>Con el sistema de formateo UCC\/EAN-128, se insertan identificadores AI (Application Identifier) para indicar a la aplicaci\u00f3n lo que est\u00e1 leyendo, ya que se producen m\u00e1s problemas durante la lectura del c\u00f3digo de barras que durante su impresi\u00f3n. Volviendo a nuestro ejemplo, utilizando el AI 310y es posible indicar que el siguiente valor es un peso neto en Kg; el d\u00edgito que sigue indica el n\u00famero de decimales, mientras que el peso debe ser de 6 d\u00edgitos, en nuestro ejemplo el peso neto de <strong>10,97<\/strong> kg ser\u00e1 codificado como 3102<strong>001097<\/strong>.<\/p>\n<div class=\"tt-contentbox\"><div class=\"tt-contentbox-title tt-cb-title-grey\"><span>Caracteres de control modulo 10:<\/span><\/div><div class=\"tt-contentbox-content tt-content-style-grey\">\n<ul>\n<li>Algunos AI (identificador de aplicaci\u00f3n) requieren un car\u00e1cter de control m\u00f3dulo 10. Cuando se le solicite, LabelJoy calcular\u00e1 autom\u00e1ticamente el car\u00e1cter de control, independientemente de los aportes recibidos.<\/li>\n<li>Por ejemplo, el c\u00f3digo SSCC-18 descrito anteriormente requiere un car\u00e1cter de control en la \u00faltima posici\u00f3n, que, de hecho, no es 5 y 8. En estos casos no habr\u00e1 ning\u00fan mensaje de error, simplemente LabelJoy reemplazar\u00e1 el car\u00e1cter de control con el correcto.<\/li>\n<li>Si no es capaz de calcular cualquier car\u00e1cter de control, escribir\u00e1 cualquier car\u00e1cter en su lugar.<\/li>\n<\/ul>\n<\/div><\/div>\n<div class=\"tt-contentbox\"><div class=\"tt-contentbox-title tt-cb-title-grey\"><span>Separador FNC1:<\/span><\/div><div class=\"tt-contentbox-content tt-content-style-grey\">\n<ul>\n<li>Cuando 2 o m\u00e1s AI (identificador de aplicaci\u00f3n) deben ser codificados en el mismo s\u00edmbolo, las especificaciones GS1-128 pueden requerir la presencia de uno o m\u00e1s caracteres de separaci\u00f3n FNC1. LabelJoy identificar\u00e1 autom\u00e1ticamente los puntos en los que se requieren los separadores y los a\u00f1adir\u00e1 en consecuencia<\/li>\n<li>Labeljoy no requiere ninguna entrada especial para manejar correctamente los separadores FNC1.<\/li>\n<li>IMPORTANTE: los separadores FNC1 no tienen un car\u00e1cter legible correspondiente en formato texto, s\u00f3lo est\u00e1n codificados en el c\u00f3digo de barras. La interpretaci\u00f3n de los caracteres FNC1 var\u00eda en funci\u00f3n del lector de c\u00f3digo de barras que se utiliza, sin embargo, normalmente se decodifica como el car\u00e1cter ASCII 29.<\/li>\n<li>Si se necesita crear s\u00edmbolos personalizados que utilicen el separador FNC1, utilice la simbolog\u00eda <a href=\"http:\/\/www.labeljoy.com\/es\/soporte\/generar-codigo-barras\/ean-128-es\/\" title=\"EAN 128\">EAN-128<\/a>.<\/li>\n<\/ul>\n<\/div><\/div>\n<h3>S\u00edmbolos GS1<\/h3>\n<div class=\"tt-notification tip\"><p style=\"font-size:12px;\"> Concatenaci\u00f3n de texto:<br \/>\nCuando se crea un c\u00f3digo de barras GS1 128 concatenando campos o contadores, aplican las siguientes reglas:<\/p>\n<ul class=\"barcode-ul\">\n<li>El texto no debe superar los 255 caracteres.<\/li>\n<li>El texto debe cumplir con las especificaciones GS1-128.<\/li>\n<\/ul>\n<p>Si un valor no cumple con las condiciones anteriores, el c\u00f3digo de barras no se muestra.<br \/>\n<\/p><\/div>\n<figure style=\"width: 216px\" class=\"wp-caption aligncenter\"><img decoding=\"async\" alt=\"GS1-128 Barcode\" src=\"http:\/\/www.labeljoy.com\/images\/barcodes\/gs1-128_barcode.png\" width=\"226\" height=\"103\"><figcaption class=\"wp-caption-text\">S\u00edmbolo GS1-128 que codifica el texto (00)123456789012345678, que corresponde al AI 00 (SSCC-18). Tenga en cuenta que el \u00faltimo d\u00edgito ha sido remplazado por LabelJoy con 5 ya que es el car\u00e1cter de control correcto.<\/figcaption><\/figure>\n<figure style=\"width: 216px\" class=\"wp-caption aligncenter\"><img decoding=\"async\" alt=\"GS1-128 symbol - two Application Identifiers\" src=\"http:\/\/www.labeljoy.com\/images\/barcodes\/gs1-128_symbol.png\" width=\"226\" height=\"103\"><figcaption class=\"wp-caption-text\">S\u00edmbolo GS1-128 que codifica una concatenaci\u00f3n de dos Application Identifiers: AI 30 (Quantity Each) y AI 21 (Serial Number). Observe que en este caso se ha a\u00f1adido un separador FNC1 justo antes del inicio de AI 21 (no visible en el texto legible).<\/figcaption><\/figure>\n<figure style=\"width: 343px\" class=\"wp-caption aligncenter\"><img decoding=\"async\" alt=\"GS1-128 symbol - 3 Application Identifiers\" src=\"http:\/\/www.labeljoy.com\/images\/barcodes\/gs1-128_symbol2.png\" width=\"353\" height=\"103\"><figcaption class=\"wp-caption-text\">S\u00edmbolo GS1-128 que codifica una concatenaci\u00f3n de tres Application Identifiers: AI 01 (Shipping Container Code) y otros 2 como en la imagen anterior. Observe que en este caso no ha sido necesario ning\u00fan separador FNC1 antes del inicio de AI 30.<\/figcaption><\/figure>\n<ul>\n<li>LabelJoy requiere que se escriba un texto alfanum\u00e9rico con una longitud de hasta 255 caracteres. Introduzca el texto en el cuadro de texto.<\/li>\n<li>Se puede visualizar el texto arriba \/ abajo del s\u00edmbolo o se puede ocultar, dependiendo de la configuraci\u00f3n del cuadro Texto.<\/li>\n<\/ul>\n<ul>\n<li>La casilla de control Verificaci\u00f3n secuencia AI impone una norma GS1-128 adicional que regula la concatenaci\u00f3n de algunos AI.<\/li>\n<li>Por ejemplo, cuando se utiliza AI 02 (n\u00famero de contenedores) el s\u00edmbolo tambi\u00e9n debe contener el AI 00 (Serial Shipping Container Code) y el AI 37 (Number of Units Contained).<\/li>\n<li>Adem\u00e1s, el AI 02 no debe ser codificado en el mismo s\u00edmbolo en que aparece el AI 01 (Shipping Container Code) y el AI 8006 (Component of an Article) porque representan datos que combinados no tendr\u00edan sentido.<\/li>\n<li>Mantenga esta casilla de control activa para crear s\u00edmbolos GS1-128 que cumplan plenamente con las normas GS1-128.<\/li>\n<\/ul>\n<div class=\"hr hr-dotted\">&nbsp;<\/div>\n<div class=\"one_half\">\n<p style=\"text-align: right\"><a href=\"\/es\/comprar\/\" class=\"large blue tt-button\" target=\"_self\">Compra el Generador de GS1-128<\/a>\n<\/div>\n<div class=\"one_half\">\n<p style=\"text-align: left\">&nbsp;&nbsp;&nbsp;&nbsp; <a href=\"\/es\/download-es\/\" class=\"large green tt-button\" target=\"_self\"> Descarga la versi\u00f3n gratuita <\/a>\n<\/div>\n","protected":false},"excerpt":{"rendered":"<p>Generar c\u00f3digo de barras GS1-128 LabelJoy es un software que permite generar c\u00f3digo de barras GS1-128, el est\u00e1ndar aplicativo de la implementaci\u00f3n GS1 que utiliza las especificaciones de la simbolog\u00eda Code 128. GS1-128 utiliza Identificadores de Aplicaci\u00f3n para incluir datos adicionales como fechas de caducidad, n\u00famero de lote, cantidad, peso y muchos otros tipos de &#8230; <a title=\"GS1-128\" class=\"read-more\" href=\"https:\/\/www.labeljoy.com\/es\/soporte\/generar-codigo-barras\/gs1-128-es\/\" aria-label=\"Leer m\u00e1s sobre GS1-128\">Read more<\/a><\/p>\n","protected":false},"author":1,"featured_media":0,"parent":2785,"menu_order":0,"comment_status":"open","ping_status":"closed","template":"","meta":{"inline_featured_image":false,"_monsterinsights_skip_tracking":false,"_monsterinsights_sitenote_active":false,"_monsterinsights_sitenote_note":"","_monsterinsights_sitenote_category":0,"footnotes":""},"class_list":{"0":"post-15885","1":"page","2":"type-page","3":"status-publish","5":"infinite-scroll-item"},"aioseo_notices":[],"_links":{"self":[{"href":"https:\/\/www.labeljoy.com\/es\/wp-json\/wp\/v2\/pages\/15885","targetHints":{"allow":["GET"]}}],"collection":[{"href":"https:\/\/www.labeljoy.com\/es\/wp-json\/wp\/v2\/pages"}],"about":[{"href":"https:\/\/www.labeljoy.com\/es\/wp-json\/wp\/v2\/types\/page"}],"author":[{"embeddable":true,"href":"https:\/\/www.labeljoy.com\/es\/wp-json\/wp\/v2\/users\/1"}],"replies":[{"embeddable":true,"href":"https:\/\/www.labeljoy.com\/es\/wp-json\/wp\/v2\/comments?post=15885"}],"version-history":[{"count":11,"href":"https:\/\/www.labeljoy.com\/es\/wp-json\/wp\/v2\/pages\/15885\/revisions"}],"predecessor-version":[{"id":38937,"href":"https:\/\/www.labeljoy.com\/es\/wp-json\/wp\/v2\/pages\/15885\/revisions\/38937"}],"up":[{"embeddable":true,"href":"https:\/\/www.labeljoy.com\/es\/wp-json\/wp\/v2\/pages\/2785"}],"wp:attachment":[{"href":"https:\/\/www.labeljoy.com\/es\/wp-json\/wp\/v2\/media?parent=15885"}],"curies":[{"name":"wp","href":"https:\/\/api.w.org\/{rel}","templated":true}]}}