{"id":15888,"date":"2013-05-22T13:50:09","date_gmt":"2013-05-22T13:50:09","guid":{"rendered":"http:\/\/www.labeljoy.com\/?page_id=15888"},"modified":"2022-10-19T08:43:49","modified_gmt":"2022-10-19T08:43:49","slug":"itf-14-es","status":"publish","type":"page","link":"https:\/\/www.labeljoy.com\/es\/soporte\/generar-codigo-barras\/itf-14-es\/","title":{"rendered":"ITF 14"},"content":{"rendered":"<h1>Generador de c\u00f3digo de barras ITF 14<\/h1>\n<p>Utilice <strong>el software LabelJoy para <a href=\"https:\/\/www.labeljoy.com\/generar-codigo-de-barras-gratis\/\" title=\"Generador de c\u00f3digos de barras online\">generar c\u00f3digos de barras ITF 14<\/a><\/strong>. ITF 14 se utilizan generalmente en el \u00e1mbito de los <strong>envases de los productos<\/strong>.<\/p>\n<p>Los s\u00edmbolos ITF-14 siempre codifican 14 d\u00edgitos.<\/p>\n<ul>\n<li>La primera cifra es la variante log\u00edstica, tambi\u00e9n llamada &#8220;Packaging indicator&#8221;.<\/li>\n<li>Los otros 12 d\u00edgitos son el n\u00famero de producto. Generalmente como el EAN 13 sin el d\u00edgito de control.<\/li>\n<li>El \u00faltimo d\u00edgito es el d\u00edgito de control.<\/li>\n<\/ul>\n<p>El marco grueso alrededor del s\u00edmbolo se llama <strong>Bearer Bar<\/strong>. El generador Labeljoy ITF 14 crea autom\u00e1ticamente la Bearer Bar. El prop\u00f3sito del marco es igualar la presi\u00f3n ejercida por la placa de impresi\u00f3n sobre toda la superficie del s\u00edmbolo, para mejorar la lectura, ayudando a reducir la probabilidad de error.<\/p>\n<figure style=\"width: 301px\" class=\"wp-caption alignleft\"><img decoding=\"async\" alt=\"ITF-14 c\u00f3digo\" src=\"http:\/\/www.labeljoy.com\/images\/barcodes\/itf14_symbol.png\" width=\"311\" height=\"100\"><figcaption class=\"wp-caption-text\">C\u00f3digo ITF-14<\/figcaption><\/figure>\n<h2>\u00bfC\u00f3mo generar el c\u00f3digo de barras ITF 14<\/h2>\n<p>Para generar un simbolo ITF-14, Labeljoy requiere que se <strong>ingresen 13 o 14 d\u00edgitos para generar el c\u00f3digo de barras ITF 14<\/strong>, dependiendo de la configuraci\u00f3n de la casilla Checksum.<br \/>\nIntroduzca 13 d\u00edgitos en el cuadro de texto; si las opciones de Checksum est\u00e1n configuradas en S\u00ed, el 14\u00ba d\u00edgito se a\u00f1adir\u00e1 autom\u00e1ticamente, de lo contrario, introduzca 14 d\u00edgitos.<br \/>\nLa necesidad de utilizar el 14\u00ba d\u00edgito como un car\u00e1cter de control puede variar de las aplicaciones que se utilice y de la configuraci\u00f3n del lector de c\u00f3digo de barras en uso.<\/p>\n<h3>Bearer bars en ITF 14<\/h3>\n<p>La casilla de control <em>Cuadro<\/em> permite especificar el tipo Bearer bars a imprimir.<br \/>\n<div class=\"one_half\">\n<figure style=\"width: 281px\" class=\"wp-caption aligncenter\"><img decoding=\"async\" alt=\"ITF-14 con bearer bars horizontales\" src=\"http:\/\/www.labeljoy.com\/images\/barcodes\/itf14_bars.png\" width=\"291\" height=\"100\"><figcaption class=\"wp-caption-text\">ITF-14 con bearer bars horizontales<\/figcaption><\/figure>\n<\/div>\n<div class=\"one_half\">\n<figure style=\"width: 244px\" class=\"wp-caption aligncenter\"><img decoding=\"async\" alt=\"ITF-14 con bearer bars ocultos\" src=\"http:\/\/www.labeljoy.com\/images\/barcodes\/itf14_barcode.png\" width=\"254\" height=\"81\"><figcaption class=\"wp-caption-text\">ITF-14 con bearer bars ocultos<\/figcaption><\/figure>\n<\/div>\n<div class=\"tt-notification tip\"><p style=\"font-size:12px;\"> Concatenaci\u00f3n de texto:<br \/>\nCuando se <em>crea un c\u00f3digo de barras ITF-14<\/em> concatenando campos o contadores, aplican las siguientes reglas:<\/p>\n<ul class=\"barcode-ul\">\n<li>Si la opci\u00f3n <em>Checksum<\/em> est\u00e1 establecida en S\u00ed, s\u00f3lo se considerar\u00e1n los primeros 13 d\u00edgitos encontrados, de lo contrario se considerar\u00e1n los primeros 14 d\u00edgitos.<\/li>\n<\/ul>\n<p>Si un valor no cumple con las condiciones anteriores, el c\u00f3digo de barras no se muestra.<br \/>\n<\/p><\/div>\n<p>El texto tambi\u00e9n se puede visualizar arriba \/ abajo del s\u00edmbolo o se puede ocultar, dependiendo de la configuraci\u00f3n del cuadro Texto.<br \/>\n<div class=\"one_half\">\n<figure style=\"width: 301px\" class=\"wp-caption aligncenter\"><img decoding=\"async\" alt=\"ITF-14 con texto sobre el s\u00edmboloe\" src=\"http:\/\/www.labeljoy.com\/images\/barcodes\/itf14_text-above.png\" width=\"311\" height=\"100\"><figcaption class=\"wp-caption-text\">ITF-14 con texto sobre el s\u00edmbolo<\/figcaption><\/figure>\n<\/div>\n<div class=\"one_half\">\n<figure style=\"width: 301px\" class=\"wp-caption aligncenter\"><img decoding=\"async\" alt=\"ITF-14 con texto oculto\" src=\"http:\/\/www.labeljoy.com\/images\/barcodes\/itf14_hidden-text.png\" width=\"311\" height=\"104\"><figcaption class=\"wp-caption-text\">ITF-14 con texto oculto<\/figcaption><\/figure>\n<\/div>\n<div class=\"hr hr-dotted\">&nbsp;<\/div>\n<div class=\"one_half\">\n<p style=\"text-align: right\"><a href=\"\/es\/comprar\/\" class=\"large blue tt-button\" target=\"_self\">Compra el Generador de ITF 14<\/a>\n<\/div>\n<div class=\"one_half\">\n<p style=\"text-align: left\">&nbsp;&nbsp;&nbsp;&nbsp; <a href=\"\/es\/download-es\/\" class=\"large green tt-button\" target=\"_self\"> Descarga la versi\u00f3n gratuita <\/a>\n<\/div>\n","protected":false},"excerpt":{"rendered":"<p>Generador de c\u00f3digo de barras ITF 14 Utilice el software LabelJoy para generar c\u00f3digos de barras ITF 14. ITF 14 se utilizan generalmente en el \u00e1mbito de los envases de los productos. Los s\u00edmbolos ITF-14 siempre codifican 14 d\u00edgitos. La primera cifra es la variante log\u00edstica, tambi\u00e9n llamada &#8220;Packaging indicator&#8221;. Los otros 12 d\u00edgitos son &#8230; <a title=\"ITF 14\" class=\"read-more\" href=\"https:\/\/www.labeljoy.com\/es\/soporte\/generar-codigo-barras\/itf-14-es\/\" aria-label=\"Leer m\u00e1s sobre ITF 14\">Read more<\/a><\/p>\n","protected":false},"author":1,"featured_media":0,"parent":2785,"menu_order":0,"comment_status":"open","ping_status":"closed","template":"","meta":{"inline_featured_image":false,"_monsterinsights_skip_tracking":false,"_monsterinsights_sitenote_active":false,"_monsterinsights_sitenote_note":"","_monsterinsights_sitenote_category":0,"footnotes":""},"class_list":{"0":"post-15888","1":"page","2":"type-page","3":"status-publish","5":"infinite-scroll-item"},"aioseo_notices":[],"_links":{"self":[{"href":"https:\/\/www.labeljoy.com\/es\/wp-json\/wp\/v2\/pages\/15888","targetHints":{"allow":["GET"]}}],"collection":[{"href":"https:\/\/www.labeljoy.com\/es\/wp-json\/wp\/v2\/pages"}],"about":[{"href":"https:\/\/www.labeljoy.com\/es\/wp-json\/wp\/v2\/types\/page"}],"author":[{"embeddable":true,"href":"https:\/\/www.labeljoy.com\/es\/wp-json\/wp\/v2\/users\/1"}],"replies":[{"embeddable":true,"href":"https:\/\/www.labeljoy.com\/es\/wp-json\/wp\/v2\/comments?post=15888"}],"version-history":[{"count":5,"href":"https:\/\/www.labeljoy.com\/es\/wp-json\/wp\/v2\/pages\/15888\/revisions"}],"predecessor-version":[{"id":38939,"href":"https:\/\/www.labeljoy.com\/es\/wp-json\/wp\/v2\/pages\/15888\/revisions\/38939"}],"up":[{"embeddable":true,"href":"https:\/\/www.labeljoy.com\/es\/wp-json\/wp\/v2\/pages\/2785"}],"wp:attachment":[{"href":"https:\/\/www.labeljoy.com\/es\/wp-json\/wp\/v2\/media?parent=15888"}],"curies":[{"name":"wp","href":"https:\/\/api.w.org\/{rel}","templated":true}]}}