{"id":15902,"date":"2013-05-22T13:52:07","date_gmt":"2013-05-22T13:52:07","guid":{"rendered":"http:\/\/www.labeljoy.com\/?page_id=15902"},"modified":"2022-10-19T09:15:05","modified_gmt":"2022-10-19T09:15:05","slug":"interleaved-2of5-es","status":"publish","type":"page","link":"https:\/\/www.labeljoy.com\/es\/soporte\/generar-codigo-barras\/interleaved-2of5-es\/","title":{"rendered":"Interleaved 2 of 5"},"content":{"rendered":"<h1>Generador c\u00f3digo de barras Interleaved 2 of 5<\/h1>\n<p>Interleaved 2 of 5 es una codificaci\u00f3n muy simple, num\u00e9rica y continua, sin d\u00edgito de control. Se desarroll\u00f3 hace muchos a\u00f1os y actualmente no se utiliza mucho. Sin embargo, es muy compacta y, por tanto, \u00fatil cuando se aplica en superficies peque\u00f1as.<\/p>\n<figure style=\"width: 95px\" class=\"wp-caption alignleft\"><img decoding=\"async\" alt=\"S\u00edmbolo Interleaved 2 of 5\" src=\"http:\/\/www.labeljoy.com\/images\/barcodes\/interleaved_2_of_5_barcode.png\" width=\"105\" height=\"121\"><figcaption class=\"wp-caption-text\">S\u00edmbolo Interleaved 2 of 5<\/figcaption><\/figure>\n<h2>Generar c\u00f3digos de barras Interleaved 2 of 5<\/h2>\n<p>Para <strong>generar c\u00f3digos de barras Interleaved 2 of 5<\/strong> Labeljoy requiere que se escriba un texto num\u00e9rico en el cuadro con una longitud m\u00e1xima de 255 caracteres.<\/p>\n<p>Para m\u00e1s detalles ver el video que explica <a href=\"http:\/\/www.labeljoy.com\/es\/videos\/generar-qr-codigo-de-barras\/\" title=\"Generar C\u00f3digo de Barras\">c\u00f3mo generar c\u00f3digos de barras<\/a>.<\/p>\n<div class=\"column-clear\"><\/div>\n<h3>Bearer bar on interleaved 2 of 5<\/h3>\n<p>La casilla de control Cuadro permite especificar c\u00f3mo imprimir las <em>Bearer bars<\/em>.<\/p>\n<div class=\"one_half\">\n<figure style=\"width: 128px\" class=\"wp-caption aligncenter\"><img decoding=\"async\" alt=\"Interleaved 2 of 5 con bearer bars horizontales\" src=\"http:\/\/www.labeljoy.com\/images\/barcodes\/interleaved_2_of_5_o_bars.png\" width=\"138\" height=\"121\"><figcaption class=\"wp-caption-text\">Interleaved 2 of 5 con bearer bars horizontales<\/figcaption><\/figure>\n<\/div>\n<div class=\"one_half\">\n<figure style=\"width: 128px\" class=\"wp-caption aligncenter\"><img decoding=\"async\" alt=\"Interleaved 2 of 5 con bearer bars integrales\" src=\"http:\/\/www.labeljoy.com\/images\/barcodes\/interleaved_2_of_5_bars.png\" width=\"138\" height=\"121\"><figcaption class=\"wp-caption-text\">Interleaved 2 of 5 con bearer bars integrales<\/figcaption><\/figure>\n<\/div>\n<div class=\"column-clear\"><\/div>\n<p>El c\u00f3digos de barras Interleaved 2 of 5 puede contener un <strong>car\u00e1cter de control opcional<\/strong>. El car\u00e1cter de control puede ser codificado en el s\u00edmbolo y opcionalmente visualizado en texto.<br \/>\nDefina los ajustes sobre el car\u00e1cter de control a trav\u00e9s de la casilla <em>Checksum<\/em>.<\/p>\n<div class=\"one_half\">\n<figure style=\"width: 126px\" class=\"wp-caption aligncenter\"><img decoding=\"async\" alt=\"Interleaved 2 of 5 con un car\u00e1cter de control visualizado en el texto\" src=\"http:\/\/www.labeljoy.com\/images\/barcodes\/interleaved_2_of_5_check.png\" width=\"136\" height=\"121\"><figcaption class=\"wp-caption-text\">Interleaved 2 of 5 con un car\u00e1cter de control visualizado en el texto<\/figcaption><\/figure>\n<\/div>\n<div class=\"one_half\">\n<figure style=\"width: 126px\" class=\"wp-caption aligncenter\"><img decoding=\"async\" alt=\"Interleaved 2 of 5 con un car\u00e1cter de control no visualizado en el texto\" src=\"http:\/\/www.labeljoy.com\/images\/barcodes\/interleaved_2_of_5_nocheck.png\" width=\"136\" height=\"121\"><figcaption class=\"wp-caption-text\">Interleaved 2 of 5 con un car\u00e1cter de control no visualizado en el texto<\/figcaption><\/figure>\n<\/div>\n<div class=\"tt-notification tip\"><p style=\"font-size:12px;\"> Concatenaci\u00f3n de texto:<br \/>\nCuando se <strong>crea un c\u00f3digo de barras Interleaved 2 of 5 concatenando campos o contadores<\/strong>, aplican las siguientes reglas:<\/p>\n<ul class=\"barcode-ul\">\n<li> S\u00f3lo se considerar\u00e1n los textos que contienen n\u00fameros.<\/li>\n<\/ul>\n<p>Si un valor no cumple con las condiciones anteriores, el c\u00f3digo de barras no se muestra.<br \/>\n<\/p><\/div>\n<p>El texto visualmente legible puede mostrarse debajo, encima u oculto seg\u00fan la configuraci\u00f3n especificada en el cuadro de Texto.<\/p>\n<div class=\"one_half\">\n<figure style=\"width: 95px\" class=\"wp-caption aligncenter\"><img decoding=\"async\" alt=\"Interleaved 2 of 5 con texto arriba del s\u00edmbolo\" src=\"http:\/\/www.labeljoy.com\/images\/barcodes\/interleaved_2of5_text_above.png\" width=\"105\" height=\"121\"><figcaption class=\"wp-caption-text\">Interleaved 2 of 5 con texto arriba del s\u00edmbolo<\/figcaption><\/figure>\n<\/div>\n<div class=\"one_half\">\n<figure style=\"width: 95px\" class=\"wp-caption aligncenter\"><img decoding=\"async\" alt=\"Interleaved 2 of 5 con texto oculto\" src=\"http:\/\/www.labeljoy.com\/images\/barcodes\/interleaved_2of5_hidden_text.png\" width=\"105\" height=\"124\"><figcaption class=\"wp-caption-text\">Interleaved 2 of 5 con texto oculto<\/figcaption><\/figure>\n<\/div>\n<div class=\"hr hr-dotted\">&nbsp;<\/div>\n<div class=\"one_half\">\n<p style=\"text-align: right\"><a href=\"\/es\/comprar\/\" class=\"large blue tt-button\" target=\"_self\">Compra el Generador de Interleaved 2of5<\/a>\n<\/div>\n<div class=\"one_half\">\n<p style=\"text-align: left\">&nbsp;&nbsp;&nbsp;&nbsp; <a href=\"\/es\/download-es\/\" class=\"large green tt-button\" target=\"_self\"> Descarga la versi\u00f3n gratuita <\/a>\n<\/div>\n","protected":false},"excerpt":{"rendered":"<p>Generador c\u00f3digo de barras Interleaved 2 of 5 Interleaved 2 of 5 es una codificaci\u00f3n muy simple, num\u00e9rica y continua, sin d\u00edgito de control. Se desarroll\u00f3 hace muchos a\u00f1os y actualmente no se utiliza mucho. Sin embargo, es muy compacta y, por tanto, \u00fatil cuando se aplica en superficies peque\u00f1as. Generar c\u00f3digos de barras Interleaved &#8230; <a title=\"Interleaved 2 of 5\" class=\"read-more\" href=\"https:\/\/www.labeljoy.com\/es\/soporte\/generar-codigo-barras\/interleaved-2of5-es\/\" aria-label=\"Leer m\u00e1s sobre Interleaved 2 of 5\">Read more<\/a><\/p>\n","protected":false},"author":1,"featured_media":0,"parent":2785,"menu_order":0,"comment_status":"open","ping_status":"closed","template":"","meta":{"inline_featured_image":false,"_monsterinsights_skip_tracking":false,"_monsterinsights_sitenote_active":false,"_monsterinsights_sitenote_note":"","_monsterinsights_sitenote_category":0,"footnotes":""},"class_list":{"0":"post-15902","1":"page","2":"type-page","3":"status-publish","5":"infinite-scroll-item"},"aioseo_notices":[],"_links":{"self":[{"href":"https:\/\/www.labeljoy.com\/es\/wp-json\/wp\/v2\/pages\/15902","targetHints":{"allow":["GET"]}}],"collection":[{"href":"https:\/\/www.labeljoy.com\/es\/wp-json\/wp\/v2\/pages"}],"about":[{"href":"https:\/\/www.labeljoy.com\/es\/wp-json\/wp\/v2\/types\/page"}],"author":[{"embeddable":true,"href":"https:\/\/www.labeljoy.com\/es\/wp-json\/wp\/v2\/users\/1"}],"replies":[{"embeddable":true,"href":"https:\/\/www.labeljoy.com\/es\/wp-json\/wp\/v2\/comments?post=15902"}],"version-history":[{"count":8,"href":"https:\/\/www.labeljoy.com\/es\/wp-json\/wp\/v2\/pages\/15902\/revisions"}],"predecessor-version":[{"id":38944,"href":"https:\/\/www.labeljoy.com\/es\/wp-json\/wp\/v2\/pages\/15902\/revisions\/38944"}],"up":[{"embeddable":true,"href":"https:\/\/www.labeljoy.com\/es\/wp-json\/wp\/v2\/pages\/2785"}],"wp:attachment":[{"href":"https:\/\/www.labeljoy.com\/es\/wp-json\/wp\/v2\/media?parent=15902"}],"curies":[{"name":"wp","href":"https:\/\/api.w.org\/{rel}","templated":true}]}}