{"id":15911,"date":"2013-05-22T13:52:48","date_gmt":"2013-05-22T13:52:48","guid":{"rendered":"http:\/\/www.labeljoy.com\/?page_id=15911"},"modified":"2022-10-19T10:19:45","modified_gmt":"2022-10-19T10:19:45","slug":"industrial-2-of-5-es","status":"publish","type":"page","link":"https:\/\/www.labeljoy.com\/es\/soporte\/generar-codigo-barras\/industrial-2-of-5-es\/","title":{"rendered":"Industrial 2 of 5"},"content":{"rendered":"<h1>C\u00f3digo de barras Industrial 2 of 5<\/h1>\n<p>Industrial 2 of 5 es muy similar al c\u00f3digo de barras <a href=\"http:\/\/www.labeljoy.com\/es\/soporte\/generar-codigo-barras\/interleaved-2of5-es\/\" title=\"Interleaved 2 of 5\">Interleaved 2 of 5<\/a>. La relaci\u00f3n nominal de impresi\u00f3n (relaci\u00f3n entre los espesores de las barras) es de 3:1, pero puede variar entre 2:1 y 3:1.<\/p>\n<figure style=\"width: 150px\" class=\"wp-caption alignleft\"><img decoding=\"async\" alt=\"S\u00edmbolo Industrial 2 of 5\" src=\"http:\/\/www.labeljoy.com\/images\/barcodes\/industrial_2_of_5_barcode.png\" width=\"160\" height=\"121\"><figcaption class=\"wp-caption-text\">S\u00edmbolo Industrial 2 of 5<\/figcaption><\/figure>\n<p>Labeljoy requiere que se introduzcan hasta 255 caracteres para crear el c\u00f3digo de barras.<\/p>\n<p>Introduzca los d\u00edgitos en el cuadro de texto.<\/p>\n<p>Descargue las plantillas de <a href=\"http:\/\/www.labeljoy.com\/es\/plantillas\/etiqueta-automotriz\/\" title=\"Etiqueta automotriz\">etiquetas industriales<\/a> y comience a crear e imprimir sus propias etiquetas de c\u00f3digo de barras.<\/p>\n<div class=\"column-clear\"><\/div>\n<h2>C\u00f3digo de barras Industrial 2 of 5<\/h2>\n<p>La casilla de control <strong>Cuadro<\/strong> permite especificar c\u00f3mo imprimir las <em>Bearer bars<\/em>.<\/p>\n<div class=\"one_half\">\n<figure style=\"width: 182px\" class=\"wp-caption aligncenter\"><img decoding=\"async\" alt=\"Industrial 2 of 5 horizontal bars\" src=\"http:\/\/www.labeljoy.com\/images\/barcodes\/industrial_2_of_5_code_bars.png\" width=\"192\" height=\"121\"><figcaption class=\"wp-caption-text\">Industrial 2 of 5 with horizontal only bearer bars<\/figcaption><\/figure>\n<\/div>\n<div class=\"one_half\">\n<figure style=\"width: 182px\" class=\"wp-caption aligncenter\"><img decoding=\"async\" alt=\"Industrial 2 of 5 con bearer bars integrales\" src=\"http:\/\/www.labeljoy.com\/images\/barcodes\/industrial_2_of_5_bars.png\" width=\"192\" height=\"121\"><figcaption class=\"wp-caption-text\">Industrial 2 of 5 con bearer bars integrales<\/figcaption><\/figure>\n<\/div>\n<div class=\"column-clear\"><\/div>\n<p>Los c\u00f3digos de barras Industrial 2 of 5 pueden contener un <strong>car\u00e1cter de control opcional<\/strong>. El car\u00e1cter de control puede ser codificado en el s\u00edmbolo y opcionalmente visualizado en texto.<br \/>\nLa configuraci\u00f3n de los caracteres de control se realiza a trav\u00e9s del cuadro combinado <em>Checksum<\/em>.<\/p>\n<div class=\"one_half\">\n<figure style=\"width: 193px\" class=\"wp-caption aligncenter\"><img decoding=\"async\" alt=\"Industrial 2 of 5 con un car\u00e1cter de control aparece en el texto\" src=\"http:\/\/www.labeljoy.com\/images\/barcodes\/industrial_2_of_5_check.png\" width=\"203\" height=\"121\"><figcaption class=\"wp-caption-text\">Industrial 2 of 5 con un car\u00e1cter de control aparece en el texto<\/figcaption><\/figure>\n<\/div>\n<div class=\"one_half\">\n<figure style=\"width: 193px\" class=\"wp-caption aligncenter\"><img decoding=\"async\" alt=\"Industrial 2 of 5 con un car\u00e1cter de control que no aparece en el texto\" src=\"http:\/\/www.labeljoy.com\/images\/barcodes\/industrial_2_of_5_no_check.png\" width=\"203\" height=\"121\"><figcaption class=\"wp-caption-text\">Industrial 2 of 5 con un car\u00e1cter de control que no aparece en el texto<\/figcaption><\/figure>\n<\/div>\n<div class=\"tt-notification tip\"><p style=\"font-size:12px;\"> Concatenaci\u00f3n de texto:<br \/>\nCuando se <strong>crea un c\u00f3digo de barras Industrial 2 of 5<\/strong> concatenando campos o contadores, aplican las siguientes reglas:<\/p>\n<ul class=\"barcode-ul\">\n<li>S\u00f3lo se considerar\u00e1n los textos que contienen n\u00fameros.<\/li>\n<\/ul>\n<p>Si un valor no cumple con las condiciones anteriores, el c\u00f3digo de barras no se muestra.<br \/>\n<\/p><\/div>\n<p>El texto visualmente legible puede mostrarse debajo, encima u oculto seg\u00fan la configuraci\u00f3n especificada en el cuadro de Texto.<\/p>\n<div class=\"one_half\">\n<figure style=\"width: 150px\" class=\"wp-caption aligncenter\"><img decoding=\"async\" alt=\"Industrial 2 of 5 con texto sobre el s\u00edmbolo\" src=\"http:\/\/www.labeljoy.com\/images\/barcodes\/industrial_2_of_5_text_above.png\" width=\"160\" height=\"121\"><figcaption class=\"wp-caption-text\">Industrial 2 of 5 con texto sobre el s\u00edmbolo<\/figcaption><\/figure>\n<\/div>\n<div class=\"one_half\">\n<figure style=\"width: 150px\" class=\"wp-caption aligncenter\"><img decoding=\"async\" alt=\"Industrial 2 of 5 con texto oculto\" src=\"http:\/\/www.labeljoy.com\/images\/barcodes\/industrial_2_of_5_hidden_text.png\" width=\"160\" height=\"124\"><figcaption class=\"wp-caption-text\">Industrial 2 of 5 con texto oculto<\/figcaption><\/figure>\n<\/div>\n<div class=\"hr hr-dotted\">&nbsp;<\/div>\n<div class=\"one_half\">\n<p style=\"text-align: right\"><a href=\"\/es\/comprar\/\" class=\"large blue tt-button\" target=\"_self\">Compra el Generador de Industrial 2 of 5<\/a>\n<\/div>\n<div class=\"one_half\">\n<p style=\"text-align: left\">&nbsp;&nbsp;&nbsp;&nbsp; <a href=\"\/es\/download-es\/\" class=\"large green tt-button\" target=\"_self\"> Descarga la versi\u00f3n gratuita <\/a>\n<\/div>\n","protected":false},"excerpt":{"rendered":"<p>C\u00f3digo de barras Industrial 2 of 5 Industrial 2 of 5 es muy similar al c\u00f3digo de barras Interleaved 2 of 5. La relaci\u00f3n nominal de impresi\u00f3n (relaci\u00f3n entre los espesores de las barras) es de 3:1, pero puede variar entre 2:1 y 3:1. Labeljoy requiere que se introduzcan hasta 255 caracteres para crear el &#8230; <a title=\"Industrial 2 of 5\" class=\"read-more\" href=\"https:\/\/www.labeljoy.com\/es\/soporte\/generar-codigo-barras\/industrial-2-of-5-es\/\" aria-label=\"Leer m\u00e1s sobre Industrial 2 of 5\">Read more<\/a><\/p>\n","protected":false},"author":1,"featured_media":0,"parent":2785,"menu_order":0,"comment_status":"open","ping_status":"closed","template":"","meta":{"inline_featured_image":false,"_monsterinsights_skip_tracking":false,"_monsterinsights_sitenote_active":false,"_monsterinsights_sitenote_note":"","_monsterinsights_sitenote_category":0,"footnotes":""},"class_list":{"0":"post-15911","1":"page","2":"type-page","3":"status-publish","5":"infinite-scroll-item"},"aioseo_notices":[],"_links":{"self":[{"href":"https:\/\/www.labeljoy.com\/es\/wp-json\/wp\/v2\/pages\/15911","targetHints":{"allow":["GET"]}}],"collection":[{"href":"https:\/\/www.labeljoy.com\/es\/wp-json\/wp\/v2\/pages"}],"about":[{"href":"https:\/\/www.labeljoy.com\/es\/wp-json\/wp\/v2\/types\/page"}],"author":[{"embeddable":true,"href":"https:\/\/www.labeljoy.com\/es\/wp-json\/wp\/v2\/users\/1"}],"replies":[{"embeddable":true,"href":"https:\/\/www.labeljoy.com\/es\/wp-json\/wp\/v2\/comments?post=15911"}],"version-history":[{"count":5,"href":"https:\/\/www.labeljoy.com\/es\/wp-json\/wp\/v2\/pages\/15911\/revisions"}],"predecessor-version":[{"id":38946,"href":"https:\/\/www.labeljoy.com\/es\/wp-json\/wp\/v2\/pages\/15911\/revisions\/38946"}],"up":[{"embeddable":true,"href":"https:\/\/www.labeljoy.com\/es\/wp-json\/wp\/v2\/pages\/2785"}],"wp:attachment":[{"href":"https:\/\/www.labeljoy.com\/es\/wp-json\/wp\/v2\/media?parent=15911"}],"curies":[{"name":"wp","href":"https:\/\/api.w.org\/{rel}","templated":true}]}}