{"id":15914,"date":"2013-05-22T13:53:18","date_gmt":"2013-05-22T13:53:18","guid":{"rendered":"http:\/\/www.labeljoy.com\/?page_id=15914"},"modified":"2022-10-26T07:41:01","modified_gmt":"2022-10-26T07:41:01","slug":"codabar-es","status":"publish","type":"page","link":"https:\/\/www.labeljoy.com\/es\/soporte\/generar-codigo-barras\/codabar-es\/","title":{"rendered":"Codabar"},"content":{"rendered":"<h1>Generador de c\u00f3digo de barras Codabar<\/h1>\n<p>Codabar es una simbolog\u00eda de <strong>c\u00f3digo de barras lineal<\/strong> que tambi\u00e9n puede incluir caracteres especiales. (- $: \/. +).<\/p>\n<p>El texto codificado debe ser delimitado por un <strong>car\u00e1cter de inicio y de fin<\/strong> que tiene que ser seleccionado entre las letras may\u00fasculas A, B, C o D. Estas letras s\u00f3lo pueden ser utilizadas al principio y al final de la codificaci\u00f3n.<\/p>\n<p><em>Utilice el generador de Codabar para imprimir etiquetas para sus env\u00edos<\/em>.<\/p>\n<div class=\"tt-notification warning\"><p style=\"font-size:12px;\"><strong>Nota<\/strong>: Los caracteres de inicio y fin no se muestran en texto.<\/p><\/div>\n<figure style=\"width: 111px\" class=\"wp-caption alignleft\"><img decoding=\"async\" alt=\"S\u00edmbolo Codabar\" src=\"http:\/\/www.labeljoy.com\/images\/barcodes\/codabar_symbol.png\" width=\"121\" height=\"121\"><figcaption class=\"wp-caption-text\">S\u00edmbolo Codabar<\/figcaption><\/figure>\n<p>Labeljoy requiere que se introduzca un texto de hasta 255 caracteres para generar el c\u00f3digo de barras Codabar.<\/p>\n<p>Introduzca los d\u00edgitos en el cuadro de texto.<\/p>\n<div class=\"column-clear\"><\/div>\n<figure style=\"width: 394px\" class=\"wp-caption aligncenter\"><img decoding=\"async\" alt=\"Simbolo Codabar que codifica los n\u00fameros y caracteres especiales\" src=\"http:\/\/www.labeljoy.com\/images\/barcodes\/codabar_barcode.png\" width=\"404\" height=\"122\"><figcaption class=\"wp-caption-text\">Simbolo Codabar que codifica los n\u00fameros y caracteres especiales<\/figcaption><\/figure>\n<h2>C\u00f3digo de barras Codabar<\/h2>\n<div class=\"tt-notification tip\"><p style=\"font-size:12px;\">Concatenaci\u00f3n de texto:<br \/>\nCuando se crea un c\u00f3digo de barras Industrial 2 of 5 concatenando campos o contadores, aplican las siguientes reglas:<\/p>\n<ul class=\"barcode-ul\">\n<li>S\u00f3lo se considerar\u00e1n los textos que contengan n\u00fameros y los caracteres especiales permitidos.<\/li>\n<li>Los textos tienen que estar delimitados por uno de los cuatro caracteres may\u00fasculos permitidos. Por ejemplo, para codificar 1234+5678, el campo debe contener el siguiente texto A1234+5678B, donde A y B son, respectivamente, los caracteres iniciales y finales y no se mostrar\u00e1n.<\/li>\n<\/ul>\n<p>Si un valor no cumple con las condiciones anteriores, el c\u00f3digo de barras no se muestra.<br \/>\n<\/p><\/div>\nEl texto visualmente legible puede mostrarse debajo, encima u oculto seg\u00fan la configuraci\u00f3n especificada en el cuadro de Texto.<\/p>\n<div class=\"one_half\">\n<figure style=\"width: 111px\" class=\"wp-caption aligncenter\"><img decoding=\"async\" alt=\"Codabar con texto arriba del s\u00edmbolo\" src=\"http:\/\/www.labeljoy.com\/images\/barcodes\/codabar_text_above.png\" width=\"121\" height=\"121\"><figcaption class=\"wp-caption-text\">Codabar con texto arriba del s\u00edmbolo<\/figcaption><\/figure>\n<\/div>\n<div class=\"one_half\">\n<figure style=\"width: 111px\" class=\"wp-caption aligncenter\"><img decoding=\"async\" alt=\"Codabar con texto oculto\" src=\"http:\/\/www.labeljoy.com\/images\/barcodes\/codabar_hidden_text.png\" width=\"121\" height=\"124\"><figcaption class=\"wp-caption-text\">Codabar con texto oculto<\/figcaption><\/figure>\n<\/div>\n<div class=\"hr hr-dotted\">&nbsp;<\/div>\n<div class=\"one_half\">\n<p style=\"text-align: right\"><a href=\"\/es\/comprar\/\" class=\"large blue tt-button\" target=\"_self\">Compra el Generador de Codabar<\/a>\n<\/div>\n<div class=\"one_half\">\n<p style=\"text-align: left\">&nbsp;&nbsp;&nbsp;&nbsp; <a href=\"\/es\/download-es\/\" class=\"large green tt-button\" target=\"_self\"> Descarga la versi\u00f3n gratuita <\/a>\n<\/div>\n<div class=\"one_half\">\n<p style=\"text-align: left\">or &nbsp;&nbsp;&nbsp;&nbsp; <a href=\"\/download\/\" class=\"large green tt-button\" target=\"_self\"> Download Free Version <\/a>\n<\/div>\n","protected":false},"excerpt":{"rendered":"<p>Generador de c\u00f3digo de barras Codabar Codabar es una simbolog\u00eda de c\u00f3digo de barras lineal que tambi\u00e9n puede incluir caracteres especiales. (- $: \/. +). El texto codificado debe ser delimitado por un car\u00e1cter de inicio y de fin que tiene que ser seleccionado entre las letras may\u00fasculas A, B, C o D. Estas letras &#8230; <a title=\"Codabar\" class=\"read-more\" href=\"https:\/\/www.labeljoy.com\/es\/soporte\/generar-codigo-barras\/codabar-es\/\" aria-label=\"Leer m\u00e1s sobre Codabar\">Read more<\/a><\/p>\n","protected":false},"author":1,"featured_media":0,"parent":2785,"menu_order":0,"comment_status":"open","ping_status":"closed","template":"","meta":{"inline_featured_image":false,"_monsterinsights_skip_tracking":false,"_monsterinsights_sitenote_active":false,"_monsterinsights_sitenote_note":"","_monsterinsights_sitenote_category":0,"footnotes":""},"class_list":{"0":"post-15914","1":"page","2":"type-page","3":"status-publish","5":"infinite-scroll-item"},"aioseo_notices":[],"_links":{"self":[{"href":"https:\/\/www.labeljoy.com\/es\/wp-json\/wp\/v2\/pages\/15914","targetHints":{"allow":["GET"]}}],"collection":[{"href":"https:\/\/www.labeljoy.com\/es\/wp-json\/wp\/v2\/pages"}],"about":[{"href":"https:\/\/www.labeljoy.com\/es\/wp-json\/wp\/v2\/types\/page"}],"author":[{"embeddable":true,"href":"https:\/\/www.labeljoy.com\/es\/wp-json\/wp\/v2\/users\/1"}],"replies":[{"embeddable":true,"href":"https:\/\/www.labeljoy.com\/es\/wp-json\/wp\/v2\/comments?post=15914"}],"version-history":[{"count":4,"href":"https:\/\/www.labeljoy.com\/es\/wp-json\/wp\/v2\/pages\/15914\/revisions"}],"predecessor-version":[{"id":38948,"href":"https:\/\/www.labeljoy.com\/es\/wp-json\/wp\/v2\/pages\/15914\/revisions\/38948"}],"up":[{"embeddable":true,"href":"https:\/\/www.labeljoy.com\/es\/wp-json\/wp\/v2\/pages\/2785"}],"wp:attachment":[{"href":"https:\/\/www.labeljoy.com\/es\/wp-json\/wp\/v2\/media?parent=15914"}],"curies":[{"name":"wp","href":"https:\/\/api.w.org\/{rel}","templated":true}]}}