{"id":15918,"date":"2013-05-22T14:27:33","date_gmt":"2013-05-22T14:27:33","guid":{"rendered":"http:\/\/www.labeljoy.com\/?page_id=15918"},"modified":"2021-01-05T16:02:15","modified_gmt":"2021-01-05T16:02:15","slug":"datamatrix-es","status":"publish","type":"page","link":"https:\/\/www.labeljoy.com\/es\/soporte\/generar-codigo-barras\/datamatrix-es\/","title":{"rendered":"Datamatrix"},"content":{"rendered":"<h1>C\u00f3mo generar Data Matrix<\/h1>\n<p>Data Matrix es un c\u00f3digo de barras bidimensional (2D) que consiste en &#8220;c\u00e9lulas&#8221; o m\u00f3dulos negros y blancos dispuestos en matrices cuadradas o rectangulares. La informaci\u00f3n codificada puede ser texto o datos.<\/p>\n<p>Se puede a\u00f1adr un <strong>c\u00f3digos de correcci\u00f3n de error<\/strong> para reforzar el s\u00edmbolo: incluso si est\u00e1n da\u00f1adas parcialmente todav\u00eda se pueden leer. Un s\u00edmbolo Data Matrix puede codificar hasta 2335 caracteres alfanum\u00e9ricos. <\/p>\n<div class=\"tt-notification warning\"><p style=\"font-size:12px;\"><strong>Nota<\/strong>: con esta simbolog\u00eda el texto no es visible.<\/p><\/div>\n<figure style=\"width: 170px\" class=\"wp-caption alignleft\"><img decoding=\"async\" alt=\"Data Matrix Barcode\" src=\"http:\/\/www.labeljoy.com\/images\/about-qr-code\/datamatrix.jpg\" width=\"180\" height=\"55\" \/><figcaption class=\"wp-caption-text\">C\u00f3digo Data Matrix<\/figcaption><\/figure>\n<h2>Generador de Data Matrix<\/h2>\n<p><strong>El s\u00edmbolos Data Matrix pueden codificar texto de maneras diferentes<\/strong>. Utilice <em>Codificaci\u00f3n<\/em> desde el men\u00fa desplegable para definir el algoritmo de codificaci\u00f3n m\u00e1s apropiado para el texto que se desea codificar:<\/p>\n<ul>\n<li>(Mixed): configuraci\u00f3n por defecto que permite la codificaci\u00f3n de texto utilizando una combinaci\u00f3n de los distintos algoritmos de compresi\u00f3n dependiendo del tipo de contenido. Normalmente, esta configuraci\u00f3n produce los mejores resultados.<\/li>\n<li>Ascii: permite la codificaci\u00f3n de los 256 caracteres del c\u00f3digo Ascii. Obtiene los mejores resultados sobre los caracteres num\u00e9ricos y valores ASCII entre 0 y 127.<\/li>\n<li>C40: permite la codificaci\u00f3n de n\u00fameros y letras y algunos caracteres especiales. Adecuado para contenidos alfanum\u00e9ricos principalmente en may\u00fasculas.<\/li>\n<li>Text: permite la codificaci\u00f3n de n\u00fameros y letras y algunos caracteres especiales. Adecuado para contenidos alfanum\u00e9ricos principalmente en min\u00fasculas.<\/li>\n<li>X12: permite la codificaci\u00f3n de caracteres incluido en el set ANSI X12.<\/li>\n<li>Edifact: permite la codificaci\u00f3n de los caracteres Ascii desde el 32 hasta el 94. No se recomienda su uso porque son obsoletos y de dif\u00edcil compatibilidad.<\/li>\n<li>Base 256: codificaci\u00f3n espec\u00edfica de valores de byte de 0 a 255. Con el uso de este algoritmo es posible codificar cualquier valor entre 0x00 y 0xFF (decimal 0 ~ 255). Para utilizar esta codificaci\u00f3n, se debe especificar como texto una cadena de valores hexadecimales separados por un espacio: Por ejemplo: 32 56 E8 12 FA &#8230; etc.<\/li>\n<\/ul>\n<h3>C\u00f3digo Datamatrix<\/h3>\n<p style=\"text-align: center\">S\u00edmbolo Data Matrix que codifica: http:\/\/www.labeljoy.com\/free-label-software\/<\/p>\n<div class=\"one_half\">\n<figure style=\"width: 102px\" class=\"wp-caption aligncenter\"><img decoding=\"async\" alt=\"Con codificaci\u00f3n ASCII\" src=\"http:\/\/www.labeljoy.com\/images\/barcodes\/datamatrix_ASCII.png\" width=\"112\" height=\"112\" \/><figcaption class=\"wp-caption-text\">Con codificaci\u00f3n ASCII<\/figcaption><\/figure>\n<\/div>\n<div class=\"one_half\">\n<figure style=\"width: 89px\" class=\"wp-caption aligncenter\"><img decoding=\"async\" alt=\"Con codificaci\u00f3n Text\" src=\"http:\/\/www.labeljoy.com\/images\/barcodes\/datamatrix_text.png\" width=\"99\" height=\"98\" \/><figcaption class=\"wp-caption-text\">Con codificaci\u00f3n Text<\/figcaption><\/figure>\n<\/div>\n<div class=\"column-clear\"><\/div>\n<p>La casilla <em>Tama\u00f1o de s\u00edmbolo<\/em> permite definir el tama\u00f1o m\u00ednimo del s\u00edmbolo. La arquitectura del c\u00f3digo Data Matrix proporciona la organizaci\u00f3n de los datos que se muestran en <em>matrices <\/em>cuadradas o rectangulares combinados unos con otros con el fin de contener la informaci\u00f3n codificada. El n\u00famero de matrices depende de la cantidad de datos codificados.<\/p>\n<p>Normalmente, el s\u00edmbolo se genera con el n\u00famero m\u00ednimo de matrices necesarios para representar los datos contenidos. En algunos casos, puede ser necesario aumentar el umbral m\u00ednimo para obtener s\u00edmbolos iguales, independientemente de la cantidad de datos codificados. Por ejemplo, si se conecta un c\u00f3digo de barras Data Matrix a una lista de direcciones que desea imprimir, puede ser necesario que el tama\u00f1o del s\u00edmbolo sea el mismo independientemente de la longitud de la direcci\u00f3n. En este caso, se puede definir manualmente el tama\u00f1o m\u00ednimo.<\/p>\n<p style=\"text-align: center\">S\u00edmbolo Data Matrix que codifica:12345<\/p>\n<div class=\"one_half\">\n<figure style=\"width: 21px\" class=\"wp-caption aligncenter\"><img decoding=\"async\" alt=\"Con formato (Auto)\" src=\"http:\/\/www.labeljoy.com\/images\/barcodes\/datamatrix_auto_size.png\" width=\"31\" height=\"30\" \/><figcaption class=\"wp-caption-text\">Con formato (Auto)<\/figcaption><\/figure>\n<\/div>\n<div class=\"one_half\">\n<figure style=\"width: 136px\" class=\"wp-caption aligncenter\"><img decoding=\"async\" alt=\"Con formato 16x48\" src=\"http:\/\/www.labeljoy.com\/images\/barcodes\/datamatrix_symbol_size.png\" width=\"146\" height=\"50\" \/><figcaption class=\"wp-caption-text\">Con formato 16&#215;48<\/figcaption><\/figure>\n<\/div>\n<div class=\"column-clear\"><\/div>\n<div class=\"tt-notification tip\"><p style=\"font-size:12px;\">Concatenaci\u00f3n de texto:<br \/>\nCuando se <strong>genera un c\u00f3digo de barras Data Matrix<\/strong> concatenado con campos o contadores se aplican las siguientes reglas:<\/p>\n<ul class=\"barcode-ul\">\n<li>El texto debe cumplir con el algoritmo de codificaci\u00f3n seleccionado.<\/li>\n<li>El texto no debe superar la longitud m\u00e1xima permitida.<\/li>\n<\/ul>\n<p>Cuando se encuentra un valor que no cumple con estas normas, no se muestra el c\u00f3digo de barras.<br \/>\n<\/p><\/div>\n<div class=\"tt-notification neutral\"><p style=\"font-size:12px;\"> Limitaciones:<br \/>\nLos s\u00edmbolos Data Matrix generados con LabelJoy actualmente no soportan: Extended Channel Interpretation (ECI), el modo FNC1 y el modo Structure Append.<br \/>\n<\/p><\/div>\n<div class=\"hr hr-dotted\">&nbsp;<\/div>\n<div class=\"one_half\">\n<p style=\"text-align: right\"><a href=\"\/es\/comprar\/\" class=\"large blue tt-button\" target=\"_self\">Compra el Generador de Datamatrix<\/a>\n<\/div>\n<div class=\"one_half\">\n<p style=\"text-align: left\">&nbsp;&nbsp;&nbsp;&nbsp; <a href=\"\/es\/download-es\/\" class=\"large green tt-button\" target=\"_self\"> Descarga la versi\u00f3n gratuita <\/a>\n<\/div>\n","protected":false},"excerpt":{"rendered":"<p>C\u00f3mo generar Data Matrix Data Matrix es un c\u00f3digo de barras bidimensional (2D) que consiste en &#8220;c\u00e9lulas&#8221; o m\u00f3dulos negros y blancos dispuestos en matrices cuadradas o rectangulares. La informaci\u00f3n codificada puede ser texto o datos. Se puede a\u00f1adr un c\u00f3digos de correcci\u00f3n de error para reforzar el s\u00edmbolo: incluso si est\u00e1n da\u00f1adas parcialmente todav\u00eda &#8230; <a title=\"Datamatrix\" class=\"read-more\" href=\"https:\/\/www.labeljoy.com\/es\/soporte\/generar-codigo-barras\/datamatrix-es\/\" aria-label=\"Leer m\u00e1s sobre Datamatrix\">Read more<\/a><\/p>\n","protected":false},"author":1,"featured_media":0,"parent":2785,"menu_order":0,"comment_status":"open","ping_status":"closed","template":"page-template-left-sidebar.php","meta":{"inline_featured_image":false,"_monsterinsights_skip_tracking":false,"_monsterinsights_sitenote_active":false,"_monsterinsights_sitenote_note":"","_monsterinsights_sitenote_category":0,"footnotes":""},"class_list":{"0":"post-15918","1":"page","2":"type-page","3":"status-publish","5":"infinite-scroll-item"},"aioseo_notices":[],"_links":{"self":[{"href":"https:\/\/www.labeljoy.com\/es\/wp-json\/wp\/v2\/pages\/15918","targetHints":{"allow":["GET"]}}],"collection":[{"href":"https:\/\/www.labeljoy.com\/es\/wp-json\/wp\/v2\/pages"}],"about":[{"href":"https:\/\/www.labeljoy.com\/es\/wp-json\/wp\/v2\/types\/page"}],"author":[{"embeddable":true,"href":"https:\/\/www.labeljoy.com\/es\/wp-json\/wp\/v2\/users\/1"}],"replies":[{"embeddable":true,"href":"https:\/\/www.labeljoy.com\/es\/wp-json\/wp\/v2\/comments?post=15918"}],"version-history":[{"count":5,"href":"https:\/\/www.labeljoy.com\/es\/wp-json\/wp\/v2\/pages\/15918\/revisions"}],"predecessor-version":[{"id":17966,"href":"https:\/\/www.labeljoy.com\/es\/wp-json\/wp\/v2\/pages\/15918\/revisions\/17966"}],"up":[{"embeddable":true,"href":"https:\/\/www.labeljoy.com\/es\/wp-json\/wp\/v2\/pages\/2785"}],"wp:attachment":[{"href":"https:\/\/www.labeljoy.com\/es\/wp-json\/wp\/v2\/media?parent=15918"}],"curies":[{"name":"wp","href":"https:\/\/api.w.org\/{rel}","templated":true}]}}