{"id":15939,"date":"2013-05-22T14:28:44","date_gmt":"2013-05-22T14:28:44","guid":{"rendered":"http:\/\/www.labeljoy.com\/?page_id=15939"},"modified":"2021-01-05T16:06:07","modified_gmt":"2021-01-05T16:06:07","slug":"planet-code-es","status":"publish","type":"page","link":"https:\/\/www.labeljoy.com\/es\/soporte\/generar-codigo-barras\/planet-code-es\/","title":{"rendered":"Planet code"},"content":{"rendered":"<h1>Generador de Planet code<\/h1>\n<p><strong>Planet<\/strong>, el simbolismo Postal Alpha Numeric Encoding Technique es usado por el <strong>servicio postal de los Estados Unidos<\/strong> para identificar y localizar los art\u00edculos postales durante la entrega.<\/p>\n<p>Los s\u00edmbolos Planet codifican <strong>s\u00f3lo 12 o 14 d\u00edgitos<\/strong>, donde el \u00faltimo d\u00edgito es el caracter de control, que se calcula autom\u00e1ticamente por LabelJoy. Por lo tanto se pueden introducir s\u00f3lo 11 o 13 d\u00edgitos.<\/p>\n<div class=\"tt-notification warning\"><p style=\"font-size:12px;\"><strong>Nota<\/strong>: Con esta simbolog\u00eda el texto no es visible.<\/p><\/div>\n<figure style=\"width: 355px\" class=\"wp-caption aligncenter\"><img decoding=\"async\" alt=\"Planet 11 d\u00edgitos y car\u00e1cter de control\" src=\"http:\/\/www.labeljoy.com\/images\/barcodes\/planet_code.png\" width=\"365\" height=\"19\" \/><figcaption class=\"wp-caption-text\">Planet que codifica 11 d\u00edgitos + car\u00e1cter de control<\/figcaption><\/figure>\n<figure style=\"width: 414px\" class=\"wp-caption aligncenter\"><img decoding=\"async\" alt=\"Planet 13 d\u00edgitos y car\u00e1cter de control\" src=\"http:\/\/www.labeljoy.com\/images\/barcodes\/planet_barcode.png\" width=\"424\" height=\"19\" \/><figcaption class=\"wp-caption-text\">Planet que codifica 13 d\u00edgitos + car\u00e1cter de control<\/figcaption><\/figure>\n<div class=\"tt-notification tip\"><p style=\"font-size:12px;\"> Concatenaci\u00f3n de texto:<br \/>\nCuando se <strong>genera un c\u00f3digo de barras Planet<\/strong> concatenado con campos o contadores se aplican las siguientes reglas::<\/p>\n<ul class=\"barcode-ul\">\n<li>S\u00f3lo se permiten n\u00fameros.<\/li>\n<li>Se tendr\u00e1n en cuenta s\u00f3lo los textos con 11 o 13 d\u00edgitos.<\/li>\n<\/ul>\n<p>Cuando se encuentra un valor que no cumple con estas normas, no se muestra el c\u00f3digo de barras.<br \/>\n<\/p><\/div>\n<div class=\"hr hr-dotted\">&nbsp;<\/div>\n<div class=\"one_half\">\n<p style=\"text-align: right\"><a href=\"\/es\/comprar\/\" class=\"large blue tt-button\" target=\"_self\">Compra el Generador de Planet Code<\/a>\n<\/div>\n<div class=\"one_half\">\n<p style=\"text-align: left\">&nbsp;&nbsp;&nbsp;&nbsp; <a href=\"\/es\/download-es\/\" class=\"large green tt-button\" target=\"_self\"> Descarga la versi\u00f3n gratuita <\/a>\n<\/div>\n","protected":false},"excerpt":{"rendered":"<p>Generador de Planet code Planet, el simbolismo Postal Alpha Numeric Encoding Technique es usado por el servicio postal de los Estados Unidos para identificar y localizar los art\u00edculos postales durante la entrega. Los s\u00edmbolos Planet codifican s\u00f3lo 12 o 14 d\u00edgitos, donde el \u00faltimo d\u00edgito es el caracter de control, que se calcula autom\u00e1ticamente por &#8230; <a title=\"Planet code\" class=\"read-more\" href=\"https:\/\/www.labeljoy.com\/es\/soporte\/generar-codigo-barras\/planet-code-es\/\" aria-label=\"Leer m\u00e1s sobre Planet code\">Read more<\/a><\/p>\n","protected":false},"author":1,"featured_media":0,"parent":2785,"menu_order":0,"comment_status":"open","ping_status":"closed","template":"page-template-left-sidebar.php","meta":{"inline_featured_image":false,"_monsterinsights_skip_tracking":false,"_monsterinsights_sitenote_active":false,"_monsterinsights_sitenote_note":"","_monsterinsights_sitenote_category":0,"footnotes":""},"class_list":{"0":"post-15939","1":"page","2":"type-page","3":"status-publish","5":"infinite-scroll-item"},"aioseo_notices":[],"_links":{"self":[{"href":"https:\/\/www.labeljoy.com\/es\/wp-json\/wp\/v2\/pages\/15939","targetHints":{"allow":["GET"]}}],"collection":[{"href":"https:\/\/www.labeljoy.com\/es\/wp-json\/wp\/v2\/pages"}],"about":[{"href":"https:\/\/www.labeljoy.com\/es\/wp-json\/wp\/v2\/types\/page"}],"author":[{"embeddable":true,"href":"https:\/\/www.labeljoy.com\/es\/wp-json\/wp\/v2\/users\/1"}],"replies":[{"embeddable":true,"href":"https:\/\/www.labeljoy.com\/es\/wp-json\/wp\/v2\/comments?post=15939"}],"version-history":[{"count":3,"href":"https:\/\/www.labeljoy.com\/es\/wp-json\/wp\/v2\/pages\/15939\/revisions"}],"predecessor-version":[{"id":16009,"href":"https:\/\/www.labeljoy.com\/es\/wp-json\/wp\/v2\/pages\/15939\/revisions\/16009"}],"up":[{"embeddable":true,"href":"https:\/\/www.labeljoy.com\/es\/wp-json\/wp\/v2\/pages\/2785"}],"wp:attachment":[{"href":"https:\/\/www.labeljoy.com\/es\/wp-json\/wp\/v2\/media?parent=15939"}],"curies":[{"name":"wp","href":"https:\/\/api.w.org\/{rel}","templated":true}]}}