{"id":15968,"date":"2013-05-22T13:51:22","date_gmt":"2013-05-22T13:51:22","guid":{"rendered":"http:\/\/www.labeljoy.com\/?page_id=15968"},"modified":"2022-10-19T08:53:21","modified_gmt":"2022-10-19T08:53:21","slug":"code-11-es","status":"publish","type":"page","link":"https:\/\/www.labeljoy.com\/es\/soporte\/generar-codigo-barras\/code-11-es\/","title":{"rendered":"Code 11"},"content":{"rendered":"<h1>C\u00f3digo Code 11<\/h1>\n<p><strong>Code 11<\/strong> es una simbolog\u00eda de c\u00f3digo de barras desarrollada por Intermec en 1977 y utilizada principalmente en las <strong>telecomunicaciones<\/strong>. El s\u00edmbolo puede codificar una cadena de cualquier longitud (aunque Labeljoy la limita a 255 caracteres), formada por los d\u00edgitos 0-9 y el signo menos (-). Se pueden incluir uno o dos caracteres de control.<\/p>\n<h2>Como generar el c\u00f3digo Code 11<\/h2>\n<figure style=\"width: 140px\" class=\"wp-caption alignleft\"><img decoding=\"async\" alt=\"c\u00f3digo  Code 11\" src=\"http:\/\/www.labeljoy.com\/images\/barcodes\/code11_barcode.png\" width=\"150\" height=\"121\"><figcaption class=\"wp-caption-text\">S\u00edmbolo Code 11<\/figcaption><\/figure>\n<p>En el cuadro de texto de LabelJoy se puede escribir un texto con una longitud m\u00e1xima de 255 caracteres.<\/p>\n<p>Code 11 requiere <strong>1 o 2 caracteres de control<\/strong>. El cuadro <em>Checksum<\/em> permite definir el n\u00famero de caracteres de control que se a\u00f1adir\u00e1n al final. La selecci\u00f3n (<em>autom\u00e1tica<\/em>) a\u00f1ade un d\u00edgito de control a los textos con una longitud de hasta 10 d\u00edgitos, y dos para los textos m\u00e1s largos, mientras que las selecciones 1 y 2 determinan 1 o 2 d\u00edgitos de control independientemente de la longitud del texto.<\/p>\n<div class=\"column-clear\"><\/div>\n<div class=\"tt-notification warning\"><p style=\"font-size:12px;\"> Nota: Los caracteres de control se adjuntan s\u00f3lo en el s\u00edmbolo. No est\u00e1n a\u00f1adidos al texto. <\/p><\/div>\n<div class=\"one_half\">\n<figure style=\"width: 154px\" class=\"wp-caption aligncenter\"><img decoding=\"async\" alt=\"Code 11 - 2 caracteres de control\" src=\"http:\/\/www.labeljoy.com\/images\/barcodes\/code11_check_1.png\" width=\"164\" height=\"121\"><figcaption class=\"wp-caption-text\">S\u00edmbolo Code 11 con 9 caracteres y 2 caracteres de control obligados<\/figcaption><\/figure>\n<\/div>\n<div class=\"one_half\">\n<figure style=\"width: 264px\" class=\"wp-caption aligncenter\"><img decoding=\"async\" alt=\"Code 11 - 1 car\u00e1cter de control\" src=\"http:\/\/www.labeljoy.com\/images\/barcodes\/code11_check_2.png\" width=\"274\" height=\"121\"><figcaption class=\"wp-caption-text\">S\u00edmbolo Code 11 con 9 caracteres y 1 car\u00e1cter de control obligado<\/figcaption><\/figure>\n<\/div>\n<div class=\"tt-notification tip\"><p style=\"font-size:12px;\"> Concatenaci\u00f3n de texto:<br \/>\nCuando se <strong>crea un c\u00f3digo de barras Code 11<\/strong> concatenando campos o contadores, aplican las siguientes reglas:<\/p>\n<ul class=\"barcode-ul\">\n<li>El texto debe contener s\u00f3lo n\u00fameros y el signo menos (-).<\/li>\n<li>El texto no debe superar los 255 caracteres, incluidos los signos menos.<\/li>\n<\/ul>\n<p>Si un valor no cumple con las condiciones anteriores, el c\u00f3digo de barras no se muestra.<br \/>\n<\/p><\/div>\n<p>El texto visualmente legible puede mostrarse debajo, encima u oculto seg\u00fan la configuraci\u00f3n especificada en el cuadro de Texto.<\/p>\n<div class=\"one_half\">\n<figure style=\"width: 140px\" class=\"wp-caption aligncenter\"><img decoding=\"async\" alt=\"Code 11 texto arriba\" src=\"http:\/\/www.labeljoy.com\/images\/barcodes\/code11_text_above.png\" width=\"150\" height=\"121\"><figcaption class=\"wp-caption-text\">Code 11 con texto arriba del s\u00edmbolo<\/figcaption><\/figure>\n<\/div>\n<div class=\"one_half\">\n<figure style=\"width: 140px\" class=\"wp-caption aligncenter\"><img decoding=\"async\" alt=\"Code 11 texto oculto\" src=\"http:\/\/www.labeljoy.com\/images\/barcodes\/code11_hidden_text.png\" width=\"150\" height=\"124\"><figcaption class=\"wp-caption-text\">Code 11 con texto oculto<\/figcaption><\/figure>\n<\/div>\n<div class=\"hr hr-dotted\">&nbsp;<\/div>\n<div class=\"one_half\">\n<p style=\"text-align: right\"><a href=\"\/es\/comprar\/\" class=\"large blue tt-button\" target=\"_self\">Compra el Generador de Code 39<\/a>\n<\/div>\n<div class=\"one_half\">\n<p style=\"text-align: left\">&nbsp;&nbsp;&nbsp;&nbsp; <a href=\"\/es\/download-es\/\" class=\"large green tt-button\" target=\"_self\"> Descarga la versi\u00f3n gratuita <\/a>\n<\/div>\n","protected":false},"excerpt":{"rendered":"<p>C\u00f3digo Code 11 Code 11 es una simbolog\u00eda de c\u00f3digo de barras desarrollada por Intermec en 1977 y utilizada principalmente en las telecomunicaciones. El s\u00edmbolo puede codificar una cadena de cualquier longitud (aunque Labeljoy la limita a 255 caracteres), formada por los d\u00edgitos 0-9 y el signo menos (-). Se pueden incluir uno o dos &#8230; <a title=\"Code 11\" class=\"read-more\" href=\"https:\/\/www.labeljoy.com\/es\/soporte\/generar-codigo-barras\/code-11-es\/\" aria-label=\"Leer m\u00e1s sobre Code 11\">Read more<\/a><\/p>\n","protected":false},"author":1,"featured_media":0,"parent":2785,"menu_order":0,"comment_status":"open","ping_status":"closed","template":"","meta":{"inline_featured_image":false,"_monsterinsights_skip_tracking":false,"_monsterinsights_sitenote_active":false,"_monsterinsights_sitenote_note":"","_monsterinsights_sitenote_category":0,"footnotes":""},"class_list":{"0":"post-15968","1":"page","2":"type-page","3":"status-publish","5":"infinite-scroll-item"},"aioseo_notices":[],"_links":{"self":[{"href":"https:\/\/www.labeljoy.com\/es\/wp-json\/wp\/v2\/pages\/15968","targetHints":{"allow":["GET"]}}],"collection":[{"href":"https:\/\/www.labeljoy.com\/es\/wp-json\/wp\/v2\/pages"}],"about":[{"href":"https:\/\/www.labeljoy.com\/es\/wp-json\/wp\/v2\/types\/page"}],"author":[{"embeddable":true,"href":"https:\/\/www.labeljoy.com\/es\/wp-json\/wp\/v2\/users\/1"}],"replies":[{"embeddable":true,"href":"https:\/\/www.labeljoy.com\/es\/wp-json\/wp\/v2\/comments?post=15968"}],"version-history":[{"count":3,"href":"https:\/\/www.labeljoy.com\/es\/wp-json\/wp\/v2\/pages\/15968\/revisions"}],"predecessor-version":[{"id":38943,"href":"https:\/\/www.labeljoy.com\/es\/wp-json\/wp\/v2\/pages\/15968\/revisions\/38943"}],"up":[{"embeddable":true,"href":"https:\/\/www.labeljoy.com\/es\/wp-json\/wp\/v2\/pages\/2785"}],"wp:attachment":[{"href":"https:\/\/www.labeljoy.com\/es\/wp-json\/wp\/v2\/media?parent=15968"}],"curies":[{"name":"wp","href":"https:\/\/api.w.org\/{rel}","templated":true}]}}