{"id":17417,"date":"2013-06-10T15:42:19","date_gmt":"2013-06-10T15:42:19","guid":{"rendered":"http:\/\/www.labeljoy.com\/?page_id=17417"},"modified":"2026-03-06T08:29:09","modified_gmt":"2026-03-06T08:29:09","slug":"generador-codigos-barra","status":"publish","type":"page","link":"https:\/\/www.labeljoy.com\/es\/generador-codigos-barra\/","title":{"rendered":"Software Generador de C\u00f3digos de barra"},"content":{"rendered":"<h1>Labeljoy Software generador de c\u00f3digos de barra<\/h1>\n<p>Labeljoy es un <strong>software profesional que permite a los usuarios generar c\u00f3digos de barra<\/strong> y C\u00f3digos QR de r\u00e1pida y sencilla.<\/p>\n<ul>\n<li>Crear 25 tipos de c\u00f3digos de barras (c\u00f3digos 1D y 2D)<\/li>\n<li>Importar c\u00f3digos desde fuentes de datos (Excel, MySQL, Access,&#8230;)<\/li>\n<li>C\u00e1lculo de Checksum autom\u00e1tico&#8221;<\/li>\n<\/ul>\n<p><strong>Generar f\u00e1cilmente los c\u00f3digos de barras que necesita<\/strong> e imprimir etiquetas con c\u00f3digos de barras. Simplemente seleccione el tipo de c\u00f3digo de barras, introduzca el n\u00famero de c\u00f3digo y haga clic en OK. A continuaci\u00f3n, imprima o exporte sus etiquetas.<\/p>\n<p style=\"text-align: center;\"><a class=\"jumbo green tt-button\" title=\"Downlaod Barcode software\" href=\"http:\/\/www.labeljoy.com\/es\/download-es\/\" target=\"_self\" rel=\"noopener\">\u00a0 \u00a0 \u00a0DESCARGA GRATIS AHORA \u00a0 \u00a0 \u00a0<\/a><\/p>\n<div class=\"hr hr-solid\" style=\"margin-top: 1em; margin-bottom: 3em;\"><\/div>\n<h2>\u00bfComo generar c\u00f3digos de barra con Labeljoy?<\/h2>\n<p><em>El software generador de c\u00f3digos de barras Labeljoy<\/em> ofrece muchas caracter\u00edsticas para <strong>crear c\u00f3digos de barras y etiquetas personalizadas<\/strong> para todo tipo de actividad. El software de etiquetas de c\u00f3digo de barras permite generar c\u00f3digos lineales y 2D (m\u00e1s precisamente 20 c\u00f3digos lineales y 5 c\u00f3digos 2D incluyendo <a title=\"QR Code\" href=\"http:\/\/www.labeljoy.com\/es\/qr-code-es\/\">C\u00f3digos QR<\/a>).<\/p>\n<p><a title=\"Labeljoy generador de c\u00f3digo de barras\" href=\"http:\/\/www.labeljoy.com\/images\/barcode-software\/es\/barcode-generator-b.jpg\"><img decoding=\"async\" width=\"1093\" height=\"610\" style=\"max-width: 80%; margin-left: 10%; margin-right: 10%;\" src=\"http:\/\/www.labeljoy.com\/images\/barcode-software\/es\/barcode-generator-b.jpg\" alt=\"Labeljoy generador de c\u00f3digo de barras\" \/><br \/>\n<\/a><br \/>\nAs\u00ed se utiliza el generador de c\u00f3digos de barras de Labeljoy:<\/p>\n<ol>\n<li>Abra Labeljoy y haga doble clic sobre el c\u00f3digo de barras por defecto.<\/li>\n<li>Seleccione la simbolog\u00eda del c\u00f3digo de barras que desea crear.<\/li>\n<li>Introduzca el c\u00f3digo alfanum\u00e9rico en el cuadro de texto.<\/li>\n<li>Haga clic en Ok y el software genera el c\u00f3digo de barras.<\/li>\n<\/ol>\n<p>Para mayor Informaci\u00f3n vea el video tutorial &#8220;<a title=\"Generar C\u00f3digo de Barras\" href=\"https:\/\/www.labeljoy.com\/es\/videos\/generar-codigo-de-barras-y-codigo-qr\/\">Como generar c\u00f3digos de barra y c\u00f3digos QR<\/a>&#8220;.<\/p>\n<div class=\"hr hr-solid\" style=\"margin-top: 1em; margin-bottom: 3em;\"><\/div>\n<div class=\"one_third\">\n<div class=\"img-frame full-fourth\">\n<div class=\"lightbox-zoom\"><a class=\"hover-item\" title=\"Programa de c\u00f3digo de barras\" href=\"http:\/\/www.labeljoy.com\/images\/barcode-software\/es\/barcode-label-software.jpg\"><img decoding=\"async\" src=\"http:\/\/www.labeljoy.com\/images\/barcode-software\/es\/barcode-label-software.jpg\" alt=\"Programa de c\u00f3digo de barras\" width=\"197\" height=\"133\" \/><\/a><\/div>\n<\/div>\n<\/div>\n<div class=\"one_third\">\n<div class=\"img-frame full-fourth\">\n<div class=\"lightbox-zoom\"><a class=\"hover-item\" title=\"Tipos de c\u00f3digo de barras que Labeljoy puede generar\" href=\"http:\/\/www.labeljoy.com\/images\/barcode-software\/es\/barcode-generator-software.jpg\"><img decoding=\"async\" src=\"http:\/\/www.labeljoy.com\/images\/barcode-software\/es\/barcode-generator-software.jpg\" alt=\"Tipos de c\u00f3digo de barras que Labeljoy puede generar\" width=\"197\" height=\"133\" \/><\/a><\/div>\n<\/div>\n<\/div>\n<div class=\"one_third\">\n<div class=\"img-frame full-fourth\">\n<div class=\"lightbox-zoom\"><a class=\"hover-item\" title=\"Etiqueta de precio con c\u00f3digo de barra de ejemplo\" href=\"http:\/\/www.labeljoy.com\/images\/barcode-software\/es\/price-tag-barcode.jpg\"><img decoding=\"async\" src=\"http:\/\/www.labeljoy.com\/images\/barcode-software\/es\/price-tag-barcode.jpg\" alt=\"Etiqueta de precio con c\u00f3digo de barra de ejemplo\" width=\"197\" height=\"133\" \/><\/a><\/div>\n<\/div>\n<\/div>\n<p style=\"text-align: right;\"><a title=\"Im\u00e1genes del software\" href=\"http:\/\/www.labeljoy.com\/es\/capturas-de-pantalla\/\">Mas Im\u00e1genes del software de c\u00f3digo de barras &gt;&gt;&gt;<\/a><\/p>\n<p style=\"text-align: center;\"><a class=\"jumbo green tt-button\" title=\"Descarga Barcode software\" href=\"http:\/\/www.labeljoy.com\/es\/download-es\/\" target=\"_self\" rel=\"noopener\">\u00a0 \u00a0 \u00a0DESCARGA SOFTWARE AHORA \u00a0 \u00a0 \u00a0<\/a><\/p>\n<div class=\"hr hr-solid\" style=\"margin-top: 1em; margin-bottom: 3em;\"><\/div>\n<h3>Caracter\u00edsticas para la generaci\u00f3n de c\u00f3digos de barras<\/h3>\n<p>Labeljoy le permite <strong>generar c\u00f3digos de barras para cualquier campo y tipolog\u00eda de etiqueta<\/strong>, como <a title=\"Etiqueta de Vino\" href=\"http:\/\/www.labeljoy.com\/es\/plantillas\/etiqueta-vino\/\">etiquetas de vino<\/a>, <a title=\"Etiquetas de Botellas\" href=\"http:\/\/www.labeljoy.com\/es\/plantillas\/etiqueta-botella\/\">etiquetas de botellas<\/a>, <a title=\"Etiqueta de Precios\" href=\"http:\/\/www.labeljoy.com\/es\/plantillas\/etiqueta-de-precio\/\">etiquetas de precios<\/a> y todas las etiquetas que requieren un c\u00f3digo de barras. Consulte nuestra selecci\u00f3n de <a title=\"Plantillas\" href=\"http:\/\/www.labeljoy.com\/es\/plantillas\/\">plantillas de etiquetas<\/a>.<\/p>\n<div class=\"one_half\">\n<p class=\"tt-icon icon-barcode\"><strong><a title=\"Generador de c\u00f3digos de barras online\" href=\"https:\/\/www.labeljoy.com\/generar-codigo-de-barras-gratis\/\">GENERAR C\u00d3DIGOS DE BARRAS<\/a><\/strong><br \/>\nLabeljoy genera 25 tipos diferentes de c\u00f3digos de barras: C\u00f3digo 39, C\u00f3digo 128, EAN 128, c\u00f3digo UPC, Datamatrix, y muchos <a title=\"Generar c\u00f3digo de barras\" href=\"http:\/\/www.labeljoy.com\/es\/soporte\/generar-codigo-barras\/\">otros c\u00f3digos de barras<\/a>.<\/p>\n<\/div>\n<div class=\"one_half\">\n<p class=\"tt-icon icon-export\"><strong>EXPORTAR C\u00d3DIGOS DE BARRAS<br \/>\n<\/strong><br \/>\nPuede exportar los c\u00f3digos de barras creados a los formatos m\u00e1s comunes como pdf, jpg, gif, png, tiff, as\u00ed como a <a title=\"Labeljoy Reader\" href=\"https:\/\/www.labeljoy.com\/es\/labeljoy-reader\/\">Labeljoy Reader<\/a>.<\/p>\n<\/div>\n<div class=\"hr hr-dotted\">&nbsp;<\/div>\n<div class=\"one_half\">\n<p class=\"tt-icon icon-db2\"><strong>CREAR DESDE BASES DE DATOS<\/strong><br \/>\nEs posible <a title=\"Fuentes De Datos Externas\" href=\"http:\/\/www.labeljoy.com\/es\/videos\/conectar-fuentes-datos-externos\/\">importar c\u00f3digos de barras desde fuentes de datos externas<\/a> como Excel, Access, Outlook, SQLite, csv, txt, wk1-2-3, Sql Server, MySql, Oracle.<\/p>\n<\/div>\n<div class=\"one_half\">\n<p class=\"tt-icon icon-printer\"><strong>IMPRIMIR C\u00d3DIGOS DE BARRAS<\/strong><br \/>\nEl software le permite imprimir c\u00f3digos de barras con <a title=\"Impresora de Rollo\" href=\"http:\/\/www.labeljoy.com\/es\/videos\/imprimir-con-impresora-rollo\/\">impresoras de rollo<\/a> o impresoras est\u00e1ndar, eligiendo entre las distribuciones precargadas o personalizando la distribuci\u00f3n a su discreci\u00f3n.<\/p>\n<\/div>\n","protected":false},"excerpt":{"rendered":"<p>Labeljoy Software generador de c\u00f3digos de barra Labeljoy es un software profesional que permite a los usuarios generar c\u00f3digos de barra y C\u00f3digos QR de r\u00e1pida y sencilla. Crear 25 tipos de c\u00f3digos de barras (c\u00f3digos 1D y 2D) Importar c\u00f3digos desde fuentes de datos (Excel, MySQL, Access,&#8230;) C\u00e1lculo de Checksum autom\u00e1tico&#8221; Generar f\u00e1cilmente los &#8230; <a title=\"Software Generador de C\u00f3digos de barra\" class=\"read-more\" href=\"https:\/\/www.labeljoy.com\/es\/generador-codigos-barra\/\" aria-label=\"Leer m\u00e1s sobre Software Generador de C\u00f3digos de barra\">Read more<\/a><\/p>\n","protected":false},"author":1,"featured_media":0,"parent":0,"menu_order":2,"comment_status":"closed","ping_status":"closed","template":"","meta":{"inline_featured_image":false,"_monsterinsights_skip_tracking":false,"_monsterinsights_sitenote_active":false,"_monsterinsights_sitenote_note":"","_monsterinsights_sitenote_category":0,"footnotes":""},"class_list":{"0":"post-17417","1":"page","2":"type-page","3":"status-publish","5":"infinite-scroll-item"},"aioseo_notices":[],"_links":{"self":[{"href":"https:\/\/www.labeljoy.com\/es\/wp-json\/wp\/v2\/pages\/17417","targetHints":{"allow":["GET"]}}],"collection":[{"href":"https:\/\/www.labeljoy.com\/es\/wp-json\/wp\/v2\/pages"}],"about":[{"href":"https:\/\/www.labeljoy.com\/es\/wp-json\/wp\/v2\/types\/page"}],"author":[{"embeddable":true,"href":"https:\/\/www.labeljoy.com\/es\/wp-json\/wp\/v2\/users\/1"}],"replies":[{"embeddable":true,"href":"https:\/\/www.labeljoy.com\/es\/wp-json\/wp\/v2\/comments?post=17417"}],"version-history":[{"count":14,"href":"https:\/\/www.labeljoy.com\/es\/wp-json\/wp\/v2\/pages\/17417\/revisions"}],"predecessor-version":[{"id":45164,"href":"https:\/\/www.labeljoy.com\/es\/wp-json\/wp\/v2\/pages\/17417\/revisions\/45164"}],"wp:attachment":[{"href":"https:\/\/www.labeljoy.com\/es\/wp-json\/wp\/v2\/media?parent=17417"}],"curies":[{"name":"wp","href":"https:\/\/api.w.org\/{rel}","templated":true}]}}