{"id":17422,"date":"2013-11-07T14:59:41","date_gmt":"2013-11-07T14:59:41","guid":{"rendered":"http:\/\/www.labeljoy.com\/?page_id=17422"},"modified":"2022-04-15T09:33:00","modified_gmt":"2022-04-15T09:33:00","slug":"imprimir-etiquetas-desde-excel","status":"publish","type":"page","link":"https:\/\/www.labeljoy.com\/es\/soporte\/como-hacer\/imprimir-etiquetas-desde-excel\/","title":{"rendered":"Imprimir etiquetas desde Excel"},"content":{"rendered":"<h1>Como imprimir etiquetas desde Excel<\/h1>\n<p><img decoding=\"async\" width=\"235\" height=\"110\" src=\"http:\/\/www.labeljoy.com\/images\/how-to\/print-labels-from-excel\/excel-labeljoy.jpg\" alt=\"Imprimir etiquetas desde Excel con Labeljoy\" align=\"right\"><\/p>\n<p>Con Labeljoy, puede <strong>imprimir etiquetas importando datos de Excel<\/strong> de forma r\u00e1pida y sencilla.<\/p>\n<p>Labeljoy integra la funci\u00f3n de importaci\u00f3n de datos desde bases de datos externas como archivos de texto, archivo de Excel, base de datos mySQL, contactos de Outlook, que permite imprimir f\u00e1cilmente un gran n\u00famero de etiquetas.<\/p>\n<p><strong>Descubra lo f\u00e1cil que es imprimir etiquetas de direcciones desde Excel.<\/strong><\/p>\n<p style=\"text-align: center\"><a class=\"large green tt-button\" href=\"http:\/\/www.labeljoy.com\/es\/download-es\/\">DESCARGUE LABELJOY GRATIS<\/a><\/p>\n<p>Este tutorial explica paso a paso c\u00f3mo imprimir etiquetas desde hojas de c\u00e1lculo de Excel.<br \/>\nUna vez <a href=\"http:\/\/www.labeljoy.com\/es\/videos\/configurar-layout\/\" title=\"Configurar Layouts\">elegida la distribuci\u00f3n de la etiqueta<\/a>, puede importar los datos desde un archivo de Excel.<\/p>\n<p>Este es el archivo de Excel utilizado para este tutorial:<\/p>\n<p><a target=\"_blank\" href=\"http:\/\/www.labeljoy.com\/images\/how-to\/print-labels-from-excel\/excel-data-example.jpg\" data-gal=\"prettyPhoto [excel]\" class=\"hover-item\" rel=\"noopener\"><img decoding=\"async\" width=\"670\" height=\"100\" alt=\"Archivo de Excel\" src=\"http:\/\/www.labeljoy.com\/images\/how-to\/print-labels-from-excel\/excel-data-example.jpg\"><\/a><\/p>\n<h2>1 &#8211; Importar datos de Excel para imprimir etiquetas<\/h2>\n<p>Utilice la funci\u00f3n &#8220;<em>Vincular origen de datos<\/em>&#8221; haciendo clic en el icono de la barra de herramientas de la izquierda y siga las instrucciones. Seleccione la opci\u00f3n &#8220;<em>Los datos se encuentran en un archivo o en el portapapeles<\/em>&#8220;.<\/p>\n<p><a class=\"hover-item\" data-gal=\"prettyPhoto[excel]\" href=\"http:\/\/www.labeljoy.com\/images\/how-to\/print-labels-from-excel\/1-data-source-type.jpg\" target=\"_blank\" rel=\"noopener\"><img decoding=\"async\" src=\"http:\/\/www.labeljoy.com\/images\/how-to\/print-labels-from-excel\/1-data-source-type.jpg\" width=\"500\" height=\"399\" alt=\"Seleccionar el tipo del origen de datos\"><\/a><\/p>\n<p>Seleccione el tipo de archivo, en este caso es un archivo de Excel el que vamos a usar para imprimir las etiquetas, seleccione entonces <em>Excel<\/em>.<\/p>\n<p><a class=\"hover-item\" data-gal=\"prettyPhoto[excel]\" href=\"http:\/\/www.labeljoy.com\/images\/how-to\/print-labels-from-excel\/2-choose-excel-file.jpg\" target=\"_blank\" rel=\"noopener\"><img decoding=\"async\" src=\"http:\/\/www.labeljoy.com\/images\/how-to\/print-labels-from-excel\/2-choose-excel-file.jpg\" width=\"300\" height=\"228\" alt=\"Escoja el archivo de Excel a Imprimir\"><\/a><\/p>\n<p><strong>Seleccione el archivo de Excel<\/strong>  que contiene los datos que desea usar.<\/p>\n<p><a class=\"hover-item\" data-gal=\"prettyPhoto[excel]\" href=\"http:\/\/www.labeljoy.com\/images\/how-to\/print-labels-from-excel\/3-file-selection.jpg\" target=\"_blank\" rel=\"noopener\"><img decoding=\"async\" src=\"http:\/\/www.labeljoy.com\/images\/how-to\/print-labels-from-excel\/3-file-selection.jpg\" width=\"300\" height=\"228\" alt=\"Seleccione el archivo de Excel en su PC\"><\/a><\/p>\n<h2>2 &#8211; Configurar el archivo a importar<\/h2>\n<div class=\"tt-notification warning\">\n<p style=\"font-size:12px\"><strong>NOTA:<\/strong> La configuraci\u00f3n de las cabeceras tiene que ser correcta. Como se muestra en la figura siguiente, el archivo Excel que se va a conectar a la etiqueta contiene las cabeceras en la primera fila.<\/p>\n<\/div>\n<p><a class=\"hover-item\" data-gal=\"prettyPhoto[excel]\" href=\"http:\/\/www.labeljoy.com\/images\/how-to\/print-labels-from-excel\/4-header-row-setting.jpg\" target=\"_blank\" rel=\"noopener\"><img decoding=\"async\" src=\"http:\/\/www.labeljoy.com\/images\/how-to\/print-labels-from-excel\/4-header-row-setting.jpg\" width=\"528\" height=\"228\" alt=\"Configurar la cabecera\"><\/a><\/p>\n<h3>Seleccionar el n\u00famero de etiquetas a imprimir<\/h3>\n<p>El n\u00famero de etiquetas a imprimir se puede especificar para cada fila del fichero Excel. En este caso, se imprime una etiqueta por cada fila del fichero Excel.<\/p>\n<p><a class=\"hover-item\" data-gal=\"prettyPhoto[excel]\" href=\"http:\/\/www.labeljoy.com\/images\/how-to\/print-labels-from-excel\/5a-label-quantity.jpg\" target=\"_blank\" rel=\"noopener\"><img decoding=\"async\" src=\"http:\/\/www.labeljoy.com\/images\/how-to\/print-labels-from-excel\/5a-label-quantity.jpg\" width=\"300\" height=\"228\" alt=\"Establezca la cantidad de etiquetas a ser impresas\"><\/a><\/p>\n<p>Tambi\u00e9n es posible <strong>establecer filtros y ordenar la impresi\u00f3n de las etiquetas<\/strong> sin necesidad de modificar la hoja de Excel, simplemente estableciendo las opciones directamente en Labeljoy.<\/p>\n<p><a class=\"hover-item\" data-gal=\"prettyPhoto[excel]\" href=\"http:\/\/www.labeljoy.com\/images\/how-to\/print-labels-from-excel\/5b-sorting.jpg\" target=\"_blank\" rel=\"noopener\"><img decoding=\"async\" src=\"http:\/\/www.labeljoy.com\/images\/how-to\/print-labels-from-excel\/5b-sorting.jpg\" width=\"300\" height=\"228\" alt=\"Ordenando Etiquetas\"><\/a><\/p>\n<p><a class=\"hover-item\" data-gal=\"prettyPhoto[excel]\" href=\"http:\/\/www.labeljoy.com\/images\/how-to\/print-labels-from-excel\/5c-filter-settings.jpg\" target=\"_blank\" style=\"margin-top:15px\" rel=\"noopener\"><img decoding=\"async\" src=\"http:\/\/www.labeljoy.com\/images\/how-to\/print-labels-from-excel\/5c-filter-settings.jpg\" width=\"300\" height=\"228\" alt=\"Filtrando campos de Excel\"><\/a><\/p>\n<p><strong>Revisi\u00f3n de datos desde Excel<\/strong> que ser\u00e1n incluidos en las etiquetas a ser impresas.<\/p>\n<p><a class=\"hover-item\" data-gal=\"prettyPhoto[excel]\" href=\"http:\/\/www.labeljoy.com\/images\/how-to\/print-labels-from-excel\/6-data-review.jpg\" target=\"_blank\" rel=\"noopener\"><img decoding=\"async\" src=\"http:\/\/www.labeljoy.com\/images\/how-to\/print-labels-from-excel\/6-data-review.jpg\" width=\"300\" height=\"228\" alt=\"Revisi\u00f3n de los datos de la etiqueta desde Excel\"><\/a><\/p>\n<h2>3 &#8211; Crear etiquetas a partir de archivos de Excel<\/h2>\n<p><strong>Haga doble clic en el texto<\/strong> para insertar los datos de Excel en el campo de texto.<\/p>\n<p><a class=\"hover-item\" data-gal=\"prettyPhoto[excel]\" href=\"http:\/\/www.labeljoy.com\/images\/how-to\/print-labels-from-excel\/7-connect-fileds.jpg\" target=\"_blank\" rel=\"noopener\"><img decoding=\"async\" src=\"http:\/\/www.labeljoy.com\/images\/how-to\/print-labels-from-excel\/7-connect-fileds.jpg\" width=\"500\" height=\"399\" alt=\"Conecte los datos de Excel con un campo de Labeljoy\"><\/a><\/p>\n<p>Haciendo clic en el icono &#8220;<em>Campo<\/em>&#8220;, aparecen los nombres de la cabecera del archivo Excel. Haciendo clic en ellos puede a\u00f1adir campos conectados a base de datos de Excel.<\/p>\n<p><a class=\"hover-item\" href=\"http:\/\/www.labeljoy.com\/images\/how-to\/print-labels-from-excel\/8-add-excel-fields.jpg\" target=\"_blank\" rel=\"noopener\"><img decoding=\"async\" src=\"http:\/\/www.labeljoy.com\/images\/how-to\/print-labels-from-excel\/8-add-excel-fields.jpg\" width=\"300\" height=\"228\" alt=\"Agregar Campo de Excel\"><\/a><\/p>\n<p>A continuaci\u00f3n un ejemplo de una posible combinaci\u00f3n de datos de Excel en un campo de texto de Labeljoy.<\/p>\n<p><a class=\"hover-item\" href=\"http:\/\/www.labeljoy.com\/images\/how-to\/print-labels-from-excel\/9-field-from-excel.jpg\" target=\"_blank\" rel=\"noopener\"><img decoding=\"async\" src=\"http:\/\/www.labeljoy.com\/images\/how-to\/print-labels-from-excel\/9-field-from-excel.jpg\" width=\"300\" height=\"228\" alt=\"Campo de la base de datos de Excel\"><\/a><\/p>\n<div class=\"tt-notification tip\">\n<p style=\"font-size:12px\"> <strong>INFO!<\/strong> Tambi\u00e9n es posible asociar los datos de Excel con un campo de c\u00f3digo de barras.<\/p>\n<\/div>\n<h2>4 &#8211; Imprimir etiquetas desde Excel<\/h2>\n<p>Este es el resultado obtenido de asociar el archivo de Excel a un campo de texto usando  Labeljoy.<\/p>\n<p><a class=\"hover-item\" href=\"http:\/\/www.labeljoy.com\/images\/how-to\/print-labels-from-excel\/10-results.jpg\" target=\"_blank\" rel=\"noopener\"><img decoding=\"async\" width=\"1468\" height=\"965\" src=\"http:\/\/www.labeljoy.com\/images\/how-to\/print-labels-from-excel\/10-results.jpg\" alt=\"Etiquetas Imprimibles desde un archivo de Excel\"><\/a><\/p>\n<div class=\"tt-notification tip\">\n<p style=\"font-size:12px\"> <strong>INFO!<\/strong> Descubra c\u00f3mo <a href=\"http:\/\/www.labeljoy.com\/es\/videos\/actualizacion-dinamica\/\" title=\"Actualizaci\u00f3n din\u00e1mica\">actualizar din\u00e1micamente las etiquetas vinculadas a datos<\/a>.<\/p>\n<\/div>\n<p>En pocos pasos puede imprimir etiquetas de direcciones desde Excel y dise\u00f1ar etiquetas con im\u00e1genes, c\u00f3digos de barras, efectos gr\u00e1ficos, im\u00e1genes predise\u00f1adas y logotipos.<\/p>\n<p style=\"text-align: center\"><a class=\"large green tt-button\" href=\"http:\/\/www.labeljoy.com\/es\/download-es\/\">DESCARGA LABELJOY GRATIS<\/a><\/p>\n<div class=\"also-like\">\n<strong>INFO: La importaci\u00f3n de datos desde Excel es muy \u00fatil para crear etiquetas personalizadas como:<\/strong><\/p>\n<ul>\n<li><a href=\"http:\/\/www.labeljoy.com\/es\/plantillas\/etiqueta-nombre\/\" title=\"Etiquetas de nombre\">Etiquetas de nombre<\/a><\/li>\n<li><a href=\"http:\/\/www.labeljoy.com\/es\/plantillas\/etiquetas-correo\/\" title=\"Etiquetas de direcciones\">Etiquetas de direcciones<\/a><\/li>\n<li><a href=\"http:\/\/www.labeljoy.com\/es\/plantillas\/etiqueta-de-precio\/\" title=\"Etiquetas de c\u00f3digo de barras\">Etiquetas de c\u00f3digo de barras<\/a><\/li>\n<\/ul>\n<\/div>\n<p><a href=\"#\" class=\"scrollup\">Scroll<\/a><\/p>\n","protected":false},"excerpt":{"rendered":"<p>Como imprimir etiquetas desde Excel Con Labeljoy, puede imprimir etiquetas importando datos de Excel de forma r\u00e1pida y sencilla. Labeljoy integra la funci\u00f3n de importaci\u00f3n de datos desde bases de datos externas como archivos de texto, archivo de Excel, base de datos mySQL, contactos de Outlook, que permite imprimir f\u00e1cilmente un gran n\u00famero de etiquetas. &#8230; <a title=\"Imprimir etiquetas desde Excel\" class=\"read-more\" href=\"https:\/\/www.labeljoy.com\/es\/soporte\/como-hacer\/imprimir-etiquetas-desde-excel\/\" aria-label=\"Leer m\u00e1s sobre Imprimir etiquetas desde Excel\">Read more<\/a><\/p>\n","protected":false},"author":1,"featured_media":0,"parent":2768,"menu_order":0,"comment_status":"open","ping_status":"closed","template":"","meta":{"inline_featured_image":false,"_monsterinsights_skip_tracking":false,"_monsterinsights_sitenote_active":false,"_monsterinsights_sitenote_note":"","_monsterinsights_sitenote_category":0,"footnotes":""},"class_list":{"0":"post-17422","1":"page","2":"type-page","3":"status-publish","5":"infinite-scroll-item"},"aioseo_notices":[],"_links":{"self":[{"href":"https:\/\/www.labeljoy.com\/es\/wp-json\/wp\/v2\/pages\/17422","targetHints":{"allow":["GET"]}}],"collection":[{"href":"https:\/\/www.labeljoy.com\/es\/wp-json\/wp\/v2\/pages"}],"about":[{"href":"https:\/\/www.labeljoy.com\/es\/wp-json\/wp\/v2\/types\/page"}],"author":[{"embeddable":true,"href":"https:\/\/www.labeljoy.com\/es\/wp-json\/wp\/v2\/users\/1"}],"replies":[{"embeddable":true,"href":"https:\/\/www.labeljoy.com\/es\/wp-json\/wp\/v2\/comments?post=17422"}],"version-history":[{"count":8,"href":"https:\/\/www.labeljoy.com\/es\/wp-json\/wp\/v2\/pages\/17422\/revisions"}],"predecessor-version":[{"id":37421,"href":"https:\/\/www.labeljoy.com\/es\/wp-json\/wp\/v2\/pages\/17422\/revisions\/37421"}],"up":[{"embeddable":true,"href":"https:\/\/www.labeljoy.com\/es\/wp-json\/wp\/v2\/pages\/2768"}],"wp:attachment":[{"href":"https:\/\/www.labeljoy.com\/es\/wp-json\/wp\/v2\/media?parent=17422"}],"curies":[{"name":"wp","href":"https:\/\/api.w.org\/{rel}","templated":true}]}}