{"id":17441,"date":"2012-11-05T10:07:47","date_gmt":"2012-11-05T10:07:47","guid":{"rendered":"http:\/\/www.labeljoy.com\/?page_id=17441"},"modified":"2023-04-26T10:19:35","modified_gmt":"2023-04-26T10:19:35","slug":"recomendaciones-impresion-codigos-barra","status":"publish","type":"page","link":"https:\/\/www.labeljoy.com\/es\/soporte\/como-hacer\/recomendaciones-impresion-codigos-barra\/","title":{"rendered":"Imprimir correctamente c\u00f3digos de barra"},"content":{"rendered":"<h1>Consejos para la impresi\u00f3n de c\u00f3digos de barras<\/h1>\n<p>Antes de imprimir sus c\u00f3digos de barras, hay algunas cosas importantes que considerar. Un c\u00f3digo de barras es v\u00e1lido s\u00f3lo si puede leerse con un esc\u00e1ner de c\u00f3digos de barras. Veamos cu\u00e1les son los factores clave a la hora de imprimir c\u00f3digos de barras y c\u00f3mo Labeljoy puede ayudarle.<\/p>\n<h2>1 \u2013 Elegir el tama\u00f1o correcto<\/h2>\n<p>En primer lugar, debe considerar qui\u00e9n leer\u00e1 sus c\u00f3digos de barras: \u00bfes para uso interno? \u00bfEs para el mercado europeo o el norteamericano? \u00bfEs para env\u00edos? El primer paso es elegir la simbolog\u00eda adecuada, para que cuando sus etiquetas sean le\u00eddas, puedan ser interpretadas correctamente por sus clientes.<\/p>\n<p>Esta tabla deber\u00eda ayudarle a decidir. Muestra las simbolog\u00edas de c\u00f3digos de barras generadas por Labeljoy y el correspondiente \u00e1mbito de uso principal.<\/p>\n<table class=\"tabellabordi\">\n<tbody>\n<tr>\n<td valign=\"top\">\n<p align=\"right\"><strong>EAN 13, EAN 8<\/strong><\/p>\n<\/td>\n<td valign=\"top\">Mercado Europeo<\/td>\n<\/tr>\n<tr>\n<td valign=\"top\">\n<p align=\"right\"><strong>UPC A, UPC E<\/strong><\/p>\n<\/td>\n<td valign=\"top\">Mercado norte Americano (USA, Canad\u00e1)<\/td>\n<\/tr>\n<tr>\n<td valign=\"top\">\n<p align=\"right\"><strong>ITF 14<\/strong><\/p>\n<\/td>\n<td valign=\"top\">Cajas de Env\u00edos<\/td>\n<\/tr>\n<tr>\n<td valign=\"top\">\n<p align=\"right\"><strong>Code 39, Code 39 Ex.<\/strong><\/p>\n<\/td>\n<td valign=\"top\">Departamento de defensa de los estados unidos<\/td>\n<\/tr>\n<tr>\n<td valign=\"top\">\n<p align=\"right\"><strong>Code 93, Code 93 Ex.<\/strong><\/p>\n<\/td>\n<td valign=\"top\">Servicio postal canadiense<\/td>\n<\/tr>\n<tr>\n<td valign=\"top\">\n<p align=\"right\"><strong>Interleaved 2 of 5<\/strong><\/p>\n<\/td>\n<td valign=\"top\">Distribuci\u00f3n, Almacenes, Pel\u00edculas de 135mm<\/td>\n<\/tr>\n<tr>\n<td valign=\"top\">\n<p align=\"right\"><strong>Industrial 2 of 5<\/strong><\/p>\n<\/td>\n<td valign=\"top\">En des-uso: Pasajes a\u00e9reos, fotograf\u00eda, almacenaje<\/td>\n<\/tr>\n<tr>\n<td valign=\"top\">\n<p align=\"right\"><strong>Codabar<\/strong><\/p>\n<\/td>\n<td valign=\"top\">En des-uso: Librer\u00edas, Env\u00edos e industria m\u00e9dica<\/td>\n<\/tr>\n<tr>\n<td valign=\"top\">\n<p align=\"right\"><strong>Code 11<\/strong><\/p>\n<\/td>\n<td valign=\"top\">Telecomunicaciones<\/td>\n<\/tr>\n<tr>\n<td valign=\"top\">\n<p align=\"right\"><strong>Code 128<\/strong><\/p>\n<\/td>\n<td valign=\"top\">Uso general, aceptado globalmente<\/td>\n<\/tr>\n<tr>\n<td valign=\"top\">\n<p align=\"right\"><strong>GS1 128, EAN 128<\/strong><\/p>\n<\/td>\n<td valign=\"top\">GS1 est\u00e1ndar internacional para la industria de env\u00edo y carga<\/td>\n<\/tr>\n<tr>\n<td valign=\"top\">\n<p align=\"right\"><strong>Postnet, Planet<\/strong><\/p>\n<\/td>\n<td valign=\"top\">Servicio postal de los estados unidos<\/td>\n<\/tr>\n<tr>\n<td valign=\"top\">\n<p align=\"right\"><strong>Data Matrix<\/strong><\/p>\n<\/td>\n<td valign=\"top\">Electr\u00f3nica, Departamento de defensa de los estados unidos, Industria Aeroespacial<\/td>\n<\/tr>\n<tr>\n<td valign=\"top\">\n<p align=\"right\"><strong>QR Code<\/strong><\/p>\n<\/td>\n<td valign=\"top\">Publicidad y mercadeo<\/td>\n<\/tr>\n<\/tbody>\n<\/table>\n<p>B\u00e1sicamente si est\u00e1 imprimiendo etiquetas que terminaran en un estante de supermercado, usted debe escoger entre EAN 13 y UPC A (dependiendo donde se encuentra su mercado). Si imprime etiquetas para uso interno, escoja Code 128. Si necesita imprimir gran cantidad de informaci\u00f3n, escoja Data Matrix. Si est\u00e1 imprimiendo una etiqueta publicitaria, escoja C\u00f3digo QR para que sus s\u00edmbolos puedan ser le\u00eddos por un tel\u00e9fono inteligente.<\/p>\n<h2>2 \u2013 Dimensiones<\/h2>\n<p>Cada simbolog\u00eda fue dise\u00f1ada con un conjunto especifico de reglas que no solo regulariza la codificaci\u00f3n (texto que se coinvierte en barras) pero que tambi\u00e9n define el tama\u00f1o de las barras, la distancia entre ellas, el tama\u00f1o del texto legible, la proporci\u00f3n y el tama\u00f1o general del s\u00edmbolo.<\/p>\n<p>S\u00edmbolos Lineares de c\u00f3digo de barra como Code128 est\u00e1n compuestos de los siguientes elementos.<\/p>\n<div><a class=\"hover-item\" data-gal=\"prettyPhoto[bacorde-practicies]\" href=\"http:\/\/www.labeljoy.com\/images\/how-to\/best-practices\/es\/image001.png\"><img decoding=\"async\" src=\"http:\/\/www.labeljoy.com\/images\/how-to\/best-practices\/es\/image001.png\" alt=\"Dimensiones del c\u00f3digo de barra\" width=\"447\" height=\"248\"><\/a><\/div>\n<p>Todos los s\u00edmbolos generados por Labeljoy contienen todos los elementos necesarios para garantizar  una lectura correcta. Debe tomar en cuenta que ya que todos los elementos de las etiquetas pueden ser movidos con libertad, usted sin querer podr\u00eda crear un s\u00edmbolo de c\u00f3digo de barras que no sea f\u00e1cil o hasta imposible de leer. Por ejemplo si el s\u00edmbolo se estira o encoje, entonces las especificaciones del dise\u00f1o original no se cumplir\u00e1n y la lectura podr\u00eda no estar asegurada.<\/p>\n<p>A continuaci\u00f3n mostramos un ejemplo de un s\u00edmbolo de c\u00f3digo de barra defectuoso debido a malas dimensiones:<\/p>\n<p><a class=\"hover-item\" data-gal=\"prettyPhoto[bacorde-practicies]\" href=\"http:\/\/www.labeljoy.com\/images\/how-to\/best-practices\/image002.png\"><img decoding=\"async\" width=\"180\" height=\"203\" src=\"http:\/\/www.labeljoy.com\/images\/how-to\/best-practices\/image002.png\" alt=\"Tama\u00f1o del c\u00f3digo de barra\"><\/a><\/p>\n<p>Labeljoy cuenta con una funcionalidad de tama\u00f1o autom\u00e1tico para los elementos de c\u00f3digo de barra que pueden ayudarlo a crear s\u00edmbolos de c\u00f3digo de barra con las dimensiones correctas. Haga doble clic sobre un elemento de c\u00f3digo de barra y dir\u00edjase a la leng\u00fceta <em>Avanzadas<\/em>. Revise la configuraci\u00f3n de la caja de opciones Modo de Tama\u00f1o: cuando se configura como manual, el c\u00f3digo de barra se puede redimensionar libremente y seria de su responsabilidad definir un tama\u00f1o que permita su lectura.<\/p>\n<p><a class=\"hover-item\" data-gal=\"prettyPhoto[bacorde-practicies]\" href=\"http:\/\/www.labeljoy.com\/images\/how-to\/best-practices\/es\/image003.png\"><img decoding=\"async\" width=\"872\" height=\"568\" src=\"http:\/\/www.labeljoy.com\/images\/how-to\/best-practices\/es\/image003.png\" alt=\"Ajustes avanzados del c\u00f3digo de barra\" style=\"max-width: 600px;\"><\/a><\/p>\n<p>Igualmente, usted puede seleccionar una de los tres modos autom\u00e1ticos para establecer el tama\u00f1o.<\/p>\n<p><a class=\"hover-item\" data-gal=\"prettyPhoto[bacorde-practicies]\" href=\"http:\/\/www.labeljoy.com\/images\/how-to\/best-practices\/es\/image004.png\"><img decoding=\"async\" width=\"872\" height=\"568\" src=\"http:\/\/www.labeljoy.com\/images\/how-to\/best-practices\/es\/image004.png\" alt=\"Modos de tama\u00f1o del c\u00f3digo de barra\" style=\"max-width: 600px;\"><\/a><\/p>\n<p>Cuando <em>Modo de Tama\u00f1o<\/em> se configura a uno de los tres <em>puntos de anclaje<\/em> posibles (Ancla Izquierda, Ancla Central, Ancla Derecha), el tama\u00f1o del elemento del c\u00f3digo de barra ser\u00e1 autom\u00e1ticamente calculado usando las especificaciones de la simbolog\u00eda seleccionada, De esta manera usted podr\u00e1 garantizar  la capacidad de lectura del s\u00edmbolo generado.<\/p>\n<p>En este caso, toda redimensionamiento manual esta deshabilitado: las cajas de texto de el <em>Ancho<\/em> y la <em>Altura<\/em> se deshabilitan y solo podr\u00e1 usar el rat\u00f3n para re posicionarlo pero no para redimensionarlo. Esto garantizar\u00e1:<\/p>\n<ol>\n<li>El s\u00edmbolo codifica datos est\u00e1ticos y usted quiere garantizar que el tama\u00f1o sea el correcto para asegurar una lectura correcta.<\/li>\n<li>El s\u00edmbolo est\u00e1 conectado a una fuente externa de datos que contiene datos de longitud variable, y usted desea que el tama\u00f1o del s\u00edmbolo se estire o encoja de acuerdo a los datos codificados, para que se garantice su lectura.<\/li>\n<\/ol>\n<p>En el \u00faltimo ejemplo, el tama\u00f1o del c\u00f3digo de barra cambia en cada etiqueta, el punto de <em>Ancla<\/em> determinara cual lado del elemento se mantendr\u00e1 Anclado y por ende variar\u00e1:<\/p>\n<ul>\n<li><em>Ancla Izquierda<\/em>: El lado izquierdo se fija y el lado derecho cambiara de acuerdo al contenido.<\/li>\n<li><em>Ancla centro<\/em>: Tanto el lado izquierdo como derecho cambian para preservar el punto medio del elemento.<\/li>\n<li><em>Ancla Derecha<\/em>: El lado derecho del elemento se fija y el lado izquierdo cambia de acuerdo al contenido.<\/li>\n<\/ul>\n<p>Generalmente no deber\u00eda nunca hacer el s\u00edmbolo del c\u00f3digo de barras m\u00e1s peque\u00f1o de su tama\u00f1o por defecto. El dise\u00f1o de su etiqueta requerir\u00e1 hacerlo m\u00e1s bien  un poco m\u00e1s grande, cosa que est\u00e1 bien mientras se mantenga en un l\u00edmite del 20% del tama\u00f1o original por defecto. Tambi\u00e9n tome en cuenta la proporci\u00f3n: cuando modifique el tama\u00f1o de un c\u00f3digo de barra  aseg\u00farese de que est\u00e1 cambiando tanto el largo como el alto proporcionalmente. Algo importante a considerar es el tipo de lector que se estar\u00e1 usando: si se trabaja en un ambiente cerrado, entonces podr\u00e1 probar si los s\u00edmbolos que producen se est\u00e1n leyendo adecuadamente. Pero si est\u00e1 imprimiendo para el mundo exterior aseg\u00farese de mantener las cosas lo m\u00e1s simple posible.<\/p>\n<h2>3 \u2013 Contraste<\/h2>\n<p>Por defecto todos los s\u00edmbolos de c\u00f3digos de barras, sin importar la simbolog\u00eda, son creados con barras negras (o m\u00f3dulos para simbolog\u00edas 2D) en un fondo blanco. Esta combinaci\u00f3n de colores hace que el s\u00edmbolo sea f\u00e1cil de escanear. Cuando los c\u00f3digos de barras se inventaron, los lectores no eran tan sofisticados como los actuales, por lo que una combinaci\u00f3n de alto contraste era necesaria para garantizar una lectura correcta.<\/p>\n<table class=\"tabellabordi\">\n<tbody>\n<tr>\n<td valign=\"top\">\n<p align=\"center\">Los s\u00edmbolos Industrial 2 de 5 con barras negras sobre fondo blanco<\/p>\n<p align=\"center\"><a class=\"hover-item\" data-gal=\"prettyPhoto[bacorde-practicies]\" href=\"http:\/\/www.labeljoy.com\/images\/how-to\/best-practices\/image005.png\"><img decoding=\"async\" width=\"275\" height=\"145\" src=\"http:\/\/www.labeljoy.com\/images\/how-to\/best-practices\/image005.png\" alt=\"C\u00f3digo de barra con fondo blanco\"><\/a><\/p>\n<p align=\"center\">\n<\/td>\n<\/tr>\n<\/tbody>\n<\/table>\n<p>Hoy, las cosas son diferentes: un lector de c\u00f3digo de barras port\u00e1til tiene m\u00e1s poder de procesamiento que 10 computadoras combinadas que se usaban en los 60 y los esc\u00e1neres CCD m\u00e1s recientes son capaces de reconocer elementos mucho m\u00e1s complejos que simples c\u00f3digos de barra.<br \/>\nNo es extra\u00f1o conseguir c\u00f3digos de barras dise\u00f1ados para ajustarse mejor al ambiente grafico al cual pertenece. Labeljoy le permite crear s\u00edmbolos de c\u00f3digo de barra con colores de fondo personalizable hasta con degradaciones as\u00ed como tambi\u00e9n barras de colores:<\/p>\n<table class=\"tabellabordi\">\n<tbody>\n<tr>\n<td valign=\"top\">\n<p align=\"center\">S\u00edmbolo Code 128 con barras azules n fondo blanco.<\/p>\n<p align=\"center\"><a class=\"hover-item\" data-gal=\"prettyPhoto[bacorde-practicies]\" href=\"http:\/\/www.labeljoy.com\/images\/how-to\/best-practices\/image006.png\"><img decoding=\"async\" src=\"http:\/\/www.labeljoy.com\/images\/how-to\/best-practices\/image006.png\" alt=\"C\u00f3digo de barra con barras azules\" width=\"214\" height=\"94\"><\/a><\/p>\n<\/td>\n<\/tr>\n<tr>\n<td valign=\"top\">\n<p align=\"center\">S\u00edmbolo EAN 13 en un fondo rosado<\/p>\n<p align=\"center\"><a class=\"hover-item\" data-gal=\"prettyPhoto[bacorde-practicies]\" href=\"http:\/\/www.labeljoy.com\/images\/how-to\/best-practices\/image007.png\"><img decoding=\"async\" width=\"211\" height=\"147\" src=\"http:\/\/www.labeljoy.com\/images\/how-to\/best-practices\/image007.png\" alt=\"C\u00f3digo de barra con fondo rosado\"><\/a><\/p>\n<\/td>\n<\/tr>\n<tr>\n<td valign=\"top\">\n<p align=\"center\">S\u00edmbolo C\u00f3digo QR con m\u00f3dulos verde oscuro en un fondo degradado.<\/p>\n<p align=\"center\"><a class=\"hover-item\" data-gal=\"prettyPhoto[bacorde-practicies]\" href=\"http:\/\/www.labeljoy.com\/images\/how-to\/best-practices\/image008.png\"><img decoding=\"async\" width=\"111\" height=\"111\" src=\"http:\/\/www.labeljoy.com\/images\/how-to\/best-practices\/image008.png\" alt=\"C\u00f3digo QR con fondo degradado\"><\/a><\/p>\n<\/td>\n<\/tr>\n<\/tbody>\n<\/table>\n<p>&nbsp;<\/p>\n<h2>4 \u2013 Rotaci\u00f3n<\/h2>\n<p>Labeljoy le permite rotar libremente todos los elementos en la p\u00e1gina. Esto sirve tambi\u00e9n para los s\u00edmbolos de los c\u00f3digos. Por ejemplo el dise\u00f1o de la etiqueta podr\u00e1 requerir un elemento de c\u00f3digo de barras rotado en un Angulo de 45 grados:<\/p>\n<p><a class=\"hover-item\" data-gal=\"prettyPhoto[bacorde-practicies]\" href=\"http:\/\/www.labeljoy.com\/images\/how-to\/best-practices\/image009.png\"><img decoding=\"async\" src=\"http:\/\/www.labeljoy.com\/images\/how-to\/best-practices\/image009.png\" alt=\"C\u00f3digo QR rotado\" width=\"357\" height=\"139\"><\/a><\/p>\n<p>No existe problema con esto: esc\u00e1neres de c\u00f3digo de barras y tel\u00e9fonos inteligentes no esperan que los s\u00edmbolos est\u00e9n completamente alineados al Angulo base. Pero recuerde que lo m\u00e1s simple que mantenga el dise\u00f1o mayor son las posibilidades que el c\u00f3digo de barras sea le\u00eddo correctamente en diferentes ambientes de trabajo.<\/p>\n<p>Otra cosa de la cual debe estar atento es que las pantallas tienen una resoluci\u00f3n m\u00e1s baja que cualquier impresora de inyecci\u00f3n de tintas est\u00e1ndar es por ello que el c\u00f3digo de barras pudiera verse extra\u00f1o en la pantalla pero se imprimir\u00e1 correctamente.<\/p>\n<table class=\"tabellabordi\">\n<tbody>\n<tr>\n<td valign=\"top\">\n<p align=\"center\">S\u00edmbolo rotado en la pantalla a 96dpi<\/p>\n<p align=\"center\"><a class=\"hover-item\" data-gal=\"prettyPhoto[bacorde-practicies]\" href=\"http:\/\/www.labeljoy.com\/images\/how-to\/best-practices\/image010.png\"><img decoding=\"async\" width=\"356\" height=\"170\" src=\"http:\/\/www.labeljoy.com\/images\/how-to\/best-practices\/image010.png\" alt=\"S\u00edmbolo rotado a 96dpi\"><\/a><\/p>\n<\/td>\n<\/tr>\n<tr>\n<td valign=\"top\">\n<p align=\"center\">S\u00edmbolo rotado impreso en papel (600 dpi)<\/p>\n<p align=\"center\"><a class=\"hover-item\" data-gal=\"prettyPhoto[bacorde-practicies]\" href=\"http:\/\/www.labeljoy.com\/images\/how-to\/best-practices\/image011.png\"><img decoding=\"async\" src=\"http:\/\/www.labeljoy.com\/images\/how-to\/best-practices\/image011.png\" alt=\"S\u00edmbolo rotado a 600dpi\" width=\"356\" height=\"170\"><\/a><\/p>\n<\/td>\n<\/tr>\n<\/tbody>\n<\/table>\n<p>&nbsp;<\/p>\n<h2>5 \u2013 Impresi\u00f3n<\/h2>\n<p>Imprimir es el elemento m\u00e1s cr\u00edtico en el proceso de creaci\u00f3n de etiquetas de c\u00f3digo de barra. La mayor\u00eda de las veces, la impresi\u00f3n es el punto \u00e1lgido al momento de tener problemas con la lectura de los c\u00f3digos  de barra.<br \/>\nLos s\u00edmbolos de c\u00f3digos de barra lineales son imposibles de leer si solo una l\u00ednea se da\u00f1a o no se imprime correctamente. Esto se debe a que las simbolog\u00edas lineales no implementan ning\u00fan algoritmo de correcci\u00f3n y detecci\u00f3n de errores: todas las barras son necesarias para que el s\u00edmbolo funcione.<\/p>\n<p>De otra manera, las simbolog\u00edas 2D implementan algoritmos de correcci\u00f3n que permite que los esc\u00e1neres puedan leer correctamente un s\u00edmbolo parcialmente da\u00f1ado. Aunque si usted necesita imprimir c\u00f3digos de barra 2D no debe depender en estas capacidades de correcci\u00f3n de errores para asegurar una lectura correcta: siempre busque por el resultado de mayor alta calidad al momento de imprimir.<\/p>\n<p>Es por ello, que presentamos una peque\u00f1a lista de las cosas que debe revisar al momento de imprimir c\u00f3digos de barra:<\/p>\n<ul>\n<li>En una impresora de inyecci\u00f3n de tinta aseg\u00farese que los niveles de tinta son suficientes y que los cabezales de impresi\u00f3n est\u00e9n limpios.<\/li>\n<li>En una impresora laser, aseg\u00farese que los niveles de t\u00f3ner sean suficiente y que los rodillos de impresi\u00f3n se encuentren limpios.<\/li>\n<li>En una impresora de rollo, aseg\u00farese que las cintas de  tinta est\u00e9n trabajando correctamente.<\/li>\n<li>Pruebe si tiene la posibilidad sus c\u00f3digos de barra con un lector antiguo: si trabaja en este las posibilidades de que trabaje en uno m\u00e1s nuevo son altas.<\/li>\n<\/ul>\n<p>Presentamos a continuaci\u00f3n un ejemplo de un c\u00f3digo de barras que no se puede leer correctamente, debido a una mala impresi\u00f3n y por da\u00f1os considerables:<\/p>\n<p><a class=\"hover-item\" data-gal=\"prettyPhoto[bacorde-practicies]\" href=\"http:\/\/www.labeljoy.com\/images\/how-to\/best-practices\/image012.png\"><img decoding=\"async\" width=\"247\" height=\"121\" src=\"http:\/\/www.labeljoy.com\/images\/how-to\/best-practices\/image012.png\" alt=\"C\u00f3digo de barra da\u00f1ado\"><\/a><\/p>\n<p>Y a continuaci\u00f3n una lista total de todos los tipos de dise\u00f1o que discutimos en este tutorial:<\/p>\n<ul>\n<li>Escoja la simbolog\u00eda correcta: base su decisi\u00f3n en los requerimientos del cliente, si es para uso interno, entonces usted es su propio cliente, tome la decisi\u00f3n basado en las capacidades de su infraestructura (tipo de lector, tipo de data a codificar, etc.).<\/li>\n<li>Use el tama\u00f1o por defecto para cada simbolog\u00eda.<\/li>\n<li>Mant\u00e9ngalo simple, a menos de que tenga requerimientos espec\u00edficos use barras negras sobre fondo blanco, y evite el uso de transparencias en el fondo del c\u00f3digo de barras.<\/li>\n<li>Siempre respete la zona muerta: no ponga texto o gr\u00e1ficos muy cerca de los s\u00edmbolos ya que podr\u00eda convertirse en c\u00f3digos de barras no funcionales.<\/li>\n<li>No coloque texto o gr\u00e1ficos sobre el s\u00edmbolo de c\u00f3digo de barras.<\/li>\n<li>Si necesita incluir m\u00e1s de un s\u00edmbolo, aseg\u00farese que existe espacio suficiente entre ellos, de otra manera leer un s\u00edmbolo especifico ser\u00e1 m\u00e1s complicado.<\/li>\n<\/ul>\n<h2>6 \u2013 Aplicando las etiquetas<\/h2>\n<p>Una \u00faltima cosa que discutir es el proceso f\u00edsico del etiquetado que se realiza luego de que la etiqueta ha sido impresa. Algunas veces, aun as\u00ed usted haya seguido todas las reglas, termina con un c\u00f3digo de barras que no se puede leer ya que no se tomo en cuenta, como se colocaron las etiquetas en su producto.<\/p>\n<p>Esta es una lista con los lineamientos que le ayudaran a no cometer los errores m\u00e1s comunes:<\/p>\n<ul>\n<li>Escoja el papel correcto: aseg\u00farese que una vez que la etiqueta salga de la impresora, la tinta este seca para que cuando la manipule no da\u00f1e sin culpa el c\u00f3digo de barras.<\/li>\n<li>Preste atenci\u00f3n al pegamento: existen miles de diferentes tipos de etiquetas en el mercado; algunas tienen pegamento permanente mientras que otras son \u201cquita y pon\u201d. Cuando escoja el papel aseg\u00farese que el pegamento sea el cubra sus necesidades.<\/li>\n<li>Evite la torsi\u00f3n cuando sea posible: si coloca la etiqueta en una jarra peque\u00f1a un c\u00f3digo de barras horizontal podr\u00e1 no ser le\u00eddo. R\u00f3telo a 90 o 270 grados.<\/li>\n<li>Pendiente de los l\u00edquidos: si su etiqueta se utiliza en medios ambientes h\u00famedos o expuesto al clima, existen etiquetas espec\u00edficas que garantizaran la vida \u00fatil de la misma.<\/li>\n<li>Pendiente de envoltorios transparentes: Si sus productos van a ser envueltos con papeles pl\u00e1sticos, pruebe la lectura de las etiquetas a trav\u00e9s de estos materiales.<\/li>\n<\/ul>\n<p><a href=\"#\" class=\"scrollup\">Scroll<\/a><\/p>\n<div class=\"also-like\">\n<strong>Tambi\u00e9n le puede interesar:<\/strong><\/p>\n<ul>\n<li><a href=\"https:\/\/www.labeljoy.com\/generar-codigo-de-barras-gratis\/\" title=\"Generador de c\u00f3digos de barras online\">Generador de c\u00f3digos de barras online<\/a><\/li>\n<\/ul>\n<\/div>\n","protected":false},"excerpt":{"rendered":"<p>Consejos para la impresi\u00f3n de c\u00f3digos de barras Antes de imprimir sus c\u00f3digos de barras, hay algunas cosas importantes que considerar. Un c\u00f3digo de barras es v\u00e1lido s\u00f3lo si puede leerse con un esc\u00e1ner de c\u00f3digos de barras. Veamos cu\u00e1les son los factores clave a la hora de imprimir c\u00f3digos de barras y c\u00f3mo Labeljoy &#8230; <a title=\"Imprimir correctamente c\u00f3digos de barra\" class=\"read-more\" href=\"https:\/\/www.labeljoy.com\/es\/soporte\/como-hacer\/recomendaciones-impresion-codigos-barra\/\" aria-label=\"Leer m\u00e1s sobre Imprimir correctamente c\u00f3digos de barra\">Read more<\/a><\/p>\n","protected":false},"author":1,"featured_media":0,"parent":2768,"menu_order":0,"comment_status":"open","ping_status":"closed","template":"","meta":{"inline_featured_image":false,"_monsterinsights_skip_tracking":false,"_monsterinsights_sitenote_active":false,"_monsterinsights_sitenote_note":"","_monsterinsights_sitenote_category":0,"footnotes":""},"class_list":{"0":"post-17441","1":"page","2":"type-page","3":"status-publish","5":"infinite-scroll-item"},"aioseo_notices":[],"_links":{"self":[{"href":"https:\/\/www.labeljoy.com\/es\/wp-json\/wp\/v2\/pages\/17441","targetHints":{"allow":["GET"]}}],"collection":[{"href":"https:\/\/www.labeljoy.com\/es\/wp-json\/wp\/v2\/pages"}],"about":[{"href":"https:\/\/www.labeljoy.com\/es\/wp-json\/wp\/v2\/types\/page"}],"author":[{"embeddable":true,"href":"https:\/\/www.labeljoy.com\/es\/wp-json\/wp\/v2\/users\/1"}],"replies":[{"embeddable":true,"href":"https:\/\/www.labeljoy.com\/es\/wp-json\/wp\/v2\/comments?post=17441"}],"version-history":[{"count":10,"href":"https:\/\/www.labeljoy.com\/es\/wp-json\/wp\/v2\/pages\/17441\/revisions"}],"predecessor-version":[{"id":39736,"href":"https:\/\/www.labeljoy.com\/es\/wp-json\/wp\/v2\/pages\/17441\/revisions\/39736"}],"up":[{"embeddable":true,"href":"https:\/\/www.labeljoy.com\/es\/wp-json\/wp\/v2\/pages\/2768"}],"wp:attachment":[{"href":"https:\/\/www.labeljoy.com\/es\/wp-json\/wp\/v2\/media?parent=17441"}],"curies":[{"name":"wp","href":"https:\/\/api.w.org\/{rel}","templated":true}]}}