{"id":17453,"date":"2012-10-02T08:58:49","date_gmt":"2012-10-02T08:58:49","guid":{"rendered":"http:\/\/www.labeljoy.com\/?page_id=17453"},"modified":"2026-03-20T11:33:19","modified_gmt":"2026-03-20T11:33:19","slug":"generar-codigos-gs1-128","status":"publish","type":"page","link":"https:\/\/www.labeljoy.com\/es\/soporte\/como-hacer\/generar-codigos-gs1-128\/","title":{"rendered":"Generar c\u00f3digos de barra GS1-128"},"content":{"rendered":"<h1>Generar c\u00f3digos de barra GS1-128<\/h1>\n<p>&#8220;GS1-128 fue definido para proporcionar un est\u00e1ndar global para el intercambio de informaci\u00f3n a lo largo de la cadena de suministro. Este est\u00e1ndar se representa como uno o m\u00e1s s\u00edmbolos de c\u00f3digo de barras que codifican datos y contienen informaci\u00f3n sobre las mercanc\u00edas enviadas, como identificadores \u00fanicos globales, cantidad, peso, fechas de caducidad y mucho m\u00e1s.<br \/>\nGS1-128 no es una simbolog\u00eda de c\u00f3digo de barras, sino una colecci\u00f3n de Identificadores de Aplicaci\u00f3n (AI) que definen piezas espec\u00edficas de informaci\u00f3n y contextos.&#8221;<\/p>\n<p><a title=\"GS1-128 wikipedia\" href=\"http:\/\/en.wikipedia.org\/wiki\/GS1-128\" target=\"_blank\" rel=\"noopener noreferrer\">Lista completa de AI (Identificadores de Aplicaci\u00f3n) de Wikipedia.<\/a><\/p>\n<p>Una vez definida la informaci\u00f3n, se codifica utilizando la simbolog\u00eda de c\u00f3digo de barras C\u00f3digo 128. Se utiliza un car\u00e1cter especial (FNC1) en la parte superior de cada s\u00edmbolo de c\u00f3digo de barras GS1-128 y como car\u00e1cter terminador para los AI de longitud variable.<\/p>\n<p style=\"text-align: center;\"><a class=\"large orange tt-button\" title=\"Software generador codigos barra\" href=\"https:\/\/www.labeljoy.com\/es\/generador-codigos-barra\/\">M\u00e1s informaci\u00f3n acerca del software generador de c\u00f3digo de barras<\/a><\/p>\n<h2>1 \u2013 GS1-128 y Labeljoy<\/h2>\n<p>Labeljoy puede <strong>generar c\u00f3digos de barras GS1-128<\/strong> completamente funcionales (tanto en la versi\u00f3n Full como en la versi\u00f3n de prueba) y resolver\u00e1 la mayor\u00eda de las complicaciones asociadas con la generaci\u00f3n de s\u00edmbolos de c\u00f3digo de barra GS1-128.<\/p>\n<p>Esto incluye:<\/p>\n<ul>\n<li><strong>Introducci\u00f3n de datos simplificada<\/strong><br \/>\nSimplemente introduzca la secuencia AI en formato legible y Labeljoy la validar\u00e1 a trav\u00e9s del motor interno GS1-128 y generar\u00e1 el s\u00edmbolo correspondiente o mostrar\u00e1 un mensaje de error explicando el problema.<\/li>\n<li><strong>Generaci\u00f3n de d\u00edgitos de control en M\u00f3dulo 10<\/strong><br \/>\nSi la AI requiere un d\u00edgito de control, simplemente introduzca un n\u00famero cualquiera. Labeljoy lo sustituir\u00e1 por el correspondiente d\u00edgito de control Modulo-10.<\/li>\n<li><strong>Validador de secuencias AI<\/strong><br \/>\nLa concatenaci\u00f3n de AI est\u00e1 sujeta al cumplimiento de ciertas reglas. Por ejemplo, cuando se utiliza el AI 02 (N\u00famero de contenedores) el s\u00edmbolo debe codificar tambi\u00e9n el AI 00 (C\u00f3digo de serie del contenedor de env\u00edo) o el AI 37 (N\u00famero de unidades contenidas). Labeljoy comprobar\u00e1 opcionalmente si la secuencia AI introducida es totalmente conforme.<\/li>\n<li><strong>Gesti\u00f3n de FNC1<\/strong><br \/>\nEl car\u00e1cter especial FNC1 se a\u00f1ade autom\u00e1ticamente siempre que sea necesario.<\/li>\n<\/ul>\n<p>B\u00e1sicamente, s\u00f3lo tiene que introducir su secuencia de AI y los datos. Por ejemplo, al introducir el texto (00)123456789012345678, Labeljoy crear\u00e1 un s\u00edmbolo de c\u00f3digo de barras GS1-128 que cumplir\u00e1 con el Identificador de Aplicaci\u00f3n (00) C\u00f3digo Serial del Contenedor de Env\u00edo (SSCC)<\/p>\n<p><a class=\"hover-item\" href=\"http:\/\/www.labeljoy.com\/images\/how-to\/gs1-128\/image001.png\" target=\"_blank\" rel=\"noopener noreferrer\" data-gal=\"prettyPhoto[generate-gs1]\"><img decoding=\"async\" width=\"522\" height=\"177\" style=\"max-width: 600px;\" src=\"http:\/\/www.labeljoy.com\/images\/how-to\/gs1-128\/image001.png\" alt=\"Ejemplo GS1-128\" \/><\/a><\/p>\n<p>S\u00edmbolo GS1-128 generado por Labeljoy que codifica el texto (00)123456789012345678, que corresponde a AI 00 (SSCC-18).<br \/>\nObservar que el \u00faltimo d\u00edgito del s\u00edmbolo es el 5 (no el 8) porque es el d\u00edgito de control correcto del m\u00f3dulo 10.<\/p>\n<h2>2 \u2013\u00a0Crear un c\u00f3digo de barra SSCC-18<\/h2>\n<p>Vaya a la <a href=\"https:\/\/www.labeljoy.com\/es\/soporte\/como-hacer\/generar-codigos-de-barra-sscc-18\/\">p\u00e1gina dedicada a <strong>SSCC-18<\/strong><\/a>.<\/p>\n<h2>3 &#8211; El n\u00famero global de art\u00edculo comercial (GTIN)<\/h2>\n<p>GTIN es un n\u00famero que identifica de forma exclusiva un producto en todo el mundo. En el sistema GS1 corresponde a AI 01.<\/p>\n<p>Se compone por 14 d\u00edgitos, el \u00faltimo de los cuales es el d\u00edgito de control.<\/p>\n<p>B\u00e1sicamente, es la versi\u00f3n GS1 del identificador global del producto, ya sea EAN-13, UPC-A, UPC-E, EAN-8 o ITF-14. El n\u00famero GTIN tambi\u00e9n es emitido por las autoridades comerciales locales, que var\u00edan de un pa\u00eds a otro.<\/p>\n<p>Por ejemplo, si usted se encuentra en Norteam\u00e9rica, lo m\u00e1s probable es que su producto se identifique globalmente con un n\u00famero UPC-A de 12 d\u00edgitos. Para convertir esta informaci\u00f3n en la versi\u00f3n GS1, basta con anteponer dos ceros a este n\u00famero. Si est\u00e1 en Europa, su producto estar\u00e1 identificado por un n\u00famero \u00fanico EAN-13. En este caso, deber\u00e1 anteponer un \u00fanico cero para convertirlo en un n\u00famero compatible con GTIN.<\/p>\n<p>Tenga en cuenta que el prefijo cero de su ID existente no afecta al d\u00edgito de control del m\u00f3dulo-10. Labeljoy lo comprobar\u00e1 de todos modos, pero probablemente no cambiar\u00e1 nada.<\/p>\n<p>En este ejemplo, suponemos que somos una empresa europea cuyo producto tiene el siguiente n\u00famero de identificaci\u00f3n global EAN-13: 2003659821451.<\/p>\n<p>Lo convertiremos en un n\u00famero GTIN a\u00f1adiendo el n\u00famero AI correspondiente y anteponiendo un cero para conseguir el n\u00famero correcto de d\u00edgitos: (01)02003659821451.<br \/>\nAhora, si introduce este n\u00famero en Labeljoy mientras la opci\u00f3n &#8220;Comprobar secuencia AI&#8221; est\u00e1 marcada, obtendr\u00e1 lo siguiente:<\/p>\n<p><a class=\"hover-item\" href=\"http:\/\/www.labeljoy.com\/images\/how-to\/gs1-128\/es\/image004.png\" data-gal=\"prettyPhoto[generate-gs1]\"><img decoding=\"async\" width=\"347\" height=\"262\" style=\"max-width: 600px;\" src=\"http:\/\/www.labeljoy.com\/images\/how-to\/gs1-128\/es\/image004.png\" alt=\"Error de Labeljoy para c\u00f3digo de barra GTIN\" \/><\/a><\/p>\n<p>Labeljoy detect\u00f3 que este particular AI no puede ser utilizado por s\u00ed solo, ya que no tendr\u00eda significado en el mundo GS1. AI 01 fue concebido para ser utilizado con por lo menos otro AI con informaci\u00f3n adicional del producto.<\/p>\n<p>Por ejemplo, podr\u00edamos a\u00f1adir informaci\u00f3n sobre el peso, las dimensiones o la cantidad de art\u00edculos enviados.<\/p>\n<p>A\u00f1adimos entonces el n\u00famero AI 30 (n\u00famero de art\u00edculos), que indica el n\u00famero de art\u00edculos incluidos en la unidad de env\u00edo.<br \/>\nSuponemos que se env\u00edan 1200 unidades de nuestro producto.<\/p>\n<p>Como el AI 30 tiene una longitud variable, no tenemos que a\u00f1adir ceros. El texto que introducimos tiene el siguiente aspecto: (01)02003659821451(30)1200.<br \/>\nEn t\u00e9rminos de lenguaje GS1, esta unidad de env\u00edo contiene 1200 unidades del art\u00edculo EAN-13 2003659821451.<\/p>\n<p><a class=\"hover-item\" href=\"http:\/\/www.labeljoy.com\/images\/how-to\/gs1-128\/es\/image005.png\" data-gal=\"prettyPhoto[generate-gs1]\"><img decoding=\"async\" width=\"872\" height=\"567\" style=\"max-width: 600px;\" src=\"http:\/\/www.labeljoy.com\/images\/how-to\/gs1-128\/es\/image005.png\" alt=\"Configuraci\u00f3n de c\u00f3digo de barras GS1 128 \" \/><\/a><\/p>\n<p>Labeljoy valida el texto, no encuentra ning\u00fan tipo de problema y genera el siguiente s\u00edmbolo de c\u00f3digo de barras<\/p>\n<p><a class=\"hover-item\" href=\"http:\/\/www.labeljoy.com\/images\/how-to\/gs1-128\/image006.png\" data-gal=\"prettyPhoto[generate-gs1]\"><img decoding=\"async\" width=\"475\" height=\"161\" class=\"aligncenter\" style=\"max-width: 600px;\" src=\"http:\/\/www.labeljoy.com\/images\/how-to\/gs1-128\/image006.png\" alt=\"C\u00f3digo de barra GTIN GS1\" \/><\/a><\/p>\n<p style=\"text-align: center;\"><a href=\"http:\/\/www.labeljoy.com\/images\/how-to\/gs1-128\/GS1-128b.lpa\" class=\"large green tt-button\" target=\"_self\">\u00a0Descarga este archivo Labeljoy <\/a>\n<h2>4 \u2013\u00a0Ejemplo de la vida real<\/h2>\n<p>Ahora creamos una verdadera etiqueta de log\u00edstica siguiendo las directrices de GS1.<\/p>\n<p>Comenzaremos configurando a Labeljoy para crear una etiqueta de 105mm por 148mm (como lo indica el documento GS1 en su p\u00e1gina nro. 24):<\/p>\n<p><a class=\"hover-item\" href=\"http:\/\/www.labeljoy.com\/images\/how-to\/gs1-128\/es\/image007.png\" data-gal=\"prettyPhoto[generate-gs1]\"><img decoding=\"async\" width=\"872\" height=\"566\" style=\"max-width: 600px;\" src=\"http:\/\/www.labeljoy.com\/images\/how-to\/gs1-128\/es\/image007.png\" alt=\"Configuraci\u00f3n de etiqueta personalizada\" \/><\/a><\/p>\n<p>Tome en cuenta que el tama\u00f1o de la p\u00e1gina es un poco m\u00e1s grande pata dejar espacio para los m\u00e1rgenes. La disposici\u00f3n debe ser creada tomando en cuenta los requerimientos del papel y de la impresora.<\/p>\n<p>Ahora agregaremos todos los elementos para imitar la etiqueta log\u00edstica encontrada en la p\u00e1gina 14 del documento GS1:<\/p>\n<p><a class=\"hover-item\" href=\"http:\/\/www.labeljoy.com\/images\/how-to\/gs1-128\/es\/image008.png\" data-gal=\"prettyPhoto[generate-gs1]\"><img decoding=\"async\" width=\"1194\" height=\"1016\" style=\"max-width: 600px;\" src=\"http:\/\/www.labeljoy.com\/images\/how-to\/gs1-128\/es\/image008.png\" alt=\"Ejemplo real GS1-128\" \/><\/a><\/p>\n<p>&nbsp;<\/p>\n<p style=\"text-align: center;\"><a href=\"http:\/\/www.labeljoy.com\/images\/how-to\/gs1-128\/GS1-128c.lpa\" class=\"large green tt-button\" target=\"_self\">\u00a0Descargue este archivo Labeljoy <\/a>\n<p>Esta es una etiqueta log\u00edstica t\u00edpica conteniendo tres grupos de informaci\u00f3n: proveedor, cliente, transportista.<br \/>\nLa secci\u00f3n superior contiene la informaci\u00f3n del env\u00edo, la secci\u00f3n del medio contiene informaci\u00f3n en texto simple, y la secci\u00f3n inferior s\u00edmbolos de c\u00f3digo de barra.<\/p>\n<h2>5 \u2013\u00a0Conectar Datos<\/h2>\n<p>Si los datos representables en su etiqueta GS1 est\u00e1n ubicados en alguna fuente de datos externa (un archivo de Excel o Access, Servidor SQL, MySQL, etc.) necesitara conectar su archivo Labeljoy a la fuente de datos y enlazar cada elemento al conjunto de datos subrayados. Por favor refi\u00e9rase a <a title=\"Cargar datos desde Excel\" href=\"http:\/\/www.labeljoy.com\/es\/videos\/cargar-datos-desde-excel\/\">este video tutorial\u00a0para conocer m\u00e1s detalles<\/a>.<\/p>\n<p>Para nuestro ejemplo utilizaremos un archivo de Excel:<\/p>\n<p><a class=\"hover-item\" href=\"http:\/\/www.labeljoy.com\/images\/how-to\/gs1-128\/es\/image009.png\" data-gal=\"prettyPhoto[generate-gs1]\"><img decoding=\"async\" width=\"1518\" height=\"223\" style=\"max-width: 600px;\" src=\"http:\/\/www.labeljoy.com\/images\/how-to\/gs1-128\/es\/image009.png\" alt=\"Archivo de Excel a conectar\" \/><\/a><\/p>\n<p>Tambi\u00e9n, no toda la informaci\u00f3n que necesitamos en nuestra etiqueta esta lista para ser agregada a los elementos, alguna de ella necesita ser calculada concatenando elementos existentes, veremos como se puede hacer esto con Labeljoy.<\/p>\n<p>Pero primero enlacemos nuestra etiqueta con la fuente de datos. Podr\u00edamos usar El asistente de Datos tambi\u00e9n, pero por ahora configuraremos la conexi\u00f3n manual entrando en el formulario <em>Configuraciones de grupo<\/em>:<\/p>\n<p><a class=\"hover-item\" href=\"http:\/\/www.labeljoy.com\/images\/how-to\/gs1-128\/es\/image010.png\" data-gal=\"prettyPhoto[generate-gs1]\"><img decoding=\"async\" width=\"774\" height=\"589\" style=\"max-width: 600px;\" src=\"http:\/\/www.labeljoy.com\/images\/how-to\/gs1-128\/es\/image010.png\" alt=\"Configuraci\u00f3n de Importaci\u00f3n del archivo de Excel\" \/><\/a><\/p>\n<p>Una vez los datos se hayan cargado, la leng\u00fceta <em>Filtrar y Ordenar<\/em>, debe mostrar una tabla con los campos y la informaci\u00f3n le\u00edda desde el archivo de Excel:<\/p>\n<p><a class=\"hover-item\" href=\"http:\/\/www.labeljoy.com\/images\/how-to\/gs1-128\/es\/image011.png\" data-gal=\"prettyPhoto[generate-gs1]\"><img decoding=\"async\" width=\"774\" height=\"588\" style=\"max-width: 600px;\" src=\"http:\/\/www.labeljoy.com\/images\/how-to\/gs1-128\/es\/image011.png\" alt=\"Filtrar y ordenar un archivo de Excel\" \/><\/a><\/p>\n<p>Confirmando que el enlace a la fuente de datos es correcta, La pagina de botones en la caja de herramientas superior, se activa. Tenemos una sola etiqueta por p\u00e1gina y como nuestra fuente de datos contiene 7 registros, Labeljoy nos permite desplazarnos a trav\u00e9s de 7 p\u00e1ginas, 1 fila por p\u00e1gina.<\/p>\n<p>Ahora debemos enlazar cada elemento variable de la etiqueta con el campo correspondiente de la fuente de datos.<br \/>\nComencemos con el campo ZIP grande en el \u00e1rea de la esquina superior derecha:<\/p>\n<p><a class=\"hover-item\" href=\"http:\/\/www.labeljoy.com\/images\/how-to\/gs1-128\/es\/image012.png\" data-gal=\"prettyPhoto[generate-gs1]\"><img decoding=\"async\" width=\"1920\" height=\"1018\" style=\"max-width: 600px;\" src=\"http:\/\/www.labeljoy.com\/images\/how-to\/gs1-128\/es\/image012.png\" alt=\"C\u00f3digo de barra GS1 128 desde un archivo de Excel\" \/><\/a><\/p>\n<p>Como puede ver, haciendo clic en el bot\u00f3n <em>Campo <\/em>se muestra un men\u00fa con la lista de los campos disponibles. En este caso necesitamos concatenar el <em>Prefijo y C\u00f3digo Postal<\/em>, seleccionando ambos uno detr\u00e1s del otro.<\/p>\n<p><a class=\"hover-item\" href=\"http:\/\/www.labeljoy.com\/images\/how-to\/gs1-128\/es\/image013.png\" data-gal=\"prettyPhoto[generate-gs1]\"><img decoding=\"async\" width=\"871\" height=\"567\" style=\"max-width: 600px;\" src=\"http:\/\/www.labeljoy.com\/images\/how-to\/gs1-128\/es\/image013.png\" alt=\"Campo en la etiqueta de c\u00f3digo de barras\" \/><\/a><\/p>\n<p>Ahora, vamos a trabajar con la direcci\u00f3n de destino, la direcci\u00f3n del remitente se mantendr\u00e1 igual, ya que siempre ser\u00e1 la misma compa\u00f1\u00eda la que env\u00eda, podemos dejar entonces el campo <em>De<\/em>: de manera est\u00e1tica<br \/>\nEl campo <em>Para<\/em>: puede ser concatenado de la siguiente manera:<\/p>\n<p><a class=\"hover-item\" href=\"http:\/\/www.labeljoy.com\/images\/how-to\/gs1-128\/es\/image014.png\" data-gal=\"prettyPhoto[generate-gs1]\"><img decoding=\"async\" width=\"872\" height=\"567\" style=\"max-width: 600px;\" src=\"http:\/\/www.labeljoy.com\/images\/how-to\/gs1-128\/es\/image014.png\" alt=\"Conectando datos\" \/><\/a><\/p>\n<p>Tome en cuenta el s\u00edmbolo numeral entre los campos <em>Prefijo y C\u00f3digo postal<\/em> y tambi\u00e9n del espacio entre <em>C\u00f3digo postal y Ciudad<\/em>.<\/p>\n<p>Los campos <em>Transportista, n\u00famero de orden y Peso bruto<\/em> pueden ser enlazados directamente a los campos correspondientes de la fuente de datos, no se requiere de ninguna concatenaci\u00f3n adicional.<\/p>\n<p>El campo <em>Fecha de env\u00edo<\/em> necesita de especial atenci\u00f3n: debemos tambi\u00e9n definir el <em>formato <\/em>como la fecha ser\u00e1 mostrada. Como lo expresado en la etiqueta log\u00edstica esta fecha debe estar en el formato <em>YYYY-MM-DD<\/em>. Labeljoy nos permite definir formatos especiales para cada elemento agregado a un campo.<\/p>\n<p>Haga doble clic en el elemento <em>Fecha de Env\u00edo<\/em>, enl\u00e1celo al campo <em>Fecha de env\u00edo<\/em>, y haga un clic sobre el enlace del campo de texto para mostrar el formulario <em>Modificaci\u00f3n de campo<\/em>:<\/p>\n<p>Seleccione el campo <em>Cantidad<\/em> de la lista desplegable:<\/p>\n<p><a class=\"hover-item\" href=\"http:\/\/www.labeljoy.com\/images\/how-to\/gs1-128\/es\/image015.png\" data-gal=\"prettyPhoto[generate-gs1]\"><img decoding=\"async\" width=\"871\" height=\"567\" style=\"max-width: 600px;\" src=\"http:\/\/www.labeljoy.com\/images\/how-to\/gs1-128\/es\/image015.png\" alt=\"Configuraci\u00f3n del campo Fecha de env\u00edo\" \/><\/a><\/p>\n<p>Como puede observa hemos introducido el formato correcto en el campo de texto <em>Formato<\/em>. Esto har\u00e1 que Labeljoy muestre la fecha en el formato necesario.<br \/>\nContinuado, el campo <em>Enviar a C\u00f3digo postal<\/em> es la concatenaci\u00f3n de los campos <em>ISO 3366<\/em> y <em>C\u00f3digo Postal<\/em>.<\/p>\n<p>La misma concatenaci\u00f3n debe introducirse en elemento de c\u00f3digo de barra correspondiente, solo que debemos prefijar todo con el texto est\u00e1tico <em>(421)<\/em> para que Labeljoy lo trate como AI 421:<\/p>\n<p><a class=\"hover-item\" href=\"http:\/\/www.labeljoy.com\/images\/how-to\/gs1-128\/es\/image016.png\" data-gal=\"prettyPhoto[generate-gs1]\"><img decoding=\"async\" width=\"871\" height=\"568\" style=\"max-width: 600px;\" src=\"http:\/\/www.labeljoy.com\/images\/how-to\/gs1-128\/es\/image016.png\" alt=\"Enviar a C\u00f3digo Postal GS1 128 \" \/><\/a><\/p>\n<p>El texto debe ser concatenado al texto est\u00e1tico <em>0<\/em> (Prefijo) <em>3453128<\/em> (un identificador de compa\u00f1\u00eda de 7 d\u00edgitos inventado), el valor le\u00eddo del campo SSCC y manejar el digito de verificaci\u00f3n.<\/p>\n<p>Ahora, como <em>prefijo + Identificador de Compa\u00f1\u00eda + Digito de Verificaci\u00f3n<\/em> suma un total de 9 d\u00edgitos, necesitamos asegurarnos que el valor que se lea desde la fuente de datos para el campo <em>SSCC <\/em>se le a\u00f1adan ceros a la izquierda para que el total d\u00edgitos siempre sea igual a 18.<\/p>\n<p>Haga doble clic sobre el elemento de texto SSCC e introduzca el texto est\u00e1tico <em>03453128<\/em>. Ahora haga clic sobre el bot\u00f3n <em>Campo<\/em> y seleccione el campo <em>SSCC<\/em>. Finalmente, haga clic en el bot\u00f3n <em>Referencia <\/em>y seleccione <em>Verificaci\u00f3n Modulo-10<\/em>.<\/p>\n<p>Ahora haga clic en el campo gris SSCC para mostrar sus propiedades. En el <em>Formato<\/em> del campo introduzca <em>000000000<\/em> (9 ceros). De esta manera LabelJoy colocara ceros a la izquierda hasta que tenga un n\u00famero total de 9 d\u00edgitos. Esto tambi\u00e9n le permitir\u00e1, manejar correctamente la \u00faltima fila de datos que es de 5 d\u00edgitos en vez de los 4 d\u00edgitos como todas las dem\u00e1s filas.<\/p>\n<p><a class=\"hover-item\" href=\"http:\/\/www.labeljoy.com\/images\/how-to\/gs1-128\/es\/image017.png\" data-gal=\"prettyPhoto[generate-gs1]\"><img decoding=\"async\" width=\"872\" height=\"585\" style=\"max-width: 600px;\" src=\"http:\/\/www.labeljoy.com\/images\/how-to\/gs1-128\/es\/image017.png\" alt=\"Configuraci\u00f3n Modulo-10\" \/><\/a><\/p>\n<p>La referencia <em>Verificaci\u00f3n Modulo-10<\/em> agrega un digito de verificaci\u00f3n a la secuencia num\u00e9rica inmediatamente despu\u00e9s del punto de inserci\u00f3n.<\/p>\n<p>Para el elemento de c\u00f3digo de barra SSCC podr\u00edamos hacer exactamente lo mismo. Solo necesitar\u00edamos anteponer todo con el texto (<em>00<\/em>) para que Labeljoy lo trate con AI 00.<\/p>\n<p>Con el \u00e1nimo de la demostraci\u00f3n, lo haremos de manera diferente. Ya que Labeljoy sabe que este un elemento de c\u00f3digo de barra GS1-128 SSCC, no necesitamos a\u00f1adir la Verificaci\u00f3n Modulo-10 al final de la secuencia, solo agregaremos un 0 est\u00e1tico que ser\u00e1 convertido autom\u00e1ticamente en el digito de <em>verificaci\u00f3n Modulo-10<\/em> correcto.<\/p>\n<p><a class=\"hover-item\" href=\"http:\/\/www.labeljoy.com\/images\/how-to\/gs1-128\/es\/image018.png\" data-gal=\"prettyPhoto[generate-gs1]\"><img decoding=\"async\" width=\"872\" height=\"568\" style=\"max-width: 600px;\" src=\"http:\/\/www.labeljoy.com\/images\/how-to\/gs1-128\/es\/image018.png\" alt=\"Configuraci\u00f3n SSCC\" \/><\/a><\/p>\n<p>El resultado final es un trabajo de impresi\u00f3n de 7 p\u00e1ginas listo para ser impreso:<\/p>\n<p style=\"text-align: center;\"><a href=\"http:\/\/www.labeljoy.com\/images\/how-to\/gs1-128\/GS1-128d.zip\" class=\"large green tt-button\" target=\"_self\">\u00a0Descargue este archivo Labeljoy <\/a>\n<p>&nbsp;<\/p>\n<table border=\"0\" width=\"100%\" cellspacing=\"20\" cellpadding=\"20\">\n<tbody>\n<tr>\n<td>\u00a0<a class=\"hover-item\" href=\"http:\/\/www.labeljoy.com\/images\/how-to\/gs1-128\/image019.png\" data-gal=\"prettyPhoto[generate-gs1]\"><img decoding=\"async\" src=\"http:\/\/www.labeljoy.com\/images\/how-to\/gs1-128\/image019.png\" alt=\"Resultado final 1\" width=\"234\" height=\"329\" \/><\/a><\/td>\n<td>\u00a0<a class=\"hover-item\" href=\"http:\/\/www.labeljoy.com\/images\/how-to\/gs1-128\/image020.png\" data-gal=\"prettyPhoto[generate-gs1]\"><img decoding=\"async\" src=\"http:\/\/www.labeljoy.com\/images\/how-to\/gs1-128\/image020.png\" alt=\"Resultado final 2\" width=\"234\" height=\"329\" \/><\/a><\/td>\n<\/tr>\n<tr>\n<td>\u00a0<a class=\"hover-item\" href=\"http:\/\/www.labeljoy.com\/images\/how-to\/gs1-128\/image021.png\" data-gal=\"prettyPhoto[generate-gs1]\"><img decoding=\"async\" src=\"http:\/\/www.labeljoy.com\/images\/how-to\/gs1-128\/image021.png\" alt=\"Resultado final 3\" width=\"234\" height=\"329\" \/><\/a><\/td>\n<td>\u00a0<a class=\"hover-item\" href=\"http:\/\/www.labeljoy.com\/images\/how-to\/gs1-128\/image022.png\" data-gal=\"prettyPhoto[generate-gs1]\"><img decoding=\"async\" src=\"http:\/\/www.labeljoy.com\/images\/how-to\/gs1-128\/image022.png\" alt=\"Resultado final 4\" width=\"234\" height=\"329\" \/><\/a><\/td>\n<\/tr>\n<tr>\n<td>\u00a0<a class=\"hover-item\" href=\"http:\/\/www.labeljoy.com\/images\/how-to\/gs1-128\/image023.png\" data-gal=\"prettyPhoto[generate-gs1]\"><img decoding=\"async\" src=\"http:\/\/www.labeljoy.com\/images\/how-to\/gs1-128\/image023.png\" alt=\"Resultado final 5\" width=\"234\" height=\"329\" \/><\/a><\/td>\n<td>\u00a0<a class=\"hover-item\" href=\"http:\/\/www.labeljoy.com\/images\/how-to\/gs1-128\/image024.png\" data-gal=\"prettyPhoto[generate-gs1]\"><img decoding=\"async\" src=\"http:\/\/www.labeljoy.com\/images\/how-to\/gs1-128\/image024.png\" alt=\"Resultado final 6\" width=\"234\" height=\"329\" \/><\/a><\/td>\n<\/tr>\n<tr>\n<td>\u00a0<a class=\"hover-item\" href=\"http:\/\/www.labeljoy.com\/images\/how-to\/gs1-128\/image025.png\" data-gal=\"prettyPhoto[generate-gs1]\"><img decoding=\"async\" src=\"http:\/\/www.labeljoy.com\/images\/how-to\/gs1-128\/image025.png\" alt=\"Resultado final 7\" width=\"234\" height=\"329\" \/><\/a><\/td>\n<td><\/td>\n<\/tr>\n<\/tbody>\n<\/table>\n<p>&nbsp;<\/p>\n<div class=\"also-like\">\n<p><strong>Tambi\u00e9n le puede interesar:<\/strong><\/p>\n<ul>\n<li><a title=\"Generar C\u00f3digo de Barras\" href=\"http:\/\/www.labeljoy.com\/es\/videos\/generar-qr-codigo-de-barras\/\">Video para generar C\u00f3digo de barra y C\u00f3digo QR<\/a><\/li>\n<li><a title=\"Software generador de C\u00f3digos de Barra\" href=\"https:\/\/www.labeljoy.com\/es\/generador-codigos-barra\/\">Software de Etiquetas para C\u00f3digo QR<\/a><\/li>\n<\/ul>\n<\/div>\n<p><a class=\"scrollup\" href=\"#\">Scroll<\/a><\/p>\n","protected":false},"excerpt":{"rendered":"<p>Generar c\u00f3digos de barra GS1-128 &#8220;GS1-128 fue definido para proporcionar un est\u00e1ndar global para el intercambio de informaci\u00f3n a lo largo de la cadena de suministro. Este est\u00e1ndar se representa como uno o m\u00e1s s\u00edmbolos de c\u00f3digo de barras que codifican datos y contienen informaci\u00f3n sobre las mercanc\u00edas enviadas, como identificadores \u00fanicos globales, cantidad, peso, &#8230; <a title=\"Generar c\u00f3digos de barra GS1-128\" class=\"read-more\" href=\"https:\/\/www.labeljoy.com\/es\/soporte\/como-hacer\/generar-codigos-gs1-128\/\" aria-label=\"Leer m\u00e1s sobre Generar c\u00f3digos de barra GS1-128\">Read more<\/a><\/p>\n","protected":false},"author":1,"featured_media":0,"parent":2768,"menu_order":16,"comment_status":"closed","ping_status":"closed","template":"","meta":{"inline_featured_image":false,"_monsterinsights_skip_tracking":false,"_monsterinsights_sitenote_active":false,"_monsterinsights_sitenote_note":"","_monsterinsights_sitenote_category":0,"footnotes":""},"class_list":{"0":"post-17453","1":"page","2":"type-page","3":"status-publish","5":"infinite-scroll-item"},"aioseo_notices":[],"_links":{"self":[{"href":"https:\/\/www.labeljoy.com\/es\/wp-json\/wp\/v2\/pages\/17453","targetHints":{"allow":["GET"]}}],"collection":[{"href":"https:\/\/www.labeljoy.com\/es\/wp-json\/wp\/v2\/pages"}],"about":[{"href":"https:\/\/www.labeljoy.com\/es\/wp-json\/wp\/v2\/types\/page"}],"author":[{"embeddable":true,"href":"https:\/\/www.labeljoy.com\/es\/wp-json\/wp\/v2\/users\/1"}],"replies":[{"embeddable":true,"href":"https:\/\/www.labeljoy.com\/es\/wp-json\/wp\/v2\/comments?post=17453"}],"version-history":[{"count":19,"href":"https:\/\/www.labeljoy.com\/es\/wp-json\/wp\/v2\/pages\/17453\/revisions"}],"predecessor-version":[{"id":45214,"href":"https:\/\/www.labeljoy.com\/es\/wp-json\/wp\/v2\/pages\/17453\/revisions\/45214"}],"up":[{"embeddable":true,"href":"https:\/\/www.labeljoy.com\/es\/wp-json\/wp\/v2\/pages\/2768"}],"wp:attachment":[{"href":"https:\/\/www.labeljoy.com\/es\/wp-json\/wp\/v2\/media?parent=17453"}],"curies":[{"name":"wp","href":"https:\/\/api.w.org\/{rel}","templated":true}]}}