{"id":17467,"date":"2012-09-14T12:51:43","date_gmt":"2012-09-14T12:51:43","guid":{"rendered":"http:\/\/www.labeljoy.com\/?page_id=17467"},"modified":"2022-05-18T07:24:01","modified_gmt":"2022-05-18T07:24:01","slug":"imprimir-con-impresoras-rollo","status":"publish","type":"page","link":"https:\/\/www.labeljoy.com\/es\/soporte\/como-hacer\/imprimir-con-impresoras-rollo\/","title":{"rendered":"Imprimir con impresoras de rollo"},"content":{"rendered":"<h1>Imprimir con impresoras de rollo<\/h1>\n<p>Las impresoras de Rollo son la mejor elecci\u00f3n si usted tiene un alto volumen de etiquetas que imprimir. El costo por etiqueta es com\u00fanmente menor, y al tener una impresora dedicada evitara muchos de los inconvenientes relacionados t\u00edpicamente a trabajar con impresoras est\u00e1ndar, como tener que cargar el papel adecuado al momento de imprimir etiquetas.<\/p>\n<p>Si usted trabaja con impresoras de rollo este tutorial le ayudara a entender los pasos requeridos para configurar correctamente a Labeljoy para imprimir en la impresora de rollo.<\/p>\n<p style=\"text-align:center\"><a href=\"http:\/\/www.labeljoy.com\/es\/videos\/imprimir-con-impresora-rollo\/\" title=\"Imprimir impresora de rollo - Video\" class=\"large orange tt-button\">Video: imprimir con impresoras di rollo<\/a><\/p>\n<p>Crearemos una etiqueta t\u00edpica para uso interno con texto y un c\u00f3digo de barras y la imprimiremos con una impresora de rollo Zebra TLP 3842.<\/p>\n<p><a class=\"hover-item\" data-gal=\"prettyPhoto[rollo]\" title=\"Impresora de rollo Zebra TLP 3842\" href=\"http:\/\/www.labeljoy.com\/images\/how-to\/roll-printer\/roll-print001.jpg\"><img decoding=\"async\" src=\"http:\/\/www.labeljoy.com\/images\/how-to\/roll-printer\/roll-print001.jpg\" alt=\"Impresora de rollo Zebra TLP 3842\" width=\"200\" height=\"200\"><\/a><\/p>\n<p><span style=\"font-size: 8pt\">Impresora de rollo Zebra TLP 3842<\/span><\/p>\n<p>&nbsp;<\/p>\n<h2>1 \u2013 Definir la distribuci\u00f3n<\/h2>\n<p>Las impresoras de rollo consideran cada etiqueta como una sola p\u00e1gina, por lo que la distribuci\u00f3n del papel debe establecerse en 1 columna y 1 l\u00ednea, seg\u00fan el tama\u00f1o de la etiqueta, incluyendo los m\u00e1rgenes.<br \/>\nEn este tutorial utilizaremos un rollo de etiquetas de 5 por 3 cm con un margen horizontal de 0,15 cm en cada lado.<\/p>\n<p><a class=\"hover-item\" data-gal=\"prettyPhoto[rollo]\" title=\"Ejemplo del Rollo\" href=\"http:\/\/www.labeljoy.com\/images\/how-to\/roll-printer\/roll-print002.png\"><img decoding=\"async\" src=\"http:\/\/www.labeljoy.com\/images\/how-to\/roll-printer\/roll-print002.png\" alt=\"Ejemplo del Rollo\" width=\"162\" height=\"162\"><\/a><\/p>\n<p><span style=\"font-size: 8pt\">Un rollo de etiquetas de 5 x 3 cm.<\/span><\/p>\n<p>Tenga en cuenta que tambi\u00e9n hay un espacio vertical entre cada etiqueta. En este caso no se tiene en cuenta, porque el controlador de la impresora utiliza \u00e9ste espacio para detectar la posici\u00f3n inicial y final de cada etiqueta<br \/>\nEsta operaci\u00f3n normalmente requiere algunos retoques ya que cada impresora se comporta de forma diferente y puede ser necesario hacer pruebas.<\/p>\n<p>La distribuci\u00f3n para este escenario espec\u00edfico deber\u00eda ser \u00e9sta:<\/p>\n<p><a class=\"hover-item\" data-gal=\"prettyPhoto[rollo]\" title=\"Definir la disposici\u00f3n\" href=\"http:\/\/www.labeljoy.com\/images\/how-to\/roll-printer\/roll-print003.png\"><img decoding=\"async\" src=\"http:\/\/www.labeljoy.com\/images\/how-to\/roll-printer\/roll-print003.png\" alt=\"Definir la disposici\u00f3n\" width=\"509\" height=\"386\"><\/a><\/p>\n<p>Como puede observar, en el marco de la pagina hemos seleccionado el tama\u00f1o del papel como <em>Definido por el usuario<\/em> y hemos colocado todo el ancho de la etiqueta (incluyendo los m\u00e1rgenes) y el alto total (excluyendo el espacio entre etiquetas).<\/p>\n<p>En el marco <em>Etiquetas <\/em>colocamos 0.15cm como m\u00e1rgenes izquierdo y derecho, y 0.00 cm como m\u00e1rgenes superior e inferior.<br \/>\nUna vez que confirmemos los cambios, Labeljoy debe mostrar una sola etiqueta como se muestra a continuaci\u00f3n:<\/p>\n<p><a class=\"hover-item\" data-gal=\"prettyPhoto[rollo]\" title=\"Disposici\u00f3n de la etiqueta\" href=\"http:\/\/www.labeljoy.com\/images\/how-to\/roll-printer\/roll-print004.png\"><img decoding=\"async\" src=\"http:\/\/www.labeljoy.com\/images\/how-to\/roll-printer\/roll-print004.png\" alt=\"Disposici\u00f3n de la etiqueta\" width=\"645\" height=\"460\"><\/a><\/p>\n<p>&nbsp;<\/p>\n<h2>2 \u2013 Dise\u00f1ando la etiqueta<\/h2>\n<p>Ahora necesitaremos agregar todos los elementos que se imprimir\u00e1n en la etiqueta. Este proceso es muy simple: solo seleccione el tipo de elemento de la caja de herramientas de la izquierda y dibuje un rect\u00e1ngulo en el \u00e1rea donde quiera que se ubique el elemento. Luego haga doble clic sobre cada elemento para definir sus propiedades.<\/p>\n<p>Recuerde que, dependiendo del valor del zoom que est\u00e9 usando, estar\u00e1 viendo las cosas m\u00e1s grandes de lo que aparecer\u00e1n en la etiqueta f\u00edsica.<\/p>\n<p>Este es nuestro resultado final: una etiqueta t\u00edpica de un centro de producci\u00f3n de reparaciones, con diferentes piezas de informaci\u00f3n incluyendo un n\u00famero de serial y un c\u00f3digo de barra.<\/p>\n<p><a class=\"hover-item\" data-gal=\"prettyPhoto[rollo]\" title=\"Etiqueta lista para imprimir con una impresora de rollo\" href=\"http:\/\/www.labeljoy.com\/images\/how-to\/roll-printer\/roll-print005.png\"><img decoding=\"async\" src=\"http:\/\/www.labeljoy.com\/images\/how-to\/roll-printer\/roll-print005.png\" alt=\"Etiqueta lista para imprimir con una impresora de rollo\" width=\"645\" height=\"460\"><\/a><\/p>\n<p style=\"text-align: center\"><a href=\"http:\/\/www.labeljoy.com\/images\/how-to\/roll-printer\/production.lpa\" class=\"large green tt-button\" target=\"_self\"> Descargue este archivo Labeljoy <\/a>\n<p>&nbsp;<\/p>\n<h2>3 \u2013 Conectar Datos<\/h2>\n<p>Si usted desea imprimir un lo te de etiquetas con datos, necesita definir una fuente de datos en Labeljoy. Por favor refi\u00e9rase a <a href=\"http:\/\/www.labeljoy.com\/es\/videos\/cargar-datos-desde-excel\/\" title=\"Cargar datos desde Excel\">este video tutorial<\/a>&nbsp;para aprender todos los detalles.<\/p>\n<p>Una vez que la fuente de datos est\u00e9 conectada, edite cada elemento para asegurarse que la data se leer\u00e1 apropiada mente de la fuente de datos en cuesti\u00f3n, haciendo clic en el bot\u00f3n <em>Campo<\/em> y creando la concatenaci\u00f3n correcta de textos.<\/p>\n<p><a class=\"hover-item\" data-gal=\"prettyPhoto[rollo]\" href=\"http:\/\/www.labeljoy.com\/images\/how-to\/roll-printer\/roll-print006.png\"><img decoding=\"async\" width=\"700\" height=\"460\" src=\"http:\/\/www.labeljoy.com\/images\/how-to\/roll-printer\/roll-print006.png\" alt=\"Concatenaci\u00f3n de texto\"><\/a><\/p>\n<p>Recuerde que este es un proyecto de 1 etiqueta por p\u00e1gina, as\u00ed que si su fuente de datos contiene 300 filas, Labeljoy lo manejara como un proyecto de 300 p\u00e1ginas. Esto significa que para desplazarse a cada etiqueta debe interactuar con los botones de p\u00e1gina en la caja de herramientas superior, y pasar las etiquetas como si fuesen paginas.<\/p>\n<p><a href=\"#\" class=\"scrollup\">Scroll<\/a><\/p>\n","protected":false},"excerpt":{"rendered":"<p>Imprimir con impresoras de rollo Las impresoras de Rollo son la mejor elecci\u00f3n si usted tiene un alto volumen de etiquetas que imprimir. El costo por etiqueta es com\u00fanmente menor, y al tener una impresora dedicada evitara muchos de los inconvenientes relacionados t\u00edpicamente a trabajar con impresoras est\u00e1ndar, como tener que cargar el papel adecuado &#8230; <a title=\"Imprimir con impresoras de rollo\" class=\"read-more\" href=\"https:\/\/www.labeljoy.com\/es\/soporte\/como-hacer\/imprimir-con-impresoras-rollo\/\" aria-label=\"Leer m\u00e1s sobre Imprimir con impresoras de rollo\">Read more<\/a><\/p>\n","protected":false},"author":1,"featured_media":0,"parent":2768,"menu_order":16,"comment_status":"open","ping_status":"closed","template":"","meta":{"inline_featured_image":false,"_monsterinsights_skip_tracking":false,"_monsterinsights_sitenote_active":false,"_monsterinsights_sitenote_note":"","_monsterinsights_sitenote_category":0,"footnotes":""},"class_list":{"0":"post-17467","1":"page","2":"type-page","3":"status-publish","5":"infinite-scroll-item"},"aioseo_notices":[],"_links":{"self":[{"href":"https:\/\/www.labeljoy.com\/es\/wp-json\/wp\/v2\/pages\/17467","targetHints":{"allow":["GET"]}}],"collection":[{"href":"https:\/\/www.labeljoy.com\/es\/wp-json\/wp\/v2\/pages"}],"about":[{"href":"https:\/\/www.labeljoy.com\/es\/wp-json\/wp\/v2\/types\/page"}],"author":[{"embeddable":true,"href":"https:\/\/www.labeljoy.com\/es\/wp-json\/wp\/v2\/users\/1"}],"replies":[{"embeddable":true,"href":"https:\/\/www.labeljoy.com\/es\/wp-json\/wp\/v2\/comments?post=17467"}],"version-history":[{"count":9,"href":"https:\/\/www.labeljoy.com\/es\/wp-json\/wp\/v2\/pages\/17467\/revisions"}],"predecessor-version":[{"id":37471,"href":"https:\/\/www.labeljoy.com\/es\/wp-json\/wp\/v2\/pages\/17467\/revisions\/37471"}],"up":[{"embeddable":true,"href":"https:\/\/www.labeljoy.com\/es\/wp-json\/wp\/v2\/pages\/2768"}],"wp:attachment":[{"href":"https:\/\/www.labeljoy.com\/es\/wp-json\/wp\/v2\/media?parent=17467"}],"curies":[{"name":"wp","href":"https:\/\/api.w.org\/{rel}","templated":true}]}}