{"id":17573,"date":"2013-09-20T10:58:20","date_gmt":"2013-09-20T10:58:20","guid":{"rendered":"http:\/\/www.labeljoy.com\/?page_id=17573"},"modified":"2021-03-28T16:03:08","modified_gmt":"2021-03-28T16:03:08","slug":"etiquetas-cerveza","status":"publish","type":"page","link":"https:\/\/www.labeljoy.com\/es\/plantillas\/etiquetas-cerveza\/","title":{"rendered":"Etiquetas para cerveza"},"content":{"rendered":"<h1>Plantillas de etiquetas para cerveza<\/h1>\n<p>Labeljoy le permitir\u00e1 <strong>crear su propia plantilla para etiquetas de cerveza<\/strong> en pocos minutos. Dise\u00f1ar su etiqueta con Labeljoy es f\u00e1cil y no necesita conocimientos de dise\u00f1o de ninguna manera.<\/p>\n<p><img decoding=\"async\" src=\"http:\/\/www.labeljoy.com\/label-templates\/beer\/beer-labels.jpg\" width=\"670\" height=\"218\" alt=\"Etiquetas para cerveza\" class=\"aligncenter\" \/><\/p>\n<h2>Haga su propia botella de cerveza<\/h2>\n<p>Las etiquetas son el alma de la compa\u00f1\u00eda, por que la hace reconocible, Es muy importante, y especialmente en el campo de la cerveza, tener la posibilidad de <em>dise\u00f1ar su propia etiqueta de cerveza<\/em>.<\/p>\n<div class=\"one_half\">\n<h3>Etiquetas de cervezas Caseras<\/h3>\n<p>Labeljoy es adecuado para artesanos que producen cerveza en casa.<\/p>\n<ul>\n<li><strong>Descargue plantillas de cervezas<\/strong> y personal\u00edcelas.<\/li>\n<li><strong>Ajuste el tama\u00f1o<\/strong> o escoja de disposiciones pre instaladas.<\/li>\n<li><strong>Agregue Fotos<\/strong> desde su disco duro.<\/li>\n<li><strong>Imprima las etiquetas<\/strong> en papel adhesivo con su impresora casera.<\/li>\n<\/ul>\n<\/div>\n<div class=\"one_half\">\n<h3>Etiquetas de cerveza Profesionales<\/h3>\n<p>El software de etiquetas Labeljoy tambi\u00e9n es adecuado para <strong>productores profesionales de etiquetas<\/strong>.<\/p>\n<ul>\n<li><strong>Ajuste el tama\u00f1o y personalice la forma<\/strong>: cuadrada, ovalada, redonda. <\/li>\n<li><strong>Agregue el logo de la compa\u00f1\u00eda<\/strong>, textos, efectos gr\u00e1ficos, im\u00e1genes predise\u00f1adas. <\/li>\n<li><a href=\"http:\/\/www.labeljoy.com\/es\/videos\/conectar-fuentes-datos-externos\/\" title=\"Fuentes De Datos Externas\">Importe datos<\/a> de bases de datos externas. <\/li>\n<li>Agregue <a href=\"http:\/\/www.labeljoy.com\/es\/generador-codigos-barra\/\" title=\"Software generador de C\u00f3digos de Barra\">C\u00f3digo de barra autom\u00e1ticamente creado<\/a> por el programa. <\/li>\n<li><strong>Exporte las etiquetas de cerveza<\/strong> para ser enviadas ala tipograf\u00eda. <\/li>\n<\/ul>\n<\/div>\n<div class=\"column-clear\"> <\/div>\n<h2>Video tutorial: c\u00f3mo personalizar la distribuci\u00f3n de su etiqueta<\/h2>\n<p>Con Labeljoy puede personalizar el formato y la distribuci\u00f3n de sus etiquetas. Descubra c\u00f3mo en unos pocos clics con nuestro video tutorial.<br \/>\n\n<div class=\"youtube-embed\" itemprop=\"video\" itemscope itemtype=\"https:\/\/schema.org\/VideoObject\">\n\t<meta itemprop=\"url\" content=\"https:\/\/www.youtube.com\/v\/TlVIn2_JjH4\" \/>\n\t<meta itemprop=\"name\" content=\"Etiquetas para cerveza\" \/>\n\t<meta itemprop=\"description\" content=\"Etiquetas para cerveza\" \/>\n\t<meta itemprop=\"uploadDate\" content=\"2013-09-20T10:58:20+00:00\" \/>\n\t<meta itemprop=\"thumbnailUrl\" content=\"https:\/\/i.ytimg.com\/vi\/TlVIn2_JjH4\/default.jpg\" \/>\n\t<meta itemprop=\"embedUrl\" content=\"https:\/\/www.youtube.com\/embed\/TlVIn2_JjH4\" \/>\n\t<meta itemprop=\"height\" content=\"385\" \/>\n\t<meta itemprop=\"width\" content=\"640\" \/>\n\t<iframe style=\"border: 0;\" class=\"youtube-player\" width=\"640\" height=\"385\" src=\"https:\/\/www.youtube.com\/embed\/TlVIn2_JjH4?modestbranding=1&fs=0&rel=0&loop=1&color=white&playlist=TlVIn2_JjH4\"><\/iframe>\n<\/div>\n\n<br \/>\n<div class=\"one_third\"> <div class=\"img-frame full-fourth\"><div class=\"lightbox-zoom\"><a title=\"Etiquetas de cervezas Bock\" href=\"http:\/\/www.labeljoy.com\/label-templates\/beer\/beer1b.jpg\" data-gal=\"prettyPhoto[cerveza]\" class=\"hover-item\"><img decoding=\"async\" width=\"197\" height=\"133\" alt=\"Etiquetas de cervezas Bock\" src=\"https:\/\/www.labeljoy.com\/wp-content\/plugins\/sterling-shortcodes\/\/timthumb\/timthumb.php?src=http:\/\/www.labeljoy.com\/label-templates\/beer\/beer1s.jpg&#038;h=133&#038;w=197\"><\/a><\/div><\/div>\n<p style=\"text-align: center\"><a href=\"http:\/\/www.labeljoy.com\/label-templates\/beer\/beer1.lpa\" class=\"small white tt-button\" target=\"_self\"> Download <\/a>\n<\/div>\n<div class=\"one_third\"> <div class=\"img-frame full-fourth\"><div class=\"lightbox-zoom\"><a title=\"Plantillas personalizables de etiquetas de cerveza\" href=\"http:\/\/www.labeljoy.com\/label-templates\/beer\/beer2b.jpg\" data-gal=\"prettyPhoto[cerveza]\" class=\"hover-item\"><img decoding=\"async\" width=\"197\" height=\"133\" alt=\"Plantillas personalizables de etiquetas de cerveza\" src=\"https:\/\/www.labeljoy.com\/wp-content\/plugins\/sterling-shortcodes\/\/timthumb\/timthumb.php?src=http:\/\/www.labeljoy.com\/label-templates\/beer\/beer2s.jpg&#038;h=133&#038;w=197\"><\/a><\/div><\/div>\n<p style=\"text-align: center\"><a href=\"http:\/\/www.labeljoy.com\/label-templates\/beer\/beer2.lpa\" class=\"small white tt-button\" target=\"_self\"> Download <\/a>\n<\/div>\n<div class=\"one_third\"> <div class=\"img-frame full-fourth\"><div class=\"lightbox-zoom\"><a title=\"Etiquetas de cervezas clara\" href=\"http:\/\/www.labeljoy.com\/label-templates\/beer\/beer3b.jpg\" data-gal=\"prettyPhoto[cerveza]\" class=\"hover-item\"><img decoding=\"async\" width=\"197\" height=\"133\" alt=\"Etiquetas de cervezas clara\" src=\"https:\/\/www.labeljoy.com\/wp-content\/plugins\/sterling-shortcodes\/\/timthumb\/timthumb.php?src=http:\/\/www.labeljoy.com\/label-templates\/beer\/beer3s.jpg&#038;h=133&#038;w=197\"><\/a><\/div><\/div>\n<p style=\"text-align: center\"><a href=\"http:\/\/www.labeljoy.com\/label-templates\/beer\/beer3.lpa\" class=\"small white tt-button\" target=\"_self\"> Download <\/a>\n<\/div>\n<div class=\"hr hr-dotted\">&nbsp;<\/div>\n<div class=\"one_third\"> <div class=\"img-frame full-fourth\"><div class=\"lightbox-zoom\"><a title=\"Etiquetas de cervezas Ale\" href=\"http:\/\/www.labeljoy.com\/label-templates\/beer\/beer4b.jpg\" data-gal=\"prettyPhoto[cerveza]\" class=\"hover-item\"><img decoding=\"async\" width=\"197\" height=\"133\" alt=\"Etiquetas de cervezas Ale\" src=\"https:\/\/www.labeljoy.com\/wp-content\/plugins\/sterling-shortcodes\/\/timthumb\/timthumb.php?src=http:\/\/www.labeljoy.com\/label-templates\/beer\/beer4s.jpg&#038;h=133&#038;w=197\"><\/a><\/div><\/div>\n<p style=\"text-align: center\"><a href=\"http:\/\/www.labeljoy.com\/label-templates\/beer\/beer4.lpa\" class=\"small white tt-button\" target=\"_self\"> Download <\/a>\n<\/div>\n<div class=\"one_third\"> <div class=\"img-frame full-fourth\"><div class=\"lightbox-zoom\"><a title=\"Plantillas personalizables de etiquetas de cerveza\" href=\"http:\/\/www.labeljoy.com\/label-templates\/beer\/beer5b.jpg\" data-gal=\"prettyPhoto[cerveza]\" class=\"hover-item\"><img decoding=\"async\" width=\"197\" height=\"133\" alt=\"Plantillas personalizables de etiquetas de cerveza\" src=\"https:\/\/www.labeljoy.com\/wp-content\/plugins\/sterling-shortcodes\/\/timthumb\/timthumb.php?src=http:\/\/www.labeljoy.com\/label-templates\/beer\/beer5s.jpg&#038;h=133&#038;w=197\"><\/a><\/div><\/div>\n<p style=\"text-align: center\"><a href=\"http:\/\/www.labeljoy.com\/label-templates\/beer\/beer5.lpa\" class=\"small white tt-button\" target=\"_self\"> Download <\/a>\n<\/div>\n<div class=\"one_third\"> <div class=\"img-frame full-fourth\"><div class=\"lightbox-zoom\"><a title=\"Etiqueta personalizada para cerveza\" href=\"http:\/\/www.labeljoy.com\/label-templates\/beer\/beer6b.jpg\" data-gal=\"prettyPhoto[cerveza]\" class=\"hover-item\"><img decoding=\"async\" width=\"197\" height=\"133\" alt=\"Etiqueta personalizada para cerveza\" src=\"https:\/\/www.labeljoy.com\/wp-content\/plugins\/sterling-shortcodes\/\/timthumb\/timthumb.php?src=http:\/\/www.labeljoy.com\/label-templates\/beer\/beer6s.jpg&#038;h=133&#038;w=197\"><\/a><\/div><\/div>\n<p style=\"text-align: center\"><a href=\"http:\/\/www.labeljoy.com\/label-templates\/beer\/beer6.lpa\" class=\"small white tt-button\" target=\"_self\"> Download <\/a>\n<\/div>\n<div class=\"hr hr-dotted\">&nbsp;<\/div>\n<div class=\"one_third\"> <div class=\"img-frame full-fourth\"><div class=\"lightbox-zoom\"><a title=\"Etiquetas para botellas de cervezas\" href=\"http:\/\/www.labeljoy.com\/label-templates\/beer\/beer7b.jpg\" data-gal=\"prettyPhoto[cerveza]\" class=\"hover-item\"><img decoding=\"async\" width=\"197\" height=\"133\" alt=\"Etiquetas para botellas de cervezas\" src=\"https:\/\/www.labeljoy.com\/wp-content\/plugins\/sterling-shortcodes\/\/timthumb\/timthumb.php?src=http:\/\/www.labeljoy.com\/label-templates\/beer\/beer7s.jpg&#038;h=133&#038;w=197\"><\/a><\/div><\/div>\n<p style=\"text-align: center\"><a href=\"http:\/\/www.labeljoy.com\/label-templates\/beer\/beer7.lpa\" class=\"small white tt-button\" target=\"_self\"> Download <\/a>\n<\/div>\n<div class=\"one_third\"> <div class=\"img-frame full-fourth\"><div class=\"lightbox-zoom\"><a title=\"Etiqueta Profesional de cerveza \" href=\"http:\/\/www.labeljoy.com\/label-templates\/beer\/beer8b.jpg\" data-gal=\"prettyPhoto[cerveza]\" class=\"hover-item\"><img decoding=\"async\" width=\"197\" height=\"133\" alt=\"Etiqueta Profesional de cerveza \" src=\"https:\/\/www.labeljoy.com\/wp-content\/plugins\/sterling-shortcodes\/\/timthumb\/timthumb.php?src=http:\/\/www.labeljoy.com\/label-templates\/beer\/beer8s.jpg&#038;h=133&#038;w=197\"><\/a><\/div><\/div>\n<p style=\"text-align: center\"><a href=\"http:\/\/www.labeljoy.com\/label-templates\/beer\/beer8.lpa\" class=\"small white tt-button\" target=\"_self\"> Download <\/a>\n<\/div>\n<div class=\"one_third\"> <div class=\"img-frame full-fourth\"><div class=\"lightbox-zoom\"><a title=\"etiqueta oval de la cerveza\" href=\"http:\/\/www.labeljoy.com\/label-templates\/beer\/beer9b.jpg\" data-gal=\"prettyPhoto[cerveza]\" class=\"hover-item\"><img decoding=\"async\" width=\"197\" height=\"133\" alt=\"etiqueta oval de la cerveza\" src=\"https:\/\/www.labeljoy.com\/wp-content\/plugins\/sterling-shortcodes\/\/timthumb\/timthumb.php?src=http:\/\/www.labeljoy.com\/label-templates\/beer\/beer9s.jpg&#038;h=133&#038;w=197\"><\/a><\/div><\/div>\n<p style=\"text-align: center\"><a href=\"http:\/\/www.labeljoy.com\/label-templates\/beer\/beer9.lpa\" class=\"small white tt-button\" target=\"_self\"> Download <\/a>\n<\/div>\n<div class=\"hr hr-dotted\">&nbsp;<\/div>\n<div class=\"one_third\"> <div class=\"img-frame full-fourth\"><div class=\"lightbox-zoom\"><a title=\"etiqueta redonda de cerveza.\" href=\"http:\/\/www.labeljoy.com\/label-templates\/beer\/beer10b.jpg\" data-gal=\"prettyPhoto[cerveza]\" class=\"hover-item\"><img decoding=\"async\" width=\"197\" height=\"133\" alt=\"etiqueta redonda de cerveza.\" src=\"https:\/\/www.labeljoy.com\/wp-content\/plugins\/sterling-shortcodes\/\/timthumb\/timthumb.php?src=http:\/\/www.labeljoy.com\/label-templates\/beer\/beer10s.jpg&#038;h=133&#038;w=197\"><\/a><\/div><\/div>\n<p style=\"text-align: center\"><a href=\"http:\/\/www.labeljoy.com\/label-templates\/beer\/beer10.lpa\" class=\"small white tt-button\" target=\"_self\"> Download <\/a>\n<\/div>\n<div class=\"one_third\"> <\/div>\n<div class=\"one_third\"> <\/div>\n<div class=\"hr hr-dotted\">&nbsp;<\/div>\n<div class=\"one_half\">\n<p style=\"text-align: center\"><a href=\"\/es\/comprar\/\" class=\"large blue tt-button\" target=\"\"> Compra Software  <\/a>\n<\/div>\n<div class=\"one_half\">\n<p style=\"text-align: center\"><a href=\"\/es\/download-es\/\" class=\"large green tt-button\" target=\"\"> Descarga versi\u00f3n gratuita  <\/a>\n<\/div>\n","protected":false},"excerpt":{"rendered":"<p>Plantillas de etiquetas para cerveza Labeljoy le permitir\u00e1 crear su propia plantilla para etiquetas de cerveza en pocos minutos. Dise\u00f1ar su etiqueta con Labeljoy es f\u00e1cil y no necesita conocimientos de dise\u00f1o de ninguna manera. Haga su propia botella de cerveza Las etiquetas son el alma de la compa\u00f1\u00eda, por que la hace reconocible, Es &#8230; <a title=\"Etiquetas para cerveza\" class=\"read-more\" href=\"https:\/\/www.labeljoy.com\/es\/plantillas\/etiquetas-cerveza\/\" aria-label=\"Leer m\u00e1s sobre Etiquetas para cerveza\">Read more<\/a><\/p>\n","protected":false},"author":1,"featured_media":0,"parent":2789,"menu_order":0,"comment_status":"open","ping_status":"closed","template":"page-template-left-sidebar.php","meta":{"inline_featured_image":false,"_monsterinsights_skip_tracking":false,"_monsterinsights_sitenote_active":false,"_monsterinsights_sitenote_note":"","_monsterinsights_sitenote_category":0,"footnotes":""},"class_list":{"0":"post-17573","1":"page","2":"type-page","3":"status-publish","5":"infinite-scroll-item"},"aioseo_notices":[],"_links":{"self":[{"href":"https:\/\/www.labeljoy.com\/es\/wp-json\/wp\/v2\/pages\/17573","targetHints":{"allow":["GET"]}}],"collection":[{"href":"https:\/\/www.labeljoy.com\/es\/wp-json\/wp\/v2\/pages"}],"about":[{"href":"https:\/\/www.labeljoy.com\/es\/wp-json\/wp\/v2\/types\/page"}],"author":[{"embeddable":true,"href":"https:\/\/www.labeljoy.com\/es\/wp-json\/wp\/v2\/users\/1"}],"replies":[{"embeddable":true,"href":"https:\/\/www.labeljoy.com\/es\/wp-json\/wp\/v2\/comments?post=17573"}],"version-history":[{"count":10,"href":"https:\/\/www.labeljoy.com\/es\/wp-json\/wp\/v2\/pages\/17573\/revisions"}],"predecessor-version":[{"id":35532,"href":"https:\/\/www.labeljoy.com\/es\/wp-json\/wp\/v2\/pages\/17573\/revisions\/35532"}],"up":[{"embeddable":true,"href":"https:\/\/www.labeljoy.com\/es\/wp-json\/wp\/v2\/pages\/2789"}],"wp:attachment":[{"href":"https:\/\/www.labeljoy.com\/es\/wp-json\/wp\/v2\/media?parent=17573"}],"curies":[{"name":"wp","href":"https:\/\/api.w.org\/{rel}","templated":true}]}}