{"id":17583,"date":"2012-11-21T11:30:53","date_gmt":"2012-11-21T11:30:53","guid":{"rendered":"http:\/\/www.labeljoy.com\/?page_id=17583"},"modified":"2020-12-16T18:08:54","modified_gmt":"2020-12-16T18:08:54","slug":"etiqueta-codigo-barra","status":"publish","type":"page","link":"https:\/\/www.labeljoy.com\/es\/plantillas\/etiqueta-codigo-barra\/","title":{"rendered":"Etiquetas de C\u00f3digo de barra"},"content":{"rendered":"<h1>Etiquetas de c\u00f3digo de barra<\/h1>\n<p>Con Labeljoy <strong>crear c\u00f3digos de barra y C\u00f3digos QR<\/strong> es muy simple.<\/p>\n<h2>Imprima sus c\u00f3digos de barra profesionales en pocos pasos<\/h2>\n<p>Labeljoy, el <a href=\"http:\/\/www.labeljoy.com\/es\/generador-codigos-barra\/\" title=\"Software generador de  C\u00f3digos de Barra\">programa de etiquetas de c\u00f3digo de barras<\/a>, le permite generar autom\u00e1ticamente 21 tipos de c\u00f3digos de barra con unos pocos clics, vea el <a href=\"http:\/\/www.labeljoy.com\/es\/videos\/generar-qr-codigo-de-barras\/\" title=\"Generar C\u00f3digo de Barras\">tutorial acerca c\u00f3digo de barras<\/a> o lea la gu\u00eda que le mostrara paso a paso como es el proceso que le permitir\u00e1 <em>crear su propio c\u00f3digo de barra profesional<\/em> o su <a href=\"http:\/\/www.labeljoy.com\/es\/soporte\/como-hacer\/crear-etiqueta-precios\/\" title=\"Crear etiquetas de precio\">Etiqueta de precio personalizada<\/a>.<\/p>\n<p>Una de las funciones de Labeljoy es la posibilidad de <a href=\"http:\/\/www.labeljoy.com\/es\/soporte\/como-hacer\/imprimir-etiquetas-desde-excel\/\" title=\"Imprimir etiquetas desde Excel\">importar c\u00f3digos de barras de bases de datos externas<\/a> desde diferentes formatos como Outlook, Bases de datos Excel, archivos de texto, y muchos m\u00e1s.<\/p>\n<p>Esto le permitir\u00e1 crear c\u00f3digos de barra tomando los datos de fuentes de datos externas.<\/p>\n<h3>Etiquetas de c\u00f3digo de barras completas listas para imprimir<\/h3>\n<p>Labeljoy le permite imprimir etiquetas de c\u00f3digo de barra agregando lo que usted desee:<\/p>\n<div class=\"one_third\">\n<ul>\n<li>Textos<\/li>\n<li>Im\u00e1genes<\/li>\n<li><a href=\"http:\/\/www.labeljoy.com\/es\/soporte\/generar-codigo-barras\/\" title=\"C\u00f3digo de barras\">C\u00f3digos de barras<\/a><\/li>\n<\/ul>\n<\/div>\n<div class=\"one_third\">\n<ul>\n<li><a href=\"http:\/\/www.labeljoy.com\/es\/qr-code-es\/\" title=\"QR Code\">C\u00f3digos QR<\/a><\/li>\n<li>Datos de bases de datos externas<\/li>\n<li>Efectos gr\u00e1ficos<\/li>\n<\/ul>\n<\/div>\n<div class=\"one_third\">\n<\/div>\n<div class=\"column-clear\"><\/div>\n<div class=\"one_third\"> <div class=\"img-frame full-fourth\"><div class=\"lightbox-zoom\"><a title=\"Etiquetas de c\u00f3digo de barras\" href=\"http:\/\/www.labeljoy.com\/label-templates\/barcode\/barcode1b.jpg\" data-gal=\"prettyPhoto[codigo-barra]\" class=\"hover-item\"><img decoding=\"async\" width=\"197\" height=\"133\" alt=\"Etiquetas de c\u00f3digo de barras\" src=\"https:\/\/www.labeljoy.com\/wp-content\/plugins\/sterling-shortcodes\/\/timthumb\/timthumb.php?src=http:\/\/www.labeljoy.com\/label-templates\/barcode\/barcode1s.jpg&#038;h=133&#038;w=197\"><\/a><\/div><\/div>\n<p style=\"text-align: center\"><a href=\"http:\/\/www.labeljoy.com\/label-templates\/barcode\/barcode1.lpa\" class=\"small white tt-button\" target=\"_self\"> Download <\/a>\n<\/div>\n<div class=\"one_third\"> <div class=\"img-frame full-fourth\"><div class=\"lightbox-zoom\"><a title=\"Etiquetas de precio con c\u00f3digo de barra\" href=\"http:\/\/www.labeljoy.com\/label-templates\/barcode\/barcode2b.jpg\" data-gal=\"prettyPhoto[codigo-barra]\" class=\"hover-item\"><img decoding=\"async\" width=\"197\" height=\"133\" alt=\"Etiquetas de precio con c\u00f3digo de barra\" src=\"https:\/\/www.labeljoy.com\/wp-content\/plugins\/sterling-shortcodes\/\/timthumb\/timthumb.php?src=http:\/\/www.labeljoy.com\/label-templates\/barcode\/barcode2s.jpg&#038;h=133&#038;w=197\"><\/a><\/div><\/div>\n<p style=\"text-align: center\"><a href=\"http:\/\/www.labeljoy.com\/label-templates\/barcode\/barcode2.lpa\" class=\"small white tt-button\" target=\"_self\"> Download <\/a>\n<\/div>\n<div class=\"one_third\"> <div class=\"img-frame full-fourth\"><div class=\"lightbox-zoom\"><a title=\"Etiquetas con c\u00f3digo de barras\" href=\"http:\/\/www.labeljoy.com\/label-templates\/barcode\/barcode3b.jpg\" data-gal=\"prettyPhoto[codigo-barra]\" class=\"hover-item\"><img decoding=\"async\" width=\"197\" height=\"133\" alt=\"Etiquetas con c\u00f3digo de barras\" src=\"https:\/\/www.labeljoy.com\/wp-content\/plugins\/sterling-shortcodes\/\/timthumb\/timthumb.php?src=http:\/\/www.labeljoy.com\/label-templates\/barcode\/barcode3s.jpg&#038;h=133&#038;w=197\"><\/a><\/div><\/div>\n<p style=\"text-align: center\"><a href=\"http:\/\/www.labeljoy.com\/label-templates\/barcode\/barcode3.lpa\" class=\"small white tt-button\" target=\"_self\"> Download <\/a>\n<\/div>\n<div class=\"hr hr-dotted\">&nbsp;<\/div>\n<div class=\"one_third\"> <div class=\"img-frame full-fourth\"><div class=\"lightbox-zoom\"><a title=\"Etiquetas de Productos con c\u00f3digos de barra\" href=\"http:\/\/www.labeljoy.com\/label-templates\/barcode\/barcode4b.jpg\" data-gal=\"prettyPhoto[codigo-barra]\" class=\"hover-item\"><img decoding=\"async\" width=\"197\" height=\"133\" alt=\"Etiquetas de Productos con c\u00f3digos de barra\" src=\"https:\/\/www.labeljoy.com\/wp-content\/plugins\/sterling-shortcodes\/\/timthumb\/timthumb.php?src=http:\/\/www.labeljoy.com\/label-templates\/barcode\/barcode4s.jpg&#038;h=133&#038;w=197\"><\/a><\/div><\/div>\n<p style=\"text-align: center\"><a href=\"http:\/\/www.labeljoy.com\/label-templates\/barcode\/barcode4.lpa\" class=\"small white tt-button\" target=\"_self\"> Download <\/a>\n<\/div>\n<div class=\"one_third\"> <div class=\"img-frame full-fourth\"><div class=\"lightbox-zoom\"><a title=\"Plantillas de etiquetas de c\u00f3digo de barra\" href=\"http:\/\/www.labeljoy.com\/label-templates\/barcode\/barcode5b.jpg\" data-gal=\"prettyPhoto[codigo-barra]\" class=\"hover-item\"><img decoding=\"async\" width=\"197\" height=\"133\" alt=\"Plantillas de etiquetas de c\u00f3digo de barra\" src=\"https:\/\/www.labeljoy.com\/wp-content\/plugins\/sterling-shortcodes\/\/timthumb\/timthumb.php?src=http:\/\/www.labeljoy.com\/label-templates\/barcode\/barcode5s.jpg&#038;h=133&#038;w=197\"><\/a><\/div><\/div>\n<p style=\"text-align: center\"><a href=\"http:\/\/www.labeljoy.com\/label-templates\/barcode\/barcode5.lpa\" class=\"small white tt-button\" target=\"_self\"> Download <\/a>\n<\/div>\n<div class=\"one_third\"> <div class=\"img-frame full-fourth\"><div class=\"lightbox-zoom\"><a title=\"Etiqueta con c\u00f3digo de barra doble\" href=\"http:\/\/www.labeljoy.com\/label-templates\/barcode\/barcode6b.jpg\" data-gal=\"prettyPhoto[codigo-barra]\" class=\"hover-item\"><img decoding=\"async\" width=\"197\" height=\"133\" alt=\"Etiqueta con c\u00f3digo de barra doble\" src=\"https:\/\/www.labeljoy.com\/wp-content\/plugins\/sterling-shortcodes\/\/timthumb\/timthumb.php?src=http:\/\/www.labeljoy.com\/label-templates\/barcode\/barcode6s.jpg&#038;h=133&#038;w=197\"><\/a><\/div><\/div>\n<p style=\"text-align: center\"><a href=\"http:\/\/www.labeljoy.com\/label-templates\/barcode\/barcode6.lpa\" class=\"small white tt-button\" target=\"_self\"> Download <\/a>\n<\/div>\n<div class=\"hr hr-dotted\">&nbsp;<\/div>\n<div class=\"one_third\"> <div class=\"img-frame full-fourth\"><div class=\"lightbox-zoom\"><a title=\"Plantilla de etiquetas con c\u00f3digos de barra EAN\" href=\"http:\/\/www.labeljoy.com\/label-templates\/barcode\/barcode7b.jpg\" data-gal=\"prettyPhoto[codigo-barra]\" class=\"hover-item\"><img decoding=\"async\" width=\"197\" height=\"133\" alt=\"Plantilla de etiquetas con c\u00f3digos de barra EAN\" src=\"https:\/\/www.labeljoy.com\/wp-content\/plugins\/sterling-shortcodes\/\/timthumb\/timthumb.php?src=http:\/\/www.labeljoy.com\/label-templates\/barcode\/barcode7s.jpg&#038;h=133&#038;w=197\"><\/a><\/div><\/div>\n<p style=\"text-align: center\"><a href=\"http:\/\/www.labeljoy.com\/label-templates\/barcode\/barcode7.lpa\" class=\"small white tt-button\" target=\"_self\"> Download <\/a>\n<\/div>\n<div class=\"one_third\"> <div class=\"img-frame full-fourth\"><div class=\"lightbox-zoom\"><a title=\"Plantilla de etiquetas con c\u00f3digos QR\" href=\"http:\/\/www.labeljoy.com\/label-templates\/barcode\/barcode8b.jpg\" data-gal=\"prettyPhoto[codigo-barra]\" class=\"hover-item\"><img decoding=\"async\" width=\"197\" height=\"133\" alt=\"Plantilla de etiquetas con c\u00f3digos QR\" src=\"https:\/\/www.labeljoy.com\/wp-content\/plugins\/sterling-shortcodes\/\/timthumb\/timthumb.php?src=http:\/\/www.labeljoy.com\/label-templates\/barcode\/barcode8s.jpg&#038;h=133&#038;w=197\"><\/a><\/div><\/div>\n<p style=\"text-align: center\"><a href=\"http:\/\/www.labeljoy.com\/label-templates\/barcode\/barcode8.lpa\" class=\"small white tt-button\" target=\"_self\"> Download <\/a>\n<\/div>\n<div class=\"one_third\"> <div class=\"img-frame full-fourth\"><div class=\"lightbox-zoom\"><a title=\"Etiquetas con c\u00f3digos de barra Code 128\" href=\"http:\/\/www.labeljoy.com\/label-templates\/barcode\/barcode9b.jpg\" data-gal=\"prettyPhoto[codigo-barra]\" class=\"hover-item\"><img decoding=\"async\" width=\"197\" height=\"133\" alt=\"Etiquetas con c\u00f3digos de barra Code 128\" src=\"https:\/\/www.labeljoy.com\/wp-content\/plugins\/sterling-shortcodes\/\/timthumb\/timthumb.php?src=http:\/\/www.labeljoy.com\/label-templates\/barcode\/barcode9s.jpg&#038;h=133&#038;w=197\"><\/a><\/div><\/div>\n<p style=\"text-align: center\"><a href=\"http:\/\/www.labeljoy.com\/label-templates\/barcode\/barcode9.lpa\" class=\"small white tt-button\" target=\"_self\"> Download <\/a>\n<\/div>\n<div class=\"hr hr-dotted\">&nbsp;<\/div>\n<div class=\"one_half\">\n<p style=\"text-align: center\"><a href=\"\/es\/comprar\/\" class=\"large blue tt-button\" target=\"\"> Compra Software <\/a>\n<\/div>\n<div class=\"one_half\">\n<p style=\"text-align: center\"><a href=\"\/es\/download-es\/\" class=\"large green tt-button\" target=\"\"> Descarga versi\u00f3n gratuita <\/a>\n<\/div>\n","protected":false},"excerpt":{"rendered":"<p>Etiquetas de c\u00f3digo de barra Con Labeljoy crear c\u00f3digos de barra y C\u00f3digos QR es muy simple. Imprima sus c\u00f3digos de barra profesionales en pocos pasos Labeljoy, el programa de etiquetas de c\u00f3digo de barras, le permite generar autom\u00e1ticamente 21 tipos de c\u00f3digos de barra con unos pocos clics, vea el tutorial acerca c\u00f3digo de &#8230; <a title=\"Etiquetas de C\u00f3digo de barra\" class=\"read-more\" href=\"https:\/\/www.labeljoy.com\/es\/plantillas\/etiqueta-codigo-barra\/\" aria-label=\"Leer m\u00e1s sobre Etiquetas de C\u00f3digo de barra\">Read more<\/a><\/p>\n","protected":false},"author":1,"featured_media":0,"parent":2789,"menu_order":0,"comment_status":"open","ping_status":"closed","template":"page-template-left-sidebar.php","meta":{"inline_featured_image":false,"_monsterinsights_skip_tracking":false,"_monsterinsights_sitenote_active":false,"_monsterinsights_sitenote_note":"","_monsterinsights_sitenote_category":0,"footnotes":""},"class_list":{"0":"post-17583","1":"page","2":"type-page","3":"status-publish","5":"infinite-scroll-item"},"aioseo_notices":[],"_links":{"self":[{"href":"https:\/\/www.labeljoy.com\/es\/wp-json\/wp\/v2\/pages\/17583","targetHints":{"allow":["GET"]}}],"collection":[{"href":"https:\/\/www.labeljoy.com\/es\/wp-json\/wp\/v2\/pages"}],"about":[{"href":"https:\/\/www.labeljoy.com\/es\/wp-json\/wp\/v2\/types\/page"}],"author":[{"embeddable":true,"href":"https:\/\/www.labeljoy.com\/es\/wp-json\/wp\/v2\/users\/1"}],"replies":[{"embeddable":true,"href":"https:\/\/www.labeljoy.com\/es\/wp-json\/wp\/v2\/comments?post=17583"}],"version-history":[{"count":6,"href":"https:\/\/www.labeljoy.com\/es\/wp-json\/wp\/v2\/pages\/17583\/revisions"}],"predecessor-version":[{"id":30558,"href":"https:\/\/www.labeljoy.com\/es\/wp-json\/wp\/v2\/pages\/17583\/revisions\/30558"}],"up":[{"embeddable":true,"href":"https:\/\/www.labeljoy.com\/es\/wp-json\/wp\/v2\/pages\/2789"}],"wp:attachment":[{"href":"https:\/\/www.labeljoy.com\/es\/wp-json\/wp\/v2\/media?parent=17583"}],"curies":[{"name":"wp","href":"https:\/\/api.w.org\/{rel}","templated":true}]}}