{"id":17588,"date":"2012-11-20T11:53:39","date_gmt":"2012-11-20T11:53:39","guid":{"rendered":"http:\/\/www.labeljoy.com\/?page_id=17588"},"modified":"2026-03-06T07:17:41","modified_gmt":"2026-03-06T07:17:41","slug":"etiqueta-direcciones","status":"publish","type":"page","link":"https:\/\/www.labeljoy.com\/es\/plantillas\/etiqueta-direcciones\/","title":{"rendered":"Etiqueta de direcciones"},"content":{"rendered":"<h1>Plantilla de Etiqueta de direcciones<\/h1>\n<h2>Imprima etiquetas de direcciones y cree listas de correo personalizadas<\/h2>\n<p>Con Labeljoy puede <strong>crear etiquetas de direcciones personalizadas<\/strong> para cada invitaci\u00f3n o correspondencia.<\/p>\n<p>Puede <em>descargar la plantilla de etiquetas de direcciones<\/em> y modificarla a su gusto, puede editar el texto, agregar im\u00e1genes, im\u00e1genes predise\u00f1adas o c\u00f3digos de barra.<\/p>\n<p>Con Labeljoy <strong>crear muchas etiquetas de direcciones<\/strong> es muy simple. Labeljoy le permite importar <a title=\"Fuentes De Datos Externas\" href=\"https:\/\/www.labeljoy.com\/es\/videos\/como-conectar-fuentes-de-datos-externas\/\">direcciones de varias bases de datos<\/a> como contactos de Outlook o Contactos SQLite, o desde archivos externos como Excel y archivos de texto. Vea los <a title=\"Videos\" href=\"http:\/\/www.labeljoy.com\/es\/videos\/\">videos tutorial<\/a> o lea nuestras <a title=\"C\u00f3mo hacer\" href=\"http:\/\/www.labeljoy.com\/es\/soporte\/como-hacer\/\">Gu\u00edas de ayuda<\/a>.<\/p>\n<h3>\u00a1En pocos minutes usted ser\u00e1 capaz de personalizar su plantilla de etiquetas de direcciones!<\/h3>\n<p>&nbsp;<\/p>\n<h2>Vea el video tutorial: c\u00f3mo importar direcciones de bases de datos externas<\/h2>\n<p>Este video tutorial de Labeljoy le muestra c\u00f3mo vincular los campos de su etiqueta a un archivo de texto .txt externo.<\/p>\n\n<div class=\"youtube-embed\" itemprop=\"video\" itemscope itemtype=\"https:\/\/schema.org\/VideoObject\">\n\t<meta itemprop=\"url\" content=\"https:\/\/www.youtube.com\/v\/CN4ZACL9z4M\" \/>\n\t<meta itemprop=\"name\" content=\"Etiqueta de direcciones\" \/>\n\t<meta itemprop=\"description\" content=\"Etiqueta de direcciones\" \/>\n\t<meta itemprop=\"uploadDate\" content=\"2012-11-20T11:53:39+00:00\" \/>\n\t<meta itemprop=\"thumbnailUrl\" content=\"https:\/\/i.ytimg.com\/vi\/CN4ZACL9z4M\/default.jpg\" \/>\n\t<meta itemprop=\"embedUrl\" content=\"https:\/\/www.youtube.com\/embed\/CN4ZACL9z4M\" \/>\n\t<meta itemprop=\"height\" content=\"385\" \/>\n\t<meta itemprop=\"width\" content=\"640\" \/>\n\t<iframe style=\"border: 0;\" class=\"youtube-player\" width=\"640\" height=\"385\" src=\"https:\/\/www.youtube.com\/embed\/CN4ZACL9z4M?modestbranding=1&fs=0&rel=0&loop=1&color=white&playlist=CN4ZACL9z4M\"><\/iframe>\n<\/div>\n\n<div class=\"one_third\"> <div class=\"img-frame full-fourth\"><div class=\"lightbox-zoom\"><a title=\"Etiquetas florales de direcciones\" href=\"http:\/\/www.labeljoy.com\/label-templates\/address\/address1b.jpg\" data-gal=\"prettyPhoto[direcciones]\" class=\"hover-item\"><img decoding=\"async\" width=\"197\" height=\"133\" alt=\"Etiquetas florales de direcciones\" src=\"https:\/\/www.labeljoy.com\/wp-content\/plugins\/sterling-shortcodes\/\/timthumb\/timthumb.php?src=http:\/\/www.labeljoy.com\/label-templates\/address\/address1s.jpg&#038;h=133&#038;w=197\"><\/a><\/div><\/div>\n<p style=\"text-align: center;\"><a href=\"http:\/\/www.labeljoy.com\/label-templates\/address\/address1.lpa\" class=\"small white tt-button\" target=\"_self\"> Download <\/a>\n<\/div>\n<div class=\"one_third\"> <div class=\"img-frame full-fourth\"><div class=\"lightbox-zoom\"><a title=\"Etiquetas de direcciones circulares\" href=\"http:\/\/www.labeljoy.com\/label-templates\/address\/address2b.jpg\" data-gal=\"prettyPhoto[direcciones]\" class=\"hover-item\"><img decoding=\"async\" width=\"197\" height=\"133\" alt=\"Etiquetas de direcciones circulares\" src=\"https:\/\/www.labeljoy.com\/wp-content\/plugins\/sterling-shortcodes\/\/timthumb\/timthumb.php?src=http:\/\/www.labeljoy.com\/label-templates\/address\/address2s.jpg&#038;h=133&#038;w=197\"><\/a><\/div><\/div>\n<p style=\"text-align: center;\"><a href=\"http:\/\/www.labeljoy.com\/label-templates\/address\/address2.lpa\" class=\"small white tt-button\" target=\"_self\"> Download <\/a>\n<\/div>\n<div class=\"one_third\"> <div class=\"img-frame full-fourth\"><div class=\"lightbox-zoom\"><a title=\"Etiquetas de direcciones simples\" href=\"http:\/\/www.labeljoy.com\/label-templates\/address\/address3b.jpg\" data-gal=\"prettyPhoto[direcciones]\" class=\"hover-item\"><img decoding=\"async\" width=\"197\" height=\"133\" alt=\"Etiquetas de direcciones simples\" src=\"https:\/\/www.labeljoy.com\/wp-content\/plugins\/sterling-shortcodes\/\/timthumb\/timthumb.php?src=http:\/\/www.labeljoy.com\/label-templates\/address\/address3s.jpg&#038;h=133&#038;w=197\"><\/a><\/div><\/div>\n<p style=\"text-align: center;\"><a href=\"http:\/\/www.labeljoy.com\/label-templates\/address\/address3.lpa\" class=\"small white tt-button\" target=\"_self\"> Download <\/a>\n<\/div>\n<div class=\"hr hr-dotted\">&nbsp;<\/div>\n<div class=\"one_third\"> <div class=\"img-frame full-fourth\"><div class=\"lightbox-zoom\"><a title=\"Etiquetas De \u2013 Para listas para escribir direcciones\" href=\"http:\/\/www.labeljoy.com\/label-templates\/address\/address4b.jpg\" data-gal=\"prettyPhoto[direcciones]\" class=\"hover-item\"><img decoding=\"async\" width=\"197\" height=\"133\" alt=\"Etiquetas De \u2013 Para listas para escribir direcciones\" src=\"https:\/\/www.labeljoy.com\/wp-content\/plugins\/sterling-shortcodes\/\/timthumb\/timthumb.php?src=http:\/\/www.labeljoy.com\/label-templates\/address\/address4s.jpg&#038;h=133&#038;w=197\"><\/a><\/div><\/div>\n<p style=\"text-align: center;\"><a href=\"http:\/\/www.labeljoy.com\/label-templates\/address\/address4.lpa\" class=\"small white tt-button\" target=\"_self\"> Download <\/a>\n<\/div>\n<div class=\"one_third\"> <div class=\"img-frame full-fourth\"><div class=\"lightbox-zoom\"><a title=\"Etiquetas de direcciones para sobres\" href=\"http:\/\/www.labeljoy.com\/label-templates\/address\/address5b.jpg\" data-gal=\"prettyPhoto[direcciones]\" class=\"hover-item\"><img decoding=\"async\" width=\"197\" height=\"133\" alt=\"Etiquetas de direcciones para sobres\" src=\"https:\/\/www.labeljoy.com\/wp-content\/plugins\/sterling-shortcodes\/\/timthumb\/timthumb.php?src=http:\/\/www.labeljoy.com\/label-templates\/address\/address5s.jpg&#038;h=133&#038;w=197\"><\/a><\/div><\/div>\n<p style=\"text-align: center;\"><a href=\"http:\/\/www.labeljoy.com\/label-templates\/address\/address5.lpa\" class=\"small white tt-button\" target=\"_self\"> Download <\/a>\n<\/div>\n<div class=\"one_third\">\n<\/div>\n<div class=\"hr hr-dotted\">&nbsp;<\/div>\n<div class=\"one_half\">\n<p style=\"text-align: center;\"><a href=\"\/es\/comprar\/\" class=\"large blue tt-button\" target=\"\"> Compra Software <\/a>\n<\/div>\n<div class=\"one_half\">\n<p style=\"text-align: center;\"><a href=\"\/es\/download-es\/\" class=\"large green tt-button\" target=\"\"> Descarga versi\u00f3n gratuita <\/a>\n<\/div>\n","protected":false},"excerpt":{"rendered":"<p>Plantilla de Etiqueta de direcciones Imprima etiquetas de direcciones y cree listas de correo personalizadas Con Labeljoy puede crear etiquetas de direcciones personalizadas para cada invitaci\u00f3n o correspondencia. Puede descargar la plantilla de etiquetas de direcciones y modificarla a su gusto, puede editar el texto, agregar im\u00e1genes, im\u00e1genes predise\u00f1adas o c\u00f3digos de barra. Con Labeljoy &#8230; <a title=\"Etiqueta de direcciones\" class=\"read-more\" href=\"https:\/\/www.labeljoy.com\/es\/plantillas\/etiqueta-direcciones\/\" aria-label=\"Leer m\u00e1s sobre Etiqueta de direcciones\">Read more<\/a><\/p>\n","protected":false},"author":1,"featured_media":0,"parent":2789,"menu_order":0,"comment_status":"closed","ping_status":"closed","template":"","meta":{"inline_featured_image":false,"_monsterinsights_skip_tracking":false,"_monsterinsights_sitenote_active":false,"_monsterinsights_sitenote_note":"","_monsterinsights_sitenote_category":0,"footnotes":""},"class_list":{"0":"post-17588","1":"page","2":"type-page","3":"status-publish","5":"infinite-scroll-item"},"aioseo_notices":[],"_links":{"self":[{"href":"https:\/\/www.labeljoy.com\/es\/wp-json\/wp\/v2\/pages\/17588","targetHints":{"allow":["GET"]}}],"collection":[{"href":"https:\/\/www.labeljoy.com\/es\/wp-json\/wp\/v2\/pages"}],"about":[{"href":"https:\/\/www.labeljoy.com\/es\/wp-json\/wp\/v2\/types\/page"}],"author":[{"embeddable":true,"href":"https:\/\/www.labeljoy.com\/es\/wp-json\/wp\/v2\/users\/1"}],"replies":[{"embeddable":true,"href":"https:\/\/www.labeljoy.com\/es\/wp-json\/wp\/v2\/comments?post=17588"}],"version-history":[{"count":8,"href":"https:\/\/www.labeljoy.com\/es\/wp-json\/wp\/v2\/pages\/17588\/revisions"}],"predecessor-version":[{"id":45127,"href":"https:\/\/www.labeljoy.com\/es\/wp-json\/wp\/v2\/pages\/17588\/revisions\/45127"}],"up":[{"embeddable":true,"href":"https:\/\/www.labeljoy.com\/es\/wp-json\/wp\/v2\/pages\/2789"}],"wp:attachment":[{"href":"https:\/\/www.labeljoy.com\/es\/wp-json\/wp\/v2\/media?parent=17588"}],"curies":[{"name":"wp","href":"https:\/\/api.w.org\/{rel}","templated":true}]}}