{"id":21680,"date":"2014-11-14T16:25:54","date_gmt":"2014-11-14T16:25:54","guid":{"rendered":"http:\/\/www.labeljoy.com\/help-2\/"},"modified":"2022-01-14T14:25:51","modified_gmt":"2022-01-14T14:25:51","slug":"ayuda","status":"publish","type":"page","link":"https:\/\/www.labeljoy.com\/es\/ayuda\/","title":{"rendered":"Ayuda"},"content":{"rendered":"<div data-partent=\"19635\" class=\"callout callout-warning\">\n<h4>Esta p\u00e1gina hace referencia a Labeljoy 5, que no es nuestra \u00faltima versi\u00f3n.<\/h4>\n<p><a href=\"\/es\/comprar\/\">Actualice a Labeljoy 6<\/a> para obtener la \u00faltima versi\u00f3n del software con todas sus incre\u00edbles caracter\u00edsticas, o si ya es usuario, visite la <a href=\"\/es\/ayuda-lj6\/\">gu\u00eda del usuario de Labeljoy 6<\/a>.<\/p>\n<\/div>\n<h2>Ayuda<\/h2>\n<p>Haga clic en un tema en el <strong>men\u00fa de la izquierda<\/strong> para comenzar a navegar por la secci\u00f3n de ayuda, o simplemente <strong>pulse F1<\/strong> mientras est\u00e1 en Labeljoy para conectarse a la p\u00e1gina m\u00e1s adecuada.<\/p>\n<ul>\n<li><a href=\"http:\/\/www.labeljoy.com\/es\/ayuda\/generalidad\/\">Generalidad <\/a><\/li>\n<li><a href=\"http:\/\/www.labeljoy.com\/es\/ayuda\/estructura\/\">Estructura <\/a><\/li>\n<li><a href=\"http:\/\/www.labeljoy.com\/es\/ayuda\/uso\/\">Uso <\/a><\/li>\n<li><a href=\"http:\/\/www.labeljoy.com\/es\/ayuda\/elementos-comunes-de-funcionamiento\/\">Elementos comunes de funcionamiento<\/a><\/li>\n<\/ul>\n","protected":false},"excerpt":{"rendered":"<p>Esta p\u00e1gina hace referencia a Labeljoy 5, que no es nuestra \u00faltima versi\u00f3n. Actualice a Labeljoy 6 para obtener la \u00faltima versi\u00f3n del software con todas sus incre\u00edbles caracter\u00edsticas, o si ya es usuario, visite la gu\u00eda del usuario de Labeljoy 6. Ayuda Haga clic en un tema en el men\u00fa de la izquierda para &#8230; <a title=\"Ayuda\" class=\"read-more\" href=\"https:\/\/www.labeljoy.com\/es\/ayuda\/\" aria-label=\"Leer m\u00e1s sobre Ayuda\">Read more<\/a><\/p>\n","protected":false},"author":8,"featured_media":0,"parent":0,"menu_order":2,"comment_status":"open","ping_status":"closed","template":"","meta":{"inline_featured_image":false,"_monsterinsights_skip_tracking":false,"_monsterinsights_sitenote_active":false,"_monsterinsights_sitenote_note":"","_monsterinsights_sitenote_category":0,"footnotes":""},"class_list":{"0":"post-21680","1":"page","2":"type-page","3":"status-publish","5":"infinite-scroll-item"},"aioseo_notices":[],"_links":{"self":[{"href":"https:\/\/www.labeljoy.com\/es\/wp-json\/wp\/v2\/pages\/21680","targetHints":{"allow":["GET"]}}],"collection":[{"href":"https:\/\/www.labeljoy.com\/es\/wp-json\/wp\/v2\/pages"}],"about":[{"href":"https:\/\/www.labeljoy.com\/es\/wp-json\/wp\/v2\/types\/page"}],"author":[{"embeddable":true,"href":"https:\/\/www.labeljoy.com\/es\/wp-json\/wp\/v2\/users\/8"}],"replies":[{"embeddable":true,"href":"https:\/\/www.labeljoy.com\/es\/wp-json\/wp\/v2\/comments?post=21680"}],"version-history":[{"count":3,"href":"https:\/\/www.labeljoy.com\/es\/wp-json\/wp\/v2\/pages\/21680\/revisions"}],"predecessor-version":[{"id":36401,"href":"https:\/\/www.labeljoy.com\/es\/wp-json\/wp\/v2\/pages\/21680\/revisions\/36401"}],"wp:attachment":[{"href":"https:\/\/www.labeljoy.com\/es\/wp-json\/wp\/v2\/media?parent=21680"}],"curies":[{"name":"wp","href":"https:\/\/api.w.org\/{rel}","templated":true}]}}