{"id":21683,"date":"2014-11-19T13:56:59","date_gmt":"2014-11-19T13:56:59","guid":{"rendered":"http:\/\/www.labeljoy.com\/ayuda\/overview\/"},"modified":"2015-01-20T12:37:16","modified_gmt":"2015-01-20T12:37:16","slug":"conceptos-generales","status":"publish","type":"page","link":"https:\/\/www.labeljoy.com\/es\/ayuda\/conceptos-generales\/","title":{"rendered":"Conceptos generales"},"content":{"rendered":"<div data-partent=\"19635\" class=\"callout callout-warning\">\n<h4>Esta p\u00e1gina hace referencia a Labeljoy 5, que no es nuestra \u00faltima versi\u00f3n.<\/h4>\n<p><a href=\"\/es\/comprar\/\">Actualice a Labeljoy 6<\/a> para obtener la \u00faltima versi\u00f3n del software con todas sus incre\u00edbles caracter\u00edsticas, o si ya es usuario, visite la <a href=\"\/es\/ayuda-lj6\/\">gu\u00eda del usuario de Labeljoy 6<\/a>.<\/p>\n<\/div>\n<div id=\"help-guide\">\n\r\n<p class=\"title\">conceptos generales<\/p>\r\n<p class=\"body\">Labeljoy permite crear<strong>\r\nconjuntos de etiquetas <\/strong><strong>llamados <\/strong><a href=\"http:\/\/www.labeljoy.com\/es\/ayuda\/administrar-grupos\/\"><i>Grupos<\/i><\/a>.<strong><\/strong><\/p>\r\n<p class=\"body\"><strong>Cada grupo es independiente<\/strong>\r\nde los otros, compartiendo solamente el <a href=\"http:\/\/www.labeljoy.com\/es\/ayuda\/establecer-el-layout\/\">layout<\/a>\r\nde la p\u00e1gina.<br>\r\nLos grupos tienen un n\u00famero espec\u00edfico de etiquetas y se pueden conectar a diferentes <a href=\"http:\/\/www.labeljoy.com\/es\/ayuda\/v\u00edncular-un-grupo-a-una-fuente-de-datos\/\">fuentes de datos<\/a>\r\nentre ellos.<strong><\/strong><\/p>\r\n <p class=\"note\"><strong>Nota<br>\r\n <\/strong>A pesar del potencial que ofrece el concepto de <i>un grupo de etiquetas<\/i>, en la mayor\u00eda de los casos Labeljoy se utiliza con <strong>un solo grupo de trabajo<\/strong>.<br>\r\nEl prop\u00f3sito de esta secci\u00f3n es el de proporcionar una descripci\u00f3n completa sobre los conceptos de funcionamiento.<\/p>\r\n<p class=\"body\">El dise\u00f1o es <strong>independiente para cada grupo<\/strong>, excepto para el dise\u00f1o de la p\u00e1gina que se comparte. Por ejemplo, se puede crear un grupo que contiene un texto y un c\u00f3digo de barras, y agregar un segundo grupo compuesto por un objeto gr\u00e1fico y dos c\u00f3digos de barras.<\/p>\r\n<p class=\"body\">El conjunto de los grupos se considera un <i>proyecto<\/i>\r\ny <a href=\"http:\/\/www.labeljoy.com\/es\/ayuda\/guardar\/\"><strong>se guarda en un archivo<\/strong><\/a>\r\ncon extensi\u00f3n .lpa.<\/p>\r\n<p class=\"body\">El modelo utilizado por Labeljoy:<\/p>\r\n<p class=\"body\"><img src=\"http:\/\/www.labeljoy.com\/user-guide-files\/es\/1023_001.png\"><\/p>\r\n<\/div>\n<\/div>\n","protected":false},"excerpt":{"rendered":"<p>Esta p\u00e1gina hace referencia a Labeljoy 5, que no es nuestra \u00faltima versi\u00f3n. Actualice a Labeljoy 6 para obtener la \u00faltima versi\u00f3n del software con todas sus incre\u00edbles caracter\u00edsticas, o si ya es usuario, visite la gu\u00eda del usuario de Labeljoy 6.<\/p>\n","protected":false},"author":8,"featured_media":0,"parent":21680,"menu_order":0,"comment_status":"open","ping_status":"closed","template":"page-template-left-sidebar.php","meta":{"inline_featured_image":false,"_monsterinsights_skip_tracking":false,"_monsterinsights_sitenote_active":false,"_monsterinsights_sitenote_note":"","_monsterinsights_sitenote_category":0,"footnotes":""},"class_list":{"0":"post-21683","1":"page","2":"type-page","3":"status-publish","5":"infinite-scroll-item"},"aioseo_notices":[],"_links":{"self":[{"href":"https:\/\/www.labeljoy.com\/es\/wp-json\/wp\/v2\/pages\/21683","targetHints":{"allow":["GET"]}}],"collection":[{"href":"https:\/\/www.labeljoy.com\/es\/wp-json\/wp\/v2\/pages"}],"about":[{"href":"https:\/\/www.labeljoy.com\/es\/wp-json\/wp\/v2\/types\/page"}],"author":[{"embeddable":true,"href":"https:\/\/www.labeljoy.com\/es\/wp-json\/wp\/v2\/users\/8"}],"replies":[{"embeddable":true,"href":"https:\/\/www.labeljoy.com\/es\/wp-json\/wp\/v2\/comments?post=21683"}],"version-history":[{"count":3,"href":"https:\/\/www.labeljoy.com\/es\/wp-json\/wp\/v2\/pages\/21683\/revisions"}],"predecessor-version":[{"id":21723,"href":"https:\/\/www.labeljoy.com\/es\/wp-json\/wp\/v2\/pages\/21683\/revisions\/21723"}],"up":[{"embeddable":true,"href":"https:\/\/www.labeljoy.com\/es\/wp-json\/wp\/v2\/pages\/21680"}],"wp:attachment":[{"href":"https:\/\/www.labeljoy.com\/es\/wp-json\/wp\/v2\/media?parent=21683"}],"curies":[{"name":"wp","href":"https:\/\/api.w.org\/{rel}","templated":true}]}}