{"id":21684,"date":"2014-11-19T13:52:14","date_gmt":"2014-11-19T13:52:14","guid":{"rendered":"http:\/\/www.labeljoy.com\/ayuda\/description\/"},"modified":"2015-01-23T09:57:37","modified_gmt":"2015-01-23T09:57:37","slug":"descripcion","status":"publish","type":"page","link":"https:\/\/www.labeljoy.com\/es\/ayuda\/descripcion\/","title":{"rendered":"Descripci\u00f3n"},"content":{"rendered":"<div data-partent=\"19635\" class=\"callout callout-warning\">\n<h4>Esta p\u00e1gina hace referencia a Labeljoy 5, que no es nuestra \u00faltima versi\u00f3n.<\/h4>\n<p><a href=\"\/es\/comprar\/\">Actualice a Labeljoy 6<\/a> para obtener la \u00faltima versi\u00f3n del software con todas sus incre\u00edbles caracter\u00edsticas, o si ya es usuario, visite la <a href=\"\/es\/ayuda-lj6\/\">gu\u00eda del usuario de Labeljoy 6<\/a>.<\/p>\n<\/div>\n<link rel=\"stylesheet\" href=\"http:\/\/www.labeljoy.com\/user-guide-files\/en\/styles.css\" type=\"text\/css\" media=\"all\" \/>\n<div id=\"help-guide\">\n\r\n<p class=\"title\">descripci\u00f3n<\/p>\r\n<p class=\"body\">El software Labeljoy ha sido<strong> dise\u00f1ado para crear e imprimir etiquetas, sobres, insignias, tarjetas, cartas<\/strong>, y todo lo que tiene que ser totalmente o parcialmente reproducido o impreso.<\/p>\r\n<p class=\"online\"><strong>Profundizaci\u00f3n<\/strong>:<br>\r\n  Video: <a href=\"http:\/\/www.labeljoy.com\/es\/videos\/presentacion-software-etiquetado\/\" title=\"Presentaci\u00f3n de Software\" target=\"_blank\">Presentaci\u00f3n de Software<\/a><br> \r\nDescripci\u00f3n: <a href=\"http:\/\/www.labeljoy.com\/es\/caracteristicas\/\" title=\"Caracter\u00edsticas de Labeljoy\" target=\"_blank\">Caracter\u00edsticas de Labeljoy<\/a><\/p>\r\n<p class=\"body\">El software de impresi\u00f3n de etiquetas Labeljoy es el primero en incorporar una c<strong>ompleta interfaz de usuario WYSIWYG<\/strong> (What You See Is What You Get\u00a0 - Lo que ves es lo que obtienes). Esto significa que <strong>en la pantalla de la computadora aparece el papel y los elementos de la etiqueta tal y como se imprimir\u00e1n<\/strong>. Con el rat\u00f3n se pueden hacer los ajustes necesarios, la respuesta visual es inmediata. <\/p>\r\n<p class=\"body\">Labeljoy permite imprimir <strong>textos, c\u00f3digos de barras, im\u00e1genes y elementos gr\u00e1ficos de distintos tipos<\/strong>. Uno de sus puntos fuertes es que utiliza<strong> las capacidades gr\u00e1ficas avanzadas de Windows<\/strong>, introducidas con <strong>Windows XP<\/strong>, que permiten crear <strong>complejos efectos de transparencias, gradientes y rotaciones<\/strong>. <\/p>\r\n<p class=\"body\">Labeljoy tambi\u00e9n permite <strong>conectarse a bases de datos<\/strong> externas para crear etiquetas con informaci\u00f3n din\u00e1mica.<\/p>\n<\/div>\n","protected":false},"excerpt":{"rendered":"<p>Esta p\u00e1gina hace referencia a Labeljoy 5, que no es nuestra \u00faltima versi\u00f3n. Actualice a Labeljoy 6 para obtener la \u00faltima versi\u00f3n del software con todas sus incre\u00edbles caracter\u00edsticas, o si ya es usuario, visite la gu\u00eda del usuario de Labeljoy 6.<\/p>\n","protected":false},"author":8,"featured_media":0,"parent":21680,"menu_order":0,"comment_status":"open","ping_status":"closed","template":"page-template-left-sidebar.php","meta":{"inline_featured_image":false,"_monsterinsights_skip_tracking":false,"_monsterinsights_sitenote_active":false,"_monsterinsights_sitenote_note":"","_monsterinsights_sitenote_category":0,"footnotes":""},"class_list":{"0":"post-21684","1":"page","2":"type-page","3":"status-publish","5":"infinite-scroll-item"},"aioseo_notices":[],"_links":{"self":[{"href":"https:\/\/www.labeljoy.com\/es\/wp-json\/wp\/v2\/pages\/21684","targetHints":{"allow":["GET"]}}],"collection":[{"href":"https:\/\/www.labeljoy.com\/es\/wp-json\/wp\/v2\/pages"}],"about":[{"href":"https:\/\/www.labeljoy.com\/es\/wp-json\/wp\/v2\/types\/page"}],"author":[{"embeddable":true,"href":"https:\/\/www.labeljoy.com\/es\/wp-json\/wp\/v2\/users\/8"}],"replies":[{"embeddable":true,"href":"https:\/\/www.labeljoy.com\/es\/wp-json\/wp\/v2\/comments?post=21684"}],"version-history":[{"count":3,"href":"https:\/\/www.labeljoy.com\/es\/wp-json\/wp\/v2\/pages\/21684\/revisions"}],"predecessor-version":[{"id":22259,"href":"https:\/\/www.labeljoy.com\/es\/wp-json\/wp\/v2\/pages\/21684\/revisions\/22259"}],"up":[{"embeddable":true,"href":"https:\/\/www.labeljoy.com\/es\/wp-json\/wp\/v2\/pages\/21680"}],"wp:attachment":[{"href":"https:\/\/www.labeljoy.com\/es\/wp-json\/wp\/v2\/media?parent=21684"}],"curies":[{"name":"wp","href":"https:\/\/api.w.org\/{rel}","templated":true}]}}