{"id":21688,"date":"2014-11-19T14:02:43","date_gmt":"2014-11-19T14:02:43","guid":{"rendered":"http:\/\/www.labeljoy.com\/ayuda\/software\/"},"modified":"2015-01-20T11:27:12","modified_gmt":"2015-01-20T11:27:12","slug":"software","status":"publish","type":"page","link":"https:\/\/www.labeljoy.com\/es\/ayuda\/software\/","title":{"rendered":"Software"},"content":{"rendered":"<div data-partent=\"19635\" class=\"callout callout-warning\">\n<h4>Esta p\u00e1gina hace referencia a Labeljoy 5, que no es nuestra \u00faltima versi\u00f3n.<\/h4>\n<p><a href=\"\/es\/comprar\/\">Actualice a Labeljoy 6<\/a> para obtener la \u00faltima versi\u00f3n del software con todas sus incre\u00edbles caracter\u00edsticas, o si ya es usuario, visite la <a href=\"\/es\/ayuda-lj6\/\">gu\u00eda del usuario de Labeljoy 6<\/a>.<\/p>\n<\/div>\n<link rel=\"stylesheet\" href=\"http:\/\/www.labeljoy.com\/user-guide-files\/en\/styles.css\" type=\"text\/css\" media=\"all\" \/>\n<div id=\"help-guide\">\n\r\n<p class=\"title\">software<\/p>\r\n<p class=\"body\">Labeljoy es un programa para <strong>Microsoft Windows<\/strong>. Las versiones de este sistema operativo que permiten el uso son:<strong><\/strong><\/p>\r\n<ul style='margin-top:0cm' type=disc>\r\n<li class=\"body\"><strong>Windows XP<\/strong><\/li>\r\n<li class=\"body\"><strong>Windows Vista<\/strong><\/li>\r\n<li class=\"body\"><strong>Windows 7<\/strong><\/li>\r\n<li class=\"body\"><strong>Windows 8<\/strong><\/li>\r\n<li class=\"body\"><strong>Windows 2003 Server<\/strong><\/li>\r\n<li class=\"body\"><strong>Windows 2008 Server<\/strong><\/li>\r\n<li class=\"body\"><strong>Windows 2012 Server<\/strong><\/li>\r\n<\/ul>\r\n\n<\/div>\n","protected":false},"excerpt":{"rendered":"<p>Esta p\u00e1gina hace referencia a Labeljoy 5, que no es nuestra \u00faltima versi\u00f3n. Actualice a Labeljoy 6 para obtener la \u00faltima versi\u00f3n del software con todas sus incre\u00edbles caracter\u00edsticas, o si ya es usuario, visite la gu\u00eda del usuario de Labeljoy 6.<\/p>\n","protected":false},"author":8,"featured_media":0,"parent":21680,"menu_order":0,"comment_status":"open","ping_status":"closed","template":"page-template-left-sidebar.php","meta":{"inline_featured_image":false,"_monsterinsights_skip_tracking":false,"_monsterinsights_sitenote_active":false,"_monsterinsights_sitenote_note":"","_monsterinsights_sitenote_category":0,"footnotes":""},"class_list":{"0":"post-21688","1":"page","2":"type-page","3":"status-publish","5":"infinite-scroll-item"},"aioseo_notices":[],"_links":{"self":[{"href":"https:\/\/www.labeljoy.com\/es\/wp-json\/wp\/v2\/pages\/21688","targetHints":{"allow":["GET"]}}],"collection":[{"href":"https:\/\/www.labeljoy.com\/es\/wp-json\/wp\/v2\/pages"}],"about":[{"href":"https:\/\/www.labeljoy.com\/es\/wp-json\/wp\/v2\/types\/page"}],"author":[{"embeddable":true,"href":"https:\/\/www.labeljoy.com\/es\/wp-json\/wp\/v2\/users\/8"}],"replies":[{"embeddable":true,"href":"https:\/\/www.labeljoy.com\/es\/wp-json\/wp\/v2\/comments?post=21688"}],"version-history":[{"count":2,"href":"https:\/\/www.labeljoy.com\/es\/wp-json\/wp\/v2\/pages\/21688\/revisions"}],"predecessor-version":[{"id":21713,"href":"https:\/\/www.labeljoy.com\/es\/wp-json\/wp\/v2\/pages\/21688\/revisions\/21713"}],"up":[{"embeddable":true,"href":"https:\/\/www.labeljoy.com\/es\/wp-json\/wp\/v2\/pages\/21680"}],"wp:attachment":[{"href":"https:\/\/www.labeljoy.com\/es\/wp-json\/wp\/v2\/media?parent=21688"}],"curies":[{"name":"wp","href":"https:\/\/api.w.org\/{rel}","templated":true}]}}