{"id":21689,"date":"2014-11-19T14:03:56","date_gmt":"2014-11-19T14:03:56","guid":{"rendered":"http:\/\/www.labeljoy.com\/ayuda\/hardware\/"},"modified":"2015-01-20T11:32:05","modified_gmt":"2015-01-20T11:32:05","slug":"hardware","status":"publish","type":"page","link":"https:\/\/www.labeljoy.com\/es\/ayuda\/hardware\/","title":{"rendered":"Hardware"},"content":{"rendered":"<div data-partent=\"19635\" class=\"callout callout-warning\">\n<h4>Esta p\u00e1gina hace referencia a Labeljoy 5, que no es nuestra \u00faltima versi\u00f3n.<\/h4>\n<p><a href=\"\/es\/comprar\/\">Actualice a Labeljoy 6<\/a> para obtener la \u00faltima versi\u00f3n del software con todas sus incre\u00edbles caracter\u00edsticas, o si ya es usuario, visite la <a href=\"\/es\/ayuda-lj6\/\">gu\u00eda del usuario de Labeljoy 6<\/a>.<\/p>\n<\/div>\n<div id=\"help-guide\">\n\r\n<p class=\"title\">hardware<\/p>\n<p class=\"body\">Los <strong>requisitos m\u00ednimos<\/strong> que el ordenador debe tener para garantizar el funcionamiento del Labeljoy son:<\/p>\n<ul>\n  <li class=\"body\">Procesador 1000 MHz<\/li>\n  <li class=\"body\">Memoria de 128 MB<\/li>\n  <li class=\"body\">Espacio libre en el disco duro 50 MB<\/li>\n  <li class=\"body\">Monitor con resoluci\u00f3n de 800x600<\/li>\n  <li class=\"body\">Impresora <\/li>\n  <li class=\"body\">Conexi\u00f3n a Internet para <span id=\"result_box\" lang=\"es\" xml:lang=\"es\">activaci&oacute;n<\/span> y actualizaciones<\/li>\n<\/ul>\n<p class=\"body\">Estos son los <strong>requisitos opcionales<\/strong>\npara explotar todo el potencial del programa:<\/p>\n<ul>\n  <li><span class=\"body\">Procesador 3 GHz<\/span><\/li>\n  <li><span class=\"body\">Memoria 1 GB<\/span><\/li>\n  <li><span class=\"body\">Espacio libre en el disco duro 100 MB<\/span><\/li>\n  <li><span class=\"body\">Monitor con resoluci\u00f3n 1280x1024<\/span><\/li>\n  <li><span class=\"body\">Impresora de color<\/span><\/li>\n  <li class=\"body\">Conexi\u00f3n a Internet para <span id=\"result_box2\" lang=\"es\" xml:lang=\"es\">activaci&oacute;n<\/span> y actualizaciones<\/li>\n<\/ul>\n\n<p class=\"body\">En principio, si se tiene un sistema adquirido <strong>durante los \u00faltimos 10 a\u00f1os<\/strong>, ya est\u00e1 listo para sacar el m\u00e1ximo provecho de las caracter\u00edsticas ofrecidas por Labeljoy.<\/p>\n<\/div>\n<\/div>\n","protected":false},"excerpt":{"rendered":"<p>Esta p\u00e1gina hace referencia a Labeljoy 5, que no es nuestra \u00faltima versi\u00f3n. Actualice a Labeljoy 6 para obtener la \u00faltima versi\u00f3n del software con todas sus incre\u00edbles caracter\u00edsticas, o si ya es usuario, visite la gu\u00eda del usuario de Labeljoy 6.<\/p>\n","protected":false},"author":8,"featured_media":0,"parent":21680,"menu_order":0,"comment_status":"open","ping_status":"closed","template":"page-template-left-sidebar.php","meta":{"inline_featured_image":false,"_monsterinsights_skip_tracking":false,"_monsterinsights_sitenote_active":false,"_monsterinsights_sitenote_note":"","_monsterinsights_sitenote_category":0,"footnotes":""},"class_list":{"0":"post-21689","1":"page","2":"type-page","3":"status-publish","5":"infinite-scroll-item"},"aioseo_notices":[],"_links":{"self":[{"href":"https:\/\/www.labeljoy.com\/es\/wp-json\/wp\/v2\/pages\/21689","targetHints":{"allow":["GET"]}}],"collection":[{"href":"https:\/\/www.labeljoy.com\/es\/wp-json\/wp\/v2\/pages"}],"about":[{"href":"https:\/\/www.labeljoy.com\/es\/wp-json\/wp\/v2\/types\/page"}],"author":[{"embeddable":true,"href":"https:\/\/www.labeljoy.com\/es\/wp-json\/wp\/v2\/users\/8"}],"replies":[{"embeddable":true,"href":"https:\/\/www.labeljoy.com\/es\/wp-json\/wp\/v2\/comments?post=21689"}],"version-history":[{"count":3,"href":"https:\/\/www.labeljoy.com\/es\/wp-json\/wp\/v2\/pages\/21689\/revisions"}],"predecessor-version":[{"id":21720,"href":"https:\/\/www.labeljoy.com\/es\/wp-json\/wp\/v2\/pages\/21689\/revisions\/21720"}],"up":[{"embeddable":true,"href":"https:\/\/www.labeljoy.com\/es\/wp-json\/wp\/v2\/pages\/21680"}],"wp:attachment":[{"href":"https:\/\/www.labeljoy.com\/es\/wp-json\/wp\/v2\/media?parent=21689"}],"curies":[{"name":"wp","href":"https:\/\/api.w.org\/{rel}","templated":true}]}}