{"id":21690,"date":"2014-11-19T14:05:03","date_gmt":"2014-11-19T14:05:03","guid":{"rendered":"http:\/\/www.labeljoy.com\/ayuda\/the-printer\/"},"modified":"2015-01-20T12:43:38","modified_gmt":"2015-01-20T12:43:38","slug":"la-impresora","status":"publish","type":"page","link":"https:\/\/www.labeljoy.com\/es\/ayuda\/la-impresora\/","title":{"rendered":"La impresora"},"content":{"rendered":"<div data-partent=\"19635\" class=\"callout callout-warning\">\n<h4>Esta p\u00e1gina hace referencia a Labeljoy 5, que no es nuestra \u00faltima versi\u00f3n.<\/h4>\n<p><a href=\"\/es\/comprar\/\">Actualice a Labeljoy 6<\/a> para obtener la \u00faltima versi\u00f3n del software con todas sus incre\u00edbles caracter\u00edsticas, o si ya es usuario, visite la <a href=\"\/es\/ayuda-lj6\/\">gu\u00eda del usuario de Labeljoy 6<\/a>.<\/p>\n<\/div>\n<div id=\"help-guide\">\n\r\n<p class=\"title\">la impresora<\/p>\n<p class=\"body\">Las <strong>impresoras de inyecci\u00f3n<\/strong> de tinta han llegado a una gama tan amplia de mercado que se pueden comprar a precios muy bajos.<br>\nSin embargo, a menudo el bajo costo conduce a la mala calidad de los componentes y a los altos costos de los recambios.<\/p>\n<p class=\"body\">Debe considerar cuidadosamente este componente si se necesita imprimir <strong>grandes cantidades de etiquetas<\/strong>.<\/p>\n<p class=\"body\">En los comercios hay algunas <strong>impresoras l\u00e1ser <\/strong>(incluyendo a color) de nivel &quot;prosumidor&quot;, o sea entre el profesional y el consumidor, que requieren m\u00e1s esfuerzo inicial en t\u00e9rminos econ\u00f3micos, pero proporcionan una mejor calidad de impresi\u00f3n, mayor fiabilidad en el tiempo y sobre todo una costo\/copia inferior.<strong><\/strong><\/p>\n <p class=\"note\"><strong>Nota<\/strong><br>\nDebe tener cuidado para imprimir hojas de etiquetas con las impresoras l\u00e1ser. Aseg\u00farese de que el tipo de papel de etiquetas adhesivas <strong>no sea demasiado grueso o incompatible con la impresora l\u00e1ser<\/strong>.<br>\nSobre todo, tener cuidado de no utilizar papel fotogr\u00e1fico para impresoras de inyecci\u00f3n de tinta en una impresora l\u00e1ser. Esta puede da\u00f1arse seriamente.<br>\nConsulte el manual de la impresora l\u00e1ser para saber si el papel que se desea utilizar es compatible.<\/p>\n<\/div>\n","protected":false},"excerpt":{"rendered":"<p>Esta p\u00e1gina hace referencia a Labeljoy 5, que no es nuestra \u00faltima versi\u00f3n. Actualice a Labeljoy 6 para obtener la \u00faltima versi\u00f3n del software con todas sus incre\u00edbles caracter\u00edsticas, o si ya es usuario, visite la gu\u00eda del usuario de Labeljoy 6.<\/p>\n","protected":false},"author":8,"featured_media":0,"parent":21680,"menu_order":0,"comment_status":"open","ping_status":"closed","template":"page-template-left-sidebar.php","meta":{"inline_featured_image":false,"_monsterinsights_skip_tracking":false,"_monsterinsights_sitenote_active":false,"_monsterinsights_sitenote_note":"","_monsterinsights_sitenote_category":0,"footnotes":""},"class_list":{"0":"post-21690","1":"page","2":"type-page","3":"status-publish","5":"infinite-scroll-item"},"aioseo_notices":[],"_links":{"self":[{"href":"https:\/\/www.labeljoy.com\/es\/wp-json\/wp\/v2\/pages\/21690","targetHints":{"allow":["GET"]}}],"collection":[{"href":"https:\/\/www.labeljoy.com\/es\/wp-json\/wp\/v2\/pages"}],"about":[{"href":"https:\/\/www.labeljoy.com\/es\/wp-json\/wp\/v2\/types\/page"}],"author":[{"embeddable":true,"href":"https:\/\/www.labeljoy.com\/es\/wp-json\/wp\/v2\/users\/8"}],"replies":[{"embeddable":true,"href":"https:\/\/www.labeljoy.com\/es\/wp-json\/wp\/v2\/comments?post=21690"}],"version-history":[{"count":3,"href":"https:\/\/www.labeljoy.com\/es\/wp-json\/wp\/v2\/pages\/21690\/revisions"}],"predecessor-version":[{"id":21728,"href":"https:\/\/www.labeljoy.com\/es\/wp-json\/wp\/v2\/pages\/21690\/revisions\/21728"}],"up":[{"embeddable":true,"href":"https:\/\/www.labeljoy.com\/es\/wp-json\/wp\/v2\/pages\/21680"}],"wp:attachment":[{"href":"https:\/\/www.labeljoy.com\/es\/wp-json\/wp\/v2\/media?parent=21690"}],"curies":[{"name":"wp","href":"https:\/\/api.w.org\/{rel}","templated":true}]}}