{"id":21691,"date":"2014-11-19T14:06:23","date_gmt":"2014-11-19T14:06:23","guid":{"rendered":"http:\/\/www.labeljoy.com\/ayuda\/software-registration\/"},"modified":"2015-01-20T12:43:16","modified_gmt":"2015-01-20T12:43:16","slug":"activacion-del-programa","status":"publish","type":"page","link":"https:\/\/www.labeljoy.com\/es\/ayuda\/activacion-del-programa\/","title":{"rendered":"Activaci\u00f3n del programa"},"content":{"rendered":"<div data-partent=\"19635\" class=\"callout callout-warning\">\n<h4>Esta p\u00e1gina hace referencia a Labeljoy 5, que no es nuestra \u00faltima versi\u00f3n.<\/h4>\n<p><a href=\"\/es\/comprar\/\">Actualice a Labeljoy 6<\/a> para obtener la \u00faltima versi\u00f3n del software con todas sus incre\u00edbles caracter\u00edsticas, o si ya es usuario, visite la <a href=\"\/es\/ayuda-lj6\/\">gu\u00eda del usuario de Labeljoy 6<\/a>.<\/p>\n<\/div>\n<div id=\"help-guide\">\n\r\n<p class=\"title\">activaci\u00f3n del programa<\/p>\r\n<p class=\"body\">La copia de Labeljoy instalada en el sistema requiere un <strong>procedimiento de activaci\u00f3n<\/strong>, que se realiza s\u00f3lo una vez, lo que implica la petici\u00f3n del <strong>c\u00f3digo de activaci\u00f3n<\/strong> en el sitio <a href=\"http:\/\/www.labeljoy.com\/es\/\">www.labeljoy.com<\/a>.<\/p>\r\n<p class=\"body\">Mientras que este procedimiento no se ha completado, el programa se <strong>ejecutar\u00e1 en modo de demostraci\u00f3n<\/strong>.<br>\r\nEn la versi\u00f3n demo el programa <strong>funciona sin limitaciones<\/strong>, excepto por el hecho de que en las <strong>primeras 500 etiquetas impresas se agregar\u00e1n a un mensaje publicitario<\/strong> de Labeljoy y luego un texto &quot;<strong>VERSION DEMO<\/strong>&quot;.<br>\r\nPara obtener m\u00e1s informaci\u00f3n, consulte el p\u00e1rrafo Labeljoy utilizar <a href=\"http:\/\/www.labeljoy.com\/es\/ayuda\/utilizar-labeljoy-en-modo-de-demostracion\/\"><strong>utilizar Labeljoy en modo de demostraci\u00f3n<\/strong><\/a>.<\/p>\r\n<p class=\"body\">En el tiempo transcurrido entre la instalaci\u00f3n del programa y su activaci\u00f3n final todav\u00eda se pueden crear las propias obras y comenzar a familiarizarse con el programa.<\/p>\r\n<p class=\"body\">Labeljoy se puede activar en las versiones <strong>Light<\/strong>, <strong>Basic<\/strong> o <strong>Full<\/strong>, dependiendo del c\u00f3digo que se compra.<br>\r\nLa versi\u00f3n <strong>Light<\/strong> no tiene la funcionalidad de conectarse a fuentes de datos, permite la creaci\u00f3n de c\u00f3digos de barras <strong>s\u00f3lo en tama\u00f1o C\u00f3digo 128<\/strong>, <strong>no ofrece el acceso a la galer\u00eda de clipart<\/strong> y <strong>no es aplicable el color degradado<\/strong>.<br>\r\nLa versi\u00f3n <strong>Basic<\/strong> no tiene la funcionalidad de <strong>conectarse a fuentes de datos<\/strong> y no permite la creaci\u00f3n de c\u00f3digos de barras <strong>C\u00f3digo QR&#8203;&#8203;<\/strong>, <strong>Data Matrix<\/strong>, <strong>EAN-128<\/strong> y <strong>GS1-128<\/strong>.<\/p>\r\n<\/div>\n<\/div>\n","protected":false},"excerpt":{"rendered":"<p>Esta p\u00e1gina hace referencia a Labeljoy 5, que no es nuestra \u00faltima versi\u00f3n. Actualice a Labeljoy 6 para obtener la \u00faltima versi\u00f3n del software con todas sus incre\u00edbles caracter\u00edsticas, o si ya es usuario, visite la gu\u00eda del usuario de Labeljoy 6.<\/p>\n","protected":false},"author":8,"featured_media":0,"parent":21680,"menu_order":0,"comment_status":"open","ping_status":"closed","template":"page-template-left-sidebar.php","meta":{"inline_featured_image":false,"_monsterinsights_skip_tracking":false,"_monsterinsights_sitenote_active":false,"_monsterinsights_sitenote_note":"","_monsterinsights_sitenote_category":0,"footnotes":""},"class_list":{"0":"post-21691","1":"page","2":"type-page","3":"status-publish","5":"infinite-scroll-item"},"aioseo_notices":[],"_links":{"self":[{"href":"https:\/\/www.labeljoy.com\/es\/wp-json\/wp\/v2\/pages\/21691","targetHints":{"allow":["GET"]}}],"collection":[{"href":"https:\/\/www.labeljoy.com\/es\/wp-json\/wp\/v2\/pages"}],"about":[{"href":"https:\/\/www.labeljoy.com\/es\/wp-json\/wp\/v2\/types\/page"}],"author":[{"embeddable":true,"href":"https:\/\/www.labeljoy.com\/es\/wp-json\/wp\/v2\/users\/8"}],"replies":[{"embeddable":true,"href":"https:\/\/www.labeljoy.com\/es\/wp-json\/wp\/v2\/comments?post=21691"}],"version-history":[{"count":3,"href":"https:\/\/www.labeljoy.com\/es\/wp-json\/wp\/v2\/pages\/21691\/revisions"}],"predecessor-version":[{"id":21726,"href":"https:\/\/www.labeljoy.com\/es\/wp-json\/wp\/v2\/pages\/21691\/revisions\/21726"}],"up":[{"embeddable":true,"href":"https:\/\/www.labeljoy.com\/es\/wp-json\/wp\/v2\/pages\/21680"}],"wp:attachment":[{"href":"https:\/\/www.labeljoy.com\/es\/wp-json\/wp\/v2\/media?parent=21691"}],"curies":[{"name":"wp","href":"https:\/\/api.w.org\/{rel}","templated":true}]}}