{"id":21692,"date":"2014-11-19T14:10:24","date_gmt":"2014-11-19T14:10:24","guid":{"rendered":"http:\/\/www.labeljoy.com\/ayuda\/using-labeljoy-in-trial-mode\/"},"modified":"2015-01-20T11:27:18","modified_gmt":"2015-01-20T11:27:18","slug":"utilizar-labeljoy-en-modo-de-demostracion","status":"publish","type":"page","link":"https:\/\/www.labeljoy.com\/es\/ayuda\/utilizar-labeljoy-en-modo-de-demostracion\/","title":{"rendered":"Utilizar Labeljoy en modo de demostraci\u00f3n"},"content":{"rendered":"<div data-partent=\"19635\" class=\"callout callout-warning\">\n<h4>Esta p\u00e1gina hace referencia a Labeljoy 5, que no es nuestra \u00faltima versi\u00f3n.<\/h4>\n<p><a href=\"\/es\/comprar\/\">Actualice a Labeljoy 6<\/a> para obtener la \u00faltima versi\u00f3n del software con todas sus incre\u00edbles caracter\u00edsticas, o si ya es usuario, visite la <a href=\"\/es\/ayuda-lj6\/\">gu\u00eda del usuario de Labeljoy 6<\/a>.<\/p>\n<\/div>\n<link rel=\"stylesheet\" href=\"http:\/\/www.labeljoy.com\/user-guide-files\/en\/styles.css\" type=\"text\/css\" media=\"all\" \/>\n<div id=\"help-guide\">\n\r\n<p class=\"title\">utilizar Labeljoy en modo de demostraci\u00f3n<\/p>\r\n<p class=\"body\">Hasta que se introduce un <strong>c\u00f3digo de activaci\u00f3n v\u00e1lido<\/strong>, Labeljoy se ejecutar\u00e1 en modo de demostraci\u00f3n.<br>\r\nLa <strong>ventana de activaci\u00f3n<\/strong> (que aparece al hacer clic en la opci\u00f3n <i>Activaci\u00f3n<\/i>\r\nen el men\u00fa Ayuda) muestra el estado de la <strong>versi\u00f3n demo<\/strong>.<\/p>\r\n<table width=\"100%\">\r\n<tr valign=\"top\">\r\n<td>\r\n<p class=\"body\" style='margin-top:0cm'><img src=\"http:\/\/www.labeljoy.com\/user-guide-files\/es\/1160_001.png\" align=left>En el modo de demostraci\u00f3n todav\u00eda se pueden <strong>utilizar todas las funciones de Labeljoy <\/strong>sin l\u00edmite de tiempo.<br>\r\nLa \u00fanica limitaci\u00f3n es el texto de publicidad para las primeras 500 etiquetas:<\/p>\r\n<p class=images>Ejemplo de la etiqueta impresa en el per\u00edodo inicial...<\/p>\r\n<p align=center style='text-align:center'><img src=\"http:\/\/www.labeljoy.com\/user-guide-files\/es\/1160_002.png\" border=1><\/p>\r\n<p class=\"body\">El texto de publicidad se colocar\u00e1 a lo <strong>largo del borde inferior<\/strong> y su altura ser\u00e1 de entre <strong>10 y 20 mil\u00edmetros<\/strong>, dependiendo de la altura de la etiqueta.<\/p>\r\n<p class=\"body\">Despu\u00e9s de las primeras 500 etiquetas cada vez que se imprime se <strong>agregar\u00e1 al texto la transparencia<\/strong>: VERSI\u00d3N DEMO.<\/p>\r\n<p class=images>Ejemplo de una etiqueta impresa en el modo de demostraci\u00f3n<\/p>\r\n<p align=center style='margin-bottom:0cm;margin-bottom:.0001pt;text-align: center'><img src=\"http:\/\/www.labeljoy.com\/user-guide-files\/es\/1160_002.png\" border=1\"><\/p>\r\n<\/td>\r\n<\/tr>\r\n<\/table>\r\n\n<\/div>\n","protected":false},"excerpt":{"rendered":"<p>Esta p\u00e1gina hace referencia a Labeljoy 5, que no es nuestra \u00faltima versi\u00f3n. Actualice a Labeljoy 6 para obtener la \u00faltima versi\u00f3n del software con todas sus incre\u00edbles caracter\u00edsticas, o si ya es usuario, visite la gu\u00eda del usuario de Labeljoy 6.<\/p>\n","protected":false},"author":8,"featured_media":0,"parent":21680,"menu_order":0,"comment_status":"open","ping_status":"closed","template":"page-template-left-sidebar.php","meta":{"inline_featured_image":false,"_monsterinsights_skip_tracking":false,"_monsterinsights_sitenote_active":false,"_monsterinsights_sitenote_note":"","_monsterinsights_sitenote_category":0,"footnotes":""},"class_list":{"0":"post-21692","1":"page","2":"type-page","3":"status-publish","5":"infinite-scroll-item"},"aioseo_notices":[],"_links":{"self":[{"href":"https:\/\/www.labeljoy.com\/es\/wp-json\/wp\/v2\/pages\/21692","targetHints":{"allow":["GET"]}}],"collection":[{"href":"https:\/\/www.labeljoy.com\/es\/wp-json\/wp\/v2\/pages"}],"about":[{"href":"https:\/\/www.labeljoy.com\/es\/wp-json\/wp\/v2\/types\/page"}],"author":[{"embeddable":true,"href":"https:\/\/www.labeljoy.com\/es\/wp-json\/wp\/v2\/users\/8"}],"replies":[{"embeddable":true,"href":"https:\/\/www.labeljoy.com\/es\/wp-json\/wp\/v2\/comments?post=21692"}],"version-history":[{"count":2,"href":"https:\/\/www.labeljoy.com\/es\/wp-json\/wp\/v2\/pages\/21692\/revisions"}],"predecessor-version":[{"id":21717,"href":"https:\/\/www.labeljoy.com\/es\/wp-json\/wp\/v2\/pages\/21692\/revisions\/21717"}],"up":[{"embeddable":true,"href":"https:\/\/www.labeljoy.com\/es\/wp-json\/wp\/v2\/pages\/21680"}],"wp:attachment":[{"href":"https:\/\/www.labeljoy.com\/es\/wp-json\/wp\/v2\/media?parent=21692"}],"curies":[{"name":"wp","href":"https:\/\/api.w.org\/{rel}","templated":true}]}}