{"id":21694,"date":"2014-11-19T14:12:03","date_gmt":"2014-11-19T14:12:03","guid":{"rendered":"http:\/\/www.labeljoy.com\/ayuda\/registering-labeljoy\/"},"modified":"2015-01-20T12:43:01","modified_gmt":"2015-01-20T12:43:01","slug":"activar-el-programa","status":"publish","type":"page","link":"https:\/\/www.labeljoy.com\/es\/ayuda\/activar-el-programa\/","title":{"rendered":"Activar el programa"},"content":{"rendered":"<div data-partent=\"19635\" class=\"callout callout-warning\">\n<h4>Esta p\u00e1gina hace referencia a Labeljoy 5, que no es nuestra \u00faltima versi\u00f3n.<\/h4>\n<p><a href=\"\/es\/comprar\/\">Actualice a Labeljoy 6<\/a> para obtener la \u00faltima versi\u00f3n del software con todas sus incre\u00edbles caracter\u00edsticas, o si ya es usuario, visite la <a href=\"\/es\/ayuda-lj6\/\">gu\u00eda del usuario de Labeljoy 6<\/a>.<\/p>\n<\/div>\n<div id=\"help-guide\">\n\r\n<p class=\"title\">activar el programa<\/p>\n<p class=\"body\">Para registrar Labeljoy seguir  estos 3 sencillos pasos: conectarse a la <a href=\"http:\/\/www.labeljoy.com\/es\/\" target=\"_blank\">p\u00e1gina web de Labeljoy<\/a> y comprar un n\u00famero de registro; <strong>introducir el n&uacute;mero en el cuadro de di\u00e1logo de registro<\/strong>  mediante el <strong>uso de la ventana de activaci&oacute;n<\/strong> que se visualiza al seleccionar la opci&oacute;n <i>Activaci&oacute;n<\/i> que se encuentra dentro del men&uacute; <i>Ayuda<\/i> o haciendo clic en el &uacute;ltimo icono en la barra superior de Labeljoy.<\/p>\n<table width=\"100%\">\n<tr valign=\"top\">\n<td>\n<p class=\"body\"><img src=\"http:\/\/www.labeljoy.com\/user-guide-files\/es\/1160_001.png\" align=left>En el cuadro de di\u00e1logo de registro, hacer clic en el bot\u00f3n <em>Adquirir Labeljoy<\/em>. Se abrir\u00e1 una ventana del navegador a la p\u00e1gina de <strong>compra de Labeljoy<\/strong> en www.labeljoy.com.\n  <strong>Seguir las instrucciones en l\u00ednea<\/strong> para comprar el tipo de c\u00f3digo de registro deseado.<\/p>\n<\/td>\n<\/tr>\n<tr valign=\"top\">\n<td>\n<p class=\"body\"><img src=\"http:\/\/www.labeljoy.com\/user-guide-files\/es\/1180_004.png\" align=left>Una vez en <strong>posesi\u00f3n del c\u00f3digo de activaci\u00f3n<\/strong>,  hacer clic en el bot\u00f3n <i>Activar Labeljoy<\/i>\nen el segundo cuadro.<br>\nAparecer\u00e1 una ventana secundaria en la que se puede insertar el c\u00f3digo que se acaba de recibir.<\/p>\n<\/td>\n<\/tr>\n<tr valign=\"top\">\n<td>\n<p class=\"body\" style='margin:0cm;margin-bottom:.0001pt'><img src=\"http:\/\/www.labeljoy.com\/user-guide-files\/es\/1180_005.png\" align=left><strong>Escribir o pegar el c\u00f3digo de registro en el cuadro de texto<\/strong> y hacer clic en <i>OK<\/i>\npara confirmar. El procedimiento de validaci\u00f3n del c\u00f3digo requiere <strong>unos segundos<\/strong>, tras los cuales se mostrar\u00e1 el resultado de la activaci\u00f3n.<br>\nEl proceso de activaci\u00f3n requiere una <strong>conexi\u00f3n a Internet<\/strong>. Aseg\u00farese de que el ordenador est\u00e1 conectado a Internet mientras se activa Labeljoy.<\/p>\n<p class=\"note\">\n    \tEl proceso de activaci\u00f3n requiere una <strong>conexi\u00f3n a Internet<\/strong>. Aseg\u00farese de que su ordenador est\u00e1 conectado a Internet mientras se activa Labeljoy. <\/p>\n<\/td>\n<\/tr>\n<tr valign=\"top\">\n<td>\n<p class=\"body\" style='margin-top:0cm'><img src=\"http:\/\/www.labeljoy.com\/user-guide-files\/es\/1180_002.png\" align=left>Activaci\u00f3n <em>Full.<\/em><\/p>\n<p class=\"body\" style='margin-bottom:0cm;margin-bottom:.0001pt'>Realice clic en <em>OK<\/em>\npara cerrar la venta de activaci\u00f3n.<\/p>\n<\/td>\n<\/tr>\n<tr valign=\"top\">\n<td>\n<p class=\"body\" style='margin:0cm;margin-bottom:.0001pt'><img src=\"http:\/\/www.labeljoy.com\/user-guide-files\/es\/1180_003.png\" align=left>Si se ha adquirido la versi\u00f3n <em>Basic<\/em> se desactivaran todas las funcionalidades de conexi\u00f3n a fuente de datos, y los c\u00f3digos de barras 2D, EAN-128 y GS1-128 <span class=\"body\" style=\"margin:0cm;margin-bottom:.0001pt\"><strong>se convertir&aacute;n en c&oacute;digo 128<\/strong>.<\/span><br>\nCualquier proyecto creado con las caracter\u00edsticas anteriores, se adaptar\u00e1 a la versi\u00f3n <em>Basic<\/em> y l<strong>as funcionalidades no compatibles ser\u00e1n desactivadas<\/strong>.<\/p>\n<\/td>\n<\/tr>\n<tr valign=\"top\">\n<td>\n<p class=\"body\" style='margin:0cm;margin-bottom:.0001pt'><img src=\"http:\/\/www.labeljoy.com\/user-guide-files\/es\/1180_006.png\" align=left>Si se ha comprado la versi\u00f3n <i>Light<\/i>\ntodas las funcionalidades de conexi\u00f3n a fuentes de datos ser\u00e1n desactivadas y todos los c\u00f3digos de barras se convertir\u00e1n en c\u00f3digo 128.<br>\nAdem\u00e1s, no se podr\u00e1 acceder a las cliparts y lo colores  sombreados se convertier&aacute;n en planos. <br>\nCualquier proyecto creado con las caracter\u00edsticas anteriores, se adaptar\u00e1 a la versi\u00f3n Light y <strong>las funcionalidades no compatibles ser\u00e1n desactivadas<\/strong>.<\/p>\n<\/td>\n<\/tr>\n<\/table>\n<p class=\"note\"><strong>Nota<\/strong>:<br>\n  En caso de tener que desactivar el software de mover su registro a otro PC, haga clic en el link <em>Desactivar<\/em> en la parte inferior del formulario y siga el procedimiento.<br>\n<strong>IMPORTANTE<\/strong>: aseg\u00farese de que tiene el c\u00f3digo de activaci\u00f3n a la mano cuando se desactiva la copia de Labeljoy. Usted lo necesitar\u00e1 para el proceso de registro en el PC nuevo.<\/p>\n<\/div>\n\n<\/div>\n","protected":false},"excerpt":{"rendered":"<p>Esta p\u00e1gina hace referencia a Labeljoy 5, que no es nuestra \u00faltima versi\u00f3n. Actualice a Labeljoy 6 para obtener la \u00faltima versi\u00f3n del software con todas sus incre\u00edbles caracter\u00edsticas, o si ya es usuario, visite la gu\u00eda del usuario de Labeljoy 6.<\/p>\n","protected":false},"author":8,"featured_media":0,"parent":21680,"menu_order":0,"comment_status":"open","ping_status":"closed","template":"page-template-left-sidebar.php","meta":{"inline_featured_image":false,"_monsterinsights_skip_tracking":false,"_monsterinsights_sitenote_active":false,"_monsterinsights_sitenote_note":"","_monsterinsights_sitenote_category":0,"footnotes":""},"class_list":{"0":"post-21694","1":"page","2":"type-page","3":"status-publish","5":"infinite-scroll-item"},"aioseo_notices":[],"_links":{"self":[{"href":"https:\/\/www.labeljoy.com\/es\/wp-json\/wp\/v2\/pages\/21694","targetHints":{"allow":["GET"]}}],"collection":[{"href":"https:\/\/www.labeljoy.com\/es\/wp-json\/wp\/v2\/pages"}],"about":[{"href":"https:\/\/www.labeljoy.com\/es\/wp-json\/wp\/v2\/types\/page"}],"author":[{"embeddable":true,"href":"https:\/\/www.labeljoy.com\/es\/wp-json\/wp\/v2\/users\/8"}],"replies":[{"embeddable":true,"href":"https:\/\/www.labeljoy.com\/es\/wp-json\/wp\/v2\/comments?post=21694"}],"version-history":[{"count":3,"href":"https:\/\/www.labeljoy.com\/es\/wp-json\/wp\/v2\/pages\/21694\/revisions"}],"predecessor-version":[{"id":21724,"href":"https:\/\/www.labeljoy.com\/es\/wp-json\/wp\/v2\/pages\/21694\/revisions\/21724"}],"up":[{"embeddable":true,"href":"https:\/\/www.labeljoy.com\/es\/wp-json\/wp\/v2\/pages\/21680"}],"wp:attachment":[{"href":"https:\/\/www.labeljoy.com\/es\/wp-json\/wp\/v2\/media?parent=21694"}],"curies":[{"name":"wp","href":"https:\/\/api.w.org\/{rel}","templated":true}]}}