{"id":21695,"date":"2014-11-19T14:13:29","date_gmt":"2014-11-19T14:13:29","guid":{"rendered":"http:\/\/www.labeljoy.com\/ayuda\/uninstalling-labeljoy\/"},"modified":"2015-01-20T12:43:10","modified_gmt":"2015-01-20T12:43:10","slug":"desinstalar-labeljoy","status":"publish","type":"page","link":"https:\/\/www.labeljoy.com\/es\/ayuda\/desinstalar-labeljoy\/","title":{"rendered":"Desinstalar Labeljoy"},"content":{"rendered":"<div data-partent=\"19635\" class=\"callout callout-warning\">\n<h4>Esta p\u00e1gina hace referencia a Labeljoy 5, que no es nuestra \u00faltima versi\u00f3n.<\/h4>\n<p><a href=\"\/es\/comprar\/\">Actualice a Labeljoy 6<\/a> para obtener la \u00faltima versi\u00f3n del software con todas sus incre\u00edbles caracter\u00edsticas, o si ya es usuario, visite la <a href=\"\/es\/ayuda-lj6\/\">gu\u00eda del usuario de Labeljoy 6<\/a>.<\/p>\n<\/div>\n<div id=\"help-guide\">\n\r\n<p class=\"title\">desinstalar Labeljoy<\/p>\n<p class=\"body\">Para <strong>desinstalar el programa<\/strong> y los archivos que se han instalado en el sistema durante la instalaci\u00f3n proceda de la siguiente manera:<\/p>\n<ol>\n  <li><span class=\"body\">Realice clic en el <strong>men\u00fa Inicio<\/strong>.<\/span><\/li>\n  <li><span class=\"body\">Ingrese a la carpeta <strong>Labeljoy<\/strong>.<\/span><\/li>\n  <li><span class=\"body\">Realice clic en el bot\u00f3n <strong>Desinstalar<\/strong>. En este punto iniciar\u00e1 el asistente que permitir\u00e1 desinstalar el programa.<\/span><\/li>\n<\/ol>\n<p class=\"body\">Siga <strong>las instrucciones que aparecen en pantalla<\/strong>.<\/p>\n<\/div>\n","protected":false},"excerpt":{"rendered":"<p>Esta p\u00e1gina hace referencia a Labeljoy 5, que no es nuestra \u00faltima versi\u00f3n. Actualice a Labeljoy 6 para obtener la \u00faltima versi\u00f3n del software con todas sus incre\u00edbles caracter\u00edsticas, o si ya es usuario, visite la gu\u00eda del usuario de Labeljoy 6.<\/p>\n","protected":false},"author":8,"featured_media":0,"parent":21680,"menu_order":0,"comment_status":"open","ping_status":"closed","template":"page-template-left-sidebar.php","meta":{"inline_featured_image":false,"_monsterinsights_skip_tracking":false,"_monsterinsights_sitenote_active":false,"_monsterinsights_sitenote_note":"","_monsterinsights_sitenote_category":0,"footnotes":""},"class_list":{"0":"post-21695","1":"page","2":"type-page","3":"status-publish","5":"infinite-scroll-item"},"aioseo_notices":[],"_links":{"self":[{"href":"https:\/\/www.labeljoy.com\/es\/wp-json\/wp\/v2\/pages\/21695","targetHints":{"allow":["GET"]}}],"collection":[{"href":"https:\/\/www.labeljoy.com\/es\/wp-json\/wp\/v2\/pages"}],"about":[{"href":"https:\/\/www.labeljoy.com\/es\/wp-json\/wp\/v2\/types\/page"}],"author":[{"embeddable":true,"href":"https:\/\/www.labeljoy.com\/es\/wp-json\/wp\/v2\/users\/8"}],"replies":[{"embeddable":true,"href":"https:\/\/www.labeljoy.com\/es\/wp-json\/wp\/v2\/comments?post=21695"}],"version-history":[{"count":3,"href":"https:\/\/www.labeljoy.com\/es\/wp-json\/wp\/v2\/pages\/21695\/revisions"}],"predecessor-version":[{"id":21725,"href":"https:\/\/www.labeljoy.com\/es\/wp-json\/wp\/v2\/pages\/21695\/revisions\/21725"}],"up":[{"embeddable":true,"href":"https:\/\/www.labeljoy.com\/es\/wp-json\/wp\/v2\/pages\/21680"}],"wp:attachment":[{"href":"https:\/\/www.labeljoy.com\/es\/wp-json\/wp\/v2\/media?parent=21695"}],"curies":[{"name":"wp","href":"https:\/\/api.w.org\/{rel}","templated":true}]}}