{"id":21730,"date":"2014-11-19T14:15:19","date_gmt":"2014-11-19T14:15:19","guid":{"rendered":"http:\/\/www.labeljoy.com\/ayuda\/the-menu-bar\/"},"modified":"2015-01-20T15:43:38","modified_gmt":"2015-01-20T15:43:38","slug":"la-barra-de-menus","status":"publish","type":"page","link":"https:\/\/www.labeljoy.com\/es\/ayuda\/la-barra-de-menus\/","title":{"rendered":"La barra de men\u00fas"},"content":{"rendered":"<div data-partent=\"19635\" class=\"callout callout-warning\">\n<h4>Esta p\u00e1gina hace referencia a Labeljoy 5, que no es nuestra \u00faltima versi\u00f3n.<\/h4>\n<p><a href=\"\/es\/comprar\/\">Actualice a Labeljoy 6<\/a> para obtener la \u00faltima versi\u00f3n del software con todas sus incre\u00edbles caracter\u00edsticas, o si ya es usuario, visite la <a href=\"\/es\/ayuda-lj6\/\">gu\u00eda del usuario de Labeljoy 6<\/a>.<\/p>\n<\/div>\n<div id=\"help-guide\">\n\r\n<p class=\"title\">la barra de men\u00fas<\/p>\r\n<p class=\"body\">La <strong>barra de men\u00fa <\/strong>proporciona acceso a las funciones del programa.<\/p>\r\n<p class=\"body\"><img src=\"http:\/\/www.labeljoy.com\/user-guide-files\/es\/2700_001.png\" style=\"margin: 0px 24px 4px 0px\"><\/p>\r\n<p class=\"body\">Los mismos controles son accesibles a trav\u00e9s la<a href=\"http:\/\/www.labeljoy.com\/es\/ayuda\/la-barra-de-iconos\/\"> barra de iconos<\/a>, <strong>organizados de una manera compacta<\/strong>.<br>\r\n  Los elementos son los siguientes:<\/p>\r\n<ul type=disc>\r\n  <li class=\"body\"><a href=\"http:\/\/www.labeljoy.com\/es\/ayuda\/archivo\/\">Archivo<\/a><\/li>\r\n  <li class=\"body\"><a href=\"http:\/\/www.labeljoy.com\/es\/ayuda\/editar\/\">Editar<\/a><\/li>\r\n  <li class=\"body\"><a href=\"http:\/\/www.labeljoy.com\/es\/ayuda\/proyecto\/\">Proyecto<\/a><\/li>\r\n  <li class=\"body\"><a href=\"http:\/\/www.labeljoy.com\/es\/ayuda\/seleccion-menu\/\">Selecci\u00f3n<\/a><\/li>\r\n  <li class=\"body\"><a href=\"http:\/\/www.labeljoy.com\/es\/ayuda\/zoom-es\/\">Zoom<\/a><\/li>\r\n  <li class=\"body\"><a href=\"http:\/\/www.labeljoy.com\/es\/ayuda\/ayuda-menu\/\">Ayuda<\/a><\/li>\r\n<\/ul>\r\n<\/div>\n<\/div>\n","protected":false},"excerpt":{"rendered":"<p>Esta p\u00e1gina hace referencia a Labeljoy 5, que no es nuestra \u00faltima versi\u00f3n. Actualice a Labeljoy 6 para obtener la \u00faltima versi\u00f3n del software con todas sus incre\u00edbles caracter\u00edsticas, o si ya es usuario, visite la gu\u00eda del usuario de Labeljoy 6.<\/p>\n","protected":false},"author":8,"featured_media":0,"parent":21680,"menu_order":0,"comment_status":"open","ping_status":"closed","template":"page-template-left-sidebar.php","meta":{"inline_featured_image":false,"_monsterinsights_skip_tracking":false,"_monsterinsights_sitenote_active":false,"_monsterinsights_sitenote_note":"","_monsterinsights_sitenote_category":0,"footnotes":""},"class_list":{"0":"post-21730","1":"page","2":"type-page","3":"status-publish","5":"infinite-scroll-item"},"aioseo_notices":[],"_links":{"self":[{"href":"https:\/\/www.labeljoy.com\/es\/wp-json\/wp\/v2\/pages\/21730","targetHints":{"allow":["GET"]}}],"collection":[{"href":"https:\/\/www.labeljoy.com\/es\/wp-json\/wp\/v2\/pages"}],"about":[{"href":"https:\/\/www.labeljoy.com\/es\/wp-json\/wp\/v2\/types\/page"}],"author":[{"embeddable":true,"href":"https:\/\/www.labeljoy.com\/es\/wp-json\/wp\/v2\/users\/8"}],"replies":[{"embeddable":true,"href":"https:\/\/www.labeljoy.com\/es\/wp-json\/wp\/v2\/comments?post=21730"}],"version-history":[{"count":3,"href":"https:\/\/www.labeljoy.com\/es\/wp-json\/wp\/v2\/pages\/21730\/revisions"}],"predecessor-version":[{"id":21842,"href":"https:\/\/www.labeljoy.com\/es\/wp-json\/wp\/v2\/pages\/21730\/revisions\/21842"}],"up":[{"embeddable":true,"href":"https:\/\/www.labeljoy.com\/es\/wp-json\/wp\/v2\/pages\/21680"}],"wp:attachment":[{"href":"https:\/\/www.labeljoy.com\/es\/wp-json\/wp\/v2\/media?parent=21730"}],"curies":[{"name":"wp","href":"https:\/\/api.w.org\/{rel}","templated":true}]}}