{"id":21731,"date":"2014-11-19T14:17:57","date_gmt":"2014-11-19T14:17:57","guid":{"rendered":"http:\/\/www.labeljoy.com\/ayuda\/edit\/"},"modified":"2015-01-20T15:43:57","modified_gmt":"2015-01-20T15:43:57","slug":"editar","status":"publish","type":"page","link":"https:\/\/www.labeljoy.com\/es\/ayuda\/editar\/","title":{"rendered":"Editar"},"content":{"rendered":"<div data-partent=\"19635\" class=\"callout callout-warning\">\n<h4>Esta p\u00e1gina hace referencia a Labeljoy 5, que no es nuestra \u00faltima versi\u00f3n.<\/h4>\n<p><a href=\"\/es\/comprar\/\">Actualice a Labeljoy 6<\/a> para obtener la \u00faltima versi\u00f3n del software con todas sus incre\u00edbles caracter\u00edsticas, o si ya es usuario, visite la <a href=\"\/es\/ayuda-lj6\/\">gu\u00eda del usuario de Labeljoy 6<\/a>.<\/p>\n<\/div>\n<div id=\"help-guide\">\n\r\n<p class=\"title\">editar<\/p>\r\n<p class=\"body\">El men\u00fa <em>Editar<\/em> muestra los comandos que\u00a0<strong>permiten actuar sobre los elementos de la etiqueta y de la p\u00e1gina<\/strong>.<\/p>\r\n<p class=\"body\">En la parte superior estan los comandos<a href=\"http:\/\/www.labeljoy.com\/es\/ayuda\/deshacer-rehacer-operaciones\/\"> <em>Deshacer\/Rehacer<\/em><\/a>.<br>\r\n  Luego los comandos del <a href=\"http:\/\/www.labeljoy.com\/es\/ayuda\/elemento\/\">icono <em>Elemento<\/em><\/a>, los detalles de estos se explicar\u00e1n m\u00e1s adelante.<\/p>\r\n<\/div>\n<\/div>\n","protected":false},"excerpt":{"rendered":"<p>Esta p\u00e1gina hace referencia a Labeljoy 5, que no es nuestra \u00faltima versi\u00f3n. Actualice a Labeljoy 6 para obtener la \u00faltima versi\u00f3n del software con todas sus incre\u00edbles caracter\u00edsticas, o si ya es usuario, visite la gu\u00eda del usuario de Labeljoy 6.<\/p>\n","protected":false},"author":8,"featured_media":0,"parent":21680,"menu_order":0,"comment_status":"open","ping_status":"closed","template":"page-template-left-sidebar.php","meta":{"inline_featured_image":false,"_monsterinsights_skip_tracking":false,"_monsterinsights_sitenote_active":false,"_monsterinsights_sitenote_note":"","_monsterinsights_sitenote_category":0,"footnotes":""},"class_list":{"0":"post-21731","1":"page","2":"type-page","3":"status-publish","5":"infinite-scroll-item"},"aioseo_notices":[],"_links":{"self":[{"href":"https:\/\/www.labeljoy.com\/es\/wp-json\/wp\/v2\/pages\/21731","targetHints":{"allow":["GET"]}}],"collection":[{"href":"https:\/\/www.labeljoy.com\/es\/wp-json\/wp\/v2\/pages"}],"about":[{"href":"https:\/\/www.labeljoy.com\/es\/wp-json\/wp\/v2\/types\/page"}],"author":[{"embeddable":true,"href":"https:\/\/www.labeljoy.com\/es\/wp-json\/wp\/v2\/users\/8"}],"replies":[{"embeddable":true,"href":"https:\/\/www.labeljoy.com\/es\/wp-json\/wp\/v2\/comments?post=21731"}],"version-history":[{"count":3,"href":"https:\/\/www.labeljoy.com\/es\/wp-json\/wp\/v2\/pages\/21731\/revisions"}],"predecessor-version":[{"id":21844,"href":"https:\/\/www.labeljoy.com\/es\/wp-json\/wp\/v2\/pages\/21731\/revisions\/21844"}],"up":[{"embeddable":true,"href":"https:\/\/www.labeljoy.com\/es\/wp-json\/wp\/v2\/pages\/21680"}],"wp:attachment":[{"href":"https:\/\/www.labeljoy.com\/es\/wp-json\/wp\/v2\/media?parent=21731"}],"curies":[{"name":"wp","href":"https:\/\/api.w.org\/{rel}","templated":true}]}}