{"id":21732,"date":"2014-11-19T14:16:37","date_gmt":"2014-11-19T14:16:37","guid":{"rendered":"http:\/\/www.labeljoy.com\/ayuda\/file\/"},"modified":"2015-01-20T15:43:51","modified_gmt":"2015-01-20T15:43:51","slug":"archivo","status":"publish","type":"page","link":"https:\/\/www.labeljoy.com\/es\/ayuda\/archivo\/","title":{"rendered":"Archivo"},"content":{"rendered":"<div data-partent=\"19635\" class=\"callout callout-warning\">\n<h4>Esta p\u00e1gina hace referencia a Labeljoy 5, que no es nuestra \u00faltima versi\u00f3n.<\/h4>\n<p><a href=\"\/es\/comprar\/\">Actualice a Labeljoy 6<\/a> para obtener la \u00faltima versi\u00f3n del software con todas sus incre\u00edbles caracter\u00edsticas, o si ya es usuario, visite la <a href=\"\/es\/ayuda-lj6\/\">gu\u00eda del usuario de Labeljoy 6<\/a>.<\/p>\n<\/div>\n<div id=\"help-guide\">\n\r\n<p class=\"title\">archivo<\/p>\r\n<p class=\"body\">El men\u00fa <i>Archivo<\/i> proporciona acceso a las funciones relacionadas con el <strong>Guardar y Abrir<\/strong> los archivos creados con Labeljoy as\u00ed como para <strong>imprimir el proyecto actual<\/strong>:<\/p>\r\n<ul>\r\n  <li class=\"body\">El comando <i>Nuevo<\/i> permite crear un <strong>nuevo proyecto de Labeljoy<\/strong> y utilizarlo como punto de partida para la creaci\u00f3n de nuevas etiquetas. Ver la descripci\u00f3n del <a href=\"http:\/\/www.labeljoy.com\/es\/ayuda\/nuevo\/\">comando correspondiente<\/a> en la barra de herramientas.<\/li>\r\n  <li class=\"body\">El comando <i>Abrir<\/i> muestra una ventana de selecci\u00f3n de archivo para seleccionar un archivo existente en el disco duro del ordenador, o una ubicaci\u00f3n de la red. Ver la descripci\u00f3n del <a href=\"http:\/\/www.labeljoy.com\/es\/ayuda\/abrir\/\">comando correspondiente<\/a> en la barra de herramientas.<\/li>\r\n  <li class=\"body\">Luego est\u00e1 la secci\u00f3n para <strong>guardar los archivos creados con Labeljoy<\/strong>. Ver la descripci\u00f3n del <a href=\"http:\/\/www.labeljoy.com\/es\/ayuda\/guardar\/\">comando correspondiente<\/a> en la barra de herramientas.<\/li>\r\n  <li class=\"body\">El men\u00fa <i>Exportar<\/i> contiene tres submen\u00fas que permiten acceder a las funciones de exportaci\u00f3n: <a href=\"http:\/\/www.labeljoy.com\/es\/ayuda\/exportar-las-etiquetas\/\">exportaci\u00f3n de etiquetas, <\/a><a href=\"http:\/\/www.labeljoy.com\/es\/ayuda\/exportar-los-codigos-de-barras\/\">exportaci\u00f3n de c\u00f3digo de barras y <\/a><a href=\"http:\/\/www.labeljoy.com\/es\/ayuda\/exportar-las-paginas\/\">exportaci\u00f3n de p\u00e1ginas<\/a>. Esta secci\u00f3n no est\u00e1 disponible en la versi\u00f3n <i>Light<\/i>.<\/li>\r\n  <li class=\"body\">El men\u00fa <i>Guardar<\/i> <i>como por defecto<\/i> permite guardar el proyecto actual como un archivo predeterminado, o sea l<strong>o que se propone en la apertura del programa<\/strong>.<\/li>\r\n  <li class=\"body\">Sigue la lista de <strong>archivos recientes<\/strong> que permite seleccionar los \u00faltimos archivos en lo que se estaba trabajando. El comando <i>Eliminar lista de archivos recientes<\/i> permite <strong>eliminar la lista de archivos usados recientemente<\/strong>.<\/li>\r\n  <li class=\"body\">La secci\u00f3n siguiente proporciona acceso a las <strong>funciones de impresi\u00f3n<\/strong> del proyecto actual y a las funciones de configuraci\u00f3n de las impresoras instaladas en el sistema. Ver la descripci\u00f3n del bot\u00f3n <a href=\"http:\/\/www.labeljoy.com\/es\/ayuda\/impresion-icono\/\">Imprimir<\/a> en la barra de los iconos.<\/li>\r\n  <li class=\"body\">El men\u00fa <i>Opciones<\/i> permite acceder a la ventana de <a href=\"http:\/\/www.labeljoy.com\/es\/ayuda\/opciones\/\">opciones<\/a> cuando la <strong>barra de herramientas no est\u00e1 visible<\/strong>.<\/li>\r\n  <li><span class=\"body\">Por \u00faltimo, el men\u00fa <i>Salir<\/i> cierra Labeljoy.<\/span><\/li>\r\n<\/ul>\r\n<\/div>\n<\/div>\n","protected":false},"excerpt":{"rendered":"<p>Esta p\u00e1gina hace referencia a Labeljoy 5, que no es nuestra \u00faltima versi\u00f3n. Actualice a Labeljoy 6 para obtener la \u00faltima versi\u00f3n del software con todas sus incre\u00edbles caracter\u00edsticas, o si ya es usuario, visite la gu\u00eda del usuario de Labeljoy 6.<\/p>\n","protected":false},"author":8,"featured_media":0,"parent":21680,"menu_order":0,"comment_status":"open","ping_status":"closed","template":"page-template-left-sidebar.php","meta":{"inline_featured_image":false,"_monsterinsights_skip_tracking":false,"_monsterinsights_sitenote_active":false,"_monsterinsights_sitenote_note":"","_monsterinsights_sitenote_category":0,"footnotes":""},"class_list":{"0":"post-21732","1":"page","2":"type-page","3":"status-publish","5":"infinite-scroll-item"},"aioseo_notices":[],"_links":{"self":[{"href":"https:\/\/www.labeljoy.com\/es\/wp-json\/wp\/v2\/pages\/21732","targetHints":{"allow":["GET"]}}],"collection":[{"href":"https:\/\/www.labeljoy.com\/es\/wp-json\/wp\/v2\/pages"}],"about":[{"href":"https:\/\/www.labeljoy.com\/es\/wp-json\/wp\/v2\/types\/page"}],"author":[{"embeddable":true,"href":"https:\/\/www.labeljoy.com\/es\/wp-json\/wp\/v2\/users\/8"}],"replies":[{"embeddable":true,"href":"https:\/\/www.labeljoy.com\/es\/wp-json\/wp\/v2\/comments?post=21732"}],"version-history":[{"count":3,"href":"https:\/\/www.labeljoy.com\/es\/wp-json\/wp\/v2\/pages\/21732\/revisions"}],"predecessor-version":[{"id":21843,"href":"https:\/\/www.labeljoy.com\/es\/wp-json\/wp\/v2\/pages\/21732\/revisions\/21843"}],"up":[{"embeddable":true,"href":"https:\/\/www.labeljoy.com\/es\/wp-json\/wp\/v2\/pages\/21680"}],"wp:attachment":[{"href":"https:\/\/www.labeljoy.com\/es\/wp-json\/wp\/v2\/media?parent=21732"}],"curies":[{"name":"wp","href":"https:\/\/api.w.org\/{rel}","templated":true}]}}