{"id":21733,"date":"2014-11-19T14:20:26","date_gmt":"2014-11-19T14:20:26","guid":{"rendered":"http:\/\/www.labeljoy.com\/ayuda\/selection-menu\/"},"modified":"2015-01-20T14:14:11","modified_gmt":"2015-01-20T14:14:11","slug":"seleccion-menu","status":"publish","type":"page","link":"https:\/\/www.labeljoy.com\/es\/ayuda\/seleccion-menu\/","title":{"rendered":"Selecci\u00f3n"},"content":{"rendered":"<div data-partent=\"19635\" class=\"callout callout-warning\">\n<h4>Esta p\u00e1gina hace referencia a Labeljoy 5, que no es nuestra \u00faltima versi\u00f3n.<\/h4>\n<p><a href=\"\/es\/comprar\/\">Actualice a Labeljoy 6<\/a> para obtener la \u00faltima versi\u00f3n del software con todas sus incre\u00edbles caracter\u00edsticas, o si ya es usuario, visite la <a href=\"\/es\/ayuda-lj6\/\">gu\u00eda del usuario de Labeljoy 6<\/a>.<\/p>\n<\/div>\n<link rel=\"stylesheet\" href=\"http:\/\/www.labeljoy.com\/user-guide-files\/en\/styles.css\" type=\"text\/css\" media=\"all\" \/>\n<div id=\"help-guide\">\n\r\n<p class=\"title\">selecci\u00f3n<\/p>\r\n<p class=\"body\">El men\u00fa <em>Selecci\u00f3n <\/em>muestra los comandos para <strong>gestionar la selecci\u00f3n y la visibilidad de los elementos<\/strong>.<\/p>\r\n<p class=\"body\">Consulte el <a href=\"http:\/\/www.labeljoy.com\/es\/ayuda\/vista-de-elementos\/\">p\u00e1rrafo correspondiente <\/a>para m\u00e1s detalles.<\/p>\r\n<\/div>\n<\/div>\n","protected":false},"excerpt":{"rendered":"<p>Esta p\u00e1gina hace referencia a Labeljoy 5, que no es nuestra \u00faltima versi\u00f3n. Actualice a Labeljoy 6 para obtener la \u00faltima versi\u00f3n del software con todas sus incre\u00edbles caracter\u00edsticas, o si ya es usuario, visite la gu\u00eda del usuario de Labeljoy 6.<\/p>\n","protected":false},"author":8,"featured_media":0,"parent":21680,"menu_order":0,"comment_status":"open","ping_status":"closed","template":"page-template-left-sidebar.php","meta":{"inline_featured_image":false,"_monsterinsights_skip_tracking":false,"_monsterinsights_sitenote_active":false,"_monsterinsights_sitenote_note":"","_monsterinsights_sitenote_category":0,"footnotes":""},"class_list":{"0":"post-21733","1":"page","2":"type-page","3":"status-publish","5":"infinite-scroll-item"},"aioseo_notices":[],"_links":{"self":[{"href":"https:\/\/www.labeljoy.com\/es\/wp-json\/wp\/v2\/pages\/21733","targetHints":{"allow":["GET"]}}],"collection":[{"href":"https:\/\/www.labeljoy.com\/es\/wp-json\/wp\/v2\/pages"}],"about":[{"href":"https:\/\/www.labeljoy.com\/es\/wp-json\/wp\/v2\/types\/page"}],"author":[{"embeddable":true,"href":"https:\/\/www.labeljoy.com\/es\/wp-json\/wp\/v2\/users\/8"}],"replies":[{"embeddable":true,"href":"https:\/\/www.labeljoy.com\/es\/wp-json\/wp\/v2\/comments?post=21733"}],"version-history":[{"count":2,"href":"https:\/\/www.labeljoy.com\/es\/wp-json\/wp\/v2\/pages\/21733\/revisions"}],"predecessor-version":[{"id":21772,"href":"https:\/\/www.labeljoy.com\/es\/wp-json\/wp\/v2\/pages\/21733\/revisions\/21772"}],"up":[{"embeddable":true,"href":"https:\/\/www.labeljoy.com\/es\/wp-json\/wp\/v2\/pages\/21680"}],"wp:attachment":[{"href":"https:\/\/www.labeljoy.com\/es\/wp-json\/wp\/v2\/media?parent=21733"}],"curies":[{"name":"wp","href":"https:\/\/api.w.org\/{rel}","templated":true}]}}