{"id":21735,"date":"2014-11-19T14:19:02","date_gmt":"2014-11-19T14:19:02","guid":{"rendered":"http:\/\/www.labeljoy.com\/ayuda\/project\/"},"modified":"2015-01-20T15:30:12","modified_gmt":"2015-01-20T15:30:12","slug":"proyecto","status":"publish","type":"page","link":"https:\/\/www.labeljoy.com\/es\/ayuda\/proyecto\/","title":{"rendered":"Proyecto"},"content":{"rendered":"<div data-partent=\"19635\" class=\"callout callout-warning\">\n<h4>Esta p\u00e1gina hace referencia a Labeljoy 5, que no es nuestra \u00faltima versi\u00f3n.<\/h4>\n<p><a href=\"\/es\/comprar\/\">Actualice a Labeljoy 6<\/a> para obtener la \u00faltima versi\u00f3n del software con todas sus incre\u00edbles caracter\u00edsticas, o si ya es usuario, visite la <a href=\"\/es\/ayuda-lj6\/\">gu\u00eda del usuario de Labeljoy 6<\/a>.<\/p>\n<\/div>\n<div id=\"help-guide\">\n\r\n<p class=\"title\">proyecto<\/p>\r\n<p class=\"body\">El men\u00fa <i>Proyecto<\/i> contiene los comandos para la <strong>gesti\u00f3n de los grupos de etiquetas y del dise\u00f1o<\/strong>.<\/p>\r\n<p class=\"body\">El primer elemento da acceso a la <a href=\"http:\/\/www.labeljoy.com\/es\/ayuda\/distribucion-layout\/\">ventana de layout<\/a>.<br>\r\n  Luego est\u00e1n los comandos de gesti\u00f3n de grupos, tambi\u00e9n accesibles desde <a href=\"http:\/\/www.labeljoy.com\/es\/ayuda\/configuracion-grupo\/\">el icono<\/a> en la barra de herramientas.<\/p>\r\n<\/div>\n<\/div>\n","protected":false},"excerpt":{"rendered":"<p>Esta p\u00e1gina hace referencia a Labeljoy 5, que no es nuestra \u00faltima versi\u00f3n. Actualice a Labeljoy 6 para obtener la \u00faltima versi\u00f3n del software con todas sus incre\u00edbles caracter\u00edsticas, o si ya es usuario, visite la gu\u00eda del usuario de Labeljoy 6.<\/p>\n","protected":false},"author":8,"featured_media":0,"parent":21680,"menu_order":0,"comment_status":"open","ping_status":"closed","template":"page-template-left-sidebar.php","meta":{"inline_featured_image":false,"_monsterinsights_skip_tracking":false,"_monsterinsights_sitenote_active":false,"_monsterinsights_sitenote_note":"","_monsterinsights_sitenote_category":0,"footnotes":""},"class_list":{"0":"post-21735","1":"page","2":"type-page","3":"status-publish","5":"infinite-scroll-item"},"aioseo_notices":[],"_links":{"self":[{"href":"https:\/\/www.labeljoy.com\/es\/wp-json\/wp\/v2\/pages\/21735","targetHints":{"allow":["GET"]}}],"collection":[{"href":"https:\/\/www.labeljoy.com\/es\/wp-json\/wp\/v2\/pages"}],"about":[{"href":"https:\/\/www.labeljoy.com\/es\/wp-json\/wp\/v2\/types\/page"}],"author":[{"embeddable":true,"href":"https:\/\/www.labeljoy.com\/es\/wp-json\/wp\/v2\/users\/8"}],"replies":[{"embeddable":true,"href":"https:\/\/www.labeljoy.com\/es\/wp-json\/wp\/v2\/comments?post=21735"}],"version-history":[{"count":3,"href":"https:\/\/www.labeljoy.com\/es\/wp-json\/wp\/v2\/pages\/21735\/revisions"}],"predecessor-version":[{"id":21809,"href":"https:\/\/www.labeljoy.com\/es\/wp-json\/wp\/v2\/pages\/21735\/revisions\/21809"}],"up":[{"embeddable":true,"href":"https:\/\/www.labeljoy.com\/es\/wp-json\/wp\/v2\/pages\/21680"}],"wp:attachment":[{"href":"https:\/\/www.labeljoy.com\/es\/wp-json\/wp\/v2\/media?parent=21735"}],"curies":[{"name":"wp","href":"https:\/\/api.w.org\/{rel}","templated":true}]}}