{"id":21737,"date":"2014-11-19T14:24:16","date_gmt":"2014-11-19T14:24:16","guid":{"rendered":"http:\/\/www.labeljoy.com\/ayuda\/the-main-icon-bar\/"},"modified":"2015-01-20T15:44:10","modified_gmt":"2015-01-20T15:44:10","slug":"la-barra-de-iconos","status":"publish","type":"page","link":"https:\/\/www.labeljoy.com\/es\/ayuda\/la-barra-de-iconos\/","title":{"rendered":"La barra de iconos"},"content":{"rendered":"<div data-partent=\"19635\" class=\"callout callout-warning\">\n<h4>Esta p\u00e1gina hace referencia a Labeljoy 5, que no es nuestra \u00faltima versi\u00f3n.<\/h4>\n<p><a href=\"\/es\/comprar\/\">Actualice a Labeljoy 6<\/a> para obtener la \u00faltima versi\u00f3n del software con todas sus incre\u00edbles caracter\u00edsticas, o si ya es usuario, visite la <a href=\"\/es\/ayuda-lj6\/\">gu\u00eda del usuario de Labeljoy 6<\/a>.<\/p>\n<\/div>\n<div id=\"help-guide\">\n\r\n<p class=\"title\">la barra de iconos<\/p>\r\n<p class=\"body\">La <strong>barra de iconos<\/strong> se encuentra en la parte superior de la pantalla principal del programa, y se <strong>caracteriza por una serie de botones<\/strong>.<\/p>\r\n<p class=\"body\"><img src=\"http:\/\/www.labeljoy.com\/user-guide-files\/es\/1260_001.png\"><\/p>\r\n<p class=\"body\">Con estos botones se puede <strong>acceder a las principales funciones del programa<\/strong>. En algunos casos, al hacer clic con el rat\u00f3n sobre uno de estos botones se tiene <strong>acceso directo a las funciones<\/strong> de las que es responsable, en otros casos, aparece un men\u00fa que <strong>permite seleccionar entre varias opciones<\/strong>. Los botones marcados por una <strong>flecha en la parte derecha<\/strong>, son los que muestran los men\u00fas.<\/p>\r\n<p class=\"body\">Los botones de la barra de iconos son:<\/p>\r\n<ul type=disc>\r\n  <li class=\"body\"><a href=\"http:\/\/www.labeljoy.com\/es\/ayuda\/nuevo\/\">Nuevo<\/a><\/li>\r\n  <li class=\"body\"><a href=\"http:\/\/www.labeljoy.com\/es\/ayuda\/abrir\/\">Abrir<\/a><\/li>\r\n  <li class=\"body\"><a href=\"http:\/\/www.labeljoy.com\/es\/ayuda\/guardar\/\">Guardar<\/a><\/li>\r\n  <li class=\"body\"><a href=\"http:\/\/www.labeljoy.com\/es\/ayuda\/impresion-icono\/\">Imprimir<\/a><\/li>\r\n  <li class=\"body\"><a href=\"http:\/\/www.labeljoy.com\/es\/ayuda\/moverse-entre-paginas\/\">4 botones de navegaci\u00f3n<\/a><\/li>\r\n  <li class=\"body\"><a href=\"http:\/\/www.labeljoy.com\/es\/ayuda\/deshacer-rehacer-operaciones\/\">2 botones para deshacer \/ rehacer operaciones<\/a><\/li>\r\n  <li class=\"body\"><a href=\"http:\/\/www.labeljoy.com\/es\/ayuda\/distribucion-layout\/\">Distribuci\u00f3n (Layout)<\/a><\/li>\r\n  <li class=\"body\"><a href=\"http:\/\/www.labeljoy.com\/es\/ayuda\/configuracion-grupo\/\">Grupo<\/a><\/li>\r\n  <li class=\"body\"><a href=\"http:\/\/www.labeljoy.com\/es\/ayuda\/elemento\/\">Elemento<\/a><\/li>\r\n  <li class=\"body\"><a href=\"http:\/\/www.labeljoy.com\/es\/ayuda\/vista-de-elementos\/\">Visualizaci\u00f3n de elementos<\/a><\/li>\r\n  <li class=\"body\"><a href=\"http:\/\/www.labeljoy.com\/es\/ayuda\/bloquear-elementos\/\">Bloquear elementos<\/a><\/li>\r\n  <li class=\"body\"><a href=\"http:\/\/www.labeljoy.com\/es\/ayuda\/zoom-es\/\">Zoom<\/a><\/li>\r\n  <li class=\"body\"><a href=\"http:\/\/www.labeljoy.com\/es\/ayuda\/opciones\/\">Opciones<\/a><\/li>\r\n  <li class=\"body\"><a href=\"http:\/\/www.labeljoy.com\/es\/ayuda\/ayuda-icono\/\">Ayuda<\/a><\/li>\r\n<\/ul>\r\n<\/div>\n<\/div>\n","protected":false},"excerpt":{"rendered":"<p>Esta p\u00e1gina hace referencia a Labeljoy 5, que no es nuestra \u00faltima versi\u00f3n. Actualice a Labeljoy 6 para obtener la \u00faltima versi\u00f3n del software con todas sus incre\u00edbles caracter\u00edsticas, o si ya es usuario, visite la gu\u00eda del usuario de Labeljoy 6.<\/p>\n","protected":false},"author":8,"featured_media":0,"parent":21680,"menu_order":0,"comment_status":"open","ping_status":"closed","template":"page-template-left-sidebar.php","meta":{"inline_featured_image":false,"_monsterinsights_skip_tracking":false,"_monsterinsights_sitenote_active":false,"_monsterinsights_sitenote_note":"","_monsterinsights_sitenote_category":0,"footnotes":""},"class_list":{"0":"post-21737","1":"page","2":"type-page","3":"status-publish","5":"infinite-scroll-item"},"aioseo_notices":[],"_links":{"self":[{"href":"https:\/\/www.labeljoy.com\/es\/wp-json\/wp\/v2\/pages\/21737","targetHints":{"allow":["GET"]}}],"collection":[{"href":"https:\/\/www.labeljoy.com\/es\/wp-json\/wp\/v2\/pages"}],"about":[{"href":"https:\/\/www.labeljoy.com\/es\/wp-json\/wp\/v2\/types\/page"}],"author":[{"embeddable":true,"href":"https:\/\/www.labeljoy.com\/es\/wp-json\/wp\/v2\/users\/8"}],"replies":[{"embeddable":true,"href":"https:\/\/www.labeljoy.com\/es\/wp-json\/wp\/v2\/comments?post=21737"}],"version-history":[{"count":3,"href":"https:\/\/www.labeljoy.com\/es\/wp-json\/wp\/v2\/pages\/21737\/revisions"}],"predecessor-version":[{"id":21846,"href":"https:\/\/www.labeljoy.com\/es\/wp-json\/wp\/v2\/pages\/21737\/revisions\/21846"}],"up":[{"embeddable":true,"href":"https:\/\/www.labeljoy.com\/es\/wp-json\/wp\/v2\/pages\/21680"}],"wp:attachment":[{"href":"https:\/\/www.labeljoy.com\/es\/wp-json\/wp\/v2\/media?parent=21737"}],"curies":[{"name":"wp","href":"https:\/\/api.w.org\/{rel}","templated":true}]}}