{"id":21738,"date":"2014-11-19T14:26:55","date_gmt":"2014-11-19T14:26:55","guid":{"rendered":"http:\/\/www.labeljoy.com\/ayuda\/new\/"},"modified":"2015-01-20T15:22:19","modified_gmt":"2015-01-20T15:22:19","slug":"nuevo","status":"publish","type":"page","link":"https:\/\/www.labeljoy.com\/es\/ayuda\/nuevo\/","title":{"rendered":"Nuevo"},"content":{"rendered":"<div data-partent=\"19635\" class=\"callout callout-warning\">\n<h4>Esta p\u00e1gina hace referencia a Labeljoy 5, que no es nuestra \u00faltima versi\u00f3n.<\/h4>\n<p><a href=\"\/es\/comprar\/\">Actualice a Labeljoy 6<\/a> para obtener la \u00faltima versi\u00f3n del software con todas sus incre\u00edbles caracter\u00edsticas, o si ya es usuario, visite la <a href=\"\/es\/ayuda-lj6\/\">gu\u00eda del usuario de Labeljoy 6<\/a>.<\/p>\n<\/div>\n<div id=\"help-guide\">\n\r\n<p class=\"title\">nuevo<\/p>\r\n<p class=\"body\">Con este bot\u00f3n se puede configurar Labeljoy para iniciar un <strong>nuevo proyecto<\/strong>.<\/p>\r\n<p class=\"body\">Al hacer clic se <strong>eliminan todos los elementos <\/strong>y se <strong>crea un nuevo grupo de etiquetas<\/strong>.<br>\r\n  El proyecto propuesto ser\u00e1 correspondiente al proyecto guardado con el comando <a href=\"http:\/\/www.labeljoy.com\/es\/ayuda\/guardar\/\">Guardar como por defecto<\/a>. <\/p>\r\n<p class=\"body\">Cualquier proyecto presente ser\u00e1 eliminado. Si el proyecto no se ha guardado, Labeljoy mostrar\u00e1 un mensaje de advertencia.<strong><\/strong><\/p>\r\n<p class=\"note\"><strong>Nota<\/strong><br>\r\n  Seleccionando el comando <em>Nuevo<\/em> mientras se mantiene pulsada la tecla<em> <\/em>Control (CTRL) se crea un nuevo proyecto <strong>basado en el layout actual<\/strong>, que consiste en tantas etiquetas como las etiquetas definidas en la ventana de <a href=\"http:\/\/www.labeljoy.com\/es\/ayuda\/establecer-el-layout\/\">layout<\/a>. Adem\u00e1s ser\u00e1n insertados un elemento texto y un c\u00f3digo de barras 128.<\/p>\r\n<\/div>\n<\/div>\n","protected":false},"excerpt":{"rendered":"<p>Esta p\u00e1gina hace referencia a Labeljoy 5, que no es nuestra \u00faltima versi\u00f3n. Actualice a Labeljoy 6 para obtener la \u00faltima versi\u00f3n del software con todas sus incre\u00edbles caracter\u00edsticas, o si ya es usuario, visite la gu\u00eda del usuario de Labeljoy 6.<\/p>\n","protected":false},"author":8,"featured_media":0,"parent":21680,"menu_order":0,"comment_status":"open","ping_status":"closed","template":"page-template-left-sidebar.php","meta":{"inline_featured_image":false,"_monsterinsights_skip_tracking":false,"_monsterinsights_sitenote_active":false,"_monsterinsights_sitenote_note":"","_monsterinsights_sitenote_category":0,"footnotes":""},"class_list":{"0":"post-21738","1":"page","2":"type-page","3":"status-publish","5":"infinite-scroll-item"},"aioseo_notices":[],"_links":{"self":[{"href":"https:\/\/www.labeljoy.com\/es\/wp-json\/wp\/v2\/pages\/21738","targetHints":{"allow":["GET"]}}],"collection":[{"href":"https:\/\/www.labeljoy.com\/es\/wp-json\/wp\/v2\/pages"}],"about":[{"href":"https:\/\/www.labeljoy.com\/es\/wp-json\/wp\/v2\/types\/page"}],"author":[{"embeddable":true,"href":"https:\/\/www.labeljoy.com\/es\/wp-json\/wp\/v2\/users\/8"}],"replies":[{"embeddable":true,"href":"https:\/\/www.labeljoy.com\/es\/wp-json\/wp\/v2\/comments?post=21738"}],"version-history":[{"count":3,"href":"https:\/\/www.labeljoy.com\/es\/wp-json\/wp\/v2\/pages\/21738\/revisions"}],"predecessor-version":[{"id":21803,"href":"https:\/\/www.labeljoy.com\/es\/wp-json\/wp\/v2\/pages\/21738\/revisions\/21803"}],"up":[{"embeddable":true,"href":"https:\/\/www.labeljoy.com\/es\/wp-json\/wp\/v2\/pages\/21680"}],"wp:attachment":[{"href":"https:\/\/www.labeljoy.com\/es\/wp-json\/wp\/v2\/media?parent=21738"}],"curies":[{"name":"wp","href":"https:\/\/api.w.org\/{rel}","templated":true}]}}