{"id":21739,"date":"2014-11-19T14:28:06","date_gmt":"2014-11-19T14:28:06","guid":{"rendered":"http:\/\/www.labeljoy.com\/ayuda\/open\/"},"modified":"2015-01-20T15:44:18","modified_gmt":"2015-01-20T15:44:18","slug":"abrir","status":"publish","type":"page","link":"https:\/\/www.labeljoy.com\/es\/ayuda\/abrir\/","title":{"rendered":"Abrir"},"content":{"rendered":"<div data-partent=\"19635\" class=\"callout callout-warning\">\n<h4>Esta p\u00e1gina hace referencia a Labeljoy 5, que no es nuestra \u00faltima versi\u00f3n.<\/h4>\n<p><a href=\"\/es\/comprar\/\">Actualice a Labeljoy 6<\/a> para obtener la \u00faltima versi\u00f3n del software con todas sus incre\u00edbles caracter\u00edsticas, o si ya es usuario, visite la <a href=\"\/es\/ayuda-lj6\/\">gu\u00eda del usuario de Labeljoy 6<\/a>.<\/p>\n<\/div>\n<div id=\"help-guide\">\n\r\n<p class=\"title\">abrir<\/p>\r\n<p class=\"body\">Este bot\u00f3n permite <strong>abrir proyectos previamente guardados<\/strong>.<\/p>\r\n<p class=\"body\">Haciendo clic, observar\u00e1 una <strong>ventana de di\u00e1logo<\/strong> que permite seleccionar el archivo que se desea abrir.<strong><\/strong><\/p>\r\n<p class=\"note\"><strong>Nota<\/strong><br>\r\n  Si ya se han cargado archivos con este comando, haciendo clic con el rat\u00f3n se abrir\u00e1 un <strong>men\u00fa contextual<\/strong> que contiene el elemento <i>Abrir<\/i> para mostrar la ventana de di\u00e1logo, una lista de <strong>8 \u00edtems<\/strong> (como m\u00e1ximo) con los <i>archivos m\u00e1s recientes cargados<\/i> y el comando <i>Borrar lista<\/i> para <strong>borrar la lista de archivos recientes<\/strong>.<\/p>\r\n<p class=\"body\">Labeljoy gestiona 3 tipos de archivo:<strong><\/strong><\/p>\r\n<ul type=disc>\r\n  <li class=\"body\"><strong>Archivos con extensi\u00f3n <\/strong><em>lpa*<\/em><em>: <\/em>archivos que contienen informaci\u00f3n sobre las etiquetas y el <a href=\"http:\/\/www.labeljoy.com\/es\/ayuda\/establecer-el-layout\/\">layout<\/a>.<strong><\/strong><\/li>\r\n  <li class=\"body\"><strong>Archivos con extensi\u00f3n<\/strong><em> lpe*<\/em>: archivos que contienen informaci\u00f3n sobre las etiquetas.<strong><\/strong><\/li>\r\n  <li class=\"body\"><strong>Archivos con extensi\u00f3n<\/strong><em> lpl*<\/em>: archivos que contienen informaci\u00f3n sobre el layout.<\/li>\r\n<\/ul>\r\n<p class=\"body\">Dependiendo del tipo de archivo seleccionado, Labeljoy mostrar\u00e1 <strong>la informaci\u00f3n guardada<\/strong>.<\/p>\r\n<p class=\"body\">En caso de cargar un archivo cuando los <strong>elementos ya est\u00e1n presentes<\/strong>, en funci\u00f3n de los par\u00e1metros especificados en la pesta\u00f1a <a href=\"http:\/\/www.labeljoy.com\/es\/ayuda\/principal\/\">general<\/a> <a href=\"http:\/\/www.labeljoy.com\/es\/ayuda\/opciones\/\">opciones<\/a>, es posible que aparezca un <strong>mensaje de aviso <\/strong>que informa el usuario que es posible <strong>reemplazar el contenido <\/strong>con el que est\u00e1 en el archivo, <strong>o combinarlo<\/strong>.<\/p>\r\n<p class=\"note\"><strong>Nota<\/strong><br>\r\n  Labeljoy integra <strong>la funcionalidad Drag&amp;Drop<\/strong> (Arrastrar y Soltar). Los archivos de Labeljoy pueden ser abiertos arrastr\u00e1ndolos en la ventana de trabajo.<br>\r\n  Mediante Drag &amp; Drop se puede abrir s\u00f3lo un archivo a la vez. <\/p>\r\n<p class=\"body\">* Las extensiones de los archivos son visibles si la opci\u00f3n de Windows ha sido activada.<\/p>\r\n<\/div>\n<\/div>\n","protected":false},"excerpt":{"rendered":"<p>Esta p\u00e1gina hace referencia a Labeljoy 5, que no es nuestra \u00faltima versi\u00f3n. Actualice a Labeljoy 6 para obtener la \u00faltima versi\u00f3n del software con todas sus incre\u00edbles caracter\u00edsticas, o si ya es usuario, visite la gu\u00eda del usuario de Labeljoy 6.<\/p>\n","protected":false},"author":8,"featured_media":0,"parent":21680,"menu_order":0,"comment_status":"open","ping_status":"closed","template":"page-template-left-sidebar.php","meta":{"inline_featured_image":false,"_monsterinsights_skip_tracking":false,"_monsterinsights_sitenote_active":false,"_monsterinsights_sitenote_note":"","_monsterinsights_sitenote_category":0,"footnotes":""},"class_list":{"0":"post-21739","1":"page","2":"type-page","3":"status-publish","5":"infinite-scroll-item"},"aioseo_notices":[],"_links":{"self":[{"href":"https:\/\/www.labeljoy.com\/es\/wp-json\/wp\/v2\/pages\/21739","targetHints":{"allow":["GET"]}}],"collection":[{"href":"https:\/\/www.labeljoy.com\/es\/wp-json\/wp\/v2\/pages"}],"about":[{"href":"https:\/\/www.labeljoy.com\/es\/wp-json\/wp\/v2\/types\/page"}],"author":[{"embeddable":true,"href":"https:\/\/www.labeljoy.com\/es\/wp-json\/wp\/v2\/users\/8"}],"replies":[{"embeddable":true,"href":"https:\/\/www.labeljoy.com\/es\/wp-json\/wp\/v2\/comments?post=21739"}],"version-history":[{"count":3,"href":"https:\/\/www.labeljoy.com\/es\/wp-json\/wp\/v2\/pages\/21739\/revisions"}],"predecessor-version":[{"id":21847,"href":"https:\/\/www.labeljoy.com\/es\/wp-json\/wp\/v2\/pages\/21739\/revisions\/21847"}],"up":[{"embeddable":true,"href":"https:\/\/www.labeljoy.com\/es\/wp-json\/wp\/v2\/pages\/21680"}],"wp:attachment":[{"href":"https:\/\/www.labeljoy.com\/es\/wp-json\/wp\/v2\/media?parent=21739"}],"curies":[{"name":"wp","href":"https:\/\/api.w.org\/{rel}","templated":true}]}}